{"id":15337,"date":"2025-10-26T13:52:54","date_gmt":"2025-10-26T10:52:54","guid":{"rendered":"https:\/\/excursionsworld.com\/?post_type=product&#038;p=15337"},"modified":"2025-11-21T22:22:29","modified_gmt":"2025-11-21T19:22:29","slug":"jazda-konna-side","status":"publish","type":"product","link":"https:\/\/excursionsworld.com\/tours\/side-horseback-riding-tour\/","title":{"rendered":"Wycieczka Konna w Side \u2013 Jazda Konna po Pla\u017cy i Przyrodzie z Przewodnikiem"},"content":{"rendered":"<h3 data-start=\"251\" data-end=\"269\">Przegl\u0105d<\/h3>\n<p data-start=\"271\" data-end=\"623\">Do\u015bwiadcz spokoju i pi\u0119kna natury na <strong data-start=\"320\" data-end=\"346\">Boczna wycieczka konna<\/strong>, Relaksuj\u0105ca i niezapomniana podr\u00f3\u017c przez malownicze krajobrazy Side i Manavgat. Idealna zar\u00f3wno dla pocz\u0105tkuj\u0105cych, jak i do\u015bwiadczonych je\u017ad\u017ac\u00f3w, ta wycieczka pozwala po\u0142\u0105czy\u0107 si\u0119 z natur\u0105 podczas odkrywania las\u00f3w, gaj\u00f3w cytrusowych i pla\u017c na dobrze wyszkolonych koniach arabskich i lokalnych.<\/p>\n<h3 data-start=\"625\" data-end=\"640\">W zestawie:<\/h3>\n<p data-start=\"642\" data-end=\"800\"><span style=\"color: #00ff00;\"><strong>\u2713<\/strong> <\/span>Odbi\u00f3r i dow\u00f3z do hotelu<br data-start=\"669\" data-end=\"672\" \/><span style=\"color: #00ff00;\"><strong>\u2713<\/strong> <\/span>Profesjonalny instruktor i przewodnik<br data-start=\"707\" data-end=\"710\" \/><span style=\"color: #00ff00;\"><strong>\u2713<\/strong> <\/span>Kask i instrukcja bezpiecze\u0144stwa<br data-start=\"738\" data-end=\"741\" \/><span style=\"color: #00ff00;\"><strong>\u2713<\/strong> <\/span>Pe\u0142ne ubezpieczenie<br data-start=\"757\" data-end=\"760\" \/><span style=\"color: #00ff00;\"><strong>\u2713<\/strong> <\/span>Opcja 1-godzinnej lub 2-godzinnej jazdy konnej<\/p>\n<h3 data-start=\"802\" data-end=\"821\">Nie zawiera:<\/h3>\n<p data-start=\"823\" data-end=\"896\"><span style=\"color: #ff0000;\"><strong>\u2717<\/strong> <\/span>Napoje<br data-start=\"831\" data-end=\"834\" \/><span style=\"color: #ff0000;\"><strong>\u2717<\/strong> <\/span>Napoje alkoholowe<br data-start=\"855\" data-end=\"858\" \/><span style=\"color: #ff0000;\"><strong>\u2717<\/strong> <\/span>Wydatki osobiste (zdj\u0119cia, filmy)<\/p>\n<h3 data-start=\"898\" data-end=\"923\">Najwa\u017cniejsze atrakcje wycieczki<\/h3>\n<p data-start=\"925\" data-end=\"1250\">Jazda przez bujne lasy sosnowe, sady i wiejskie szlaki.<br data-start=\"992\" data-end=\"995\" \/>\ud83d\udd39 Ciesz si\u0119 spokojnym kontaktem z \u0142agodnymi, wyszkolonymi ko\u0144mi<br data-start=\"1053\" data-end=\"1056\" \/>Do wyboru s\u0105 trasy le\u015bne, g\u00f3rskie lub pla\u017cowe.<br data-start=\"1107\" data-end=\"1110\" \/>Ogl\u0105danie zapieraj\u0105cego dech w piersiach zachodu s\u0142o\u0144ca podczas 2-godzinnej przeja\u017cd\u017cki pla\u017c\u0105<br data-start=\"1172\" data-end=\"1175\" \/>Odpowiedni dla wszystkich poziom\u00f3w do\u015bwiadczenia - szkolenie zapewnione przed wycieczk\u0105<\/p>\n<h3 data-start=\"1252\" data-end=\"1278\">Pe\u0142ny opis<\/h3>\n<div>Przygoda rozpoczyna si\u0119 od wygodnego transferu z hotelu do <strong data-start=\"1343\" data-end=\"1357\">Farma koni<\/strong> w pobli\u017cu. Po przyje\u017adzie otrzymasz kr\u00f3tk\u0105 odpraw\u0119 dotycz\u0105c\u0105 bezpiecze\u0144stwa i podstawowe szkolenie, kt\u00f3re pomo\u017ce ci zapozna\u0107 si\u0119 z koniem.<\/div>\n<div>Nast\u0119pnie mo\u017cna wybra\u0107 preferowan\u0105 tras\u0119 jazdy:<\/div>\n<div data-start=\"1539\" data-end=\"1653\"><strong data-start=\"1539\" data-end=\"1554\">Shore Ride:<\/strong> Relaksuj\u0105cy galop wzd\u0142u\u017c piaszczystego wybrze\u017ca Side z Morzem \u015ar\u00f3dziemnym w tle.<\/div>\n<div data-start=\"1656\" data-end=\"1754\"><strong data-start=\"1656\" data-end=\"1678\">Countryside Track:<\/strong> Orze\u017awiaj\u0105ca przeja\u017cd\u017cka przez lasy sosnowe i gaje cytrusowe wok\u00f3\u0142 Manavgat.<\/div>\n<div data-start=\"1757\" data-end=\"1874\"><strong data-start=\"1757\" data-end=\"1775\">\u015acie\u017cka:<\/strong> Malownicza trasa u podn\u00f3\u017ca g\u00f3r Taurus, oferuj\u0105ca wspania\u0142e panoramiczne widoki.<\/div>\n<div>Dla 2-godzinnego <strong data-start=\"1891\" data-end=\"1911\">Sunset Adventure<\/strong>, B\u0119dziesz cieszy\u0107 si\u0119 zar\u00f3wno le\u015bn\u0105 przeja\u017cd\u017ck\u0105, jak i magicznym galopem po pla\u017cy o zachodzie s\u0142o\u0144ca - idealny spos\u00f3b na zako\u0144czenie dnia w Side.<\/div>\n<h3 data-start=\"2028\" data-end=\"2053\">\ud83d\uddfa\ufe0f Plan podr\u00f3\u017cy<\/h3>\n<p data-start=\"2055\" data-end=\"2269\">Odbi\u00f3r z hotelu<br data-start=\"2080\" data-end=\"2083\" \/>\ud83d\udd39 Przyjazd do stadniny koni i odprawa dotycz\u0105ca bezpiecze\u0144stwa<br data-start=\"2129\" data-end=\"2132\" \/>Jazda konna (1 lub 2 godziny w zale\u017cno\u015bci od opcji)<br data-start=\"2191\" data-end=\"2194\" \/>Czas wolny na zdj\u0119cia i relaks<br data-start=\"2232\" data-end=\"2235\" \/>Transfer powrotny do hotelu<\/p>\n<h3 data-start=\"2271\" data-end=\"2299\">\u2139\ufe0f Przydatne informacje<\/h3>\n<p data-start=\"2301\" data-end=\"2585\">Nie jest wymagane wcze\u015bniejsze do\u015bwiadczenie w je\u017adzie konnej - zapewnione jest podstawowe szkolenie.<br data-start=\"2368\" data-end=\"2371\" \/>Zalecane wygodne ubrania i zamkni\u0119te buty<br data-start=\"2422\" data-end=\"2425\" \/>Dzieci mog\u0105 do\u0142\u0105czy\u0107 pod nadzorem osoby doros\u0142ej.<br data-start=\"2469\" data-end=\"2472\" \/>Czas trwania zale\u017cy od wybranej opcji (1 lub 2 godziny).<br data-start=\"2529\" data-end=\"2532\" \/>Aktywno\u015b\u0107 dzia\u0142a codziennie i jest zale\u017cna od pogody.<\/p>\n<h3 data-start=\"2587\" data-end=\"2610\">Co zabra\u0107 ze sob\u0105<\/h3>\n<p data-start=\"2612\" data-end=\"2738\">Wygodne ubrania i buty<br data-start=\"2644\" data-end=\"2647\" \/>Okulary przeciws\u0142oneczne i nakrycia g\u0142owy<br data-start=\"2673\" data-end=\"2676\" \/>Filtr przeciws\u0142oneczny<br data-start=\"2688\" data-end=\"2691\" \/>Woda i niewielka got\u00f3wka na osobiste wydatki<\/p>\n<h3 data-start=\"2740\" data-end=\"2766\">Nieodpowiednie dla<\/h3>\n<p data-start=\"2768\" data-end=\"2858\">Osoby z problemami plec\u00f3w lub szyi<br data-start=\"2804\" data-end=\"2807\" \/>Kobiety w ci\u0105\u017cy<br data-start=\"2824\" data-end=\"2827\" \/>Dzieci poni\u017cej 5 roku \u017cycia<\/p>\n<h3 data-start=\"2974\" data-end=\"3001\">Cena i rezerwacja<\/h3>\n<p data-start=\"3003\" data-end=\"3127\"><strong>Zarezerwuj teraz, zap\u0142a\u0107 w dniu wycieczki<\/strong><br data-start=\"3042\" data-end=\"3045\" \/>Skontaktuj si\u0119 z nami przez WhatsApp, Telegram lub Viber, aby uzyska\u0107 rezerwacje i szczeg\u00f3\u0142y \ud83d\udc47\ud83c\udffd<\/p>","protected":false},"excerpt":{"rendered":"<p>Zarezerwuj <b>Boczna wycieczka konna<\/b>! Wybierz tras\u0119: las, g\u00f3ry lub <b>galop o zachodzie s\u0142o\u0144ca<\/b>. Zawiera <b>transfer, szkolenie i kask<\/b>. Niezapomniana przyroda <b>wycieczka<\/b>!<\/p>","protected":false},"featured_media":15133,"comment_status":"open","ping_status":"closed","template":"","meta":[],"product_brand":[],"product_cat":[127],"product_tag":[122],"class_list":{"0":"post-15337","1":"product","2":"type-product","3":"status-publish","4":"has-post-thumbnail","6":"tour_phys-side-tours","7":"product_cat-side-tours","8":"product_tag-side","9":"pa_destination-side-tours","11":"first","12":"instock","13":"sale","14":"shipping-taxable","15":"purchasable","16":"product-type-tour_phys"},"aioseo_notices":[],"_links":{"self":[{"href":"https:\/\/excursionsworld.com\/pl\/wp-json\/wp\/v2\/product\/15337","targetHints":{"allow":["GET"]}}],"collection":[{"href":"https:\/\/excursionsworld.com\/pl\/wp-json\/wp\/v2\/product"}],"about":[{"href":"https:\/\/excursionsworld.com\/pl\/wp-json\/wp\/v2\/types\/product"}],"replies":[{"embeddable":true,"href":"https:\/\/excursionsworld.com\/pl\/wp-json\/wp\/v2\/comments?post=15337"}],"wp:featuredmedia":[{"embeddable":true,"href":"https:\/\/excursionsworld.com\/pl\/wp-json\/wp\/v2\/media\/15133"}],"wp:attachment":[{"href":"https:\/\/excursionsworld.com\/pl\/wp-json\/wp\/v2\/media?parent=15337"}],"wp:term":[{"taxonomy":"product_brand","embeddable":true,"href":"https:\/\/excursionsworld.com\/pl\/wp-json\/wp\/v2\/product_brand?post=15337"},{"taxonomy":"product_cat","embeddable":true,"href":"https:\/\/excursionsworld.com\/pl\/wp-json\/wp\/v2\/product_cat?post=15337"},{"taxonomy":"product_tag","embeddable":true,"href":"https:\/\/excursionsworld.com\/pl\/wp-json\/wp\/v2\/product_tag?post=15337"}],"curies":[{"name":"wp","href":"https:\/\/api.w.org\/{rel}","templated":true}]}}