{"id":15338,"date":"2025-10-26T14:25:16","date_gmt":"2025-10-26T11:25:16","guid":{"rendered":"https:\/\/excursionsworld.com\/?post_type=product&#038;p=15338"},"modified":"2026-04-24T01:27:02","modified_gmt":"2026-04-23T22:27:02","slug":"belek-wycieczka-konna","status":"publish","type":"product","link":"https:\/\/excursionsworld.com\/tours\/belek-horseback-riding-tour\/","title":{"rendered":"Belek: Wycieczka konna \u2013 Przeja\u017cd\u017cka w naturze"},"content":{"rendered":"<h2>Przegl\u0105d<\/h2>\n<p>Do\u015bwiadcz spokojnej i ekscytuj\u0105cej przeja\u017cd\u017cki konnej w <a href=\"https:\/\/en.wikipedia.org\/wiki\/Belek\" target=\"_blank\" rel=\"noopener\">Belek<\/a> \u2014 przez bujne lasy sosnowe i z\u0142ote piaski pla\u017cy Lara. Idealna zar\u00f3wno dla pocz\u0105tkuj\u0105cych, jak i do\u015bwiadczonych je\u017ad\u017ac\u00f3w, ta relaksuj\u0105ca wycieczka \u0142\u0105czy pi\u0119kno natury z rado\u015bci\u0105 jazdy spokojnymi i przyjaznymi ko\u0144mi wzd\u0142u\u017c wybrze\u017ca Morza \u015ar\u00f3dziemnego.<\/p>\n<h3>\u00a0W zestawie:<\/h3>\n<p><span style=\"color: #00ff00;\"><strong>\u2713<\/strong> <\/span>Odbi\u00f3r i dow\u00f3z do hotelu<br \/>\n<span style=\"color: #00ff00;\"><strong>\u2713<\/strong> <\/span>Profesjonalne us\u0142ugi przewodnika i trenera<br \/>\n<span style=\"color: #00ff00;\"><strong>\u2713<\/strong> <\/span>Oko\u0142o 1 godziny 40 minut jazdy konnej<br \/>\n<span style=\"color: #00ff00;\"><strong>\u2713<\/strong> <\/span>Ca\u0142y sprz\u0119t je\u017adziecki (kask itp.)<br \/>\n<span style=\"color: #00ff00;\"><strong>\u2713<\/strong> <\/span>Pe\u0142ne ubezpieczenie<\/p>\n<h3>\u00a0Nie zawiera:<\/h3>\n<p><strong><span style=\"color: #ff0000;\">\u2717<\/span> <\/strong>Jedzenie i napoje<br \/>\n<strong><span style=\"color: #ff0000;\">\u2717<\/span> <\/strong>Wydatki osobiste<br \/>\n<strong><span style=\"color: #ff0000;\">\u2717<\/span> <\/strong>Zdj\u0119cia i filmy (zakup opcjonalny)<\/p>\n<h2>\ud83c\udf1f Najwa\u017cniejsze punkty programu tej wycieczki konnej w Belek<\/h2>\n<p>Jazda konna przez lasy sosnowe i wzd\u0142u\u017c pla\u017cy Lara.<br \/>\n\ud83d\udd39 Oddychaj \u015bwie\u017cym le\u015bnym powietrzem i podziwiaj widoki na Morze \u015ar\u00f3dziemne<br \/>\nBezpieczne, spokojne i dobrze wyszkolone konie odpowiednie dla wszystkich poziom\u00f3w zaawansowania.<br \/>\n\ud83d\udd39 Profesjonalni instruktorzy i przewodnicy zapewniaj\u0105cy bezpiecze\u0144stwo i komfort<br \/>\nMo\u017cliwo\u015b\u0107 robienia pami\u0105tkowych zdj\u0119\u0107 i film\u00f3w podczas jazdy<\/p>\n<h2>\ud83d\udcd6 Pe\u0142ny opis: Twoje do\u015bwiadczenie z wycieczki konnej w Belek<\/h2>\n<p>Wycieczka konna do Belek rozpoczyna si\u0119 od odbioru z hotelu i wygodnego transferu na ranczo w pobli\u017cu pla\u017cy Lara. Po kr\u00f3tkim instrukta\u017cu bezpiecze\u0144stwa przeprowadzonym przez profesjonalnych instruktor\u00f3w, rozpoczniesz podr\u00f3\u017c przez spokojne lasy sosnowe.<br \/>\nPrzygoda jest kontynuowana wzd\u0142u\u017c wybrze\u017ca, gdzie mo\u017cna poczu\u0107 morsk\u0105 bryz\u0119 i cieszy\u0107 si\u0119 turkusowym widokiem na Morze \u015ar\u00f3dziemne.<br \/>\nCa\u0142kowity czas jazdy wynosi oko\u0142o 1 godziny i 40 minut, dzi\u0119ki czemu jest idealny dla wszystkich grup wiekowych i poziom\u00f3w do\u015bwiadczenia. Po powrocie na farm\u0119 b\u0119dziesz mie\u0107 czas na odpoczynek i obejrzenie lub zakup opcjonalnych zdj\u0119\u0107 i film\u00f3w, zanim zostaniesz przetransportowany z powrotem do hotelu.<\/p>\n<h3>\ud83d\uddfa\ufe0f Plan podr\u00f3\u017cy<\/h3>\n<p>Odbi\u00f3r z hotelu w Belek i okolicach<br \/>\n\ud83d\udd39 Przyjazd na ranczo koni w pobli\u017cu Lara Beach<br \/>\nOdprawa bezpiecze\u0144stwa i kontrola sprz\u0119tu<br \/>\nPrzeja\u017cd\u017cka konna przez sosnowy las i wzd\u0142u\u017c wybrze\u017ca<br \/>\nPowr\u00f3t na ranczo i czas wolny na zdj\u0119cia<br \/>\nTransfer z powrotem do hotelu<\/p>\n<h3>\u2139\ufe0f Przydatne informacje<\/h3>\n<p>Czas trwania: Oko\u0142o 3,5-4 godzin (w tym transfer)<br \/>\nCzas jazdy: 1 godzina 40 minut<br \/>\nMaksymalny limit wagi: 100 kg<br \/>\nMinimalny wiek: 8 lat (do samodzielnej jazdy, za zgod\u0105 instruktora)<br \/>\nSpokojne i wyszkolone konie odpowiednie dla pocz\u0105tkuj\u0105cych<br \/>\nNiedozwolone dla go\u015bci w ci\u0105\u017cy lub nietrze\u017awych.<\/p>\n<h2>Co zabra\u0107 ze sob\u0105<\/h2>\n<p>Wygodna odzie\u017c i zamkni\u0119te buty<br \/>\nOkulary przeciws\u0142oneczne i filtr przeciws\u0142oneczny<br \/>\nAparat fotograficzny lub smartfon do zdj\u0119\u0107<br \/>\nGot\u00f3wka na opcjonalne zakupy<\/p>\n<h3>Nieodpowiednie dla<\/h3>\n<p>Kobiety w ci\u0105\u017cy<br \/>\nOsoby wa\u017c\u0105ce ponad 100 kg<br \/>\nOsoby niepe\u0142nosprawne ruchowo<\/p>\n<div class=\"elementor-element elementor-element-884d539 e-con-full e-flex e-con e-child\" data-id=\"884d539\" data-element_type=\"container\">\n<div id=\"description\" class=\"elementor-element elementor-element-337037cc elementor-widget elementor-widget-thim-ekits-tours-content\" data-id=\"337037cc\" data-element_type=\"widget\" data-widget_type=\"thim-ekits-tours-content.default\">\n<div class=\"elementor-widget-container\">\n<h2 class=\"thim-ekit-single-tour__content\">\ud83d\udcb8\u00a0<strong>Cena i rezerwacja<\/strong><\/h2>\n<div class=\"thim-ekit-single-tour__content\">\n<p><strong>Zarezerwuj teraz, zap\u0142a\u0107 w dniu wycieczki<\/strong><br \/>\nSkontaktuj si\u0119 z nami przez WhatsApp, Telegram, Viber lub wype\u0142nij poni\u017cszy formularz rezerwacji \ud83d\udc47\ud83c\udffc<\/p>\n<\/div>\n<\/div>\n<\/div>\n<\/div>\n<p>Szukasz alternatyw? Przegl\u0105daj <a href=\"https:\/\/excursionsworld.com\/pl\/belek-wycieczki\/\">wi\u0119cej wycieczek po Belek<\/a>.<\/p>","protected":false},"excerpt":{"rendered":"<p>Zarezerwuj <b>Wycieczka konna do Belek<\/b>! Ciesz si\u0119 <b>100-minutowa podr\u00f3\u017c<\/b> przez Lara Beach i sosn\u0119 <b>lasy<\/b>. Zabawny, malowniczy <b>wycieczka<\/b> z profesjonalnymi przewodnikami. <b>Transfer wliczony w cen\u0119<\/b>!<\/p>","protected":false},"featured_media":15133,"comment_status":"open","ping_status":"closed","template":"","meta":[],"product_brand":[],"product_cat":[126],"product_tag":[120],"class_list":{"0":"post-15338","1":"product","2":"type-product","3":"status-publish","4":"has-post-thumbnail","6":"tour_phys-belek-tours","7":"product_cat-belek-tours","8":"product_tag-belek","9":"pa_destination-belek-tours","11":"first","12":"instock","13":"sale","14":"shipping-taxable","15":"purchasable","16":"product-type-tour_phys"},"aioseo_notices":[],"_links":{"self":[{"href":"https:\/\/excursionsworld.com\/pl\/wp-json\/wp\/v2\/product\/15338","targetHints":{"allow":["GET"]}}],"collection":[{"href":"https:\/\/excursionsworld.com\/pl\/wp-json\/wp\/v2\/product"}],"about":[{"href":"https:\/\/excursionsworld.com\/pl\/wp-json\/wp\/v2\/types\/product"}],"replies":[{"embeddable":true,"href":"https:\/\/excursionsworld.com\/pl\/wp-json\/wp\/v2\/comments?post=15338"}],"wp:featuredmedia":[{"embeddable":true,"href":"https:\/\/excursionsworld.com\/pl\/wp-json\/wp\/v2\/media\/15133"}],"wp:attachment":[{"href":"https:\/\/excursionsworld.com\/pl\/wp-json\/wp\/v2\/media?parent=15338"}],"wp:term":[{"taxonomy":"product_brand","embeddable":true,"href":"https:\/\/excursionsworld.com\/pl\/wp-json\/wp\/v2\/product_brand?post=15338"},{"taxonomy":"product_cat","embeddable":true,"href":"https:\/\/excursionsworld.com\/pl\/wp-json\/wp\/v2\/product_cat?post=15338"},{"taxonomy":"product_tag","embeddable":true,"href":"https:\/\/excursionsworld.com\/pl\/wp-json\/wp\/v2\/product_tag?post=15338"}],"curies":[{"name":"wp","href":"https:\/\/api.w.org\/{rel}","templated":true}]}}