{"id":15339,"date":"2025-10-26T14:37:15","date_gmt":"2025-10-26T11:37:15","guid":{"rendered":"https:\/\/excursionsworld.com\/?post_type=product&#038;p=15339"},"modified":"2026-04-24T01:27:02","modified_gmt":"2026-04-23T22:27:02","slug":"wycieczka-konna-antalya-natura","status":"publish","type":"product","link":"https:\/\/excursionsworld.com\/tours\/antalya-horseback-riding\/","title":{"rendered":"Wycieczka Konna w Antalyi \u2013 Jazda przez Natur\u0119"},"content":{"rendered":"<h2>Przegl\u0105d<\/h2>\n<p>Do\u0142\u0105cz do niezapomnianej, 60-minutowej przygody konnej przez malownicze lasy i z\u0142ote pla\u017ce Lary w <a href=\"https:\/\/en.wikipedia.org\/wiki\/Antalya\" target=\"_blank\" rel=\"noopener\">Antalya<\/a>. Ta kr\u00f3tka, ale satysfakcjonuj\u0105ca wycieczka jest idealna zar\u00f3wno dla pocz\u0105tkuj\u0105cych, jak i do\u015bwiadczonych je\u017ad\u017ac\u00f3w, kt\u00f3rzy chc\u0105 cieszy\u0107 si\u0119 natur\u0105, \u015bwie\u017cym powietrzem i swobod\u0105 jazdy \u0142agodnymi, dobrze wyszkolonymi ko\u0144mi wzd\u0142u\u017c wybrze\u017ca Morza \u015ar\u00f3dziemnego.<\/p>\n<h3>\u00a0W zestawie:<\/h3>\n<p><span style=\"color: #00ff00;\"><strong>\u2713<\/strong> <\/span>Odbi\u00f3r i dow\u00f3z do hotelu<br \/>\n<span style=\"color: #00ff00;\"><strong>\u2713<\/strong> <\/span>Profesjonalne us\u0142ugi przewodnika i trenera<br \/>\n<span style=\"color: #00ff00;\"><strong>\u2713<\/strong> <\/span>60 minut jazdy konnej<br \/>\n<span style=\"color: #00ff00;\"><strong>\u2713<\/strong> <\/span>Ca\u0142y sprz\u0119t bezpiecze\u0144stwa (kask itp.)<br \/>\n<span style=\"color: #00ff00;\"><strong>\u2713<\/strong> <\/span>Podstawowe szkolenie je\u017adzieckie<br \/>\n<span style=\"color: #00ff00;\"><strong>\u2713<\/strong> <\/span>Pe\u0142ne ubezpieczenie<\/p>\n<h3>\u00a0Nie zawiera:<\/h3>\n<p><span style=\"color: #ff0000;\"><strong>\u2717<\/strong> <\/span>Napoje i jedzenie<br \/>\n<span style=\"color: #ff0000;\"><strong>\u2717<\/strong> <\/span>Wydatki osobiste<\/p>\n<h2>\ud83c\udf1f Najwa\u017cniejsze atrakcje tej wycieczki konnej po Antalyi<\/h2>\n<p>Jazda przez zielone lasy sosnowe i piaszczyste \u015bcie\u017cki Lary<br \/>\n\ud83d\udd39 Ciesz si\u0119 relaksuj\u0105cym do\u015bwiadczeniem jazdy na pla\u017cy nad Morzem \u015ar\u00f3dziemnym<br \/>\nSpokojne i przyjazne konie idealnie dopasowane do rozmiaru i poziomu umiej\u0119tno\u015bci.<br \/>\nNauka podstawowych technik jazdy konnej od profesjonalnych trener\u00f3w.<br \/>\nIdealny zar\u00f3wno dla doros\u0142ych, jak i dzieci - nie jest wymagane wcze\u015bniejsze do\u015bwiadczenie.<\/p>\n<h2>\ud83d\udcd6 Pe\u0142ny Opis: Twoje Do\u015bwiadczenie Jazdy Konnej w Antalyi<\/h2>\n<p>Wycieczka konna w Antalyi rozpoczyna si\u0119 od wygodnego odbioru z hotelu i transferu na profesjonalne ranczo w okolicy Lara. Po przyje\u017adzie profesjonalni instruktorzy przeprowadz\u0105 kr\u00f3tk\u0105 sesj\u0119 treningow\u0105 i dopasuj\u0105 konia dostosowanego do Twojego do\u015bwiadczenia i poziomu komfortu.<br \/>\n60-minutowa przeja\u017cd\u017cka rozpoczyna si\u0119 przez pi\u0119kne le\u015bne szlaki, a nast\u0119pnie dociera do osza\u0142amiaj\u0105cej pla\u017cy, gdzie mo\u017cna k\u0142usowa\u0107 lub spacerowa\u0107 konno wzd\u0142u\u017c brzegu, czuj\u0105c delikatn\u0105 morsk\u0105 bryz\u0119 i podziwiaj\u0105c turkusowe wody Morza \u015ar\u00f3dziemnego.<br \/>\nWycieczka zosta\u0142a zaprojektowana tak, aby by\u0142a zar\u00f3wno relaksuj\u0105ca, jak i edukacyjna, oferuj\u0105c pocz\u0105tkuj\u0105cym bezpieczne wprowadzenie do jazdy konnej, podczas gdy do\u015bwiadczeni je\u017ad\u017acy mog\u0105 cieszy\u0107 si\u0119 spokojn\u0105 i malownicz\u0105 jazd\u0105 na \u0142onie natury.<\/p>\n<h3>\ud83d\uddfa\ufe0f Plan podr\u00f3\u017cy<\/h3>\n<p>Odbi\u00f3r z hotelu z Antalyi i pobliskich obszar\u00f3w<br \/>\n\ud83d\udd39 Przyjazd na ranczo koni w regionie Lara<br \/>\nOdprawa bezpiecze\u0144stwa i podstawowy instrukta\u017c jazdy<br \/>\n60-minutowa jazda konna z przewodnikiem po le\u015bnych i pla\u017cowych szlakach<br \/>\nPowr\u00f3t na ranczo i czas wolny na zdj\u0119cia<br \/>\nTransfer z powrotem do hotelu<\/p>\n<h3>\u2139\ufe0f Przydatne informacje<\/h3>\n<p>Czas trwania: Oko\u0142o 2,5-3 godzin (w tym transfer)<br \/>\nCzas jazdy: 60 minut<br \/>\nMaksymalny limit wagi: 100 kg<br \/>\nOdpowiedni dla wszystkich poziom\u00f3w do\u015bwiadczenia<br \/>\nSpokojne i wyszkolone konie<br \/>\nNiedozwolone dla go\u015bci w ci\u0105\u017cy lub nietrze\u017awych.<\/p>\n<h2>Co zabra\u0107 ze sob\u0105<\/h2>\n<p>Wygodna odzie\u017c i zamkni\u0119te buty<br \/>\nOkulary przeciws\u0142oneczne i filtr przeciws\u0142oneczny<br \/>\nAparat fotograficzny lub smartfon do zdj\u0119\u0107<br \/>\nGot\u00f3wka na opcjonalne zakupy<\/p>\n<h3>Nieodpowiednie dla<\/h3>\n<p>Kobiety w ci\u0105\u017cy<br \/>\nOsoby wa\u017c\u0105ce ponad 100 kg<br \/>\nOsoby niepe\u0142nosprawne ruchowo<\/p>\n<h2>Cena i rezerwacja<\/h2>\n<p><strong>Zarezerwuj teraz, zap\u0142a\u0107 w dniu wycieczki<\/strong><br \/>\nSkontaktuj si\u0119 z nami przez WhatsApp, Telegram lub Viber, aby uzyska\u0107 rezerwacj\u0119 i wi\u0119cej informacji \ud83d\udc47\ud83c\udffc<\/p>\n<p>Szukasz alternatyw? Przegl\u0105daj <a href=\"https:\/\/excursionsworld.com\/pl\/antalya-wycieczki\/\">wi\u0119cej wycieczek po Antalyi<\/a>.<\/p>","protected":false},"excerpt":{"rendered":"<p>Zarezerwuj <b>Antalya Horse Riding Tour<\/b>! Ciesz si\u0119 <b>60-minute safari<\/b> through <b>Lara&#8217;s forests and beaches<\/b>. Doskona\u0142y <b>przygoda<\/b> for all levels. <b>Transfer and helmet included<\/b>.<\/p>","protected":false},"featured_media":15133,"comment_status":"open","ping_status":"closed","template":"","meta":[],"product_brand":[],"product_cat":[125],"product_tag":[107],"class_list":{"0":"post-15339","1":"product","2":"type-product","3":"status-publish","4":"has-post-thumbnail","6":"tour_phys-antalya-tours","7":"product_cat-antalya-tours","8":"product_tag-antalya","9":"pa_destination-antalya-tours","11":"first","12":"instock","13":"sale","14":"shipping-taxable","15":"purchasable","16":"product-type-tour_phys"},"aioseo_notices":[],"_links":{"self":[{"href":"https:\/\/excursionsworld.com\/pl\/wp-json\/wp\/v2\/product\/15339","targetHints":{"allow":["GET"]}}],"collection":[{"href":"https:\/\/excursionsworld.com\/pl\/wp-json\/wp\/v2\/product"}],"about":[{"href":"https:\/\/excursionsworld.com\/pl\/wp-json\/wp\/v2\/types\/product"}],"replies":[{"embeddable":true,"href":"https:\/\/excursionsworld.com\/pl\/wp-json\/wp\/v2\/comments?post=15339"}],"wp:featuredmedia":[{"embeddable":true,"href":"https:\/\/excursionsworld.com\/pl\/wp-json\/wp\/v2\/media\/15133"}],"wp:attachment":[{"href":"https:\/\/excursionsworld.com\/pl\/wp-json\/wp\/v2\/media?parent=15339"}],"wp:term":[{"taxonomy":"product_brand","embeddable":true,"href":"https:\/\/excursionsworld.com\/pl\/wp-json\/wp\/v2\/product_brand?post=15339"},{"taxonomy":"product_cat","embeddable":true,"href":"https:\/\/excursionsworld.com\/pl\/wp-json\/wp\/v2\/product_cat?post=15339"},{"taxonomy":"product_tag","embeddable":true,"href":"https:\/\/excursionsworld.com\/pl\/wp-json\/wp\/v2\/product_tag?post=15339"}],"curies":[{"name":"wp","href":"https:\/\/api.w.org\/{rel}","templated":true}]}}