{"id":15340,"date":"2025-10-26T16:29:09","date_gmt":"2025-10-26T13:29:09","guid":{"rendered":"https:\/\/excursionsworld.com\/?post_type=product&#038;p=15340"},"modified":"2026-04-24T01:27:02","modified_gmt":"2026-04-23T22:27:02","slug":"lot-tandem-tahtali-antalya","status":"publish","type":"product","link":"https:\/\/excursionsworld.com\/tours\/antalya-tandem-paragliding-tahtali-mountain\/","title":{"rendered":"Lot Tandem na Paralotni z G\u00f3ry Tahtal\u0131 Antalya \u2013 Start z 2365m Wysoko\u015bci"},"content":{"rendered":"<h2 dir=\"ltr\" data-pm-slice=\"1 1 []\"><span style=\"color: #000000;\"><strong>Przegl\u0105d<\/strong><\/span><\/h2>\n<p dir=\"ltr\">Wzbij si\u0119 na skrzyd\u0142ach z wierzcho\u0142ka g\u00f3ry Tahtal\u0131 (2365 m) w przygodzie paralotniarskiej z <a href=\"https:\/\/en.wikipedia.org\/wiki\/Antalya\" target=\"_blank\" rel=\"noopener\">Antalya<\/a>, Lara i Kundu! Zachwy\u0107 si\u0119 widokami Morza \u015ar\u00f3dziemnego, g\u00f3r i las\u00f3w, a nast\u0119pnie pop\u0142ywaj na pla\u017cy Tekirova. Ta p\u00f3\u0142dniowa przygoda trwa oko\u0142o 4\u20135 godzin.<\/p>\n<h3 dir=\"ltr\"><span style=\"color: #000000;\"><strong>W zestawie:<\/strong><\/span><\/h3>\n<p dir=\"ltr\"><span style=\"color: #00ff00;\"><strong>\u2713<\/strong><\/span> Odbi\u00f3r i dow\u00f3z do hotelu<br \/>\n<span style=\"color: #00ff00;\"><strong>\u2713 <\/strong><\/span>Profesjonalni piloci i sprz\u0119t lotniczy<br \/>\n<span style=\"color: #00ff00;\"><strong>\u2713 <\/strong><\/span>Odprawa bezpiecze\u0144stwa i szkolenie paralotniowe<br \/>\n<span style=\"color: #00ff00;\"><strong>\u2713 <\/strong><\/span>Bilet na kolejk\u0119 linow\u0105 Olympos Teleferik<br \/>\n<span style=\"color: #00ff00;\"><strong>\u2713 <\/strong><\/span>Ubezpieczenie<br \/>\n<span style=\"color: #00ff00;\"><strong>\u2713 <\/strong><\/span>Przerwa na p\u0142ywanie na pla\u017cy Tekirova<\/p>\n<h3 dir=\"ltr\"><span style=\"color: #000000;\"><strong>Nie zawiera:<\/strong><\/span><\/h3>\n<p dir=\"ltr\"><span style=\"color: #ff0000;\"><strong>\u2717<\/strong><\/span> Wydatki osobiste<br \/>\n<span style=\"color: #ff0000;\"><strong>\u2717 <\/strong><\/span>Zdj\u0119cia i filmy (opcjonalnie)<br \/>\n<span style=\"color: #ff0000;\"><strong>\u2717 <\/strong><\/span>Napoje<\/p>\n<h2 dir=\"ltr\">\ud83c\udfd4\ufe0f Najwa\u017cniejsze informacje<\/h2>\n<p dir=\"ltr\">Lot z Tahtal\u0131 - najwy\u017cszego miejsca do uprawiania paralotniarstwa w basenie Morza \u015ar\u00f3dziemnego<br \/>\nPanoramiczne widoki na g\u00f3ry Taurus i wybrze\u017ce<br \/>\nBezpieczny lot z do\u015bwiadczonymi pilotami<br \/>\nL\u0105dowanie na pla\u017cy Tekirova<br \/>\nOpcjonalne nagrywanie zdj\u0119\u0107 i wideo<\/p>\n<h2 dir=\"ltr\"><span style=\"color: #000000;\"><strong>Pe\u0142ny opis<\/strong><\/span><\/h2>\n<p dir=\"ltr\">Rozpocznij swoj\u0105 przygod\u0119 od transferu VIP z Antalya Lara lub Kundu do podstawy g\u00f3ry Tahtal\u0131. Wjed\u017a na szczyt (2365 m n.p.m.) kolejk\u0105 linow\u0105 Olympos Teleferik, najwy\u017cszym punktem startowym paralotniarstwa w regionie. Po odprawie do\u015bwiadczeni piloci przygotuj\u0105 Ci\u0119 do lotu. Szybuj nad lasami sosnowymi, surowymi szczytami i turkusowym wybrze\u017cem, podziwiaj\u0105c Park Narodowy Olympos. Trwaj\u0105cy 35-45 minut lot ko\u0144czy si\u0119 \u0142agodnym l\u0105dowaniem na pla\u017cy Tekirova, gdzie mo\u017cna pop\u0142ywa\u0107 i zrelaksowa\u0107 si\u0119 przed powrotem do hotelu.<\/p>\n<h3 dir=\"ltr\">\ud83d\uddfa\ufe0f Plan podr\u00f3\u017cy<\/h3>\n<p dir=\"ltr\">Odbi\u00f3r z Antalyi, Kundu lub Lary<br \/>\n\ud83d\udd39 Przybycie do bazy Olympos Teleferik<br \/>\nWjazd kolejk\u0105 linow\u0105 na szczyt Tahtal\u0131 (2365 m)<br \/>\nOdprawa bezpiecze\u0144stwa i konfiguracja sprz\u0119tu<br \/>\nLot paralotni\u0105 (35-45 minut)<br \/>\nL\u0105dowanie i p\u0142ywanie na pla\u017cy Tekirova<br \/>\nPowr\u00f3t do hotelu<\/p>\n<h3 dir=\"ltr\"><span style=\"color: #000000;\"><strong>\u2139\ufe0f Przydatne informacje<\/strong><\/span><\/h3>\n<p dir=\"ltr\">Czas trwania: ~4-5 godzin (wycieczka p\u00f3\u0142dniowa)<br \/>\nUmiarkowana aktywno\u015b\u0107 fizyczna<br \/>\nPodczas rezerwacji nale\u017cy poda\u0107 nazw\u0119 hotelu, wag\u0119 i wzrost.<br \/>\nLoty zale\u017c\u0105 od warunk\u00f3w pogodowych<br \/>\nDzieci poni\u017cej 5 roku \u017cycia nie s\u0105 dozwolone.<\/p>\n<h2 dir=\"ltr\"><span style=\"color: #000000;\"><strong>Co zabra\u0107 ze sob\u0105<\/strong><\/span><\/h2>\n<p dir=\"ltr\">Wygodne buty sportowe<br \/>\nOkulary przeciws\u0142oneczne i filtr przeciws\u0142oneczny<br \/>\nStr\u00f3j k\u0105pielowy i r\u0119cznik<br \/>\nWoda i lekkie przek\u0105ski<br \/>\nGot\u00f3wka za dodatkowe us\u0142ugi<\/p>\n<h3 dir=\"ltr\"><span style=\"color: #000000;\"><strong>Nieodpowiednie dla<\/strong><\/span><\/h3>\n<p dir=\"ltr\">Dzieci poni\u017cej 5 roku \u017cycia<br \/>\nKobiety w ci\u0105\u017cy<br \/>\nOsoby z padaczk\u0105, chorobami serca lub uk\u0142adu oddechowego<br \/>\nM\u0119\u017cczy\u017ani powy\u017cej 110 kg, kobiety powy\u017cej 90 kg<\/p>\n<h2 dir=\"ltr\"><span style=\"color: #000000;\"><strong>Cena i rezerwacja<\/strong><\/span><\/h2>\n<p dir=\"ltr\"><strong>Zarezerwuj teraz - zap\u0142a\u0107 w dniu wycieczki<\/strong><br \/>\nSkontaktuj si\u0119 z nami przez WhatsApp, Telegram, Viber lub wype\u0142nij poni\u017cszy formularz rezerwacji. \ud83d\udc47\ud83c\udffc<\/p>\n<p>Szukasz alternatyw? Przegl\u0105daj <a href=\"https:\/\/excursionsworld.com\/pl\/antalya-wycieczki\/\">wi\u0119cej wycieczek po Antalyi<\/a>.<\/p>","protected":false},"excerpt":{"rendered":"<p>Ksi\u0105\u017cka <b>Paralotniarstwo w Kemer<\/b>! Szybuj z <b>G\u00f3ra Tahtal\u0131<\/b> (2365 m) z Antalyi do osza\u0142amiaj\u0105cego <b>widoki<\/b> i wyl\u0105dowa\u0107 na <b>Pla\u017ca Tekirova<\/b>. <b>Kolejka linowa<\/b> &amp; <b>transfer<\/b> w zestawie.<\/p>","protected":false},"featured_media":12830,"comment_status":"open","ping_status":"closed","template":"","meta":[],"product_brand":[],"product_cat":[125],"product_tag":[107],"class_list":{"0":"post-15340","1":"product","2":"type-product","3":"status-publish","4":"has-post-thumbnail","6":"tour_phys-antalya-tours","7":"product_cat-antalya-tours","8":"product_tag-antalya","9":"pa_destination-antalya-tours","11":"first","12":"instock","13":"sale","14":"shipping-taxable","15":"purchasable","16":"product-type-tour_phys"},"aioseo_notices":[],"_links":{"self":[{"href":"https:\/\/excursionsworld.com\/pl\/wp-json\/wp\/v2\/product\/15340","targetHints":{"allow":["GET"]}}],"collection":[{"href":"https:\/\/excursionsworld.com\/pl\/wp-json\/wp\/v2\/product"}],"about":[{"href":"https:\/\/excursionsworld.com\/pl\/wp-json\/wp\/v2\/types\/product"}],"replies":[{"embeddable":true,"href":"https:\/\/excursionsworld.com\/pl\/wp-json\/wp\/v2\/comments?post=15340"}],"wp:featuredmedia":[{"embeddable":true,"href":"https:\/\/excursionsworld.com\/pl\/wp-json\/wp\/v2\/media\/12830"}],"wp:attachment":[{"href":"https:\/\/excursionsworld.com\/pl\/wp-json\/wp\/v2\/media?parent=15340"}],"wp:term":[{"taxonomy":"product_brand","embeddable":true,"href":"https:\/\/excursionsworld.com\/pl\/wp-json\/wp\/v2\/product_brand?post=15340"},{"taxonomy":"product_cat","embeddable":true,"href":"https:\/\/excursionsworld.com\/pl\/wp-json\/wp\/v2\/product_cat?post=15340"},{"taxonomy":"product_tag","embeddable":true,"href":"https:\/\/excursionsworld.com\/pl\/wp-json\/wp\/v2\/product_tag?post=15340"}],"curies":[{"name":"wp","href":"https:\/\/api.w.org\/{rel}","templated":true}]}}