{"id":15342,"date":"2025-10-26T16:43:09","date_gmt":"2025-10-26T13:43:09","guid":{"rendered":"https:\/\/excursionsworld.com\/?post_type=product&#038;p=15342"},"modified":"2025-12-09T20:51:58","modified_gmt":"2025-12-09T17:51:58","slug":"pokaz-delfinow-plywanie-antalya","status":"publish","type":"product","link":"https:\/\/excursionsworld.com\/tours\/dolphin-show-swim-antalya\/","title":{"rendered":"Pokaz Delfin\u00f3w w Antalyi &amp; P\u0142ywanie z Delfinami \u2013 Dla Rodziny"},"content":{"rendered":"<h3 data-start=\"307\" data-end=\"323\">Przegl\u0105d<\/h3>\n<p data-start=\"324\" data-end=\"657\">Ciesz si\u0119 zabawnym i edukacyjnym do\u015bwiadczeniem w <strong data-start=\"377\" data-end=\"401\">Pokaz delfin\u00f3w w Antalyi<\/strong>, gdzie rodziny i mi\u0142o\u015bnicy zwierz\u0105t mog\u0105 spotka\u0107 najbardziej inteligentne i przyjazne stworzenia oceanu - delfiny, foki futerkowe i wieloryby bie\u0142ugi. Ten pokaz \u0142\u0105czy rozrywk\u0119, edukacj\u0119 i emocjonaln\u0105 wi\u0119\u017a w jednym magicznym do\u015bwiadczeniu odpowiednim dla wszystkich grup wiekowych.<\/p>\n<h3 data-start=\"659\" data-end=\"674\">\u00a0W zestawie:<\/h3>\n<p data-start=\"675\" data-end=\"864\"><span style=\"color: #00ff00;\"><strong>\u2713<\/strong> <\/span>Odbi\u00f3r i dow\u00f3z do hotelu\u00a0<br data-start=\"734\" data-end=\"737\" \/><span style=\"color: #00ff00;\"><strong>\u2713<\/strong> <\/span>Bilet wst\u0119pu do delfinarium<br data-start=\"774\" data-end=\"777\" \/><span style=\"color: #00ff00;\"><strong>\u2713<\/strong> <\/span>Pomoc profesjonalnego przewodnika<br data-start=\"808\" data-end=\"811\" \/><span style=\"color: #00ff00;\"><strong>\u2713<\/strong> <\/span>Wygodny transport z klimatyzacj\u0105<br data-start=\"843\" data-end=\"846\" \/><span style=\"color: #00ff00;\"><strong>\u2713<\/strong> <\/span>Pe\u0142ne ubezpieczenie<\/p>\n<h3 data-start=\"866\" data-end=\"885\">\u00a0Nie zawiera:<\/h3>\n<div data-start=\"886\" data-end=\"983\"><span style=\"color: #ff0000;\"><strong>\u2717<\/strong><\/span>\u00a0P\u0142ywanie z delfinami (opcja dodatkowa)<\/div>\n<div data-start=\"886\" data-end=\"983\"><span style=\"color: #ff0000;\"><strong>\u2717<\/strong><\/span>Jedzenie i napoje<br data-start=\"903\" data-end=\"906\" \/><span style=\"color: #ff0000;\"><strong>\u2717<\/strong><\/span>Zdj\u0119cia i filmy z delfinami (zakup opcjonalny)<\/div>\n<h3 data-start=\"985\" data-end=\"1008\">Najwa\u017cniejsze atrakcje wycieczki<\/h3>\n<p data-start=\"1009\" data-end=\"1381\">\ud83d\udd39 Obejrzyj imponuj\u0105cy spektakl z udzia\u0142em delfin\u00f3w, fok i wieloryb\u00f3w bie\u0142ugi.<br data-start=\"1092\" data-end=\"1095\" \/>Ciesz si\u0119 akrobacjami, grami w pi\u0142k\u0119, skokami i weso\u0142\u0105 \u201cmorsk\u0105 dyskotek\u0105\u201d.\u201d<br data-start=\"1161\" data-end=\"1164\" \/>Poznaj fascynuj\u0105ce fakty na temat ssak\u00f3w morskich i ich inteligencji.<br data-start=\"1234\" data-end=\"1237\" \/>Opcjonalna mo\u017cliwo\u015b\u0107 dotykania, karmienia lub robienia zdj\u0119\u0107 z delfinami po pokazie.<br data-start=\"1320\" data-end=\"1323\" \/>Idealny dla rodzin z dzie\u0107mi i mi\u0142o\u015bnik\u00f3w zwierz\u0105t<\/p>\n<h3 data-start=\"1383\" data-end=\"1407\">Pe\u0142ny opis<\/h3>\n<p data-start=\"1408\" data-end=\"2262\">The <strong data-start=\"1412\" data-end=\"1436\">Pokaz delfin\u00f3w w Antalyi<\/strong> oferuje wyj\u0105tkow\u0105 okazj\u0119, aby by\u0107 \u015bwiadkiem pi\u0119kna, inteligencji i zabawy ssak\u00f3w morskich w radosnym i bezpiecznym \u015brodowisku.<br data-start=\"1569\" data-end=\"1572\" \/>Obejrzysz ekscytuj\u0105cy 1-godzinny wyst\u0119p, w kt\u00f3rym delfiny skacz\u0105, bawi\u0105 si\u0119 i wchodz\u0105 w interakcje z trenerami poprzez zsynchronizowane ta\u0144ce, wysokie skoki, gry w pi\u0142k\u0119 i obr\u0119cze. Nawet foki futerkowe i majestatyczne wieloryby bie\u0142ugi bior\u0105 udzia\u0142, wykonuj\u0105c sztuczki, kt\u00f3re zadziwiaj\u0105 zar\u00f3wno dzieci, jak i doros\u0142ych.<br data-start=\"1845\" data-end=\"1848\" \/>Po pokazie mo\u017cna spotka\u0107 si\u0119 ze zwierz\u0119tami i zrobi\u0107 sobie z nimi zdj\u0119cie lub je nakarmi\u0107 (opcja dodatkowa). Wygodne siedzenia w delfinarium zapewniaj\u0105 ka\u017cdemu dobry widok na scen\u0119, a przyjazny personel zapewnia pomoc podczas ca\u0142ej wizyty.<br data-start=\"2106\" data-end=\"2109\" \/>Ta wycieczka jest nie tylko zabawna, ale tak\u017ce podnosz\u0105ca na duchu - wielu go\u015bci opisuje j\u0105 jako wzruszaj\u0105ce do\u015bwiadczenie, kt\u00f3re \u0142\u0105czy ludzi i przyrod\u0119.<\/p>\n<h3 data-start=\"2264\" data-end=\"2287\">\ud83d\uddfa\ufe0f Plan podr\u00f3\u017cy<\/h3>\n<p data-start=\"2288\" data-end=\"2554\">12:30 - Odbi\u00f3r z hotelu w Antalyi i okolicach<br data-start=\"2341\" data-end=\"2344\" \/>\ud83d\udd39 Przyjazd do delfinarium i zaj\u0119cie miejsca<br data-start=\"2395\" data-end=\"2398\" \/>\ud83d\udd39 Ciesz si\u0119 wspania\u0142ym pokazem delfin\u00f3w, fok i wieloryb\u00f3w bie\u0142ugi<br data-start=\"2453\" data-end=\"2456\" \/>Opcjonalny czas na zdj\u0119cia i interakcj\u0119 po pokazie<br data-start=\"2509\" data-end=\"2512\" \/>17:00 - Transfer powrotny do hotelu<\/p>\n<h3 data-start=\"2556\" data-end=\"2582\">\u2139\ufe0f Przydatne informacje<\/h3>\n<p data-start=\"2583\" data-end=\"2864\">Czas trwania: Oko\u0142o 4-5 godzin (w tym transfer)<br data-start=\"2640\" data-end=\"2643\" \/>Czas pokazu: Oko\u0142o 1 godziny<br data-start=\"2670\" data-end=\"2673\" \/>Lokalizacja: Delfinarium w Antalyi<br data-start=\"2706\" data-end=\"2709\" \/>Przyjazny dla rodzin, odpowiedni dla wszystkich grup wiekowych<br data-start=\"2750\" data-end=\"2753\" \/>Dost\u0119p dla w\u00f3zk\u00f3w inwalidzkich<br data-start=\"2777\" data-end=\"2780\" \/>Dost\u0119pne profesjonalne zdj\u0119cia (opcjonalny zakup)<br data-start=\"2837\" data-end=\"2840\" \/>Dzia\u0142a przez ca\u0142y rok<\/p>\n<h3 data-start=\"2866\" data-end=\"2887\">Co zabra\u0107 ze sob\u0105<\/h3>\n<p data-start=\"2888\" data-end=\"3018\">Wygodne ubrania i buty<br data-start=\"2920\" data-end=\"2923\" \/>Aparat fotograficzny lub smartfon<br data-start=\"2946\" data-end=\"2949\" \/>Got\u00f3wka na opcjonalne zdj\u0119cia lub pocz\u0119stunek<br data-start=\"2992\" data-end=\"2995\" \/>Kapelusz i okulary przeciws\u0142oneczne<\/p>\n<h3 data-start=\"3020\" data-end=\"3044\">Nieodpowiednie dla<\/h3>\n<p data-start=\"3045\" data-end=\"3132\">Osoby z powa\u017cnymi alergiami na zwierz\u0119ta<br data-start=\"3083\" data-end=\"3086\" \/>Go\u015bcie wra\u017cliwi na g\u0142o\u015bne d\u017awi\u0119ki lub t\u0142umy<\/p>\n<h3 data-start=\"3134\" data-end=\"3159\">Cena i rezerwacja<\/h3>\n<p data-start=\"3160\" data-end=\"3284\"><strong>Zarezerwuj teraz, zap\u0142a\u0107 w dniu wycieczki<\/strong><br data-start=\"3199\" data-end=\"3202\" \/>Skontaktuj si\u0119 z nami przez WhatsApp, Telegram lub Viber, aby uzyska\u0107 rezerwacj\u0119 i wi\u0119cej informacji \ud83d\udc47\ud83c\udffc<\/p>","protected":false},"excerpt":{"rendered":"<p>sp\u00f3jrz na <b>Pokaz delfin\u00f3w w Antalyi<\/b>! Zobacz delfiny, foki futerkowe i wieloryby bie\u0142ugi w ekscytuj\u0105cej <b>pokaz<\/b>. Idealna rodzina <b>wycieczka<\/b> i niezapomniany <b>podr\u00f3\u017c<\/b>.<\/p>","protected":false},"featured_media":15137,"comment_status":"open","ping_status":"closed","template":"","meta":[],"product_brand":[],"product_cat":[125],"product_tag":[107],"class_list":{"0":"post-15342","1":"product","2":"type-product","3":"status-publish","4":"has-post-thumbnail","6":"tour_phys-antalya-tours","7":"product_cat-antalya-tours","8":"product_tag-antalya","9":"pa_destination-antalya-tours","11":"first","12":"instock","13":"sale","14":"shipping-taxable","15":"purchasable","16":"product-type-tour_phys"},"aioseo_notices":[],"_links":{"self":[{"href":"https:\/\/excursionsworld.com\/pl\/wp-json\/wp\/v2\/product\/15342","targetHints":{"allow":["GET"]}}],"collection":[{"href":"https:\/\/excursionsworld.com\/pl\/wp-json\/wp\/v2\/product"}],"about":[{"href":"https:\/\/excursionsworld.com\/pl\/wp-json\/wp\/v2\/types\/product"}],"replies":[{"embeddable":true,"href":"https:\/\/excursionsworld.com\/pl\/wp-json\/wp\/v2\/comments?post=15342"}],"wp:featuredmedia":[{"embeddable":true,"href":"https:\/\/excursionsworld.com\/pl\/wp-json\/wp\/v2\/media\/15137"}],"wp:attachment":[{"href":"https:\/\/excursionsworld.com\/pl\/wp-json\/wp\/v2\/media?parent=15342"}],"wp:term":[{"taxonomy":"product_brand","embeddable":true,"href":"https:\/\/excursionsworld.com\/pl\/wp-json\/wp\/v2\/product_brand?post=15342"},{"taxonomy":"product_cat","embeddable":true,"href":"https:\/\/excursionsworld.com\/pl\/wp-json\/wp\/v2\/product_cat?post=15342"},{"taxonomy":"product_tag","embeddable":true,"href":"https:\/\/excursionsworld.com\/pl\/wp-json\/wp\/v2\/product_tag?post=15342"}],"curies":[{"name":"wp","href":"https:\/\/api.w.org\/{rel}","templated":true}]}}