{"id":15346,"date":"2025-10-26T17:57:20","date_gmt":"2025-10-26T14:57:20","guid":{"rendered":"https:\/\/excursionsworld.com\/?post_type=product&#038;p=15346"},"modified":"2026-04-24T00:20:45","modified_gmt":"2026-04-23T21:20:45","slug":"rejs-wedkarski-antalya","status":"publish","type":"product","link":"https:\/\/excursionsworld.com\/tours\/antalya-sea-fishing\/","title":{"rendered":"Rejs W\u0119dkarski w Antalyi \u2013 Po\u0142\u00f3w Ryb z \u0141odzi All Inclusive"},"content":{"rendered":"<h2><span style=\"color: #000000;\"><strong>\ud83c\udfa3<\/strong><\/span>Przegl\u0105d<\/h2>\n<p>Do\u0142\u0105cz do <strong><a href=\"https:\/\/en.wikipedia.org\/wiki\/Antalya\" target=\"_blank\" rel=\"noopener\">Antalya<\/a> W\u0119dkarska wycieczka<\/strong> i ciesz si\u0119 p\u00f3\u0142dniow\u0105 dalekomorsk\u0105 przygod\u0105 w turkusowym Morzu \u015ar\u00f3dziemnym!<br \/>Idealna dla pocz\u0105tkuj\u0105cych i do\u015bwiadczonych w\u0119dkarzy, ta relaksuj\u0105ca wycieczka \u0142\u0105czy w\u0119dkarstwo, zabaw\u0119 i wspania\u0142e widoki na wybrze\u017ce - a wszystko to z wliczonym w cen\u0119 transferem do hotelu.<\/p>\n<h3>\u00a0W zestawie:<\/h3>\n<div><span style=\"color: #00ff00;\"><strong>\u2713<\/strong><\/span> Odbi\u00f3r i dow\u00f3z do hotelu<br \/><span style=\"color: #00ff00;\"><strong>\u2713 <\/strong><\/span>Profesjonalny kapitan i przewodnik<br \/><span style=\"color: #00ff00;\"><strong>\u2713 <\/strong><\/span>Sprz\u0119t w\u0119dkarski i przyn\u0119ty<br \/><span style=\"color: #00ff00;\"><strong>\u2713 <\/strong><\/span>\u015aniadanie na pok\u0142adzie<\/div>\n<div><span style=\"color: #00ff00;\"><strong>\u2713 <\/strong><\/span>lunch (w tym po\u0142\u00f3w!)<br \/><span style=\"color: #00ff00;\"><strong>\u2713 <\/strong><\/span>Pe\u0142ne ubezpieczenie<\/div>\n<div><span style=\"color: #00ff00;\"><strong>\u2713 <\/strong><\/span>Napoje bezalkoholowe<\/div>\n<h3>\u00a0Nie zawiera:<\/h3>\n<p><strong><span style=\"color: #ff0000;\">\u2717<\/span> <\/strong>Napoje alkoholowe i bezalkoholowe<br \/><strong><span style=\"color: #ff0000;\">\u2717<\/span> <\/strong>Wydatki osobiste<\/p>\n<h2>\ud83c\udf1f Najwa\u017cniejsze punkty tej wycieczki w\u0119dkarskiej po morzu w Antalyi by<\/h2>\n<p>Z\u0142ap i grilluj w\u0142asn\u0105 ryb\u0119 na lunch<br \/>Wskaz\u00f3wki ekspert\u00f3w i nowoczesny sprz\u0119t w\u0119dkarski<br \/>Malownicze widoki na wybrze\u017ce Antalyi i g\u00f3ry Taurus<br \/>Do\u015bwiadczenie w ma\u0142ej grupie i bezp\u0142atny transfer do hotelu<\/p>\n<h2>\ud83d\udcd6 Pe\u0142ny opis: Twoja Antalya Sea Fishing Tour z Experience<\/h2>\n<p>Dzie\u0144 rozpocznie si\u0119 od komfortowego odbioru z hotelu i transferu do przystani w Antalyi. Po kr\u00f3tkiej odprawie z przyjaznym kapitanem \u0142\u00f3d\u017a wyp\u0142ywa na otwarte morze, gdzie b\u0119dziesz \u0142owi\u0107 ryby na g\u0142\u0119boko\u015bci do 60 metr\u00f3w przy u\u017cyciu nowoczesnego sprz\u0119tu i sonaru.<br \/>Nie masz do\u015bwiadczenia? Nie ma problemu - przewodnik b\u0119dzie Ci pomaga\u0142 na ka\u017cdym kroku. Poczuj dreszczyk emocji podczas \u0142owienia ryb, ciesz\u0105c si\u0119 s\u0142o\u0144cem i morsk\u0105 bryz\u0105.<br \/>P\u00f3\u017aniej grilluj \u015bwie\u017cy po\u0142\u00f3w na pok\u0142adzie i delektuj si\u0119 pysznym lunchem w otoczeniu osza\u0142amiaj\u0105cej \u015br\u00f3dziemnomorskiej scenerii. Po kilku relaksuj\u0105cych chwilach wr\u00f3\u0107 do portu i hotelu z niezapomnianymi wspomnieniami z tego dnia.<\/p>\n<h3>\ud83d\uddfa\ufe0f Plan podr\u00f3\u017cy<\/h3>\n<p>Odbi\u00f3r z hoteli w Antalyi (oko\u0142o 07:30)<br \/>Odprawa powitalna w marinie<br \/>3-4 godziny w\u0119dkowania w miejscach g\u0142\u0119binowych<br \/>Grillowanie i delektowanie si\u0119 z\u0142owionymi rybami na lunch<br \/>Rejs powrotny do portu i odbi\u00f3r z hotelu<\/p>\n<h3>\u2139\ufe0f Przydatne informacje<\/h3>\n<p>Czas trwania: ok. 5-5,5 godz.<br \/>Codzienne poranne odloty\u00a0<br \/>Nie jest wymagane do\u015bwiadczenie<br \/>Wycieczka w ma\u0142ej grupie dla wygody<\/p>\n<h3>Nieodpowiednie dla<\/h3>\n<p>Kobiety w ci\u0105\u017cy<br \/>Go\u015bcie z powa\u017cnymi schorzeniami kr\u0119gos\u0142upa lub serca<\/p>\n<h2>Co zabra\u0107 ze sob\u0105<\/h2>\n<p>Okulary przeciws\u0142oneczne, kapelusz i filtr przeciws\u0142oneczny<br \/>Wygodne ubrania i stroje k\u0105pielowe<br \/>Niewielka got\u00f3wka na dodatki<\/p>\n<div class=\"elementor-element elementor-element-884d539 e-con-full e-flex e-con e-child\" data-id=\"884d539\" data-element_type=\"container\">\n<div id=\"description\" class=\"elementor-element elementor-element-337037cc elementor-widget elementor-widget-thim-ekits-tours-content\" data-id=\"337037cc\" data-element_type=\"widget\" data-widget_type=\"thim-ekits-tours-content.default\">\n<div class=\"elementor-widget-container\">\n<h2 class=\"thim-ekit-single-tour__content\">\ud83d\udcb8\u00a0<strong>Cena i rezerwacja<\/strong><\/h2>\n<div class=\"thim-ekit-single-tour__content\">\n<p><strong>Zarezerwuj teraz, zap\u0142a\u0107 w dniu wycieczki<\/strong><br \/>Skontaktuj si\u0119 z nami przez WhatsApp, Telegram, Viber lub wype\u0142nij poni\u017cszy formularz rezerwacji \ud83d\udc47\ud83c\udffc<\/p>\n<\/div>\n<\/div>\n<\/div>\n<\/div>\n<p>Szukasz alternatyw? Przegl\u0105daj <a href=\"https:\/\/excursionsworld.com\/pl\/antalya-wycieczki\/\">wi\u0119cej wycieczek po Antalyi<\/a>.<\/p>","protected":false},"excerpt":{"rendered":"<p>Zarezerwuj <b>Wycieczka w\u0119dkarska do Antalyi<\/b>! Ciesz si\u0119 <b>dalekomorska wyprawa w\u0119dkarska<\/b> nad Morzem \u015ar\u00f3dziemnym. Grilluj sw\u00f3j po\u0142\u00f3w dla <b>lunch<\/b>! <b>Transfer wliczony w cen\u0119<\/b>, <b>wycieczka<\/b> u\u017cywa specjalistycznego sprz\u0119tu.<\/p>","protected":false},"featured_media":15809,"comment_status":"open","ping_status":"closed","template":"","meta":[],"product_brand":[],"product_cat":[125],"product_tag":[107],"class_list":{"0":"post-15346","1":"product","2":"type-product","3":"status-publish","4":"has-post-thumbnail","6":"tour_phys-antalya-tours","7":"product_cat-antalya-tours","8":"product_tag-antalya","9":"pa_destination-antalya-tours","11":"first","12":"instock","13":"sale","14":"shipping-taxable","15":"purchasable","16":"product-type-tour_phys"},"aioseo_notices":[],"_links":{"self":[{"href":"https:\/\/excursionsworld.com\/pl\/wp-json\/wp\/v2\/product\/15346","targetHints":{"allow":["GET"]}}],"collection":[{"href":"https:\/\/excursionsworld.com\/pl\/wp-json\/wp\/v2\/product"}],"about":[{"href":"https:\/\/excursionsworld.com\/pl\/wp-json\/wp\/v2\/types\/product"}],"replies":[{"embeddable":true,"href":"https:\/\/excursionsworld.com\/pl\/wp-json\/wp\/v2\/comments?post=15346"}],"wp:featuredmedia":[{"embeddable":true,"href":"https:\/\/excursionsworld.com\/pl\/wp-json\/wp\/v2\/media\/15809"}],"wp:attachment":[{"href":"https:\/\/excursionsworld.com\/pl\/wp-json\/wp\/v2\/media?parent=15346"}],"wp:term":[{"taxonomy":"product_brand","embeddable":true,"href":"https:\/\/excursionsworld.com\/pl\/wp-json\/wp\/v2\/product_brand?post=15346"},{"taxonomy":"product_cat","embeddable":true,"href":"https:\/\/excursionsworld.com\/pl\/wp-json\/wp\/v2\/product_cat?post=15346"},{"taxonomy":"product_tag","embeddable":true,"href":"https:\/\/excursionsworld.com\/pl\/wp-json\/wp\/v2\/product_tag?post=15346"}],"curies":[{"name":"wp","href":"https:\/\/api.w.org\/{rel}","templated":true}]}}