{"id":15348,"date":"2025-10-26T18:03:34","date_gmt":"2025-10-26T15:03:34","guid":{"rendered":"https:\/\/excursionsworld.com\/?post_type=product&#038;p=15348"},"modified":"2025-12-09T20:34:45","modified_gmt":"2025-12-09T17:34:45","slug":"istanbul-1-dzien-antalya","status":"publish","type":"product","link":"https:\/\/excursionsworld.com\/tours\/istanbul-1-day-antalya\/","title":{"rendered":"Wycieczka Istanbul 1 Dzie\u0144 z Antalyi Samolotem \u2013 Zabytki &amp; Atrakcje"},"content":{"rendered":"<h3 dir=\"ltr\" data-pm-slice=\"1 1 []\"><span style=\"color: #000000;\"><strong>Przegl\u0105d<\/strong><\/span><\/h3>\n<p dir=\"ltr\">Odkryj magi\u0119 Stambu\u0142u podczas jednodniowej wycieczki! Odbierzemy Ci\u0119 z hotelu w Antalyi lub okolicy, polecimy z lotniska w Antalyi, odwiedzimy Hagia Sophia i Pa\u0142ac Topkapi oraz pop\u0142yniemy jachtem po Bosforze. Wycieczka obejmuje przewodnika, posi\u0142ki i rejs jachtem, trwaj\u0105cy oko\u0142o 14-16 godzin.<\/p>\n<h3 dir=\"ltr\"><strong>W zestawie:<\/strong><\/h3>\n<p dir=\"ltr\"><span style=\"color: #00ff00;\"><strong>\u2713<\/strong><\/span> Odbi\u00f3r i dow\u00f3z do hotelu<br \/>\n<span style=\"color: #00ff00;\"><strong>\u2713 <\/strong><\/span>Bilet lotniczy (Antalya-Istambu\u0142-Antalya)<br \/>\n<span style=\"color: #00ff00;\"><strong>\u2713 <\/strong><\/span>Pe\u0142ne ubezpieczenie<br \/>\n<span style=\"color: #00ff00;\"><strong>\u2713 <\/strong><\/span>Profesjonalny angloj\u0119zyczny przewodnik<br \/>\n<span style=\"color: #00ff00;\"><strong>\u2713 <\/strong><\/span>Wygodny klimatyzowany autobus<br \/>\n<span style=\"color: #00ff00;\"><strong>\u2713 <\/strong><\/span>Op\u0142aty za wst\u0119p do atrakcji<br \/>\n<span style=\"color: #00ff00;\"><strong>\u2713 <\/strong><\/span>Lunch i kolacja<br \/>\n<span style=\"color: #00ff00;\"><strong>\u2713 <\/strong><\/span>Rejs jachtem po Bosforze<\/p>\n<h3 dir=\"ltr\"><span style=\"color: #000000;\"><strong>Nie zawiera:<\/strong><\/span><\/h3>\n<p dir=\"ltr\"><strong><span style=\"color: #ff0000;\">\u2717<\/span><\/strong> Wydatki osobiste<br \/>\n<strong><span style=\"color: #ff0000;\">\u2717 <\/span><\/strong>Zdj\u0119cia i filmy (opcjonalnie)<br \/>\n<strong><span style=\"color: #ff0000;\">\u2717 <\/span><\/strong>Napoje<\/p>\n<h3 dir=\"ltr\"><span style=\"color: #000000;\"><strong>\u2708\ufe0f Najwa\u017cniejsze informacje o wycieczce<\/strong><\/span><\/h3>\n<p dir=\"ltr\">Zwiedzanie Hagia Sophia, B\u0142\u0119kitnego Meczetu i Pa\u0142acu Topkapi<br \/>\n\ud83d\udd39 Zwiedzanie Wielkiego Bazaru i Bazaru Egipskiego<br \/>\nSceniczny rejs jachtem po Bosforze<br \/>\nKolacja w historycznej dzielnicy Kumkap\u0131<br \/>\nBogata historia i kultura w jeden dzie\u0144<\/p>\n<h3 dir=\"ltr\"><span style=\"color: #000000;\"><strong>Pe\u0142ny opis<\/strong><\/span><\/h3>\n<p dir=\"ltr\">Wyrusz w ekscytuj\u0105c\u0105 podr\u00f3\u017c rozpoczynaj\u0105c\u0105 si\u0119 wczesnym rankiem od transferu z Antalyi lub okolic na lotnisko w Antalyi na kr\u00f3tki lot do Stambu\u0142u. Zanurz si\u0119 w sercu miasta podczas wycieczki po historycznym p\u00f3\u0142wyspie, odwiedzaj\u0105c Hagia Sophia, B\u0142\u0119kitny Meczet i Hipodrom. Poznaj bogaty pa\u0142ac Topkapi i t\u0119tni\u0105cy \u017cyciem egipski bazar. Po pysznym lunchu wyrusz w rejs jachtem po Bosforze, podziwiaj\u0105c panoram\u0119 miasta \u0142\u0105cz\u0105c\u0105 dwa kontynenty. Zako\u0144cz dzie\u0144 kolacj\u0105 w t\u0119tni\u0105cej \u017cyciem dzielnicy Kumkap\u0131 przed lotem do Antalyi i powrotem do hotelu, oczarowany mieszank\u0105 Wschodu i Zachodu.<\/p>\n<h3 dir=\"ltr\"><span style=\"color: #000000;\"><strong>\ud83d\uddfa\ufe0f Plan podr\u00f3\u017cy<\/strong><\/span><\/h3>\n<p dir=\"ltr\">Odbi\u00f3r z Antalyi i okolic<br \/>\nTransfer na lotnisko w Antalyi<br \/>\nLot do Stambu\u0142u (~1 godzina)<br \/>\nWycieczka po historycznym p\u00f3\u0142wyspie<br \/>\nB\u0142\u0119kitny Meczet i Hagia Sophia<br \/>\n\ud83d\udd39 Plac Hipodromu<br \/>\nLunch<br \/>\nPa\u0142ac Topkapi<br \/>\nEgipski Bazar<br \/>\nRejs jachtem po cie\u015bninie Bosfor<br \/>\nKolacja w Kumkap\u0131<br \/>\nLot powrotny do Antalyi<br \/>\nPowr\u00f3t do hotelu<\/p>\n<h3 dir=\"ltr\">\u2139\ufe0f Przydatne informacje<\/h3>\n<p dir=\"ltr\">Czas trwania: ~14-16 godzin (wycieczka ca\u0142odniowa)<br \/>\nUmiarkowana aktywno\u015b\u0107 fizyczna (spacery i zwiedzanie)<br \/>\nW towarzystwie licencjonowanego angloj\u0119zycznego przewodnika<br \/>\nCzas trwania lotu: ~1 godzina w ka\u017cd\u0105 stron\u0119<br \/>\nNosi\u0107 wygodne buty do intensywnego chodzenia.<br \/>\nPlan podr\u00f3\u017cy mo\u017ce ulec zmianie ze wzgl\u0119du na pogod\u0119 lub nat\u0119\u017cenie ruchu.<br \/>\nDzieci poni\u017cej 3. roku \u017cycia podr\u00f3\u017cuj\u0105 bezp\u0142atnie bez oddzielnego siedzenia; dodatkowe siedzenie dost\u0119pne za op\u0142at\u0105.<br \/>\nMiejsca siedz\u0105ce dla dzieci zale\u017c\u0105 od dost\u0119pno\u015bci autobusu.<\/p>\n<h3 dir=\"ltr\">Co zabra\u0107 ze sob\u0105<\/h3>\n<p dir=\"ltr\">Paszport<br \/>\nOkulary przeciws\u0142oneczne i czapka<br \/>\nWygodne buty do chodzenia<br \/>\nGot\u00f3wka na wydatki osobiste<\/p>\n<h3 dir=\"ltr\">Nieodpowiednie dla<\/h3>\n<p dir=\"ltr\">Osoby z powa\u017cnymi problemami z poruszaniem si\u0119<br \/>\nPodr\u00f3\u017cni z klaustrofobi\u0105 (lot i transport)<br \/>\nDzieci poni\u017cej 3 lat<\/p>\n<h3 dir=\"ltr\">Cena i rezerwacja<\/h3>\n<p dir=\"ltr\"><strong>Zarezerwuj teraz, zap\u0142a\u0107 w dniu wycieczki<\/strong><br \/>\nSkontaktuj si\u0119 z nami przez WhatsApp, Telegram, Viber lub wype\u0142nij poni\u017cszy formularz rezerwacji. \ud83d\udc47\ud83c\udffc<\/p>","protected":false},"excerpt":{"rendered":"<p data-start=\"998\" data-end=\"1208\">Do\u0142\u0105cz do 1-dniowej wycieczki z przewodnikiem po Stambule z Antalyi samolotem. Odwied\u017a Hagia Sophia, Pa\u0142ac Topkapi, Wielki Bazar i ciesz si\u0119 rejsem po Bosforze. Przelot w obie strony, transfery i posi\u0142ki wliczone w cen\u0119.<\/p>","protected":false},"featured_media":12902,"comment_status":"open","ping_status":"closed","template":"","meta":[],"product_brand":[],"product_cat":[125],"product_tag":[107],"class_list":{"0":"post-15348","1":"product","2":"type-product","3":"status-publish","4":"has-post-thumbnail","6":"tour_phys-antalya-tours","7":"product_cat-antalya-tours","8":"product_tag-antalya","9":"pa_destination-antalya-tours","11":"first","12":"instock","13":"sale","14":"shipping-taxable","15":"purchasable","16":"product-type-tour_phys"},"aioseo_notices":[],"_links":{"self":[{"href":"https:\/\/excursionsworld.com\/pl\/wp-json\/wp\/v2\/product\/15348","targetHints":{"allow":["GET"]}}],"collection":[{"href":"https:\/\/excursionsworld.com\/pl\/wp-json\/wp\/v2\/product"}],"about":[{"href":"https:\/\/excursionsworld.com\/pl\/wp-json\/wp\/v2\/types\/product"}],"replies":[{"embeddable":true,"href":"https:\/\/excursionsworld.com\/pl\/wp-json\/wp\/v2\/comments?post=15348"}],"wp:featuredmedia":[{"embeddable":true,"href":"https:\/\/excursionsworld.com\/pl\/wp-json\/wp\/v2\/media\/12902"}],"wp:attachment":[{"href":"https:\/\/excursionsworld.com\/pl\/wp-json\/wp\/v2\/media?parent=15348"}],"wp:term":[{"taxonomy":"product_brand","embeddable":true,"href":"https:\/\/excursionsworld.com\/pl\/wp-json\/wp\/v2\/product_brand?post=15348"},{"taxonomy":"product_cat","embeddable":true,"href":"https:\/\/excursionsworld.com\/pl\/wp-json\/wp\/v2\/product_cat?post=15348"},{"taxonomy":"product_tag","embeddable":true,"href":"https:\/\/excursionsworld.com\/pl\/wp-json\/wp\/v2\/product_tag?post=15348"}],"curies":[{"name":"wp","href":"https:\/\/api.w.org\/{rel}","templated":true}]}}