{"id":15350,"date":"2025-10-26T18:12:15","date_gmt":"2025-10-26T15:12:15","guid":{"rendered":"https:\/\/excursionsworld.com\/?post_type=product&#038;p=15350"},"modified":"2025-12-18T19:03:44","modified_gmt":"2025-12-18T16:03:44","slug":"pamukkale-jezioro-salda-antalya","status":"publish","type":"product","link":"https:\/\/excursionsworld.com\/tours\/pamukkale-salda-lake-tour-antalya\/","title":{"rendered":"Pamukkale i wycieczka nad jezioro Salda z Antalyi - tureckie Malediwy"},"content":{"rendered":"<h3 data-start=\"151\" data-end=\"168\"><strong>\ud83c\udfdd\ufe0f Przegl\u0105d<\/strong><\/h3>\n<p data-start=\"170\" data-end=\"518\">Do\u0142\u0105cz do ca\u0142odniowej wycieczki z Antalyi, aby odkry\u0107 cuda natury Pamukkale i turkusowego jeziora Salda! Spaceruj po bia\u0142ych tarasach Pamukkale, odkryj staro\u017cytne ruiny Hierapolis i zrelaksuj si\u0119 nad \u201ctureckimi Malediwami\u201d. Wycieczka obejmuje \u015bniadanie, lunch, kolacj\u0119 i transfer do hotelu - idealne po\u0142\u0105czenie natury, historii i komfortu.<\/p>\n<h3 data-start=\"520\" data-end=\"534\"><strong>W zestawie:<\/strong><\/h3>\n<p data-start=\"536\" data-end=\"731\"><span style=\"color: #00ff00;\"><strong>\u2713<\/strong> <\/span>Odbi\u00f3r i dow\u00f3z do hotelu\u00a0<br data-start=\"580\" data-end=\"583\" \/><span style=\"color: #00ff00;\"><strong>\u2713<\/strong> <\/span>Klimatyzowany autobus<br data-start=\"604\" data-end=\"607\" \/><span style=\"color: #00ff00;\"><strong>\u2713<\/strong> <\/span>Op\u0142aty za wst\u0119p do Pamukkale i Hierapolis<br data-start=\"650\" data-end=\"653\" \/><span style=\"color: #00ff00;\"><strong>\u2713<\/strong> <\/span>Przewodnik m\u00f3wi\u0105cy po angielsku<br data-start=\"677\" data-end=\"680\" \/><span style=\"color: #00ff00;\"><strong>\u2713<\/strong> <\/span>Pe\u0142ne ubezpieczenie<br data-start=\"696\" data-end=\"699\" \/><span style=\"color: #00ff00;\"><strong>\u2713<\/strong> <\/span>\u015aniadanie, lunch i kolacja<\/p>\n<h3 data-start=\"733\" data-end=\"751\">Nie zawiera:<\/h3>\n<p data-start=\"753\" data-end=\"818\"><span style=\"color: #ff0000;\"><strong>\u2717<\/strong><\/span> Wej\u015bcie do basenu Kleopatry<br data-start=\"783\" data-end=\"786\" \/><span style=\"color: #ff0000;\"><strong>\u2717 <\/strong><\/span>Wydatki osobiste<br data-start=\"805\" data-end=\"808\" \/><span style=\"color: #ff0000;\"><strong>\u2717 <\/strong><\/span>Napoje<\/p>\n<h3 data-start=\"820\" data-end=\"843\"><span style=\"color: #000000;\"><strong>Najwa\u017cniejsze atrakcje wycieczki<\/strong><\/span><\/h3>\n<p data-start=\"845\" data-end=\"1084\">Spacer po \u015bnie\u017cnobia\u0142ych trawertynach Pamukkale<br data-start=\"890\" data-end=\"893\" \/>Zwiedzanie staro\u017cytnego miasta i teatru w Hierapolis<br data-start=\"946\" data-end=\"949\" \/>Relaks w naturalnych basenach termalnych<br data-start=\"982\" data-end=\"985\" \/>Odwied\u017a jezioro Salda - tureckie \u201cMalediwy\u201d<br data-start=\"1026\" data-end=\"1029\" \/>\ud83d\udd39 Ciesz si\u0119 tradycyjnymi tureckimi posi\u0142kami podczas podr\u00f3\u017cy<\/p>\n<h3 data-start=\"1086\" data-end=\"1110\"><span style=\"color: #000000;\"><strong>Pe\u0142ny opis<\/strong><\/span><\/h3>\n<div data-start=\"1112\" data-end=\"1479\">Rozpocznij swoj\u0105 przygod\u0119 od wczesnego porannego odbioru z hotelu w Antalyi. Po \u015bniadaniu w drodze, podr\u00f3\u017cuj przez malownicze krajobrazy w kierunku Pamukkale, znanego z bia\u0142ych taras\u00f3w i leczniczych w\u00f3d. Poznaj Hierapolis, staro\u017cytne miasto uzdrowiskowe, w kt\u00f3rym mo\u017cna zobaczy\u0107 rzymski teatr i \u015bwi\u0105tyni\u0119 Apolla. Mo\u017cesz tak\u017ce zanurzy\u0107 si\u0119 w basenie Kleopatry (opcjonalnie).<\/div>\n<div data-start=\"1481\" data-end=\"1706\">Po po\u0142udniu odwied\u017a s\u0142ynne jezioro Salda - podziwiane za jasny turkusowy kolor i mi\u0119kkie bia\u0142e brzegi. Zr\u00f3b niezapomniane zdj\u0119cia, zrelaksuj si\u0119 na \u0142onie natury i zjedz kolacj\u0119 przed powrotem do hotelu w Antalyi.<\/div>\n<h3><span style=\"color: #000000;\"><strong>\ud83d\uddfa\ufe0f Plan podr\u00f3\u017cy<\/strong><\/span><\/h3>\n<p data-start=\"2261\" data-end=\"2588\">Odbi\u00f3r z hoteli w Antalyi<br data-start=\"2291\" data-end=\"2294\" \/>\u015aniadanie na trasie<br data-start=\"2315\" data-end=\"2318\" \/>Podr\u00f3\u017c do Pamukkale<br data-start=\"2341\" data-end=\"2344\" \/>Lunch w formie bufetu<br data-start=\"2359\" data-end=\"2362\" \/>Wycieczka po trawertynach Pamukkale<br data-start=\"2396\" data-end=\"2399\" \/>Wizyta w ruinach Hierapolis<br data-start=\"2427\" data-end=\"2430\" \/>Czas wolny na basen Kleopatry (opcjonalnie)<br data-start=\"2474\" data-end=\"2477\" \/>Wizyta nad jeziorem Salda w celu zwiedzania i robienia zdj\u0119\u0107<br data-start=\"2526\" data-end=\"2529\" \/>Kolacja<br data-start=\"2538\" data-end=\"2541\" \/>Podr\u00f3\u017c powrotna<br data-start=\"2558\" data-end=\"2561\" \/>Transfer z powrotem do hotelu<\/p>\n<h3 data-start=\"1764\" data-end=\"1790\"><span style=\"color: #000000;\"><strong>\u2139\ufe0f Przydatne informacje<\/strong><\/span><\/h3>\n<p data-start=\"1792\" data-end=\"1945\">Czas trwania: oko\u0142o 12 godzin<br data-start=\"1819\" data-end=\"1822\" \/>Plan podr\u00f3\u017cy mo\u017ce si\u0119 r\u00f3\u017cni\u0107 w zale\u017cno\u015bci od pogody.<br data-start=\"1856\" data-end=\"1859\" \/>Wymagane umiarkowane chodzenie<br data-start=\"1887\" data-end=\"1890\" \/>\ud83d\udd39 Dzieci poni\u017cej 5. roku \u017cycia podr\u00f3\u017cuj\u0105 bezp\u0142atnie (wsp\u00f3lne miejsce, je\u015bli jest pe\u0142ne).<\/p>\n<h3 data-start=\"1947\" data-end=\"1968\"><span style=\"color: #000000;\"><strong>Co zabra\u0107 ze sob\u0105<\/strong><\/span><\/h3>\n<p data-start=\"1970\" data-end=\"2093\">\ud83d\udd39 Dow\u00f3d osobisty lub paszport<br data-start=\"1987\" data-end=\"1990\" \/>Wygodne buty<br data-start=\"2010\" data-end=\"2013\" \/>Okulary przeciws\u0142oneczne, kapelusz i filtr przeciws\u0142oneczny<br data-start=\"2046\" data-end=\"2049\" \/>Str\u00f3j k\u0105pielowy i r\u0119cznik<br data-start=\"2070\" data-end=\"2073\" \/>Got\u00f3wka na dodatki<\/p>\n<h3 data-start=\"2095\" data-end=\"2119\"><span style=\"color: #000000;\"><strong>Nieodpowiednie dla<\/strong><\/span><\/h3>\n<p data-start=\"2121\" data-end=\"2186\">Osoby o ograniczonej sprawno\u015bci ruchowej<br data-start=\"2152\" data-end=\"2155\" \/>Powa\u017cne schorzenia medyczne<\/p>\n<h3 data-start=\"2240\" data-end=\"2265\"><span style=\"color: #000000;\"><strong>Cena i rezerwacja<\/strong><\/span><\/h3>\n<p data-start=\"2267\" data-end=\"2369\"><strong>Zarezerwuj teraz - zap\u0142a\u0107 w dniu wycieczki<\/strong><br data-start=\"2300\" data-end=\"2303\" \/>Skontaktuj si\u0119 z nami przez WhatsApp, Telegram lub Viber, aby dokona\u0107 rezerwacji. \ud83d\udc47\ud83c\udffc<\/p>","protected":false},"excerpt":{"rendered":"<p>Zarezerwuj <b>Wycieczka Antalya Pamukkale Tour<\/b>! Odwied\u017a ruiny Hierapolis i jezioro Salda (tureckie Malediwy). Ca\u0142y dzie\u0144 <b>wycieczka<\/b> z posi\u0142kami i komfortem <b>wycieczka jednodniowa<\/b>.<\/p>","protected":false},"featured_media":14072,"comment_status":"open","ping_status":"closed","template":"","meta":[],"product_brand":[],"product_cat":[125],"product_tag":[107],"class_list":{"0":"post-15350","1":"product","2":"type-product","3":"status-publish","4":"has-post-thumbnail","6":"tour_phys-antalya-tours","7":"product_cat-antalya-tours","8":"product_tag-antalya","9":"pa_destination-antalya-tours","11":"first","12":"instock","13":"sale","14":"shipping-taxable","15":"purchasable","16":"product-type-tour_phys"},"aioseo_notices":[],"_links":{"self":[{"href":"https:\/\/excursionsworld.com\/pl\/wp-json\/wp\/v2\/product\/15350","targetHints":{"allow":["GET"]}}],"collection":[{"href":"https:\/\/excursionsworld.com\/pl\/wp-json\/wp\/v2\/product"}],"about":[{"href":"https:\/\/excursionsworld.com\/pl\/wp-json\/wp\/v2\/types\/product"}],"replies":[{"embeddable":true,"href":"https:\/\/excursionsworld.com\/pl\/wp-json\/wp\/v2\/comments?post=15350"}],"wp:featuredmedia":[{"embeddable":true,"href":"https:\/\/excursionsworld.com\/pl\/wp-json\/wp\/v2\/media\/14072"}],"wp:attachment":[{"href":"https:\/\/excursionsworld.com\/pl\/wp-json\/wp\/v2\/media?parent=15350"}],"wp:term":[{"taxonomy":"product_brand","embeddable":true,"href":"https:\/\/excursionsworld.com\/pl\/wp-json\/wp\/v2\/product_brand?post=15350"},{"taxonomy":"product_cat","embeddable":true,"href":"https:\/\/excursionsworld.com\/pl\/wp-json\/wp\/v2\/product_cat?post=15350"},{"taxonomy":"product_tag","embeddable":true,"href":"https:\/\/excursionsworld.com\/pl\/wp-json\/wp\/v2\/product_tag?post=15350"}],"curies":[{"name":"wp","href":"https:\/\/api.w.org\/{rel}","templated":true}]}}