{"id":15356,"date":"2025-10-26T18:36:55","date_gmt":"2025-10-26T15:36:55","guid":{"rendered":"https:\/\/excursionsworld.com\/?post_type=product&#038;p=15356"},"modified":"2026-04-24T01:27:05","modified_gmt":"2026-04-23T22:27:05","slug":"pokaz-delfinow-plywanie-belek","status":"publish","type":"product","link":"https:\/\/excursionsworld.com\/tours\/belek-dolphin-show-swim-dolphins\/","title":{"rendered":"Belek: Pokaz delfin\u00f3w &amp; P\u0142ywanie z delfinami \u2013 Dla rodzin"},"content":{"rendered":"<h2><span style=\"color: #000000;\"><strong>\ud83c\udfdd\ufe0f Przegl\u0105d<\/strong><\/span><\/h2>\n<p>Ciesz si\u0119 niezapomnian\u0105 p\u00f3\u0142dniow\u0105 przygod\u0105 podczas Pokazu Delfin\u00f3w w <a href=\"https:\/\/en.wikipedia.org\/wiki\/Belek\" target=\"_blank\" rel=\"noopener\">Belek<\/a>! Obejrzyj ekscytuj\u0105cy wyst\u0119p delfin\u00f3w i lw\u00f3w morskich, a nast\u0119pnie spe\u0142nij swoje marzenie, p\u0142ywaj\u0105c z delfinami. Idealne dla rodzin i mi\u0142o\u015bnik\u00f3w zwierz\u0105t, to radosne prze\u017cycie obejmuje wygodne transfery hotelowe z okolic Belek, Bo\u011fazkent i Kadriye.<\/p>\n<h3><span style=\"color: #000000;\"><strong>W zestawie:<\/strong><\/span><\/h3>\n<p><span style=\"color: #00ff00;\"><strong>\u2713<\/strong> <\/span>Odbi\u00f3r i dow\u00f3z do hotelu<br \/>\n<span style=\"color: #00ff00;\"><strong>\u2713<\/strong> <\/span>Bilet wst\u0119pu na pokaz delfin\u00f3w i lw\u00f3w morskich<br \/>\n<span style=\"color: #00ff00;\"><strong>\u2713<\/strong> <\/span>Profesjonalni trenerzy i pomoc pracownik\u00f3w parku<br \/>\n<span style=\"color: #00ff00;\"><strong>\u2713<\/strong> <\/span>Pe\u0142na ochrona ubezpieczeniowa<\/p>\n<h3><span style=\"color: #000000;\"><strong>Nie zawiera:<\/strong><\/span><\/h3>\n<div><strong><span style=\"color: #ff0000;\">\u2717 <\/span><\/strong>Opcjonalne p\u0142ywanie z delfinami<\/div>\n<div><strong><span style=\"color: #ff0000;\">\u2717<\/span><\/strong> Wydatki osobiste, \u017cywno\u015b\u0107 i napoje<br \/>\n<strong><span style=\"color: #ff0000;\">\u2717 <\/span><\/strong>Zdj\u0119cia i filmy<\/div>\n<h2><span style=\"color: #000000;\">\ud83c\udf1f <strong>Najwa\u017cniejsze informacje o wycieczce<\/strong><\/span><\/h2>\n<p>Magiczny 1-godzinny pokaz z udzia\u0142em delfin\u00f3w i lw\u00f3w morskich<br \/>\nOpcjonalna 7-8-minutowa sesja p\u0142ywania z delfinami<br \/>\nEdukacyjne i zabawne do\u015bwiadczenie dla wszystkich grup wiekowych<br \/>\nRelaksuj\u0105ca i pe\u0142na pozytywnej energii aktywno\u015b\u0107 z ssakami morskimi<br \/>\nWygodne transfery w obie strony z regionu Belek<\/p>\n<h2><span style=\"color: #000000;\">\ud83d\udcd6 <strong>Pe\u0142ny opis<\/strong><\/span><\/h2>\n<p>Rozpocznij swoj\u0105 przygod\u0119 od \u0142atwego odbioru z hotelu w Belek, Bo\u011fazkent lub Kadriye. Po kr\u00f3tkim transferze dotrzyj do delfinarium, gdzie zaczyna si\u0119 magia! Ciesz si\u0119 osza\u0142amiaj\u0105cym pokazem na \u017cywo, w kt\u00f3rym delfiny i lwy morskie wykonuj\u0105 akrobacje, skoki i figlarne sztuczki ze swoimi trenerami - rozkosz zar\u00f3wno dla dzieci, jak i doros\u0142ych. Dla tych, kt\u00f3rzy szukaj\u0105 g\u0142\u0119bszej wi\u0119zi, opcjonalna sesja Swim with Dolphins pozwala na blisk\u0105 interakcj\u0119 z tymi inteligentnymi zwierz\u0119tami w bezpiecznym \u015brodowisku z przewodnikiem. Do\u015bwiadczenie trwa oko\u0142o 7-8 minut i jest odpowiednie dla dzieci w wieku od 3 lat (z pomoc\u0105 rodzic\u00f3w). Po pokazie i opcjonalnym p\u0142ywaniu, po\u015bwi\u0119\u0107 troch\u0119 czasu na obejrzenie profesjonalnych zdj\u0119\u0107 i film\u00f3w przed transferem z powrotem do hotelu.<\/p>\n<h3><span style=\"color: #000000;\">\ud83d\uddfa\ufe0f <strong>Plan podr\u00f3\u017cy<\/strong><\/span><\/h3>\n<p>Odbi\u00f3r z hoteli w Belek, Bo\u011fazkent i Kadriye<br \/>\nPrzybycie do delfinarium<br \/>\nPokaz delfin\u00f3w i lw\u00f3w morskich (1 godzina)<br \/>\nOpcjonalna sesja p\u0142ywania z delfinami<br \/>\nOgl\u0105danie zdj\u0119\u0107 i film\u00f3w, czas wolny<br \/>\nTransfer powrotny do hoteli<\/p>\n<h3><strong><span style=\"color: #000000;\">\u2139\ufe0f Przydatne informacje<\/span><\/strong><\/h3>\n<p>Czas trwania: Oko\u0142o 4 godzin (w tym transfery)<br \/>\nCzas trwania p\u0142ywania: 7-8 minut na osob\u0119<br \/>\nPokazy odbywaj\u0105 si\u0119 dwa razy dziennie (sprawd\u017a harmonogram przy rezerwacji).<br \/>\nSesje p\u0142ywania nale\u017cy rezerwowa\u0107 z wyprzedzeniem.<br \/>\nGo\u015bcie z epilepsj\u0105 lub powa\u017cn\u0105 niepe\u0142nosprawno\u015bci\u0105 fizyczn\u0105 nie mog\u0105 do\u0142\u0105czy\u0107 do p\u0142ywania.<br \/>\nZakaz noszenia bi\u017cuterii lub akcesori\u00f3w podczas sesji p\u0142ywackich.<\/p>\n<h2><strong><span style=\"color: #000000;\">Co zabra\u0107 ze sob\u0105<\/span><\/strong><\/h2>\n<p>Str\u00f3j k\u0105pielowy i r\u0119cznik (dla uczestnik\u00f3w p\u0142ywania)<br \/>\nOkulary przeciws\u0142oneczne i czapka<br \/>\nAparat fotograficzny lub telefon do zdj\u0119\u0107 osobistych<br \/>\nGot\u00f3wka na opcjonalne zdj\u0119cia lub pami\u0105tki<\/p>\n<h3><strong><span style=\"color: #000000;\">Nieodpowiednie dla<\/span><\/strong><\/h3>\n<p>Dzieci poni\u017cej 3 roku \u017cycia (nie mog\u0105 do\u0142\u0105czy\u0107 do p\u0142ywania)<br \/>\nGo\u015bcie z epilepsj\u0105 lub powa\u017cn\u0105 niepe\u0142nosprawno\u015bci\u0105 fizyczn\u0105<\/p>\n<h2 dir=\"ltr\">\ud83d\udcb8\u00a0<strong>Cena i rezerwacja<\/strong><\/h2>\n<p dir=\"ltr\"><strong>Zarezerwuj teraz, zap\u0142a\u0107 w dniu wycieczki<\/strong><br \/>\nSkontaktuj si\u0119 z nami przez WhatsApp, Telegram, Viber lub wype\u0142nij poni\u017cszy formularz rezerwacji.<\/p>\n<h3>\u2139\ufe0f Przydatne informacje<\/h3>\n<p>Czas trwania: ok. 5-5,5 godz.<br \/>\nCodzienne poranne odloty<br \/>\nNie jest wymagane do\u015bwiadczenie<br \/>\nWycieczka w ma\u0142ej grupie dla wygody<\/p>\n<h3>Nieodpowiednie dla<\/h3>\n<p>Kobiety w ci\u0105\u017cy<br \/>\nGo\u015bcie z powa\u017cnymi schorzeniami kr\u0119gos\u0142upa lub serca<\/p>\n<h2>Co zabra\u0107 ze sob\u0105<\/h2>\n<p>Okulary przeciws\u0142oneczne, kapelusz i filtr przeciws\u0142oneczny<br \/>\nWygodne ubrania i stroje k\u0105pielowe<br \/>\nNiewielka got\u00f3wka na dodatki<\/p>\n<div class=\"elementor-element elementor-element-884d539 e-con-full e-flex e-con e-child\" data-id=\"884d539\" data-element_type=\"container\">\n<div id=\"description\" class=\"elementor-element elementor-element-337037cc elementor-widget elementor-widget-thim-ekits-tours-content\" data-id=\"337037cc\" data-element_type=\"widget\" data-widget_type=\"thim-ekits-tours-content.default\">\n<div class=\"elementor-widget-container\">\n<h2 class=\"thim-ekit-single-tour__content\">\ud83d\udcb8\u00a0<strong>Cena i rezerwacja<\/strong><\/h2>\n<div class=\"thim-ekit-single-tour__content\">\n<p><strong>Zarezerwuj teraz, zap\u0142a\u0107 w dniu wycieczki<\/strong><br \/>\nSkontaktuj si\u0119 z nami przez WhatsApp, Telegram, Viber lub wype\u0142nij poni\u017cszy formularz rezerwacji \ud83d\udc47\ud83c\udffc<\/p>\n<\/div>\n<\/div>\n<\/div>\n<\/div>\n<p>Szukasz alternatyw? Przegl\u0105daj <a href=\"https:\/\/excursionsworld.com\/pl\/belek-wycieczki\/\">wi\u0119cej wycieczek po Belek<\/a>.<\/p>","protected":false},"excerpt":{"rendered":"<p>Zarezerwuj <b>Pokaz delfin\u00f3w w Belek<\/b> <b>wycieczka<\/b>! Ciesz si\u0119 magicznym pokazem oraz opcjonalnym <b>p\u0142ywa\u0107 z delfinami<\/b>. Doskona\u0142y <b>wycieczka rodzinna<\/b> z <b>transfer<\/b> wliczone w cen\u0119. \u0141atwa rezerwacja!<\/p>","protected":false},"featured_media":15137,"comment_status":"open","ping_status":"closed","template":"","meta":[],"product_brand":[],"product_cat":[126],"product_tag":[120],"class_list":{"0":"post-15356","1":"product","2":"type-product","3":"status-publish","4":"has-post-thumbnail","6":"tour_phys-belek-tours","7":"product_cat-belek-tours","8":"product_tag-belek","9":"pa_destination-belek-tours","11":"first","12":"instock","13":"sale","14":"shipping-taxable","15":"purchasable","16":"product-type-tour_phys"},"aioseo_notices":[],"_links":{"self":[{"href":"https:\/\/excursionsworld.com\/pl\/wp-json\/wp\/v2\/product\/15356","targetHints":{"allow":["GET"]}}],"collection":[{"href":"https:\/\/excursionsworld.com\/pl\/wp-json\/wp\/v2\/product"}],"about":[{"href":"https:\/\/excursionsworld.com\/pl\/wp-json\/wp\/v2\/types\/product"}],"replies":[{"embeddable":true,"href":"https:\/\/excursionsworld.com\/pl\/wp-json\/wp\/v2\/comments?post=15356"}],"wp:featuredmedia":[{"embeddable":true,"href":"https:\/\/excursionsworld.com\/pl\/wp-json\/wp\/v2\/media\/15137"}],"wp:attachment":[{"href":"https:\/\/excursionsworld.com\/pl\/wp-json\/wp\/v2\/media?parent=15356"}],"wp:term":[{"taxonomy":"product_brand","embeddable":true,"href":"https:\/\/excursionsworld.com\/pl\/wp-json\/wp\/v2\/product_brand?post=15356"},{"taxonomy":"product_cat","embeddable":true,"href":"https:\/\/excursionsworld.com\/pl\/wp-json\/wp\/v2\/product_cat?post=15356"},{"taxonomy":"product_tag","embeddable":true,"href":"https:\/\/excursionsworld.com\/pl\/wp-json\/wp\/v2\/product_tag?post=15356"}],"curies":[{"name":"wp","href":"https:\/\/api.w.org\/{rel}","templated":true}]}}