{"id":15358,"date":"2025-10-26T18:39:45","date_gmt":"2025-10-26T15:39:45","guid":{"rendered":"https:\/\/excursionsworld.com\/?post_type=product&#038;p=15358"},"modified":"2026-04-24T00:20:46","modified_gmt":"2026-04-23T21:20:46","slug":"aquapark-waterhill-antalya-belek","status":"publish","type":"product","link":"https:\/\/excursionsworld.com\/tours\/antalya-waterhill-aquapark-tour-from-belek\/","title":{"rendered":"Antalya Waterhill Aquapark z Belek \u2013 Wycieczka"},"content":{"rendered":"<h2 dir=\"ltr\" data-pm-slice=\"1 1 []\"><span style=\"color: #000000;\"><strong>Przegl\u0105d<\/strong><\/span><\/h2>\n<p dir=\"ltr\">Zanurz si\u0119 w ca\u0142odniowej zabawie w Aquaparku Waterhill z transferem z <a href=\"https:\/\/en.wikipedia.org\/wiki\/Belek\" target=\"_blank\" rel=\"noopener\">Belek<\/a>, i okolice! Czeka na Was mn\u00f3stwo emocjonuj\u0105cych zje\u017cd\u017calni, relaksuj\u0105cych basen\u00f3w i pyszny lunch. Idealna wycieczka dla rodzin i poszukiwaczy przyg\u00f3d, trwaj\u0105ca oko\u0142o 8 godzin, sprawi\u0142a rado\u015b\u0107 ponad 500 go\u015bciom!<\/p>\n<h3 dir=\"ltr\"><span style=\"color: #000000;\"><strong>W zestawie:<\/strong><\/span><\/h3>\n<p dir=\"ltr\"><span style=\"color: #00ff00;\"><strong>\u2713<\/strong><\/span> Odbi\u00f3r i dow\u00f3z do hotelu<br \/>\n<span style=\"color: #00ff00;\"><strong>\u2713 <\/strong><\/span>Lunch (sta\u0142e menu)<br \/>\n<span style=\"color: #00ff00;\"><strong>\u2713 <\/strong><\/span>Bilet wst\u0119pu do parku wodnego Waterhill<br \/>\n<span style=\"color: #00ff00;\"><strong>\u2713 <\/strong><\/span>Ubezpieczenie<br \/>\n<span style=\"color: #00ff00;\"><strong>\u2713 <\/strong><\/span>Wygodny klimatyzowany autobus<\/p>\n<h3 dir=\"ltr\"><span style=\"color: #000000;\"><strong>Nie zawiera:<\/strong><\/span><\/h3>\n<p dir=\"ltr\"><span style=\"color: #ff0000;\"><strong>\u2717<\/strong> <\/span>Wydatki osobiste<br \/>\n<span style=\"color: #ff0000;\"><strong>\u2717 <\/strong><\/span>Zdj\u0119cia i filmy<br \/>\n<span style=\"color: #ff0000;\"><strong>\u2717 <\/strong><\/span>Napoje<\/p>\n<h2 dir=\"ltr\"><span style=\"color: #000000;\"><strong>Najwa\u017cniejsze wydarzenia<\/strong><\/span><\/h2>\n<p dir=\"ltr\">Szybkie zje\u017cd\u017calnie: Kamikaze, Boomerang, Tropical Tower<br \/>\nOgromny basen z falami przypominaj\u0105cymi ocean<br \/>\nBezpieczne baseny i place zabaw dla dzieci<br \/>\nZesp\u00f3\u0142 animator\u00f3w z grami przy basenie<br \/>\nRelaksuj\u0105ce baseny i strefy do opalania<br \/>\nSmaczny lunch z napojem i lodami<\/p>\n<h2 dir=\"ltr\"><span style=\"color: #000000;\"><strong>Pe\u0142ny opis<\/strong><\/span><\/h2>\n<p dir=\"ltr\">Rozpocznij swoj\u0105 przygod\u0119 od wygodnego transferu z Belek lub pobliskich obszar\u00f3w do Waterhill Aquapark, jednego z najlepszych park\u00f3w wodnych w regionie. Poczuj przyp\u0142yw adrenaliny na zje\u017cd\u017calniach takich jak Kamikaze czy Boomerang lub zrelaksuj si\u0119 w rozleg\u0142ym basenie z falami. Dzieci pokochaj\u0105 bezpieczne p\u0142ytkie baseny, podczas gdy doro\u015bli mog\u0105 wylegiwa\u0107 si\u0119 na le\u017cakach lub do\u0142\u0105czy\u0107 do gier zespo\u0142u animator\u00f3w. Ciesz si\u0119 pysznym lunchem z napojem i lodami, a nast\u0119pnie zanurz si\u0119 w zabawie z ta\u0144cami i rozrywk\u0105. Po dniu pe\u0142nym wra\u017ce\u0144 wr\u00f3\u0107 do hotelu pe\u0142en wspomnie\u0144.<\/p>\n<h3 dir=\"ltr\"><span style=\"color: #000000;\"><strong>\ud83d\uddfa\ufe0f Plan podr\u00f3\u017cy<\/strong><\/span><\/h3>\n<p dir=\"ltr\">Odbi\u00f3r z Belek i okolic<br \/>\n\ud83d\udd39 Przyjazd do parku wodnego Waterhill<br \/>\nKr\u00f3tkie wprowadzenie i czas wolny<br \/>\nLunch z napojem i lodami<br \/>\nAktywno\u015bci animacyjne i zabawa<br \/>\nPowr\u00f3t do hotelu<\/p>\n<h3 dir=\"ltr\"><span style=\"color: #000000;\"><strong>\u2139\ufe0f Przydatne informacje<\/strong><\/span><\/h3>\n<p dir=\"ltr\">Czas trwania: ~8 godzin (wycieczka ca\u0142odniowa)<br \/>\nOdpowiedni dla os\u00f3b o podstawowej mobilno\u015bci<br \/>\nUmiarkowana aktywno\u015b\u0107 fizyczna<br \/>\nBezp\u0142atne szafki i przebieralnie<br \/>\nDzieci poni\u017cej 6. roku \u017cycia podr\u00f3\u017cuj\u0105ce bezp\u0142atnie nie maj\u0105 oddzielnego miejsca w autobusie. Je\u015bli autobus jest pe\u0142ny, siedz\u0105 na kolanach osoby doros\u0142ej lub mo\u017cna zarezerwowa\u0107 osobne miejsce.<\/p>\n<h2 dir=\"ltr\"><span style=\"color: #000000;\"><strong>Co zabra\u0107 ze sob\u0105<\/strong><\/span><\/h2>\n<p dir=\"ltr\">Got\u00f3wka na wydatki<br \/>\nOkulary przeciws\u0142oneczne i filtr przeciws\u0142oneczny<br \/>\nStr\u00f3j k\u0105pielowy i r\u0119cznik<br \/>\nWodoodporne etui na telefon (opcjonalnie)<\/p>\n<h3 dir=\"ltr\"><span style=\"color: #000000;\"><strong>Nieodpowiednie dla<\/strong><\/span><\/h3>\n<p dir=\"ltr\">Osoby z powa\u017cnymi schorzeniami medycznymi<br \/>\nOsoby o ograniczonej sprawno\u015bci ruchowej<\/p>\n<h2 dir=\"ltr\">\ud83d\udcb8\u00a0<strong>Cena i rezerwacja<\/strong><\/h2>\n<p dir=\"ltr\"><strong>Zarezerwuj teraz, zap\u0142a\u0107 w dniu wycieczki<\/strong><br \/>\nSkontaktuj si\u0119 z nami przez WhatsApp, Telegram, Viber lub wype\u0142nij poni\u017cszy formularz rezerwacji.<\/p>\n<h3>\u2139\ufe0f Przydatne informacje<\/h3>\n<p>Czas trwania: ok. 5-5,5 godz.<br \/>Codzienne poranne odloty\u00a0<br \/>Nie jest wymagane do\u015bwiadczenie<br \/>Wycieczka w ma\u0142ej grupie dla wygody<\/p>\n<h3>Nieodpowiednie dla<\/h3>\n<p>Kobiety w ci\u0105\u017cy<br \/>Go\u015bcie z powa\u017cnymi schorzeniami kr\u0119gos\u0142upa lub serca<\/p>\n<h2>Co zabra\u0107 ze sob\u0105<\/h2>\n<p>Okulary przeciws\u0142oneczne, kapelusz i filtr przeciws\u0142oneczny<br \/>Wygodne ubrania i stroje k\u0105pielowe<br \/>Niewielka got\u00f3wka na dodatki<\/p>\n<div class=\"elementor-element elementor-element-884d539 e-con-full e-flex e-con e-child\" data-id=\"884d539\" data-element_type=\"container\">\n<div id=\"description\" class=\"elementor-element elementor-element-337037cc elementor-widget elementor-widget-thim-ekits-tours-content\" data-id=\"337037cc\" data-element_type=\"widget\" data-widget_type=\"thim-ekits-tours-content.default\">\n<div class=\"elementor-widget-container\">\n<h2 class=\"thim-ekit-single-tour__content\">\ud83d\udcb8\u00a0<strong>Cena i rezerwacja<\/strong><\/h2>\n<div class=\"thim-ekit-single-tour__content\">\n<p><strong>Zarezerwuj teraz, zap\u0142a\u0107 w dniu wycieczki<\/strong><br \/>Skontaktuj si\u0119 z nami przez WhatsApp, Telegram, Viber lub wype\u0142nij poni\u017cszy formularz rezerwacji \ud83d\udc47\ud83c\udffc<\/p>\n<\/div>\n<\/div>\n<\/div>\n<\/div>\n<p>Szukasz alternatyw? Przegl\u0105daj <a href=\"https:\/\/excursionsworld.com\/pl\/belek-wycieczki\/\">wi\u0119cej wycieczek po Belek<\/a>.<\/p>","protected":false},"excerpt":{"rendered":"<p>Ciesz si\u0119 wype\u0142nion\u0105 zabaw\u0105 <b>wycieczka jednodniowa<\/b> do Antalyi <b>Park wodny Waterhill<\/b> z Antalyi i Belek! Ekscytuj\u0105ce <b>slajdy<\/b>, <b>basen z falami<\/b>, strefy dla dzieci, <b>lunch<\/b>, oraz <b>transfer hotelowy<\/b> w zestawie.<\/p>","protected":false},"featured_media":12762,"comment_status":"open","ping_status":"closed","template":"","meta":[],"product_brand":[],"product_cat":[126],"product_tag":[120],"class_list":{"0":"post-15358","1":"product","2":"type-product","3":"status-publish","4":"has-post-thumbnail","6":"tour_phys-belek-tours","7":"product_cat-belek-tours","8":"product_tag-belek","9":"pa_destination-belek-tours","11":"first","12":"instock","13":"sale","14":"shipping-taxable","15":"purchasable","16":"product-type-tour_phys"},"aioseo_notices":[],"_links":{"self":[{"href":"https:\/\/excursionsworld.com\/pl\/wp-json\/wp\/v2\/product\/15358","targetHints":{"allow":["GET"]}}],"collection":[{"href":"https:\/\/excursionsworld.com\/pl\/wp-json\/wp\/v2\/product"}],"about":[{"href":"https:\/\/excursionsworld.com\/pl\/wp-json\/wp\/v2\/types\/product"}],"replies":[{"embeddable":true,"href":"https:\/\/excursionsworld.com\/pl\/wp-json\/wp\/v2\/comments?post=15358"}],"wp:featuredmedia":[{"embeddable":true,"href":"https:\/\/excursionsworld.com\/pl\/wp-json\/wp\/v2\/media\/12762"}],"wp:attachment":[{"href":"https:\/\/excursionsworld.com\/pl\/wp-json\/wp\/v2\/media?parent=15358"}],"wp:term":[{"taxonomy":"product_brand","embeddable":true,"href":"https:\/\/excursionsworld.com\/pl\/wp-json\/wp\/v2\/product_brand?post=15358"},{"taxonomy":"product_cat","embeddable":true,"href":"https:\/\/excursionsworld.com\/pl\/wp-json\/wp\/v2\/product_cat?post=15358"},{"taxonomy":"product_tag","embeddable":true,"href":"https:\/\/excursionsworld.com\/pl\/wp-json\/wp\/v2\/product_tag?post=15358"}],"curies":[{"name":"wp","href":"https:\/\/api.w.org\/{rel}","templated":true}]}}