{"id":15361,"date":"2025-10-26T18:44:53","date_gmt":"2025-10-26T15:44:53","guid":{"rendered":"https:\/\/excursionsworld.com\/?post_type=product&#038;p=15361"},"modified":"2026-04-24T01:34:41","modified_gmt":"2026-04-23T22:34:41","slug":"tureckie-laznie-belek","status":"publish","type":"product","link":"https:\/\/excursionsworld.com\/tours\/belek-turkish-bath-hamam\/","title":{"rendered":"Belek: Tureckie \u0142a\u017anie \u2013 autentyczne do\u015bwiadczenie hamamu"},"content":{"rendered":"<h2><strong>\ud83c\udfdd\ufe0f <span style=\"color: #000000;\">Przegl\u0105d<\/span><\/strong><\/h2>\n<p>Zanurz si\u0119 w <strong>Autentyczne do\u015bwiadczenie \u0142a\u017ani tureckiej i spa w Side<\/strong>, gdzie staro\u017cytne tradycje wellness \u0142\u0105cz\u0105 si\u0119 z nowoczesnym komfortem. Ciesz si\u0119 relaksuj\u0105cym dniem w jednym z najlepszych <strong>hamam<\/strong> w regionie, z saun\u0105, \u0142a\u017ani\u0105 parow\u0105 i soln\u0105, peelingiem cia\u0142a, masa\u017cem pian\u0105 i odm\u0142adzaj\u0105cym zabiegiem olejowym. Idealne do oczyszczenia sk\u00f3ry i przygotowania do d\u0142ugotrwa\u0142ej opalenizny podczas wakacji!<\/p>\n<h3><span style=\"color: #000000;\"><strong>\u00a0W zestawie:<\/strong><\/span><\/h3>\n<p><span style=\"color: #00ff00;\"><strong>\u2713<\/strong><\/span> Odbi\u00f3r i dow\u00f3z do hotelu<br \/><span style=\"color: #00ff00;\"><strong>\u2713 <\/strong><\/span>Dost\u0119p do sauny, \u0142a\u017ani parowej i \u0142a\u017ani solnej<br \/><span style=\"color: #00ff00;\"><strong>\u2713 <\/strong><\/span>30-minutowy peeling i masa\u017c pian\u0105<br \/><span style=\"color: #00ff00;\"><strong>\u2713 <\/strong><\/span>20-minutowy relaksuj\u0105cy masa\u017c olejkiem<br \/><span style=\"color: #00ff00;\"><strong>\u2713 <\/strong><\/span>Maseczka na twarz i delikatny masa\u017c twarzy<br \/><span style=\"color: #00ff00;\"><strong>\u2713 <\/strong><\/span>R\u0119czniki, kapcie, myd\u0142o i tradycyjna kamizelka (pestemal)<br \/><span style=\"color: #00ff00;\"><strong>\u2713 <\/strong><\/span>Serwis do herbaty lub herbaty jab\u0142kowej<br \/><span style=\"color: #00ff00;\"><strong>\u2713 <\/strong><\/span>Pe\u0142ne ubezpieczenie<\/p>\n<h3><span style=\"color: #000000;\">\u00a0<strong>Nie zawiera:<\/strong><\/span><\/h3>\n<p><span style=\"color: #ff0000;\"><strong>\u2717<\/strong><\/span> Wydatki osobiste<br \/><span style=\"color: #ff0000;\"><strong>\u2717 <\/strong><\/span>Dodatkowe us\u0142ugi masa\u017cu<br \/><span style=\"color: #ff0000;\"><strong>\u2717 <\/strong><\/span>Szampon do w\u0142os\u00f3w<\/p>\n<h2><strong><span style=\"color: #000000;\">Najwa\u017cniejsze atrakcje wycieczki<\/span><\/strong><\/h2>\n<p>Do\u015bwiadczenie autentycznego tureckiego hamamu w Side<br \/>Relaksuj\u0105cy peeling i masa\u017c pian\u0105 na podgrzewanej marmurowej platformie.<br \/>Detoksykacja w saunie, \u0142a\u017ani parowej i solnej<br \/>Odm\u0142adzaj\u0105cy masa\u017c twarzy z olejkiem<br \/>Poczucie od\u015bwie\u017cenia, lekko\u015bci i gotowo\u015bci na wakacyjne przygody<\/p>\n<h2><span style=\"color: #000000;\"><strong>Pe\u0142ny opis<\/strong><\/span><\/h2>\n<div>Wejd\u017a w wielowiekow\u0105 tradycj\u0119 wellness z <strong>Boczna \u0142a\u017ania turecka i wycieczka do spa<\/strong>, Zaprojektowany, aby zrelaksowa\u0107 cia\u0142o i umys\u0142. Po przyje\u017adzie zostaniesz ciep\u0142o powitany i otrzymasz r\u0119cznik, kapcie i pestemal przed rozpocz\u0119ciem podr\u00f3\u017cy odm\u0142adzaj\u0105cej.<\/div>\n<div>Rozpocznij w <strong>sauna, \u0142a\u017ania parowa i solna<\/strong>, gdzie ciep\u0142o i minera\u0142y pomagaj\u0105 otworzy\u0107 pory i przygotowa\u0107 sk\u00f3r\u0119 do oczyszczenia. Nast\u0119pnie przejd\u017a do wewn\u0119trznej komory \u0142a\u017ani tureckiej, gdzie czeka na Ciebie najwa\u017cniejsza atrakcja - <strong>tradycyjny peeling i masa\u017c pian\u0105<\/strong> wykonywany na rozgrzanym marmurowym kamieniu (gobektasi). Ten g\u0142\u0119boki peeling usuwa martwe kom\u00f3rki nask\u00f3rka i toksyny, pozostawiaj\u0105c sk\u00f3r\u0119 jedwabi\u015bcie g\u0142adk\u0105.<\/div>\n<div>Nast\u0119pnie zrelaksuj si\u0119 z <strong>serwis do herbaty lub herbaty jab\u0142kowej<\/strong>, po kt\u00f3rym nast\u0119puje <strong>20-minutowy masa\u017c olejkami aromatycznymi<\/strong> kt\u00f3ry rozlu\u017ania ka\u017cdy mi\u0119sie\u0144 cia\u0142a. Do\u015bwiadczenie ko\u0144czy si\u0119 <strong>od\u017cywcza maseczka i delikatny masa\u017c twarzy<\/strong>, pozostawiaj\u0105c Ci\u0119 w pe\u0142ni od\u015bwie\u017con\u0105 i promienn\u0105.<\/div>\n<h3><span style=\"color: #000000;\"><strong>Plan podr\u00f3\u017cy<\/strong><\/span><\/h3>\n<p>odbi\u00f3r z hotelu i transfer do centrum spa<br \/>Sesja w saunie, \u0142a\u017ani parowej i solnej<br \/>Peeling ca\u0142ego cia\u0142a i masa\u017c pian\u0105<br \/>Kr\u00f3tka przerwa relaksacyjna z herbat\u0105<br \/>Aromatyczny masa\u017c olejkami (20 minut)<br \/>Maseczka na twarz i masa\u017c twarzy<br \/>Transfer powrotny do hotelu<\/p>\n<h3><span style=\"color: #000000;\"><strong>\u2139\ufe0f Przydatne informacje<\/strong><\/span><\/h3>\n<p>Odpowiedni dla m\u0119\u017cczyzn i kobiet<br \/>\ud83d\udd39 Dzieci mog\u0105 uczestniczy\u0107 pod nadzorem osoby doros\u0142ej.<br \/>Wszystkie obiekty s\u0105 czyste i higieniczne.<br \/>Czas trwania zabiegu: oko\u0142o 2 godzin<\/p>\n<h2><span style=\"color: #000000;\"><strong>Co zabra\u0107 ze sob\u0105<\/strong><\/span><\/h2>\n<p>Str\u00f3j k\u0105pielowy<br \/>Szampon do w\u0142os\u00f3w<\/p>\n<h3><span style=\"color: #000000;\"><strong>Nieodpowiednie dla<\/strong><\/span><\/h3>\n<p>Osoby z astm\u0105 lub ci\u0119\u017ckimi chorobami uk\u0142adu oddechowego<\/p>\n<h2 dir=\"ltr\">\ud83d\udcb8\u00a0<strong>Cena i rezerwacja<\/strong><\/h2>\n<p dir=\"ltr\"><strong>Zarezerwuj teraz, zap\u0142a\u0107 w dniu wycieczki<\/strong><br \/>\nSkontaktuj si\u0119 z nami przez WhatsApp, Telegram, Viber lub wype\u0142nij poni\u017cszy formularz rezerwacji.<\/p>\n<h3>\u2139\ufe0f Przydatne informacje<\/h3>\n<p>Czas trwania: ok. 5-5,5 godz.<br \/>Codzienne poranne odloty\u00a0<br \/>Nie jest wymagane do\u015bwiadczenie<br \/>Wycieczka w ma\u0142ej grupie dla wygody<\/p>\n<h3>Nieodpowiednie dla<\/h3>\n<p>Kobiety w ci\u0105\u017cy<br \/>Go\u015bcie z powa\u017cnymi schorzeniami kr\u0119gos\u0142upa lub serca<\/p>\n<h2>Co zabra\u0107 ze sob\u0105<\/h2>\n<p>Okulary przeciws\u0142oneczne, kapelusz i filtr przeciws\u0142oneczny<br \/>Wygodne ubrania i stroje k\u0105pielowe<br \/>Niewielka got\u00f3wka na dodatki<\/p>\n<div class=\"elementor-element elementor-element-884d539 e-con-full e-flex e-con e-child\" data-id=\"884d539\" data-element_type=\"container\">\n<div id=\"description\" class=\"elementor-element elementor-element-337037cc elementor-widget elementor-widget-thim-ekits-tours-content\" data-id=\"337037cc\" data-element_type=\"widget\" data-widget_type=\"thim-ekits-tours-content.default\">\n<div class=\"elementor-widget-container\">\n<h2 class=\"thim-ekit-single-tour__content\">\ud83d\udcb8\u00a0<strong>Cena i rezerwacja<\/strong><\/h2>\n<div class=\"thim-ekit-single-tour__content\">\n<p><strong>Zarezerwuj teraz, zap\u0142a\u0107 w dniu wycieczki<\/strong><br \/>Skontaktuj si\u0119 z nami przez WhatsApp, Telegram, Viber lub wype\u0142nij poni\u017cszy formularz rezerwacji \ud83d\udc47\ud83c\udffc<\/p>\n<\/div>\n<\/div>\n<\/div>\n<\/div>\n<p>Szukasz alternatyw? Przegl\u0105daj <a href=\"https:\/\/excursionsworld.com\/pl\/belek-wycieczki\/\">wi\u0119cej <a href=\"https:\/\/en.wikipedia.org\/wiki\/Belek\" target=\"_blank\" rel=\"noopener\">Belek<\/a> wycieczki<\/a>.<\/p>","protected":false},"excerpt":{"rendered":"<p data-start=\"3442\" data-end=\"3600\">Do\u015bwiadczenie <b>\u0141a\u017ania turecka Belek<\/b>! Ciesz si\u0119 <b>autentyczny Hamam<\/b> Rytua\u0142 z peelingiem, piank\u0105 i olejkiem <b>masa\u017c<\/b>. Obejmuje saun\u0119, \u0142a\u017ani\u0119 parow\u0105 i <b>transfer<\/b>. Doskona\u0142y <b>relaks<\/b> aby rozpocz\u0105\u0107 wakacje.<\/p>","protected":false},"featured_media":12688,"comment_status":"open","ping_status":"closed","template":"","meta":[],"product_brand":[],"product_cat":[126],"product_tag":[120],"class_list":{"0":"post-15361","1":"product","2":"type-product","3":"status-publish","4":"has-post-thumbnail","6":"tour_phys-belek-tours","7":"product_cat-belek-tours","8":"product_tag-belek","9":"pa_destination-belek-tours","11":"first","12":"instock","13":"sale","14":"shipping-taxable","15":"purchasable","16":"product-type-tour_phys"},"aioseo_notices":[],"_links":{"self":[{"href":"https:\/\/excursionsworld.com\/pl\/wp-json\/wp\/v2\/product\/15361","targetHints":{"allow":["GET"]}}],"collection":[{"href":"https:\/\/excursionsworld.com\/pl\/wp-json\/wp\/v2\/product"}],"about":[{"href":"https:\/\/excursionsworld.com\/pl\/wp-json\/wp\/v2\/types\/product"}],"replies":[{"embeddable":true,"href":"https:\/\/excursionsworld.com\/pl\/wp-json\/wp\/v2\/comments?post=15361"}],"wp:featuredmedia":[{"embeddable":true,"href":"https:\/\/excursionsworld.com\/pl\/wp-json\/wp\/v2\/media\/12688"}],"wp:attachment":[{"href":"https:\/\/excursionsworld.com\/pl\/wp-json\/wp\/v2\/media?parent=15361"}],"wp:term":[{"taxonomy":"product_brand","embeddable":true,"href":"https:\/\/excursionsworld.com\/pl\/wp-json\/wp\/v2\/product_brand?post=15361"},{"taxonomy":"product_cat","embeddable":true,"href":"https:\/\/excursionsworld.com\/pl\/wp-json\/wp\/v2\/product_cat?post=15361"},{"taxonomy":"product_tag","embeddable":true,"href":"https:\/\/excursionsworld.com\/pl\/wp-json\/wp\/v2\/product_tag?post=15361"}],"curies":[{"name":"wp","href":"https:\/\/api.w.org\/{rel}","templated":true}]}}