{"id":15362,"date":"2025-10-26T18:46:00","date_gmt":"2025-10-26T15:46:00","guid":{"rendered":"https:\/\/excursionsworld.com\/?post_type=product&#038;p=15362"},"modified":"2026-04-24T00:20:47","modified_gmt":"2026-04-23T21:20:47","slug":"safari-buggy-belek","status":"publish","type":"product","link":"https:\/\/excursionsworld.com\/tours\/belek-buggy-safari\/","title":{"rendered":"Safari Buggy w Belek \u2013 terenowa przygoda dla ka\u017cdego"},"content":{"rendered":"<h2><span style=\"color: #000000;\"><strong>\ud83c\udfdd\ufe0f Przegl\u0105d<\/strong><\/span><\/h2>\n<p>Do\u015bwiadcz czystej adrenaliny na <a href=\"https:\/\/en.wikipedia.org\/wiki\/Belek\" target=\"_blank\" rel=\"noopener\">Belek<\/a> Wycieczka Buggy Safari! Poprowad\u017a w\u0142asnego automatycznego buggiego po zakurzonych le\u015bnych \u015bcie\u017ckach i trasach terenowych, otoczony naturalnym pi\u0119knem Belek. Idealne dla pocz\u0105tkuj\u0105cych i mi\u0142o\u015bnik\u00f3w przyg\u00f3d \u2013 nie jest wymagane prawo jazdy ani wcze\u015bniejsze do\u015bwiadczenie!<\/p>\n<h3><span style=\"color: #000000;\"><strong>\u00a0W zestawie:<\/strong><\/span><\/h3>\n<p><span style=\"color: #00ff00;\"><strong>\u2713<\/strong> <\/span>Odbi\u00f3r i dow\u00f3z do hotelu\u00a0<br \/><span style=\"color: #00ff00;\"><strong>\u2713<\/strong> <\/span>Profesjonalne us\u0142ugi przewodnika i instruktora<br \/><span style=\"color: #00ff00;\"><strong>\u2713<\/strong> <\/span>Pe\u0142na ochrona ubezpieczeniowa<br \/><span style=\"color: #00ff00;\"><strong>\u2713<\/strong> <\/span>Sprz\u0119t bezpiecze\u0144stwa (kask)<\/p>\n<h3><span style=\"color: #000000;\"><strong>\u00a0Nie zawiera:<\/strong><\/span><\/h3>\n<p><strong><span style=\"color: #ff0000;\">\u2717<\/span><\/strong> Wydatki osobiste (napoje, przek\u0105ski, zdj\u0119cia, bandany)<br \/><strong><span style=\"color: #ff0000;\">\u2717 <\/span><\/strong>Opcjonalna przerwa na p\u0142ywanie<\/p>\n<h2><span style=\"color: #000000;\"><strong>Najwa\u017cniejsze atrakcje wycieczki<\/strong><\/span><\/h2>\n<p>Jazda w\u0142asnym pojazdem buggy po trudnych szlakach terenowych<br \/>Zapieraj\u0105ce dech w piersiach le\u015bne trasy w pobli\u017cu wodospadu Kur\u015funlu lub Lara<br \/>\ud83d\udd39 Pojazdy przyjazne dla pocz\u0105tkuj\u0105cych - automatyczne i \u0142atwe w sterowaniu<br \/>Zabawna i bezpieczna przygoda odpowiednia dla par, rodzin i grup.<br \/>Dwie codzienne sesje: poranna i popo\u0142udniowa<\/p>\n<h2><span style=\"color: #000000;\"><strong>Pe\u0142ny opis<\/strong><\/span><\/h2>\n<p>Dzie\u0144 zaczyna si\u0119 od wygodnego odbioru z hotelu w Belek i okolicach. Po kr\u00f3tkim transferze do stacji buggy, profesjonalni instruktorzy zapewni\u0105 instrukcje bezpiecze\u0144stwa i szybk\u0105 jazd\u0119 pr\u00f3bn\u0105. Gdy b\u0119dziesz gotowy, rozpocznie si\u0119 ekscytuj\u0105ca przygoda! Przejedziesz przez zakurzone le\u015bne \u015bcie\u017cki, ma\u0142e rzeki i malownicze g\u00f3rskie trasy - idealne po\u0142\u0105czenie emocji i naturalnego pi\u0119kna. Podczas wycieczki zatrzymasz si\u0119 na kr\u00f3tkie przerwy na zdj\u0119cia i opcjonaln\u0105 k\u0105piel (w zale\u017cno\u015bci od pogody i warunk\u00f3w na trasie). Po przeja\u017cd\u017cce zrelaksuj si\u0119 przez kilka minut, a nast\u0119pnie wr\u00f3\u0107 do hotelu z niezapomnianymi wspomnieniami.<\/p>\n<h3><span style=\"color: #000000;\"><strong>\ud83d\uddfa\ufe0f Plan podr\u00f3\u017cy<\/strong><\/span><\/h3>\n<p>Odbi\u00f3r z hoteli w regionie Belek<br \/>\ud83d\udd39 Przyjazd do bazy buggy i odprawa bezpiecze\u0144stwa<br \/>Jazda pr\u00f3bna i sprawdzenie sprz\u0119tu<br \/>Przygoda off-road safari przez lasy i rzeki<br \/>Przystanki na zdj\u0119cia i odpoczynek<br \/>Opcjonalna przerwa na p\u0142ywanie<br \/>Transfer powrotny do hoteli<\/p>\n<h3><span style=\"color: #000000;\"><strong>\u2139\ufe0f Przydatne informacje<\/strong><\/span><\/h3>\n<p>Czas trwania: \u0142\u0105cznie oko\u0142o 3-4 godzin\u00a0<br \/>Dwie sesje dziennie: 09:00 i 13:30<br \/>Prawo jazdy nie jest wymagane<br \/>Dzieci mog\u0105 je\u017adzi\u0107 jako pasa\u017cerowie<br \/>Zalecany str\u00f3j: wygodne, stare ubrania i zamkni\u0119te buty.<br \/>Zabierz ze sob\u0105: okulary przeciws\u0142oneczne, krem z filtrem i chustk\u0119.<\/p>\n<h2><span style=\"color: #000000;\"><strong>Co zabra\u0107 ze sob\u0105<\/strong><\/span><\/h2>\n<p>Okulary przeciws\u0142oneczne i filtr przeciws\u0142oneczny<br \/>Bandana lub maska na twarz<br \/>Wygodne ubrania i buty<br \/>Niewielka ilo\u015b\u0107 got\u00f3wki na napoje lub zdj\u0119cia<\/p>\n<h3><span style=\"color: #000000;\"><strong>Nieodpowiednie dla<\/strong><\/span><\/h3>\n<p>Kobiety w ci\u0105\u017cy<br \/>Go\u015bcie z powa\u017cnymi problemami z kr\u0119gos\u0142upem lub sercem<\/p>\n<h2 dir=\"ltr\">\ud83d\udcb8\u00a0<strong>Cena i rezerwacja<\/strong><\/h2>\n<p dir=\"ltr\"><strong>Zarezerwuj teraz, zap\u0142a\u0107 w dniu wycieczki<\/strong><br \/>\nSkontaktuj si\u0119 z nami przez WhatsApp, Telegram, Viber lub wype\u0142nij poni\u017cszy formularz rezerwacji.<\/p>\n<h3>\u2139\ufe0f Przydatne informacje<\/h3>\n<p>Czas trwania: ok. 5-5,5 godz.<br \/>Codzienne poranne odloty\u00a0<br \/>Nie jest wymagane do\u015bwiadczenie<br \/>Wycieczka w ma\u0142ej grupie dla wygody<\/p>\n<h3>Nieodpowiednie dla<\/h3>\n<p>Kobiety w ci\u0105\u017cy<br \/>Go\u015bcie z powa\u017cnymi schorzeniami kr\u0119gos\u0142upa lub serca<\/p>\n<h2>Co zabra\u0107 ze sob\u0105<\/h2>\n<p>Okulary przeciws\u0142oneczne, kapelusz i filtr przeciws\u0142oneczny<br \/>Wygodne ubrania i stroje k\u0105pielowe<br \/>Niewielka got\u00f3wka na dodatki<\/p>\n<div class=\"elementor-element elementor-element-884d539 e-con-full e-flex e-con e-child\" data-id=\"884d539\" data-element_type=\"container\">\n<div id=\"description\" class=\"elementor-element elementor-element-337037cc elementor-widget elementor-widget-thim-ekits-tours-content\" data-id=\"337037cc\" data-element_type=\"widget\" data-widget_type=\"thim-ekits-tours-content.default\">\n<div class=\"elementor-widget-container\">\n<h2 class=\"thim-ekit-single-tour__content\">\ud83d\udcb8\u00a0<strong>Cena i rezerwacja<\/strong><\/h2>\n<div class=\"thim-ekit-single-tour__content\">\n<p><strong>Zarezerwuj teraz, zap\u0142a\u0107 w dniu wycieczki<\/strong><br \/>Skontaktuj si\u0119 z nami przez WhatsApp, Telegram, Viber lub wype\u0142nij poni\u017cszy formularz rezerwacji \ud83d\udc47\ud83c\udffc<\/p>\n<\/div>\n<\/div>\n<\/div>\n<\/div>\n<p>Szukasz alternatyw? Przegl\u0105daj <a href=\"https:\/\/excursionsworld.com\/pl\/belek-wycieczki\/\">wi\u0119cej wycieczek po Belek<\/a>.<\/p>","protected":false},"excerpt":{"rendered":"<p data-start=\"2866\" data-end=\"3089\">Zarezerwuj <b>Belek Buggy Safari<\/b> <b>trasa<\/b>! Ciesz si\u0119 <b>ATV<\/b> <b>przygoda<\/b> na b\u0142otnistym <b>off-road<\/b> le\u015bne szlaki. Idealny dla <b>pocz\u0105tkuj\u0105cy<\/b>! <b>Lunch\/przejazd<\/b> w zestawie.<\/p>","protected":false},"featured_media":15145,"comment_status":"open","ping_status":"closed","template":"","meta":[],"product_brand":[],"product_cat":[126],"product_tag":[120],"class_list":{"0":"post-15362","1":"product","2":"type-product","3":"status-publish","4":"has-post-thumbnail","6":"tour_phys-belek-tours","7":"product_cat-belek-tours","8":"product_tag-belek","9":"pa_destination-belek-tours","11":"first","12":"instock","13":"sale","14":"shipping-taxable","15":"purchasable","16":"product-type-tour_phys"},"aioseo_notices":[],"_links":{"self":[{"href":"https:\/\/excursionsworld.com\/pl\/wp-json\/wp\/v2\/product\/15362","targetHints":{"allow":["GET"]}}],"collection":[{"href":"https:\/\/excursionsworld.com\/pl\/wp-json\/wp\/v2\/product"}],"about":[{"href":"https:\/\/excursionsworld.com\/pl\/wp-json\/wp\/v2\/types\/product"}],"replies":[{"embeddable":true,"href":"https:\/\/excursionsworld.com\/pl\/wp-json\/wp\/v2\/comments?post=15362"}],"wp:featuredmedia":[{"embeddable":true,"href":"https:\/\/excursionsworld.com\/pl\/wp-json\/wp\/v2\/media\/15145"}],"wp:attachment":[{"href":"https:\/\/excursionsworld.com\/pl\/wp-json\/wp\/v2\/media?parent=15362"}],"wp:term":[{"taxonomy":"product_brand","embeddable":true,"href":"https:\/\/excursionsworld.com\/pl\/wp-json\/wp\/v2\/product_brand?post=15362"},{"taxonomy":"product_cat","embeddable":true,"href":"https:\/\/excursionsworld.com\/pl\/wp-json\/wp\/v2\/product_cat?post=15362"},{"taxonomy":"product_tag","embeddable":true,"href":"https:\/\/excursionsworld.com\/pl\/wp-json\/wp\/v2\/product_tag?post=15362"}],"curies":[{"name":"wp","href":"https:\/\/api.w.org\/{rel}","templated":true}]}}