{"id":15365,"date":"2025-10-26T18:56:49","date_gmt":"2025-10-26T15:56:49","guid":{"rendered":"https:\/\/excursionsworld.com\/?post_type=product&#038;p=15365"},"modified":"2026-04-24T00:20:48","modified_gmt":"2026-04-23T21:20:48","slug":"wycieczka-wedkarska-belek","status":"publish","type":"product","link":"https:\/\/excursionsworld.com\/tours\/belek-sea-fishing\/","title":{"rendered":"Wycieczka W\u0119dkarska na Morzu w Belek \u2013 All Inclusive"},"content":{"rendered":"<h2><span style=\"color: #000000;\"><strong>Przegl\u0105d<\/strong><\/span><\/h2>\n<p>Ucieknij od ruchliwej atmosfery kurortu i ciesz si\u0119 spokojnym w\u0119dkowaniem na Morzu \u015ar\u00f3dziemnym! The <strong><a href=\"https:\/\/en.wikipedia.org\/wiki\/Belek\" target=\"_blank\" rel=\"noopener\">Belek<\/a> W\u0119dkarska wycieczka<\/strong> \u0142\u0105czy w sobie sport, relaks i natur\u0119 - idealny zar\u00f3wno dla pocz\u0105tkuj\u0105cych, jak i do\u015bwiadczonych w\u0119dkarzy. Sp\u0119d\u017a orze\u017awiaj\u0105cy poranek na morzu z profesjonalnym kapitanem, kt\u00f3ry zabierze Ci\u0119 do najlepszych miejsc do w\u0119dkowania w pobli\u017cu Belek.<\/p>\n<h3><span style=\"color: #000000;\"><strong>W zestawie:<\/strong><\/span><\/h3>\n<p><span style=\"color: #00ff00;\"><strong>\u2713<\/strong><\/span> Odbi\u00f3r i dow\u00f3z do hotelu\u00a0<br \/><span style=\"color: #00ff00;\"><strong>\u2713 <\/strong><\/span>Ca\u0142y sprz\u0119t w\u0119dkarski i przyn\u0119ta<br \/><span style=\"color: #00ff00;\"><strong>\u2713 <\/strong><\/span>Profesjonalny kapitan i przewodnik w\u0119dkarski<br \/><span style=\"color: #00ff00;\"><strong>\u2713 <\/strong><\/span>\u015aniadanie i lunch na pok\u0142adzie<br \/><span style=\"color: #00ff00;\"><strong>\u2713 <\/strong><\/span>Napoje bezalkoholowe<br \/><span style=\"color: #00ff00;\"><strong>\u2713 <\/strong><\/span>Pe\u0142na ochrona ubezpieczeniowa<br \/><span style=\"color: #00ff00;\"><strong>\u2713 <\/strong><\/span>Sonar (echosonda) i wyposa\u017cenie bezpiecze\u0144stwa<\/p>\n<h3><strong>Nie zawiera:<\/strong><\/h3>\n<p><span style=\"color: #ff0000;\"><strong>\u2717<\/strong> <\/span>Napoje alkoholowe<br \/><span style=\"color: #ff0000;\"><strong>\u2717<\/strong> <\/span>Wydatki osobiste<\/p>\n<h2>\ud83c\udf0a <strong>Najwa\u017cniejsze informacje o wycieczce<\/strong><\/h2>\n<p>\ud83d\udd39 Wskaz\u00f3wki ekspert\u00f3w - prowadzone przez profesjonalnego kapitana w\u0119dkarskiego, kt\u00f3ry zapewnia zar\u00f3wno bezpiecze\u0144stwo, jak i sukces.<br \/>W\u0119dkarstwo g\u0142\u0119binowe - w\u0119dkowanie na g\u0142\u0119boko\u015bci 30-60 metr\u00f3w z pe\u0142nym wyposa\u017ceniem.<br \/>Bogate \u017cycie morskie - \u0142owienie r\u00f3\u017cnych gatunk\u00f3w, takich jak oko\u0144 morski, tu\u0144czyk, bonito, ryby koralowe, ka\u0142amarnice i o\u015bmiornice.<br \/>Relaks i widoki - Zr\u00f3b sobie przerw\u0119 na opalanie lub p\u0142ywanie w krystalicznie czystych wodach Morza \u015ar\u00f3dziemnego.<br \/>\ud83d\udd39 Autentyczne do\u015bwiadczenie - ciesz si\u0119 osobist\u0105 wycieczk\u0105 w ma\u0142ej grupie na pok\u0142adzie tradycyjnej \u0142odzi rybackiej.<\/p>\n<h3><span style=\"color: #000000;\"><strong>Plan podr\u00f3\u017cy<\/strong><\/span><\/h3>\n<p>06:45 - Odbi\u00f3r z hotelu w miejscowo\u015bci Belek<br \/>Poznaj swojego kapitana i za\u0142og\u0119, odbierz sprz\u0119t w\u0119dkarski i przygotuj si\u0119 do odlotu.<br \/>Udaj si\u0119 na najlepsze \u0142owiska i ciesz si\u0119 w\u0119dkowaniem dzi\u0119ki wskaz\u00f3wkom<br \/>\u015aniadanie i lunch serwowane na pok\u0142adzie<br \/>Opcjonalne przerwy na p\u0142ywanie i relaks<br \/>Powr\u00f3t do portu i transfer do hotelu przed po\u0142udniem.<\/p>\n<h3>\u2139\ufe0f Przydatne informacje<\/h3>\n<p>Czas trwania: ok. 5-5,5 godz.<br \/>Codzienne poranne odloty\u00a0<br \/>Nie jest wymagane do\u015bwiadczenie<br \/>Wycieczka w ma\u0142ej grupie dla wygody<\/p>\n<h3>Nieodpowiednie dla<\/h3>\n<p>Kobiety w ci\u0105\u017cy<br \/>Go\u015bcie z powa\u017cnymi schorzeniami kr\u0119gos\u0142upa lub serca<\/p>\n<h2>Co zabra\u0107 ze sob\u0105<\/h2>\n<p>Okulary przeciws\u0142oneczne, kapelusz i filtr przeciws\u0142oneczny<br \/>Wygodne ubrania i stroje k\u0105pielowe<br \/>Niewielka got\u00f3wka na dodatki<\/p>\n<div class=\"elementor-element elementor-element-884d539 e-con-full e-flex e-con e-child\" data-id=\"884d539\" data-element_type=\"container\">\n<div id=\"description\" class=\"elementor-element elementor-element-337037cc elementor-widget elementor-widget-thim-ekits-tours-content\" data-id=\"337037cc\" data-element_type=\"widget\" data-widget_type=\"thim-ekits-tours-content.default\">\n<div class=\"elementor-widget-container\">\n<h2 class=\"thim-ekit-single-tour__content\">\ud83d\udcb8\u00a0<strong>Cena i rezerwacja<\/strong><\/h2>\n<div class=\"thim-ekit-single-tour__content\">\n<p><strong>Zarezerwuj teraz, zap\u0142a\u0107 w dniu wycieczki<\/strong><br \/>Skontaktuj si\u0119 z nami przez WhatsApp, Telegram, Viber lub wype\u0142nij poni\u017cszy formularz rezerwacji \ud83d\udc47\ud83c\udffc<\/p>\n<\/div>\n<\/div>\n<\/div>\n<\/div>\n<p>Szukasz alternatyw? Przegl\u0105daj <a href=\"https:\/\/excursionsworld.com\/pl\/belek-wycieczki\/\">wi\u0119cej wycieczek po Belek<\/a>.<\/p>","protected":false},"excerpt":{"rendered":"<p data-start=\"171\" data-end=\"381\">Zarezerwuj <b>Wycieczka w\u0119dkarska do Belek<\/b>! Ciesz si\u0119 <b>deep-sea excursion<\/b> in the Mediterranean. <b>\u015aniadanie<\/b>, <b>lunch<\/b>, gear, and <b>transfer wliczony w cen\u0119<\/b>. Fish with an expert captain!<\/p>","protected":false},"featured_media":14069,"comment_status":"open","ping_status":"closed","template":"","meta":[],"product_brand":[],"product_cat":[126],"product_tag":[120],"class_list":{"0":"post-15365","1":"product","2":"type-product","3":"status-publish","4":"has-post-thumbnail","6":"tour_phys-belek-tours","7":"product_cat-belek-tours","8":"product_tag-belek","9":"pa_destination-belek-tours","11":"first","12":"instock","13":"sale","14":"shipping-taxable","15":"purchasable","16":"product-type-tour_phys"},"aioseo_notices":[],"_links":{"self":[{"href":"https:\/\/excursionsworld.com\/pl\/wp-json\/wp\/v2\/product\/15365","targetHints":{"allow":["GET"]}}],"collection":[{"href":"https:\/\/excursionsworld.com\/pl\/wp-json\/wp\/v2\/product"}],"about":[{"href":"https:\/\/excursionsworld.com\/pl\/wp-json\/wp\/v2\/types\/product"}],"replies":[{"embeddable":true,"href":"https:\/\/excursionsworld.com\/pl\/wp-json\/wp\/v2\/comments?post=15365"}],"wp:featuredmedia":[{"embeddable":true,"href":"https:\/\/excursionsworld.com\/pl\/wp-json\/wp\/v2\/media\/14069"}],"wp:attachment":[{"href":"https:\/\/excursionsworld.com\/pl\/wp-json\/wp\/v2\/media?parent=15365"}],"wp:term":[{"taxonomy":"product_brand","embeddable":true,"href":"https:\/\/excursionsworld.com\/pl\/wp-json\/wp\/v2\/product_brand?post=15365"},{"taxonomy":"product_cat","embeddable":true,"href":"https:\/\/excursionsworld.com\/pl\/wp-json\/wp\/v2\/product_cat?post=15365"},{"taxonomy":"product_tag","embeddable":true,"href":"https:\/\/excursionsworld.com\/pl\/wp-json\/wp\/v2\/product_tag?post=15365"}],"curies":[{"name":"wp","href":"https:\/\/api.w.org\/{rel}","templated":true}]}}