{"id":15368,"date":"2025-10-26T19:06:14","date_gmt":"2025-10-26T16:06:14","guid":{"rendered":"https:\/\/excursionsworld.com\/?post_type=product&#038;p=15368"},"modified":"2026-04-24T00:20:48","modified_gmt":"2026-04-23T21:20:48","slug":"relax-boat-rejs-belek","status":"publish","type":"product","link":"https:\/\/excursionsworld.com\/tours\/relax-boat-belek\/","title":{"rendered":"Relaksuj\u0105ca wycieczka \u0142odzi\u0105 z Belek - ma\u0142a wycieczka grupowa Kemer Sea Trip"},"content":{"rendered":"<h2><span style=\"color: #000000;\"><strong>\ud83c\udfdd\ufe0f Przegl\u0105d<\/strong><\/span><\/h2>\n<p>Wyp\u0142y\u0144 z <strong>Belek<\/strong> na spokojny i relaksuj\u0105cy dzie\u0144 nad morzem z <strong><a href=\"https:\/\/en.wikipedia.org\/wiki\/Kemer,_Antalya\" target=\"_blank\" rel=\"noopener\">Kemer<\/a> Relaksuj\u0105cy rejs statkiem z Belek<\/strong>. Ciesz si\u0119 transferem do hotelu, spokojnym rejsem wzd\u0142u\u017c turkusowego wybrze\u017ca i orze\u017awiaj\u0105cymi przerwami na k\u0105piel w pi\u0119knych zatokach, takich jak <strong>Phaselis<\/strong>, <strong>Raj<\/strong>, oraz <strong>\u015awiat\u0142o ksi\u0119\u017cyca<\/strong>. Idealny dla rodzin i par szukaj\u0105cych ciszy i spokoju bez muzyki.<\/p>\n<h3><span style=\"color: #000000;\"><strong>W zestawie:<\/strong><\/span><\/h3>\n<p><span style=\"color: #00ff00;\"><strong>\u2713<\/strong> <\/span>Odbi\u00f3r i dow\u00f3z do hotelu\u00a0<br \/><span style=\"color: #00ff00;\"><strong>\u2713<\/strong> <\/span>Profesjonalny przewodnik<br \/><span style=\"color: #00ff00;\"><strong>\u2713<\/strong> <\/span>Ubezpieczenie<br \/><span style=\"color: #00ff00;\"><strong>\u2713<\/strong> <\/span>Obiad (grillowany kurczak, ry\u017c, sa\u0142atka)<\/p>\n<h3><span style=\"color: #000000;\"><strong>Nie zawiera:<\/strong><\/span><\/h3>\n<p><span style=\"color: #ff0000;\"><strong>\u2717<\/strong><\/span> Napoje<br \/><span style=\"color: #ff0000;\"><strong>\u2717<\/strong><\/span> Wydatki osobiste<br \/><span style=\"color: #ff0000;\"><strong>\u2717<\/strong><\/span> Zdj\u0119cia i filmy<\/p>\n<h2><span style=\"color: #000000;\"><strong>Najwa\u017cniejsze atrakcje wycieczki<\/strong><\/span><\/h2>\n<p>Spokojna, wolna od muzyki \u0142\u00f3d\u017a z ograniczon\u0105 liczb\u0105 go\u015bci<br \/>P\u0142ywanie w zatokach Phaselis, Paradise i Moonlight<br \/>Przep\u0142yni\u0119cie obok Jaskini Pirat\u00f3w i malowniczego wybrze\u017ca<br \/>Smaczny lunch na pok\u0142adzie<br \/>Idealny dla par i rodzin, kt\u00f3re uwielbiaj\u0105 spokojne morskie dni.<\/p>\n<h2><span style=\"color: #000000;\"><strong>Pe\u0142ny opis<\/strong><\/span><\/h2>\n<p>Po odebraniu z hotelu w Belek udasz si\u0119 do <strong>Port Kemer<\/strong> na pok\u0142ad wygodnej drewnianej \u0142odzi.<br \/>Rejs odbywa si\u0119 wzd\u0142u\u017c wspania\u0142ego wybrze\u017ca Morza \u015ar\u00f3dziemnego z kilkoma d\u0142ugimi przystankami na p\u0142ywanie - w tym <strong>Zatoka Phaselis<\/strong> (staro\u017cytne ruiny), <strong>Paradise Bay<\/strong> (czysta woda i zielone wzg\u00f3rza), oraz <strong>Moonlight Bay<\/strong> (idealny do zdj\u0119\u0107). Na pok\u0142adzie serwowany jest pyszny lunch. Bez g\u0142o\u015bnej muzyki i t\u0142um\u00f3w, ta relaksuj\u0105ca wycieczka \u0142odzi\u0105 oferuje idealn\u0105 ucieczk\u0119 od zgie\u0142ku kurortu Belek.<\/p>\n<h3><span style=\"color: #000000;\"><strong>\ud83d\uddfa\ufe0f Plan podr\u00f3\u017cy<\/strong><\/span><\/h3>\n<p>Odbi\u00f3r z hotelu w miejscowo\u015bciach Belek, Kadriye, Bo\u011fazkent<br \/>Transfer do portu w Kemer<br \/>Wyp\u0142yni\u0119cie z przystani Kemer<br \/>Przystanek p\u0142ywacki w zatoce Phaselis<br \/>Przystanek p\u0142ywacki w Paradise Bay<br \/>Przystanek p\u0142ywacki w zatoce Moonlight Bay<br \/>Przep\u0142yni\u0119cie obok Jaskini Pirat\u00f3w w celu zrobienia zdj\u0119\u0107<br \/>Powr\u00f3t do portu w Kemer i transfer z powrotem do hoteli<\/p>\n<h3><span style=\"color: #000000;\"><strong>\u2139\ufe0f Przydatne informacje<\/strong><\/span><\/h3>\n<p>Czas trwania: ok. 8-9 godzin (w tym transfer)<br \/>Spokojna, rodzinna i wolna od muzyki atmosfera<br \/>Dost\u0119pna opcja lunchu wegetaria\u0144skiego<br \/>Angloj\u0119zyczna za\u0142oga<br \/>Dzieci poni\u017cej 5. roku \u017cycia podr\u00f3\u017cuj\u0105 bezp\u0142atnie, ale dziel\u0105 miejsce w autobusie.<\/p>\n<h2><span style=\"color: #000000;\"><strong>Co zabra\u0107 ze sob\u0105<\/strong><\/span><\/h2>\n<p>Str\u00f3j k\u0105pielowy i r\u0119cznik<br \/>Ochrona przeciws\u0142oneczna i okulary przeciws\u0142oneczne<br \/>Kapelusz lub czapka<br \/>Drobna got\u00f3wka na napoje lub pami\u0105tki<\/p>\n<h3><span style=\"color: #000000;\"><strong>Nieodpowiednie dla<\/strong><\/span><\/h3>\n<p>Go\u015bcie szukaj\u0105cy imprezy lub rejsu z g\u0142o\u015bn\u0105 muzyk\u0105<br \/>Osoby cierpi\u0105ce na ci\u0119\u017ck\u0105 chorob\u0119 morsk\u0105<\/p>\n<h2 dir=\"ltr\">\ud83d\udcb8\u00a0<strong>Cena i rezerwacja<\/strong><\/h2>\n<p dir=\"ltr\"><strong>Zarezerwuj teraz, zap\u0142a\u0107 w dniu wycieczki<\/strong><br \/>\nSkontaktuj si\u0119 z nami przez WhatsApp, Telegram, Viber lub wype\u0142nij poni\u017cszy formularz rezerwacji. \ud83d\udc47\ud83c\udffc<\/p>\n<p>Szukasz alternatyw? Przegl\u0105daj <a href=\"https:\/\/excursionsworld.com\/pl\/belek-wycieczki\/\">wi\u0119cej wycieczek po Belek w Kemerze<\/a>.<\/p>","protected":false},"excerpt":{"rendered":"<p>Zarezerwuj <b>Belek VIP Yacht Tour<\/b>! Ciesz si\u0119 spokojem, <b>podr\u00f3\u017c w ma\u0142ej grupie<\/b> z p\u0142ywaniem, le\u017cakami i grillem <b>Oko\u0144 morski na lunch<\/b>. Ostateczny <b>relaksuj\u0105ca wycieczka<\/b>. <b>Transfer wliczony w cen\u0119<\/b>.<\/p>","protected":false},"featured_media":15218,"comment_status":"open","ping_status":"closed","template":"","meta":[],"product_brand":[],"product_cat":[126],"product_tag":[120],"class_list":{"0":"post-15368","1":"product","2":"type-product","3":"status-publish","4":"has-post-thumbnail","6":"tour_phys-belek-tours","7":"tour_phys-boat-tours","8":"product_cat-belek-tours","9":"product_tag-belek","10":"pa_destination-belek-tours","11":"pa_kategori-boat-tours","13":"first","14":"instock","15":"sale","16":"shipping-taxable","17":"purchasable","18":"product-type-tour_phys"},"aioseo_notices":[],"_links":{"self":[{"href":"https:\/\/excursionsworld.com\/pl\/wp-json\/wp\/v2\/product\/15368","targetHints":{"allow":["GET"]}}],"collection":[{"href":"https:\/\/excursionsworld.com\/pl\/wp-json\/wp\/v2\/product"}],"about":[{"href":"https:\/\/excursionsworld.com\/pl\/wp-json\/wp\/v2\/types\/product"}],"replies":[{"embeddable":true,"href":"https:\/\/excursionsworld.com\/pl\/wp-json\/wp\/v2\/comments?post=15368"}],"wp:featuredmedia":[{"embeddable":true,"href":"https:\/\/excursionsworld.com\/pl\/wp-json\/wp\/v2\/media\/15218"}],"wp:attachment":[{"href":"https:\/\/excursionsworld.com\/pl\/wp-json\/wp\/v2\/media?parent=15368"}],"wp:term":[{"taxonomy":"product_brand","embeddable":true,"href":"https:\/\/excursionsworld.com\/pl\/wp-json\/wp\/v2\/product_brand?post=15368"},{"taxonomy":"product_cat","embeddable":true,"href":"https:\/\/excursionsworld.com\/pl\/wp-json\/wp\/v2\/product_cat?post=15368"},{"taxonomy":"product_tag","embeddable":true,"href":"https:\/\/excursionsworld.com\/pl\/wp-json\/wp\/v2\/product_tag?post=15368"}],"curies":[{"name":"wp","href":"https:\/\/api.w.org\/{rel}","templated":true}]}}