{"id":15369,"date":"2025-10-26T19:22:16","date_gmt":"2025-10-26T16:22:16","guid":{"rendered":"https:\/\/excursionsworld.com\/?post_type=product&#038;p=15369"},"modified":"2026-05-01T13:22:44","modified_gmt":"2026-05-01T10:22:44","slug":"kapadocja-2-dni-belek","status":"publish","type":"product","link":"https:\/\/excursionsworld.com\/tours\/cappadocia-2-day-belek\/","title":{"rendered":"2-dniowa Wycieczka do Kapadocji z Beleku \u2013 Lot Balonem &amp; Zwiedzanie"},"content":{"rendered":"<h2><span style=\"color: #000000;\"><strong>Przegl\u0105d<\/strong><\/span><\/h2>\n<p>Do\u0142\u0105cz do 2-dniowej wycieczki z przewodnikiem z Belek i pobliskich okolic (Bogazkent, Kadriye, Serik), aby odkry\u0107 magiczne pi\u0119kno <a href=\"https:\/\/en.wikipedia.org\/wiki\/Cappadocia\" target=\"_blank\" rel=\"noopener\">Kapadocja<\/a>. Odkryj ba\u015bniowe kominy, podziemne miasta i ko\u015bcio\u0142y wykute w ska\u0142ach z profesjonalnym przewodnikiem \u2014 idealne po\u0142\u0105czenie historii, przyrody i kultury.<\/p>\n<h3><span style=\"color: #000000;\"><strong>W zestawie:<\/strong><\/span><\/h3>\n<div><span style=\"color: #00ff00;\"><strong>\u2713<\/strong> <\/span>Odbi\u00f3r i dow\u00f3z do hotelu<\/div>\n<div><span style=\"color: #00ff00;\"><strong>\u2713<\/strong> <\/span>1 noc w hotelu (pok\u00f3j standardowy)<br \/>\n<span style=\"color: #00ff00;\"><strong>\u2713<\/strong> <\/span>Kolacja pierwszego wieczoru<\/div>\n<div><span style=\"color: #00ff00;\"><strong>\u2713 <\/strong><\/span>\u015aniadanie (dzie\u0144 2 - w hotelu)<br \/>\n<span style=\"color: #00ff00;\"><strong>\u2713<\/strong> <\/span>Op\u0142aty za wst\u0119p do g\u0142\u00f3wnych obiekt\u00f3w<br \/>\n<span style=\"color: #00ff00;\"><strong>\u2713<\/strong> <\/span>Profesjonalny przewodnik<br \/>\n<span style=\"color: #00ff00;\"><strong>\u2713<\/strong> <\/span>Ubezpieczenie wycieczki<br \/>\n<span style=\"color: #00ff00;\"><strong>\u2713<\/strong> <\/span>Klimatyzowany autobus<\/div>\n<h3><strong>Wy\u0142\u0105czone:<\/strong><\/h3>\n<div><strong><span style=\"color: #ff0000;\">\u2717<\/span><\/strong> Napoje podczas posi\u0142k\u00f3w<br \/>\n<strong><span style=\"color: #ff0000;\">\u2717 <\/span><\/strong>Dodatek za pok\u00f3j jednoosobowy<br \/>\n<strong><span style=\"color: #ff0000;\">\u2717 <\/span><\/strong>Lunche w oba dni<br \/>\n<strong><span style=\"color: #ff0000;\">\u2717<\/span><\/strong> <strong>Zaj\u0119cia fakultatywne:<\/strong><\/div>\n<div><strong>\u2022<\/strong> Noc turecka 30 \u20ac<br \/>\n<strong>\u2022<\/strong> Wycieczka Panorama \u2013 Autobusem \u2013 30\u20ac<br \/>\n<strong>\u2022<\/strong> Wycieczka Panorama \u2013 Jeepem \u2013 50\u20ac<\/div>\n<h2><span style=\"color: #000000;\"><strong>Najwa\u017cniejsze atrakcje wycieczki<\/strong><\/span><\/h2>\n<p>Dolina Mi\u0142o\u015bci i jej bajkowe kominy<br \/>\nStaro\u017cytne podziemne miasto - architektoniczny cud<br \/>\nDolina Pa\u015faba\u011f ze ska\u0142ami w kszta\u0142cie grzyb\u00f3w<br \/>\nZamek Uchisar z panoramicznym widokiem na okolic\u0119<br \/>\nSkansen Zelve - wioska jaskiniowa<br \/>\nDolina Devrent ze ska\u0142ami w kszta\u0142cie zwierz\u0105t<br \/>\nPokaz garncarstwa w Avanos<br \/>\nOpcjonalny lot balonem o wschodzie s\u0142o\u0144ca<\/p>\n<h2><span style=\"color: #000000;\"><strong>Pe\u0142ny opis<\/strong><\/span><\/h2>\n<p>Twoja przygoda w Kapadocji rozpoczyna si\u0119 wczesnym porannym odbiorem z Belek i pobliskich okolic. Podr\u00f3\u017cuj przez g\u00f3ry Taurus i odkryj jeden z najbardziej fascynuj\u0105cych region\u00f3w Turcji. Odwied\u017a podziemne miasto, podziwiaj bajkowe kominy Doliny Mi\u0142o\u015bci i podziwiaj panoramiczne widoki z zamku Uchisar. Zwiedzaj doliny Pa\u015faba\u011f i Zelve oraz podziwiaj garncarstwo w Avanos. Po zameldowaniu w hotelu zjedz kolacj\u0119 i skorzystaj z opcjonalnej tureckiej nocnej rozrywki. Drugiego dnia odwied\u017a ko\u015bcio\u0142y jaskiniowe, Dolin\u0119 Mi\u0142o\u015bci i historyczny karawanseraj przed powrotem do Belek.<\/p>\n<h3><span style=\"color: #000000;\"><strong>\ud83d\uddfa\ufe0f Plan podr\u00f3\u017cy<\/strong><\/span><\/h3>\n<p><strong>Dzie\u0144 1<\/strong><br \/>\nOdbi\u00f3r z hoteli w Belek wcze\u015bnie rano<br \/>\nPrzystanek \u015bniadaniowy na trasie<br \/>\nZwiedzanie podziemnego miasta<br \/>\nLunch w Uchisar<br \/>\nZwiedzanie zamku Uchisar i doliny G\u00f6reme<br \/>\nZwiedzanie Pa\u015faba\u011f i centrum ceramiki Avanos<br \/>\nZameldowanie w hotelu, kolacja, czas wolny<\/p>\n<p><strong>Dzie\u0144 2<\/strong><br \/>\n\u015aniadanie w hotelu<br \/>\nOdwied\u017a Dolin\u0119 Mi\u0142o\u015bci i ko\u015bcio\u0142y jaskiniowe<br \/>\n\ud83d\udd39 Centrum tkania dywan\u00f3w i karawanseraj<br \/>\nLunch w Konyi<br \/>\nPowr\u00f3t do hoteli w Belek<\/p>\n<h3><span style=\"color: #000000;\"><strong>\u2139\ufe0f Przydatne informacje<\/strong><\/span><\/h3>\n<p>Czas trwania: oko\u0142o 2 dni<br \/>\nUmiarkowana aktywno\u015b\u0107 fizyczna<br \/>\nLot balonem na ogrzane powietrze opcjonalny i zale\u017cny od pogody<br \/>\nZakwaterowanie standardowe (obowi\u0105zuje dop\u0142ata za pok\u00f3j jednoosobowy)<br \/>\nDzieci poni\u017cej 6. roku \u017cycia podr\u00f3\u017cuj\u0105 bezp\u0142atnie, ale dziel\u0105 miejsce, chyba \u017ce zostan\u0105 zarezerwowane oddzielnie.<\/p>\n<h2><span style=\"color: #000000;\"><strong>Co zabra\u0107 ze sob\u0105<\/strong><\/span><\/h2>\n<p>\ud83d\udd39 Paszport lub dow\u00f3d osobisty<br \/>\nWygodne buty do chodzenia<br \/>\nOkulary przeciws\u0142oneczne, kapelusz i filtr przeciws\u0142oneczny<br \/>\nKurtka na ch\u0142odne poranki lub wieczory<br \/>\nAparat fotograficzny lub smartfon<br \/>\nGot\u00f3wka na opcjonalne wydatki<\/p>\n<h3><span style=\"color: #000000;\"><strong>Nieodpowiednie dla<\/strong><\/span><\/h3>\n<p>Go\u015bcie o ograniczonej sprawno\u015bci ruchowej<br \/>\nBardzo ma\u0142e dzieci<\/p>\n<h2 dir=\"ltr\">\ud83d\udcb8\u00a0<strong>Cena i rezerwacja<\/strong><\/h2>\n<p dir=\"ltr\"><strong>Zarezerwuj teraz, zap\u0142a\u0107 w dniu wycieczki<\/strong><br \/>\nSkontaktuj si\u0119 z nami przez WhatsApp, Telegram, Viber lub wype\u0142nij poni\u017cszy formularz rezerwacji. \ud83d\udc47\ud83c\udffc<\/p>\n<p>Szukasz alternatyw? Przegl\u0105daj <a href=\"https:\/\/excursionsworld.com\/pl\/belek-wycieczki\/\">wi\u0119cej wycieczek po Belek w Kapadocji<\/a>.<\/p>","protected":false},"excerpt":{"rendered":"<p><b>2-dniowa wycieczka z Belek do Kapadocji<\/b>! Odkryj <b>wr\u00f3\u017ckowe kominy<\/b>, <b>ko\u015bcio\u0142y jaskiniowe<\/b>, <b>podziemne miasta<\/b>. <b>Wycieczka all inclusive<\/b> z <b>przewodnik<\/b> &amp; <b>transfer<\/b>.<\/p>","protected":false},"featured_media":12798,"comment_status":"open","ping_status":"closed","template":"","meta":[],"product_brand":[],"product_cat":[126],"product_tag":[120],"class_list":{"0":"post-15369","1":"product","2":"type-product","3":"status-publish","4":"has-post-thumbnail","6":"tour_phys-belek-tours","7":"product_cat-belek-tours","8":"product_tag-belek","9":"pa_destination-belek-tours","11":"first","12":"instock","13":"sale","14":"shipping-taxable","15":"purchasable","16":"product-type-tour_phys"},"aioseo_notices":[],"_links":{"self":[{"href":"https:\/\/excursionsworld.com\/pl\/wp-json\/wp\/v2\/product\/15369","targetHints":{"allow":["GET"]}}],"collection":[{"href":"https:\/\/excursionsworld.com\/pl\/wp-json\/wp\/v2\/product"}],"about":[{"href":"https:\/\/excursionsworld.com\/pl\/wp-json\/wp\/v2\/types\/product"}],"replies":[{"embeddable":true,"href":"https:\/\/excursionsworld.com\/pl\/wp-json\/wp\/v2\/comments?post=15369"}],"wp:featuredmedia":[{"embeddable":true,"href":"https:\/\/excursionsworld.com\/pl\/wp-json\/wp\/v2\/media\/12798"}],"wp:attachment":[{"href":"https:\/\/excursionsworld.com\/pl\/wp-json\/wp\/v2\/media?parent=15369"}],"wp:term":[{"taxonomy":"product_brand","embeddable":true,"href":"https:\/\/excursionsworld.com\/pl\/wp-json\/wp\/v2\/product_brand?post=15369"},{"taxonomy":"product_cat","embeddable":true,"href":"https:\/\/excursionsworld.com\/pl\/wp-json\/wp\/v2\/product_cat?post=15369"},{"taxonomy":"product_tag","embeddable":true,"href":"https:\/\/excursionsworld.com\/pl\/wp-json\/wp\/v2\/product_tag?post=15369"}],"curies":[{"name":"wp","href":"https:\/\/api.w.org\/{rel}","templated":true}]}}