{"id":15370,"date":"2025-10-26T19:24:57","date_gmt":"2025-10-26T16:24:57","guid":{"rendered":"https:\/\/excursionsworld.com\/?post_type=product&#038;p=15370"},"modified":"2026-05-01T13:21:13","modified_gmt":"2026-05-01T10:21:13","slug":"pamukkale-salda-jezioro-belek","status":"publish","type":"product","link":"https:\/\/excursionsworld.com\/tours\/pamukkale-salda-lake-belek\/","title":{"rendered":"Wycieczka do Pamukkale &amp; Jeziora Salda z Beleku \u2013 Ca\u0142odniowa Trasa"},"content":{"rendered":"<h2>\ud83c\udfdd\ufe0f <strong>Przegl\u0105d<\/strong><\/h2>\n<p>Wybierz si\u0119 na ca\u0142odniow\u0105 wycieczk\u0119 z Belek, aby odkry\u0107 cuda natury <a href=\"https:\/\/en.wikipedia.org\/wiki\/Pamukkale\" target=\"_blank\" rel=\"noopener\">Pamukkale<\/a> i turkusowe jezioro Salda! Przejd\u017a si\u0119 po bia\u0142ych tarasach Pamukkale, odkryj staro\u017cytne ruiny Hierapolis i zrelaksuj si\u0119 nad \u201ctureckimi Malediwami\u201d. Wycieczka obejmuje \u015bniadanie, obiad, kolacj\u0119 i transfery hotelowe \u2013 idealne po\u0142\u0105czenie natury, historii i komfortu.<\/p>\n<h3><strong>W zestawie:<\/strong><\/h3>\n<p><strong><span style=\"color: #00ff00;\">\u2713<\/span> <\/strong>Odbi\u00f3r i dow\u00f3z do hotelu<br \/>\n<strong><span style=\"color: #00ff00;\">\u2713<\/span> <\/strong>Klimatyzowany autobus<br \/>\n<strong><span style=\"color: #00ff00;\">\u2713<\/span> <\/strong>Op\u0142aty za wst\u0119p do Pamukkale i Hierapolis<br \/>\n<strong><span style=\"color: #00ff00;\">\u2713<\/span> <\/strong>Przewodnik m\u00f3wi\u0105cy po angielsku<br \/>\n<strong><span style=\"color: #00ff00;\">\u2713<\/span> <\/strong>Pe\u0142ne ubezpieczenie<br \/>\n<strong><span style=\"color: #00ff00;\">\u2713<\/span> <\/strong>\u015aniadanie, lunch i kolacja<\/p>\n<h3><strong>Nie zawiera:<\/strong><\/h3>\n<p><span style=\"color: #ff0000;\"><strong>\u2717<\/strong> <\/span>Wej\u015bcie do basenu Kleopatry<br \/>\n<span style=\"color: #ff0000;\"><strong>\u2717<\/strong> <\/span>Wydatki osobiste<br \/>\n<span style=\"color: #ff0000;\"><strong>\u2717<\/strong> <\/span>Napoje<\/p>\n<h2>\ud83c\udf1f <strong>Najwa\u017cniejsze informacje o wycieczce<\/strong><\/h2>\n<p>Spacer po \u015bnie\u017cnobia\u0142ych trawertynach Pamukkale<br \/>\nZwiedzanie staro\u017cytnego miasta i teatru w Hierapolis<br \/>\nRelaks w naturalnych basenach termalnych<br \/>\nOdwied\u017a jezioro Salda - tureckie \u201cMalediwy\u201d<br \/>\n\ud83d\udd39 Ciesz si\u0119 tradycyjnymi tureckimi posi\u0142kami podczas podr\u00f3\u017cy<\/p>\n<h2>\ud83d\udcd6 <strong>Pe\u0142ny opis<\/strong><\/h2>\n<p>Rozpocznij swoj\u0105 przygod\u0119 od wczesnego porannego odbioru z hotelu w Belek. Po \u015bniadaniu w drodze, podr\u00f3\u017cuj przez malownicze krajobrazy w kierunku Pamukkale, znanego z bia\u0142ych taras\u00f3w i leczniczych w\u00f3d. Poznaj Hierapolis, staro\u017cytne miasto uzdrowiskowe, w kt\u00f3rym mo\u017cna zobaczy\u0107 rzymski teatr i \u015bwi\u0105tyni\u0119 Apolla. Mo\u017cesz tak\u017ce zanurzy\u0107 si\u0119 w basenie Kleopatry (opcjonalnie). Po po\u0142udniu odwied\u017a s\u0142ynne jezioro Salda - podziwiane za jasny turkusowy kolor i mi\u0119kkie bia\u0142e brzegi. Zr\u00f3b niezapomniane zdj\u0119cia, zrelaksuj si\u0119 na \u0142onie natury i zjedz kolacj\u0119 przed powrotem do hotelu w Belek.<\/p>\n<h3>\ud83d\uddfa\ufe0f <strong>Plan podr\u00f3\u017cy<\/strong><\/h3>\n<p>Odbi\u00f3r z hoteli w Belek<br \/>\n\u015aniadanie na trasie<br \/>\nPodr\u00f3\u017c do Pamukkale<br \/>\nLunch w formie bufetu<br \/>\nWycieczka po trawertynach Pamukkale<br \/>\nWizyta w ruinach Hierapolis<br \/>\nCzas wolny na basen Kleopatry (opcjonalnie)<br \/>\nWizyta nad jeziorem Salda w celu zwiedzania i robienia zdj\u0119\u0107<br \/>\nKolacja<br \/>\nPodr\u00f3\u017c powrotna<br \/>\nTransfer z powrotem do hotelu<\/p>\n<h3>\u2139\ufe0f <strong>Przydatne informacje<\/strong><\/h3>\n<p>Czas trwania: oko\u0142o 12 godzin<br \/>\nPlan podr\u00f3\u017cy mo\u017ce si\u0119 r\u00f3\u017cni\u0107 w zale\u017cno\u015bci od pogody.<br \/>\nWymagane umiarkowane chodzenie<br \/>\n\ud83d\udd39 Dzieci poni\u017cej 5. roku \u017cycia podr\u00f3\u017cuj\u0105 bezp\u0142atnie (wsp\u00f3lne miejsce, je\u015bli jest pe\u0142ne).<\/p>\n<h2>\ud83c\udf92 <strong>Co zabra\u0107 ze sob\u0105<\/strong><\/h2>\n<p>\ud83d\udd39 Dow\u00f3d osobisty lub paszport<br \/>\nWygodne buty<br \/>\nOkulary przeciws\u0142oneczne, kapelusz i filtr przeciws\u0142oneczny<br \/>\nStr\u00f3j k\u0105pielowy i r\u0119cznik<br \/>\nGot\u00f3wka na dodatki<\/p>\n<h3>\ud83d\udeab <strong>Nieodpowiednie dla<\/strong><\/h3>\n<p>Osoby o ograniczonej sprawno\u015bci ruchowej<br \/>\nPowa\u017cne schorzenia medyczne<\/p>\n<h2 dir=\"ltr\">\ud83d\udcb8\u00a0<strong>Cena i rezerwacja<\/strong><\/h2>\n<p dir=\"ltr\"><strong>Zarezerwuj teraz, zap\u0142a\u0107 w dniu wycieczki<\/strong><br \/>\nSkontaktuj si\u0119 z nami przez WhatsApp, Telegram, Viber lub wype\u0142nij poni\u017cszy formularz rezerwacji. \ud83d\udc47\ud83c\udffc<\/p>\n<p>Szukasz alternatyw? Przegl\u0105daj <a href=\"https:\/\/excursionsworld.com\/pl\/belek-wycieczki\/\">wi\u0119cej wycieczek po beleku w Pamukkale<\/a>.<\/p>","protected":false},"excerpt":{"rendered":"<p>Zarezerwuj <b>Belek Pamukkale Tour<\/b>! Odwied\u017a ruiny Hierapolis i jezioro Salda. Ca\u0142y dzie\u0144 <b>podr\u00f3\u017c<\/b> ze \u017ar\u00f3d\u0142ami termalnymi, posi\u0142kami i komfortowymi <b>wycieczka<\/b>. <b>Transfer wliczony w cen\u0119<\/b>!<\/p>","protected":false},"featured_media":14072,"comment_status":"open","ping_status":"closed","template":"","meta":[],"product_brand":[],"product_cat":[126],"product_tag":[120],"class_list":{"0":"post-15370","1":"product","2":"type-product","3":"status-publish","4":"has-post-thumbnail","6":"tour_phys-belek-tours","7":"product_cat-belek-tours","8":"product_tag-belek","9":"pa_destination-belek-tours","11":"first","12":"instock","13":"sale","14":"shipping-taxable","15":"purchasable","16":"product-type-tour_phys"},"aioseo_notices":[],"_links":{"self":[{"href":"https:\/\/excursionsworld.com\/pl\/wp-json\/wp\/v2\/product\/15370","targetHints":{"allow":["GET"]}}],"collection":[{"href":"https:\/\/excursionsworld.com\/pl\/wp-json\/wp\/v2\/product"}],"about":[{"href":"https:\/\/excursionsworld.com\/pl\/wp-json\/wp\/v2\/types\/product"}],"replies":[{"embeddable":true,"href":"https:\/\/excursionsworld.com\/pl\/wp-json\/wp\/v2\/comments?post=15370"}],"wp:featuredmedia":[{"embeddable":true,"href":"https:\/\/excursionsworld.com\/pl\/wp-json\/wp\/v2\/media\/14072"}],"wp:attachment":[{"href":"https:\/\/excursionsworld.com\/pl\/wp-json\/wp\/v2\/media?parent=15370"}],"wp:term":[{"taxonomy":"product_brand","embeddable":true,"href":"https:\/\/excursionsworld.com\/pl\/wp-json\/wp\/v2\/product_brand?post=15370"},{"taxonomy":"product_cat","embeddable":true,"href":"https:\/\/excursionsworld.com\/pl\/wp-json\/wp\/v2\/product_cat?post=15370"},{"taxonomy":"product_tag","embeddable":true,"href":"https:\/\/excursionsworld.com\/pl\/wp-json\/wp\/v2\/product_tag?post=15370"}],"curies":[{"name":"wp","href":"https:\/\/api.w.org\/{rel}","templated":true}]}}