{"id":15372,"date":"2025-10-26T19:26:45","date_gmt":"2025-10-26T16:26:45","guid":{"rendered":"https:\/\/excursionsworld.com\/?post_type=product&#038;p=15372"},"modified":"2026-04-24T00:20:50","modified_gmt":"2026-04-23T21:20:50","slug":"demre-myra-kekova-belek","status":"publish","type":"product","link":"https:\/\/excursionsworld.com\/tours\/demre-myra-kekova-belek\/","title":{"rendered":"Wycieczka do Demre, Myry i Kekovy z Beleku \u2013 Ko\u015bci\u00f3\u0142 \u015bw. Miko\u0142aja"},"content":{"rendered":"<h2><span style=\"color: #000000;\"><strong>\ud83c\udfdd\ufe0f Przegl\u0105d<\/strong><\/span><\/h2>\n<p>Odkryj staro\u017cytne cuda Licji podczas jednodniowej wycieczki z Beleku! P\u0142y\u0144 nad zatopionym miastem Kekova w \u0142odzi ze szklanym dnem, odwied\u017a staro\u017cytne skalne grobowce Myry i zwied\u017a ko\u015bci\u00f3\u0142 \u015bw. Miko\u0142aja w <a href=\"https:\/\/en.wikipedia.org\/wiki\/Demre\" target=\"_blank\" rel=\"noopener\">Demre<\/a> \u2014 inspiracj\u0105 dla \u015awi\u0119tego Miko\u0142aja. Ta wycieczka doskonale \u0142\u0105czy histori\u0119, kultur\u0119 i malownicze pi\u0119kno wybrze\u017ca Morza \u015ar\u00f3dziemnego.<\/p>\n<h3><span style=\"color: #000000;\"><strong>\u00a0W zestawie:<\/strong><\/span><\/h3>\n<p><span style=\"color: #00ff00;\"><strong>\u2713<\/strong> <\/span>Odbi\u00f3r i dow\u00f3z do hotelu (region Belek)<br \/><span style=\"color: #00ff00;\"><strong>\u2713<\/strong> <\/span>Wygodny klimatyzowany autobus<br \/><span style=\"color: #00ff00;\"><strong>\u2713<\/strong> <\/span>Wycieczka jachtem ze szklanym dnem<br \/><span style=\"color: #00ff00;\"><strong>\u2713<\/strong> <\/span>Op\u0142aty za wst\u0119p do Myry<br \/><span style=\"color: #00ff00;\"><strong>\u2713<\/strong> <\/span>Profesjonalny angloj\u0119zyczny przewodnik<br \/><span style=\"color: #00ff00;\"><strong>\u2713<\/strong> <\/span>Pe\u0142ne ubezpieczenie<br \/><span style=\"color: #00ff00;\"><strong>\u2713<\/strong> <\/span>Pyszny lokalny lunch<\/p>\n<h3>\u00a0<span style=\"color: #000000;\"><strong>Nie zawiera:<\/strong><\/span><\/h3>\n<p><span style=\"color: #ff0000;\"><strong>\u2717<\/strong> <\/span>Wej\u015bcie do ko\u015bcio\u0142a \u015bw. Miko\u0142aja (opcjonalnie)<br \/><span style=\"color: #ff0000;\"><strong>\u2717<\/strong> <\/span>Wydatki osobiste<br \/><span style=\"color: #ff0000;\"><strong>\u2717<\/strong> <\/span>Napoje<\/p>\n<h2><span style=\"color: #000000;\"><strong>Najwa\u017cniejsze atrakcje wycieczki<\/strong><\/span><\/h2>\n<p>Rejs nad zatopionym miastem Kekova jachtem ze szklanym dnem<br \/>Odkryj staro\u017cytne skalne grobowce i rzymski teatr w Myrze<br \/>Miko\u0142aja w Demre, zwi\u0105zanego ze \u015awi\u0119tym Miko\u0142ajem.<br \/>P\u0142ywanie w turkusowych wodach Morza \u015ar\u00f3dziemnego w pobli\u017cu Kekova<br \/>Osza\u0142amiaj\u0105ce widoki na zamek Simena<br \/>Komfortowe transfery z hoteli w Belek<\/p>\n<h2><span style=\"color: #000000;\"><strong>Pe\u0142ny opis<\/strong><\/span><\/h2>\n<p>Twoja podr\u00f3\u017c rozpocznie si\u0119 od wygodnego porannego odbioru z hotelu w Belek. Ciesz si\u0119 malownicz\u0105 jazd\u0105 wzd\u0142u\u017c wybrze\u017ca Morza \u015ar\u00f3dziemnego do staro\u017cytnego regionu Licyjskiego. Pierwszym przystankiem jest <strong>Myra<\/strong>, znane z imponuj\u0105cych wykutych w skale grobowc\u00f3w i dobrze zachowanego rzymskiego teatru. Nast\u0119pnie odwied\u017a <strong>Ko\u015bci\u00f3\u0142 \u015bw.<\/strong> w Demre, po\u015bwi\u0119cony prawdziwej postaci, kt\u00f3ra zainspirowa\u0142a \u015awi\u0119tego Miko\u0142aja. Nast\u0119pnie mo\u017cna cieszy\u0107 si\u0119 <strong>lokalny turecki lunch<\/strong> przed udaniem si\u0119 do <strong>Port \u00c7aya\u011fz\u0131<\/strong>, gdzie wejdziesz na pok\u0142ad <strong>jacht ze szklanym dnem<\/strong> na relaksuj\u0105cy rejs do <strong>Wyspa Kekova<\/strong>. Podziwiaj <strong>ruiny zatopionego miasta<\/strong> widoczne pod krystalicznie czyst\u0105 wod\u0105, p\u0142ywaj\u0105 w pobli\u017cu <strong>Zamek Simena<\/strong>, i podziwiaj zapieraj\u0105ce dech w piersiach widoki na wybrze\u017ce. Po rejsie zrelaksuj si\u0119 w drodze powrotnej do hotelu w Belek, wype\u0142nionej wspomnieniami historii i pi\u0119kna.<\/p>\n<h3><span style=\"color: #000000;\"><strong>\ud83d\uddfa\ufe0f Plan podr\u00f3\u017cy<\/strong><\/span><\/h3>\n<p>Odbi\u00f3r z hoteli w regionie Belek<br \/>Wizyta w skalnych grobowcach i rzymskim teatrze w Myrze<br \/>Zwiedzanie ko\u015bcio\u0142a \u015bw. Miko\u0142aja w Demre (wst\u0119p opcjonalny)<br \/>Lunch w lokalnej restauracji<br \/>Rejs jachtem ze szklanym dnem z portu \u00c7aya\u011fz\u0131 do Kekova<br \/>Przystanek p\u0142ywacki i zwiedzanie<br \/>Transfer powrotny do hotelu<\/p>\n<h3><span style=\"color: #000000;\"><strong>\u2139\ufe0f Przydatne informacje<\/strong><\/span><\/h3>\n<p>Czas trwania: oko\u0142o 9-10 godzin<br \/>Plan podr\u00f3\u017cy mo\u017ce ulec zmianie ze wzgl\u0119du na warunki pogodowe lub morskie.<br \/>Dzieci poni\u017cej 6. roku \u017cycia podr\u00f3\u017cuj\u0105 bezp\u0142atnie, ale dziel\u0105 miejsca, je\u015bli autobus jest pe\u0142ny.<\/p>\n<h2><span style=\"color: #000000;\"><strong>Co zabra\u0107 ze sob\u0105<\/strong><\/span><\/h2>\n<p>Wygodne buty<br \/>Okulary przeciws\u0142oneczne i filtr przeciws\u0142oneczny<br \/>Str\u00f3j k\u0105pielowy i r\u0119cznik<br \/>Got\u00f3wka na wydatki osobiste<\/p>\n<h3><span style=\"color: #000000;\"><strong>Nieodpowiednie dla<\/strong><\/span><\/h3>\n<p>Osoby o ograniczonej sprawno\u015bci ruchowej<br \/>\ud83d\udd39 Podr\u00f3\u017cni z powa\u017cnymi schorzeniami<\/p>\n<h2 dir=\"ltr\">\ud83d\udcb8\u00a0<strong>Cena i rezerwacja<\/strong><\/h2>\n<p dir=\"ltr\"><strong>Zarezerwuj teraz, zap\u0142a\u0107 w dniu wycieczki<\/strong><br \/>\nSkontaktuj si\u0119 z nami przez WhatsApp, Telegram, Viber lub wype\u0142nij poni\u017cszy formularz rezerwacji. \ud83d\udc47\ud83c\udffc<\/p>\n<p>Szukasz alternatyw? Przegl\u0105daj <a href=\"https:\/\/excursionsworld.com\/pl\/belek-wycieczki\/\">wi\u0119cej wycieczek do Beleku w Demre<\/a>.<\/p>","protected":false},"excerpt":{"rendered":"<p>Zarezerwuj ostateczn\u0105 histori\u0119 <b>wycieczka<\/b> z <b>Antalya<\/b>! Niezapomniany <b>wycieczka jednodniowa<\/b> do skalnych grobowc\u00f3w w Myrze, ko\u015bcio\u0142a \u015bw. Miko\u0142aja i zatopionego miasta Kekova <b>wycieczka \u0142odzi\u0105<\/b>.<\/p>","protected":false},"featured_media":12563,"comment_status":"open","ping_status":"closed","template":"","meta":[],"product_brand":[],"product_cat":[126],"product_tag":[120],"class_list":{"0":"post-15372","1":"product","2":"type-product","3":"status-publish","4":"has-post-thumbnail","6":"tour_phys-belek-tours","7":"product_cat-belek-tours","8":"product_tag-belek","9":"pa_destination-belek-tours","11":"first","12":"instock","13":"sale","14":"shipping-taxable","15":"purchasable","16":"product-type-tour_phys"},"aioseo_notices":[],"_links":{"self":[{"href":"https:\/\/excursionsworld.com\/pl\/wp-json\/wp\/v2\/product\/15372","targetHints":{"allow":["GET"]}}],"collection":[{"href":"https:\/\/excursionsworld.com\/pl\/wp-json\/wp\/v2\/product"}],"about":[{"href":"https:\/\/excursionsworld.com\/pl\/wp-json\/wp\/v2\/types\/product"}],"replies":[{"embeddable":true,"href":"https:\/\/excursionsworld.com\/pl\/wp-json\/wp\/v2\/comments?post=15372"}],"wp:featuredmedia":[{"embeddable":true,"href":"https:\/\/excursionsworld.com\/pl\/wp-json\/wp\/v2\/media\/12563"}],"wp:attachment":[{"href":"https:\/\/excursionsworld.com\/pl\/wp-json\/wp\/v2\/media?parent=15372"}],"wp:term":[{"taxonomy":"product_brand","embeddable":true,"href":"https:\/\/excursionsworld.com\/pl\/wp-json\/wp\/v2\/product_brand?post=15372"},{"taxonomy":"product_cat","embeddable":true,"href":"https:\/\/excursionsworld.com\/pl\/wp-json\/wp\/v2\/product_cat?post=15372"},{"taxonomy":"product_tag","embeddable":true,"href":"https:\/\/excursionsworld.com\/pl\/wp-json\/wp\/v2\/product_tag?post=15372"}],"curies":[{"name":"wp","href":"https:\/\/api.w.org\/{rel}","templated":true}]}}