{"id":15375,"date":"2025-10-26T19:30:16","date_gmt":"2025-10-26T16:30:16","guid":{"rendered":"https:\/\/excursionsworld.com\/?post_type=product&#038;p=15375"},"modified":"2026-04-23T05:59:36","modified_gmt":"2026-04-23T02:59:36","slug":"paralotnia-tandem-side","status":"publish","type":"product","link":"https:\/\/excursionsworld.com\/tours\/side-paragliding-tandem-flight\/","title":{"rendered":"Paralotnia w Side \u2013 Lot Tandemowy nad Pla\u017c\u0105 Kleopatry z Widokiem na Morze"},"content":{"rendered":"<h2>\ud83c\udfdd\ufe0f Przegl\u0105d<\/h2>\n<p>Poczuj dreszczyk emocji zwi\u0105zany z paralotniarstwem tandemowym nad <a href=\"https:\/\/en.wikipedia.org\/wiki\/Side,_Turkey\" target=\"_blank\" rel=\"noopener\">Side<\/a>\u2019Malownicze wybrze\u017ce! Startuj z wzg\u00f3rza Yass\u0131 Tepe (ok. 700 m) i szybuj z panoramicznymi widokami na Morze \u015ar\u00f3dziemne, staro\u017cytne ruiny i piaszczyste pla\u017ce. Nie potrzeba \u017cadnego do\u015bwiadczenia \u2013 licencjonowani piloci zajmuj\u0105 si\u0119 wszystkim, a Ty cieszysz si\u0119 15\u201320 minutowym lotem.<\/p>\n<h3>\u00a0W zestawie:<\/h3>\n<p><span style=\"color: #00ff00;\"><strong>\u2713<\/strong> <\/span>Odbi\u00f3r i dow\u00f3z do hotelu\u00a0<br \/><span style=\"color: #00ff00;\"><strong>\u2713<\/strong> <\/span>Licencjonowany pilot zawodowy\u00a0<br \/><span style=\"color: #00ff00;\"><strong>\u2713<\/strong> <\/span>Pe\u0142na ochrona ubezpieczeniowa<br \/><span style=\"color: #00ff00;\"><strong>\u2713<\/strong> <\/span>Ca\u0142y sprz\u0119t lotniczy i zabezpieczaj\u0105cy<br \/><span style=\"color: #00ff00;\"><strong>\u2713<\/strong> <\/span>Transfer 4\u00d74 do miejsca startu<br \/><span style=\"color: #00ff00;\"><strong>\u2713<\/strong> <\/span>Op\u0142ata za wst\u0119p do strefy startowej<\/p>\n<h3>\u00a0Nie zawiera:<\/h3>\n<p><span style=\"color: #ff0000;\"><strong>\u2717<\/strong><\/span> Wydatki osobiste (napoje, zdj\u0119cia, pami\u0105tki)<br \/><span style=\"color: #ff0000;\"><strong>\u2717<\/strong><\/span> Profesjonalne zdj\u0119cia i filmy (dost\u0119pne do zakupu)<br \/><span style=\"color: #ff0000;\"><strong>\u2717<\/strong><\/span> \u017b\u0105danie pilota p\u0142ci \u017ce\u0144skiej (+15 EUR dop\u0142aty)<\/p>\n<h2>\ud83c\udf1f Najwa\u017cniejsze atrakcje wycieczki \"Lot paralotni\u0105 tym zboczem: Lot tandemowy nad<\/h2>\n<p>Paralotniarstwo w tandemie nad wybrze\u017cem Side<br \/>Osza\u0142amiaj\u0105ce widoki z lotu ptaka na staro\u017cytne ruiny i pla\u017ce<br \/>P\u0142ynny start ze wzg\u00f3rza Yass\u0131 Tepe na wysoko\u015bci ~700 m<br \/>Bezpieczne l\u0105dowanie z profesjonalnym pilotem<br \/>Odpowiedni dla pocz\u0105tkuj\u0105cych - nie wymaga wcze\u015bniejszego do\u015bwiadczenia.<\/p>\n<h2>Pe\u0142ny Opis: Lot Paralotni\u0105 z Tob\u0105 u Boku: Lot w Tandemie nad Miejscem Do\u015bwiadczenia<\/h2>\n<p>Rozpocznij od odbioru z hotelu i malowniczej przeja\u017cd\u017cki 4\u00d74 do punktu startowego u podn\u00f3\u017ca Taurus. Po kr\u00f3tkiej odprawie dotycz\u0105cej bezpiecze\u0144stwa, wystartuj razem z licencjonowanym pilotem i ciesz si\u0119 15-20 minutami szybowania nad wybrze\u017cem i ruinami Side. Wyl\u0105duj delikatnie na pla\u017cy lub w jej pobli\u017cu, obejrzyj opcjonalne zdj\u0119cia lub filmy, a nast\u0119pnie wr\u00f3\u0107 do hotelu z niezapomnianymi wspomnieniami.<\/p>\n<h3>\ud83d\uddfa\ufe0f Plan podr\u00f3\u017cy<\/h3>\n<p>Odbi\u00f3r z hoteli w Side i okolicach<br \/>\ud83d\udd39 Przyjazd do stacji paralotniowej<br \/>transfer jeepem 4\u00d74 na wzg\u00f3rze Yass\u0131 Tepe (\u2248700 m)<br \/>Odprawa bezpiecze\u0144stwa i kontrola sprz\u0119tu<br \/>Lot w tandemie (15-20 minut)<br \/>L\u0105dowanie w pobli\u017cu pla\u017cy bocznej<br \/>Transfer powrotny do hotelu<\/p>\n<h3>\u2139\ufe0f Przydatne informacje<\/h3>\n<p>Czas trwania: ok. 2-3 godziny (w tym transfery)<br \/>Czas lotu: 15-20 minut (w zale\u017cno\u015bci od pogody)<br \/>Dost\u0119pne codziennie od 09:00 do 17:00 (z zastrze\u017ceniem warunk\u00f3w)<br \/>Dzia\u0142a przez ca\u0142y rok, gdy pozwala na to pogoda<br \/>Zalecane: wygodne ubrania i buty sportowe<br \/>Zabierz ze sob\u0105: okulary przeciws\u0142oneczne, wod\u0119 i lekk\u0105 kurtk\u0119 na wypadek wiatru.<\/p>\n<h2>Co zabra\u0107 ze sob\u0105<\/h2>\n<p>Wygodna odzie\u017c (szorty\/spodnie)<br \/>Buty sportowe lub do biegania<br \/>Okulary przeciws\u0142oneczne<br \/>Got\u00f3wka na opcjonalne zdj\u0119cia lub wydatki osobiste<\/p>\n<h3>Nieodpowiednie dla<\/h3>\n<p>Go\u015bcie pod wp\u0142ywem alkoholu lub narkotyk\u00f3w<br \/>Osoby z powa\u017cnymi schorzeniami serca, kr\u0119gos\u0142upa lub uk\u0142adu ruchu<\/p>\n<h2 dir=\"ltr\">\ud83d\udcb8\u00a0<strong>Cena i rezerwacja<\/strong><\/h2>\n<p dir=\"ltr\"><strong>Zarezerwuj teraz, zap\u0142a\u0107 w dniu wycieczki<\/strong><br \/>\nSkontaktuj si\u0119 z nami przez WhatsApp, Telegram, Viber lub wype\u0142nij poni\u017cszy formularz rezerwacji. \ud83d\udc47\ud83c\udffc<\/p>\n<p>Szukasz alternatyw? Przegl\u0105daj <a href=\"https:\/\/excursionsworld.com\/pl\/urun-kategori\/side-wycieczki\/\">Wi\u0119cej wycieczek fakultatywnych<\/a>.<\/p>","protected":false},"excerpt":{"rendered":"<p><b>Boczny lot paralotni\u0105 w tandemie<\/b>! Wznie\u015b si\u0119 z 700 metr\u00f3w na <b>przyp\u0142yw adrenaliny<\/b> oraz <b>wspania\u0142e widoki<\/b>. <b>Transfer<\/b> z boku. <b>Do\u015bwiadczenie nie jest wymagane!<\/b><\/p>","protected":false},"featured_media":15142,"comment_status":"open","ping_status":"closed","template":"","meta":[],"product_brand":[],"product_cat":[127],"product_tag":[122],"class_list":{"0":"post-15375","1":"product","2":"type-product","3":"status-publish","4":"has-post-thumbnail","6":"tour_phys-side-tours","7":"product_cat-side-tours","8":"product_tag-side","9":"pa_destination-side-tours","11":"first","12":"instock","13":"sale","14":"shipping-taxable","15":"purchasable","16":"product-type-tour_phys"},"aioseo_notices":[],"_links":{"self":[{"href":"https:\/\/excursionsworld.com\/pl\/wp-json\/wp\/v2\/product\/15375","targetHints":{"allow":["GET"]}}],"collection":[{"href":"https:\/\/excursionsworld.com\/pl\/wp-json\/wp\/v2\/product"}],"about":[{"href":"https:\/\/excursionsworld.com\/pl\/wp-json\/wp\/v2\/types\/product"}],"replies":[{"embeddable":true,"href":"https:\/\/excursionsworld.com\/pl\/wp-json\/wp\/v2\/comments?post=15375"}],"wp:featuredmedia":[{"embeddable":true,"href":"https:\/\/excursionsworld.com\/pl\/wp-json\/wp\/v2\/media\/15142"}],"wp:attachment":[{"href":"https:\/\/excursionsworld.com\/pl\/wp-json\/wp\/v2\/media?parent=15375"}],"wp:term":[{"taxonomy":"product_brand","embeddable":true,"href":"https:\/\/excursionsworld.com\/pl\/wp-json\/wp\/v2\/product_brand?post=15375"},{"taxonomy":"product_cat","embeddable":true,"href":"https:\/\/excursionsworld.com\/pl\/wp-json\/wp\/v2\/product_cat?post=15375"},{"taxonomy":"product_tag","embeddable":true,"href":"https:\/\/excursionsworld.com\/pl\/wp-json\/wp\/v2\/product_tag?post=15375"}],"curies":[{"name":"wp","href":"https:\/\/api.w.org\/{rel}","templated":true}]}}