{"id":15377,"date":"2025-10-26T19:32:36","date_gmt":"2025-10-26T16:32:36","guid":{"rendered":"https:\/\/excursionsworld.com\/?post_type=product&#038;p=15377"},"modified":"2026-04-24T00:20:51","modified_gmt":"2026-04-23T21:20:51","slug":"pokaz-delfinow-plywanie-side","status":"publish","type":"product","link":"https:\/\/excursionsworld.com\/tours\/dolphin-show-swim-side\/","title":{"rendered":"Pokaz Delfin\u00f3w &amp; P\u0142ywanie z Delfinami w Side"},"content":{"rendered":"<h2>\ud83c\udfdd\ufe0f <strong>Przegl\u0105d<\/strong><\/h2>\n<p>Ciesz si\u0119 pe\u0142nym wra\u017ce\u0144 dniem na pokazie delfin\u00f3w w <a href=\"https:\/\/en.wikipedia.org\/wiki\/Side,_Turkey\" target=\"_blank\" rel=\"noopener\">Side<\/a>Obejrzyj spektakularny pokaz delfin\u00f3w i lw\u00f3w morskich, a specjalne chwile prze\u017cyj podczas opcjonalnego p\u0142ywania z delfinami. Idealne dla rodzin, par i mi\u0142o\u015bnik\u00f3w przyrody \u2013 obejmuje transfery z hoteli z obszar\u00f3w Side, Kumk\u00f6y, Titreyeng\u00f6l i Evrenseki.<\/p>\n<h3><strong>W zestawie:<\/strong><\/h3>\n<p><span style=\"color: #00ff00;\"><strong>\u2713<\/strong><\/span> Odbi\u00f3r i dow\u00f3z do hotelu<br \/><span style=\"color: #00ff00;\"><strong>\u2713 <\/strong><\/span>Wst\u0119p na pokaz delfin\u00f3w i lw\u00f3w morskich\u00a0<br \/><span style=\"color: #00ff00;\"><strong>\u2713 <\/strong><\/span>Profesjonalni trenerzy i pomoc personelu<br \/><span style=\"color: #00ff00;\"><strong>\u2713 <\/strong><\/span>Pe\u0142na ochrona ubezpieczeniowa<br \/><span style=\"color: #00ff00;\"><strong>\u2713 <\/strong><\/span>Opcjonalne p\u0142ywanie z delfinami<\/p>\n<h3><strong>Nie zawiera:<\/strong><\/h3>\n<div><strong><span style=\"color: #ff0000;\">\u2717 <\/span><\/strong>Opcjonalne p\u0142ywanie z delfinami<\/div>\n<div><strong><span style=\"color: #ff0000;\">\u2717<\/span><\/strong> Wydatki osobiste, \u017cywno\u015b\u0107 i napoje<br \/><strong><span style=\"color: #ff0000;\">\u2717 <\/span><\/strong>Zdj\u0119cia i filmy<\/div>\n<h2>\ud83c\udf1f <strong>Najwa\u017cniejsze informacje o wycieczce<\/strong><\/h2>\n<p>Obejrzyj niesamowity 1-godzinny pokaz delfin\u00f3w i lw\u00f3w morskich<br \/>Opcjonalna 7-8-minutowa sesja p\u0142ywania z delfinami<br \/>Bezpieczne i przyjemne do\u015bwiadczenie dla wszystkich grup wiekowych<br \/>Edukacja i rozrywka dla rodzin i dzieci<br \/>Obejmuje wygodne transfery hotelowe w obie strony<\/p>\n<h2>\ud83d\udcd6 <strong>Pe\u0142ny opis<\/strong><\/h2>\n<div>Rozpocznij sw\u00f3j niezapomniany dzie\u0144 od wygodnego odbioru z hotelu w Side i okolicznych kurort\u00f3w. Po kr\u00f3tkiej przeja\u017cd\u017cce dotrzesz do delfinarium, gdzie b\u0119dziesz \u015bwiadkiem inteligencji, zwinno\u015bci i figlarno\u015bci delfin\u00f3w i lw\u00f3w morskich podczas niesamowitego wyst\u0119pu na \u017cywo. Aby uzyska\u0107 bardziej interaktywne wra\u017cenia, do\u0142\u0105cz do opcjonalnej sesji Swim with Dolphins - wyj\u0105tkowego 7-8-minutowego spotkania, podczas kt\u00f3rego b\u0119dziesz p\u0142ywa\u0107 i bawi\u0107 si\u0119 pod okiem profesjonalnych trener\u00f3w. Ta magiczna aktywno\u015b\u0107 jest odpowiednia dla dzieci w wieku od 3 lat (pod opiek\u0105 rodzic\u00f3w). Po pokazie i opcjonalnym p\u0142ywaniu b\u0119dziesz mie\u0107 wolny czas na obejrzenie profesjonalnych zdj\u0119\u0107 i film\u00f3w przed wygodnym transferem z powrotem do hotelu.<\/div>\n<h3>\ud83d\uddfa\ufe0f <strong>Plan podr\u00f3\u017cy<\/strong><\/h3>\n<p>Odbi\u00f3r z hoteli\u00a0<br \/>\ud83d\udd39 Przyjazd do delfinarium<br \/>Ogl\u0105danie pokazu delfin\u00f3w i lw\u00f3w morskich (ok. 1 godz.)<br \/>Opcjonalnie: Sesja p\u0142ywania z delfinami<br \/>Czas wolny na zdj\u0119cia i pami\u0105tki<br \/>Transfer powrotny do hoteli<\/p>\n<h3>\u2139\ufe0f <strong>Przydatne informacje<\/strong><\/h3>\n<p>Czas trwania: Oko\u0142o 4 godzin (w tym transfery)<br \/>Sesja p\u0142ywania: 7-8 minut na osob\u0119<br \/>Godziny seans\u00f3w: Dwa razy dziennie (09:00 i 14:00)<br \/>P\u0142ywanie nale\u017cy rezerwowa\u0107 z wyprzedzeniem.<br \/>Go\u015bcie z epilepsj\u0105 lub powa\u017cnymi schorzeniami nie mog\u0105 do\u0142\u0105czy\u0107 do p\u0142ywania.<br \/>Podczas p\u0142ywania nie wolno u\u017cywa\u0107 bi\u017cuterii ani akcesori\u00f3w.<\/p>\n<h2>\ud83c\udf92 <strong>Co zabra\u0107 ze sob\u0105<\/strong><\/h2>\n<p>Str\u00f3j k\u0105pielowy i r\u0119cznik (dla uczestnik\u00f3w p\u0142ywania)<br \/>Okulary przeciws\u0142oneczne i czapka<br \/>Aparat fotograficzny lub telefon do zdj\u0119\u0107 osobistych<br \/>Got\u00f3wka na opcjonalne zdj\u0119cia lub pami\u0105tki<\/p>\n<h3>\ud83d\udeab <strong>Nieodpowiednie dla<\/strong><\/h3>\n<p>Dzieci poni\u017cej 3 roku \u017cycia (nie mog\u0105 do\u0142\u0105czy\u0107 do p\u0142ywania)<br \/>Go\u015bcie z epilepsj\u0105 lub ograniczon\u0105 mobilno\u015bci\u0105<\/p>\n<h2 dir=\"ltr\">\ud83d\udcb8\u00a0<strong>Cena i rezerwacja<\/strong><\/h2>\n<p dir=\"ltr\"><strong>Zarezerwuj teraz, zap\u0142a\u0107 w dniu wycieczki<\/strong><br \/>\nSkontaktuj si\u0119 z nami przez WhatsApp, Telegram, Viber lub wype\u0142nij poni\u017cszy formularz rezerwacji. \ud83d\udc47\ud83c\udffc<\/p>\n<p>Szukasz alternatyw? Przegl\u0105daj <a href=\"https:\/\/excursionsworld.com\/pl\/side-wycieczki\/\">Wi\u0119cej wycieczek fakultatywnych<\/a>.<\/p>","protected":false},"excerpt":{"rendered":"<p>Zarezerwuj wycieczk\u0119 Side Dolphin Show! Ciesz si\u0119 magicznym pokazem oraz opcjonaln\u0105 k\u0105piel\u0105 z delfinami. Idealna wycieczka rodzinna z wliczonym transferem. \u0141atwa rezerwacja!<\/p>","protected":false},"featured_media":15139,"comment_status":"open","ping_status":"closed","template":"","meta":[],"product_brand":[],"product_cat":[127],"product_tag":[122],"class_list":{"0":"post-15377","1":"product","2":"type-product","3":"status-publish","4":"has-post-thumbnail","6":"tour_phys-side-tours","7":"product_cat-side-tours","8":"product_tag-side","9":"pa_destination-side-tours","11":"first","12":"instock","13":"sale","14":"shipping-taxable","15":"purchasable","16":"product-type-tour_phys"},"aioseo_notices":[],"_links":{"self":[{"href":"https:\/\/excursionsworld.com\/pl\/wp-json\/wp\/v2\/product\/15377","targetHints":{"allow":["GET"]}}],"collection":[{"href":"https:\/\/excursionsworld.com\/pl\/wp-json\/wp\/v2\/product"}],"about":[{"href":"https:\/\/excursionsworld.com\/pl\/wp-json\/wp\/v2\/types\/product"}],"replies":[{"embeddable":true,"href":"https:\/\/excursionsworld.com\/pl\/wp-json\/wp\/v2\/comments?post=15377"}],"wp:featuredmedia":[{"embeddable":true,"href":"https:\/\/excursionsworld.com\/pl\/wp-json\/wp\/v2\/media\/15139"}],"wp:attachment":[{"href":"https:\/\/excursionsworld.com\/pl\/wp-json\/wp\/v2\/media?parent=15377"}],"wp:term":[{"taxonomy":"product_brand","embeddable":true,"href":"https:\/\/excursionsworld.com\/pl\/wp-json\/wp\/v2\/product_brand?post=15377"},{"taxonomy":"product_cat","embeddable":true,"href":"https:\/\/excursionsworld.com\/pl\/wp-json\/wp\/v2\/product_cat?post=15377"},{"taxonomy":"product_tag","embeddable":true,"href":"https:\/\/excursionsworld.com\/pl\/wp-json\/wp\/v2\/product_tag?post=15377"}],"curies":[{"name":"wp","href":"https:\/\/api.w.org\/{rel}","templated":true}]}}