{"id":15378,"date":"2025-10-26T19:35:16","date_gmt":"2025-10-26T16:35:16","guid":{"rendered":"https:\/\/excursionsworld.com\/?post_type=product&#038;p=15378"},"modified":"2026-04-23T05:59:37","modified_gmt":"2026-04-23T02:59:37","slug":"laznia-turecka-hammam-side","status":"publish","type":"product","link":"https:\/\/excursionsworld.com\/tours\/side-turkish-bath-hamam\/","title":{"rendered":"\u0141a\u017ania Turecka w Side \u2013 Autentyczne Do\u015bwiadczenie Hamam"},"content":{"rendered":"<h2><strong>\ud83c\udfdd\ufe0f <span style=\"color: #000000;\">Przegl\u0105d<\/span><\/strong><\/h2>\n<p>Zanurz si\u0119 w <strong>autentyczne tureckie do\u015bwiadczenie K\u0105pieli &amp; Spa w <a href=\"https:\/\/en.wikipedia.org\/wiki\/Side,_Turkey\" target=\"_blank\" rel=\"noopener\">Side<\/a><\/strong>, gdzie staro\u017cytne tradycje wellness spotykaj\u0105 si\u0119 z nowoczesnym komfortem. Ciesz si\u0119 relaksuj\u0105cym dniem w jednym z najlepszych o\u015brodk\u00f3w hamam w regionie, z saun\u0105, \u0142a\u017ani\u0105 parow\u0105 i soln\u0105, peelingiem cia\u0142a, masa\u017cem piankowym i odm\u0142adzaj\u0105cym zabiegiem olejowym. Idealny do oczyszczenia sk\u00f3ry i przygotowania do d\u0142ugotrwa\u0142ej opalenizny podczas wakacji!<\/p>\n<h3><span style=\"color: #000000;\"><strong>\u00a0W zestawie:<\/strong><\/span><\/h3>\n<p><span style=\"color: #00ff00;\"><strong>\u2713<\/strong><\/span> Odbi\u00f3r i dow\u00f3z do hotelu<br \/><span style=\"color: #00ff00;\"><strong>\u2713 <\/strong><\/span>Dost\u0119p do sauny, \u0142a\u017ani parowej i \u0142a\u017ani solnej<br \/><span style=\"color: #00ff00;\"><strong>\u2713 <\/strong><\/span>30-minutowy peeling i masa\u017c pian\u0105<br \/><span style=\"color: #00ff00;\"><strong>\u2713 <\/strong><\/span>20-minutowy relaksuj\u0105cy masa\u017c olejkiem<br \/><span style=\"color: #00ff00;\"><strong>\u2713 <\/strong><\/span>Maseczka na twarz i delikatny masa\u017c twarzy<br \/><span style=\"color: #00ff00;\"><strong>\u2713 <\/strong><\/span>R\u0119czniki, kapcie, myd\u0142o i tradycyjna kamizelka (pestemal)<br \/><span style=\"color: #00ff00;\"><strong>\u2713 <\/strong><\/span>Serwis do herbaty lub herbaty jab\u0142kowej<br \/><span style=\"color: #00ff00;\"><strong>\u2713 <\/strong><\/span>Pe\u0142ne ubezpieczenie<\/p>\n<h3><span style=\"color: #000000;\">\u00a0<strong>Nie zawiera:<\/strong><\/span><\/h3>\n<p><span style=\"color: #ff0000;\"><strong>\u2717<\/strong><\/span> Wydatki osobiste<br \/><span style=\"color: #ff0000;\"><strong>\u2717 <\/strong><\/span>Dodatkowe us\u0142ugi masa\u017cu<br \/><span style=\"color: #ff0000;\"><strong>\u2717 <\/strong><\/span>Szampon do w\u0142os\u00f3w<\/p>\n<h2><strong><span style=\"color: #000000;\">Najwa\u017cniejsze atrakcje wycieczki<\/span><\/strong><\/h2>\n<p>Do\u015bwiadczenie autentycznego tureckiego hamamu w Side<br \/>Relaksuj\u0105cy peeling i masa\u017c pian\u0105 na podgrzewanej marmurowej platformie.<br \/>Detoksykacja w saunie, \u0142a\u017ani parowej i solnej<br \/>Odm\u0142adzaj\u0105cy masa\u017c twarzy z olejkiem<br \/>Poczucie od\u015bwie\u017cenia, lekko\u015bci i gotowo\u015bci na wakacyjne przygody<\/p>\n<h2><span style=\"color: #000000;\"><strong>Pe\u0142ny opis<\/strong><\/span><\/h2>\n<div>Wejd\u017a w wielowiekow\u0105 tradycj\u0119 wellness z <strong>Boczna \u0142a\u017ania turecka i wycieczka do spa<\/strong>, Zaprojektowany, aby zrelaksowa\u0107 cia\u0142o i umys\u0142. Po przybyciu na miejsce zostaniesz ciep\u0142o powitany i otrzymasz r\u0119cznik, kapcie i pestemal przed rozpocz\u0119ciem podr\u00f3\u017cy odm\u0142adzaj\u0105cej. Rozpocznij w <strong>sauna, \u0142a\u017ania parowa i solna<\/strong>, gdzie ciep\u0142o i minera\u0142y pomagaj\u0105 otworzy\u0107 pory i przygotowa\u0107 sk\u00f3r\u0119 do oczyszczenia. Nast\u0119pnie przejd\u017a do wewn\u0119trznej komory \u0142a\u017ani tureckiej, gdzie czeka na Ciebie najwa\u017cniejsza atrakcja - <strong>tradycyjny peeling i masa\u017c pian\u0105<\/strong> wykonywany na rozgrzanym marmurowym kamieniu (gobektasi). Ten g\u0142\u0119boki peeling usuwa martwe kom\u00f3rki nask\u00f3rka i toksyny, pozostawiaj\u0105c sk\u00f3r\u0119 jedwabi\u015bcie g\u0142adk\u0105. Nast\u0119pnie zrelaksuj si\u0119 z <strong>serwis do herbaty lub herbaty jab\u0142kowej<\/strong>, po kt\u00f3rym nast\u0119puje <strong>20-minutowy masa\u017c olejkami aromatycznymi<\/strong> kt\u00f3ry rozlu\u017ania ka\u017cdy mi\u0119sie\u0144 cia\u0142a. Do\u015bwiadczenie ko\u0144czy si\u0119 <strong>od\u017cywcza maseczka i delikatny masa\u017c twarzy<\/strong>, pozostawiaj\u0105c Ci\u0119 w pe\u0142ni od\u015bwie\u017con\u0105 i promienn\u0105.<\/div>\n<h3><span style=\"color: #000000;\"><strong>Plan podr\u00f3\u017cy<\/strong><\/span><\/h3>\n<p>odbi\u00f3r z hotelu i transfer do centrum spa<br \/>Sesja w saunie, \u0142a\u017ani parowej i solnej<br \/>Peeling ca\u0142ego cia\u0142a i masa\u017c pian\u0105<br \/>Kr\u00f3tka przerwa relaksacyjna z herbat\u0105<br \/>Aromatyczny masa\u017c olejkami (20 minut)<br \/>Maseczka na twarz i masa\u017c twarzy<br \/>Transfer powrotny do hotelu<\/p>\n<h3><span style=\"color: #000000;\"><strong>\u2139\ufe0f Przydatne informacje<\/strong><\/span><\/h3>\n<p>Odpowiedni dla m\u0119\u017cczyzn i kobiet<br \/>\ud83d\udd39 Dzieci mog\u0105 uczestniczy\u0107 pod nadzorem osoby doros\u0142ej.<br \/>Wszystkie obiekty s\u0105 czyste i higieniczne.<br \/>Czas trwania zabiegu: oko\u0142o 2 godzin<\/p>\n<h2><span style=\"color: #000000;\"><strong>Co zabra\u0107 ze sob\u0105<\/strong><\/span><\/h2>\n<p>Str\u00f3j k\u0105pielowy<br \/>Szampon do w\u0142os\u00f3w<\/p>\n<h3><span style=\"color: #000000;\"><strong>Nieodpowiednie dla<\/strong><\/span><\/h3>\n<p>Osoby z astm\u0105 lub ci\u0119\u017ckimi chorobami uk\u0142adu oddechowego<\/p>\n<h2 dir=\"ltr\">\ud83d\udcb8\u00a0<strong>Cena i rezerwacja<\/strong><\/h2>\n<p dir=\"ltr\"><strong>Zarezerwuj teraz, zap\u0142a\u0107 w dniu wycieczki<\/strong><br \/>\nSkontaktuj si\u0119 z nami przez WhatsApp, Telegram, Viber lub wype\u0142nij poni\u017cszy formularz rezerwacji. \ud83d\udc47\ud83c\udffc<\/p>\n<p>Szukasz alternatyw? Przegl\u0105daj <a href=\"https:\/\/excursionsworld.com\/pl\/urun-kategori\/side-wycieczki\/\">Wi\u0119cej wycieczek fakultatywnych<\/a>.<\/p>","protected":false},"excerpt":{"rendered":"<p data-start=\"3442\" data-end=\"3600\">Do\u015bwiadcz autentyczno\u015bci<strong> Hamam<\/strong> w Side! Zrelaksuj si\u0119 z saun\u0105, par\u0105, pian\u0105 i masa\u017cem olejowym w najlepszym <strong>\u0141a\u017ania turecka <\/strong> spa. Oferta obejmuje transfer do hotelu i serwis herbaciany.<\/p>","protected":false},"featured_media":12688,"comment_status":"open","ping_status":"closed","template":"","meta":[],"product_brand":[],"product_cat":[127],"product_tag":[122],"class_list":{"0":"post-15378","1":"product","2":"type-product","3":"status-publish","4":"has-post-thumbnail","6":"tour_phys-side-tours","7":"product_cat-side-tours","8":"product_tag-side","9":"pa_destination-side-tours","11":"first","12":"instock","13":"sale","14":"shipping-taxable","15":"purchasable","16":"product-type-tour_phys"},"aioseo_notices":[],"_links":{"self":[{"href":"https:\/\/excursionsworld.com\/pl\/wp-json\/wp\/v2\/product\/15378","targetHints":{"allow":["GET"]}}],"collection":[{"href":"https:\/\/excursionsworld.com\/pl\/wp-json\/wp\/v2\/product"}],"about":[{"href":"https:\/\/excursionsworld.com\/pl\/wp-json\/wp\/v2\/types\/product"}],"replies":[{"embeddable":true,"href":"https:\/\/excursionsworld.com\/pl\/wp-json\/wp\/v2\/comments?post=15378"}],"wp:featuredmedia":[{"embeddable":true,"href":"https:\/\/excursionsworld.com\/pl\/wp-json\/wp\/v2\/media\/12688"}],"wp:attachment":[{"href":"https:\/\/excursionsworld.com\/pl\/wp-json\/wp\/v2\/media?parent=15378"}],"wp:term":[{"taxonomy":"product_brand","embeddable":true,"href":"https:\/\/excursionsworld.com\/pl\/wp-json\/wp\/v2\/product_brand?post=15378"},{"taxonomy":"product_cat","embeddable":true,"href":"https:\/\/excursionsworld.com\/pl\/wp-json\/wp\/v2\/product_cat?post=15378"},{"taxonomy":"product_tag","embeddable":true,"href":"https:\/\/excursionsworld.com\/pl\/wp-json\/wp\/v2\/product_tag?post=15378"}],"curies":[{"name":"wp","href":"https:\/\/api.w.org\/{rel}","templated":true}]}}