{"id":15383,"date":"2025-10-26T19:47:05","date_gmt":"2025-10-26T16:47:05","guid":{"rendered":"https:\/\/excursionsworld.com\/?post_type=product&#038;p=15383"},"modified":"2026-04-24T00:20:52","modified_gmt":"2026-04-23T21:20:52","slug":"buggy-safari-side","status":"publish","type":"product","link":"https:\/\/excursionsworld.com\/tours\/side-buggy-safari\/","title":{"rendered":"Safari buggy w Side \u2013 terenowa przygoda dla ka\u017cdego"},"content":{"rendered":"<h2>\ud83c\udfdd\ufe0f Przegl\u0105d<\/h2>\n<p>Przygotuj si\u0119 na niezapomnian\u0105 przygod\u0119 w terenie z <a href=\"https:\/\/en.wikipedia.org\/wiki\/Side,_Turkey\" target=\"_blank\" rel=\"noopener\">Side<\/a> Safari Buggy! Prowad\u017a w\u0142asnego buggy z automatyczn\u0105 skrzyni\u0105 bieg\u00f3w po zakurzonych g\u00f3rskich szlakach, lasach sosnowych i malowniczych rzekach w pobli\u017cu Side. Idealne dla rodzin, pocz\u0105tkuj\u0105cych i poszukiwaczy mocnych wra\u017ce\u0144 \u2014 nie wymaga prawa jazdy ani do\u015bwiadczenia!<\/p>\n<h3>\u00a0W zestawie:<\/h3>\n<p><strong><span style=\"color: #00ff00;\">\u2713<\/span> <\/strong>Odbi\u00f3r i dow\u00f3z do hotelu\u00a0<br \/><strong><span style=\"color: #00ff00;\">\u2713<\/span> <\/strong>Profesjonalny instruktor i przewodnik<br \/><strong><span style=\"color: #00ff00;\">\u2713<\/span> <\/strong>Pe\u0142na ochrona ubezpieczeniowa<br \/><strong><span style=\"color: #00ff00;\">\u2713<\/span> <\/strong>Sprz\u0119t bezpiecze\u0144stwa (kask)<\/p>\n<h3>\u00a0Nie zawiera:<\/h3>\n<div><strong><span style=\"color: #ff0000;\">\u2717<\/span> <\/strong>Opcjonalna przerwa na p\u0142ywanie<\/div>\n<div><strong><span style=\"color: #ff0000;\">\u2717<\/span> <\/strong>Wydatki osobiste (napoje, przek\u0105ski, zdj\u0119cia, bandany)<\/div>\n<h2>\ud83c\udf1f Najwa\u017cniejsze punkty wycieczki Buggy Safari po tej stronie<\/h2>\n<p>Ekscytuj\u0105ce wra\u017cenia z jazdy terenowym buggy w pobli\u017cu Side<br \/>Malownicze le\u015bne szlaki i naturalne przeprawy przez rzek\u0119<br \/>Bezpieczne i \u0142atwe w obs\u0142udze pojazdy automatyczne - idealne dla wszystkich poziom\u00f3w zaawansowania<br \/>Zabawny i pe\u0142en akcji dzie\u0144 dla par, rodzin i grup.<br \/>Poranne i popo\u0142udniowe sesje zwiedzania dost\u0119pne codziennie<\/p>\n<h2>\ud83d\udcd6 Pe\u0142ny Opis: Twoja Przygoda z Safari Buggy<\/h2>\n<p>Twoja przygoda rozpoczyna si\u0119 od wygodnego transferu z hotelu w Side lub okolicy do bazy safari buggy. Po przyje\u017adzie profesjonalni instruktorzy udziel\u0105 informacji na temat bezpiecze\u0144stwa, kask\u00f3w i szybkiej jazdy pr\u00f3bnej, aby pom\u00f3c Ci zapozna\u0107 si\u0119 z buggy.<br \/>Nast\u0119pnie nadszed\u0142 czas, aby rozpocz\u0105\u0107 przygod\u0119! Pod\u0105\u017caj za swoim przewodnikiem po zakurzonych le\u015bnych \u015bcie\u017ckach, pluskaj si\u0119 w ma\u0142ych strumieniach i wspinaj si\u0119 na \u0142agodne wzg\u00f3rza - a wszystko to w otoczeniu pi\u0119kna g\u00f3r Taurus. Przed powrotem do stacji buggy b\u0119d\u0105 kr\u00f3tkie przerwy na odpoczynek, zdj\u0119cia, a nawet opcjonaln\u0105 k\u0105piel. Po zako\u0144czeniu przeja\u017cd\u017cki zrelaksuj si\u0119 przez kilka minut i ciesz si\u0119 wygodnym transferem z powrotem do hotelu.<\/p>\n<h3>\ud83d\uddfa\ufe0f Plan podr\u00f3\u017cy<\/h3>\n<p>Odbi\u00f3r z hoteli w regionie Side<br \/>\ud83d\udd39 Przyjazd do bazy buggy i odprawa bezpiecze\u0144stwa<br \/>Jazda testowa i konfiguracja sprz\u0119tu<br \/>Jazda terenowa przez g\u00f3rskie i le\u015bne \u015bcie\u017cki<br \/>Kr\u00f3tkie przerwy na odpoczynek, zdj\u0119cia i p\u0142ywanie<br \/>Powr\u00f3t do bazy buggy<br \/>Odbi\u00f3r w hotelach<\/p>\n<h3>\u2139\ufe0f Przydatne informacje<\/h3>\n<p>Czas trwania: \u0142\u0105cznie oko\u0142o 3-4 godzin\u00a0<br \/>Dwie sesje dziennie: 09:00 i 13:30<br \/>Prawo jazdy nie jest wymagane<br \/>Dzieci mog\u0105 do\u0142\u0105czy\u0107 jako pasa\u017cerowie z rodzicami.<br \/>Zalecane: nosi\u0107 wygodne, stare ubrania i zamkni\u0119te buty.<br \/>Zabierz ze sob\u0105: okulary przeciws\u0142oneczne, krem z filtrem i chustk\u0119.<\/p>\n<h2>Co zabra\u0107 ze sob\u0105<\/h2>\n<p>Okulary przeciws\u0142oneczne i filtr przeciws\u0142oneczny<br \/>Bandana lub maska na twarz<br \/>Wygodna odzie\u017c i obuwie<br \/>Niewielka got\u00f3wka na wydatki osobiste lub zdj\u0119cia<\/p>\n<h3>Nieodpowiednie dla<\/h3>\n<p>Kobiety w ci\u0105\u017cy<br \/>Go\u015bcie z powa\u017cnymi schorzeniami kr\u0119gos\u0142upa lub serca<\/p>\n<h2 dir=\"ltr\">\ud83d\udcb8\u00a0<strong>Cena i rezerwacja<\/strong><\/h2>\n<p dir=\"ltr\"><strong>Zarezerwuj teraz, zap\u0142a\u0107 w dniu wycieczki<\/strong><br \/>\nSkontaktuj si\u0119 z nami przez WhatsApp, Telegram, Viber lub wype\u0142nij poni\u017cszy formularz rezerwacji. \ud83d\udc47\ud83c\udffc<\/p>\n<p>Szukasz alternatyw? Przegl\u0105daj <a href=\"https:\/\/excursionsworld.com\/pl\/side-wycieczki\/\">Wi\u0119cej wycieczek fakultatywnych<\/a>.<\/p>","protected":false},"excerpt":{"rendered":"<p data-start=\"2866\" data-end=\"3089\">Zarezerwuj <b>Side Buggy Safari<\/b> <b>trasa<\/b>! Ciesz si\u0119 <b>ATV<\/b> <b>przygoda<\/b> <b>wycieczka<\/b> na b\u0142otnistym <b>off-road<\/b> le\u015bne szlaki. Doskona\u0142y <b>podr\u00f3\u017c<\/b> dla <b>pocz\u0105tkuj\u0105cy<\/b>! <b>Transfer<\/b> w zestawie.<\/p>","protected":false},"featured_media":15155,"comment_status":"open","ping_status":"closed","template":"","meta":[],"product_brand":[],"product_cat":[127],"product_tag":[122],"class_list":{"0":"post-15383","1":"product","2":"type-product","3":"status-publish","4":"has-post-thumbnail","6":"tour_phys-side-tours","7":"product_cat-side-tours","8":"product_tag-side","9":"pa_destination-side-tours","11":"first","12":"instock","13":"sale","14":"shipping-taxable","15":"purchasable","16":"product-type-tour_phys"},"aioseo_notices":[],"_links":{"self":[{"href":"https:\/\/excursionsworld.com\/pl\/wp-json\/wp\/v2\/product\/15383","targetHints":{"allow":["GET"]}}],"collection":[{"href":"https:\/\/excursionsworld.com\/pl\/wp-json\/wp\/v2\/product"}],"about":[{"href":"https:\/\/excursionsworld.com\/pl\/wp-json\/wp\/v2\/types\/product"}],"replies":[{"embeddable":true,"href":"https:\/\/excursionsworld.com\/pl\/wp-json\/wp\/v2\/comments?post=15383"}],"wp:featuredmedia":[{"embeddable":true,"href":"https:\/\/excursionsworld.com\/pl\/wp-json\/wp\/v2\/media\/15155"}],"wp:attachment":[{"href":"https:\/\/excursionsworld.com\/pl\/wp-json\/wp\/v2\/media?parent=15383"}],"wp:term":[{"taxonomy":"product_brand","embeddable":true,"href":"https:\/\/excursionsworld.com\/pl\/wp-json\/wp\/v2\/product_brand?post=15383"},{"taxonomy":"product_cat","embeddable":true,"href":"https:\/\/excursionsworld.com\/pl\/wp-json\/wp\/v2\/product_cat?post=15383"},{"taxonomy":"product_tag","embeddable":true,"href":"https:\/\/excursionsworld.com\/pl\/wp-json\/wp\/v2\/product_tag?post=15383"}],"curies":[{"name":"wp","href":"https:\/\/api.w.org\/{rel}","templated":true}]}}