{"id":15384,"date":"2025-10-26T20:08:07","date_gmt":"2025-10-26T17:08:07","guid":{"rendered":"https:\/\/excursionsworld.com\/?post_type=product&#038;p=15384"},"modified":"2026-04-23T05:59:40","modified_gmt":"2026-04-23T02:59:40","slug":"quad-safari-side","status":"publish","type":"product","link":"https:\/\/excursionsworld.com\/tours\/side-quad-safari\/","title":{"rendered":"Safari quad z Side \u2013 terenowa przygoda na quadach"},"content":{"rendered":"<h2><span style=\"color: #000000;\"><strong>\ud83c\udfdd\ufe0f Przegl\u0105d<\/strong><\/span><\/h2>\n<p>Je\u017ad\u017a swobodnie swoim quadem przez osza\u0142amiaj\u0105ce g\u00f3ry Taurus w pobli\u017cu <a href=\"https:\/\/en.wikipedia.org\/wiki\/Side,_Turkey\" target=\"_blank\" rel=\"noopener\">Side<\/a>! Oddychaj \u015bwie\u017cym, g\u00f3rskim powietrzem, ciesz si\u0119 spektakularn\u0105 przyrod\u0105 i sp\u0119d\u017a zabawne, pe\u0142ne przyg\u00f3d 2-godzinne przeja\u017cd\u017cki. Ta wycieczka oferuje niezapomniane wra\u017cenia zar\u00f3wno dla poszukiwaczy mocnych wra\u017ce\u0144, jak i pocz\u0105tkuj\u0105cych.<\/p>\n<h3>\u00a0W zestawie:<\/h3>\n<p><span style=\"color: #00ff00;\"><strong>\u2713<\/strong><\/span> Odbi\u00f3r i dow\u00f3z do hotelu<br \/><span style=\"color: #00ff00;\"><strong>\u2713 <\/strong><\/span>Profesjonalni przewodnicy<br \/><span style=\"color: #00ff00;\"><strong>\u2713 <\/strong><\/span>Pe\u0142ne ubezpieczenie<br \/><span style=\"color: #00ff00;\"><strong>\u2713 <\/strong><\/span>2-godzinna przeja\u017cd\u017cka quadem<br \/><span style=\"color: #00ff00;\"><strong>\u2713 <\/strong><\/span>Sprz\u0119t bezpiecze\u0144stwa (kask)<\/p>\n<h3><span style=\"color: #000000;\"><strong>\u00a0Nie zawiera:<\/strong><\/span><\/h3>\n<p><strong><span style=\"color: #ff0000;\">\u2717<\/span><\/strong> Wydatki osobiste\u00a0<br \/><strong><span style=\"color: #ff0000;\">\u2717 <\/span><\/strong>Zdj\u0119cia i filmy<br \/><strong><span style=\"color: #ff0000;\">\u2717 <\/span><\/strong>Napoje<\/p>\n<h2><span style=\"color: #000000;\"><strong>Najwa\u017cniejsze atrakcje wycieczki<\/strong><\/span><\/h2>\n<p>2-godzinna przygoda quadem w g\u00f3rach Taurus w pobli\u017cu Side<br \/>Le\u015bne szlaki, skaliste \u015bcie\u017cki, strumienie rzeczne i stawy<br \/>Malownicze przystanki wypoczynkowe w otoczeniu przyrody<br \/>Odpowiedni dla pocz\u0105tkuj\u0105cych z pe\u0142nym instrukta\u017cem<br \/>\ud83d\udd39 Do\u015bwiadcz b\u0142ota, kurzu i czystej off-roadowej ekscytacji<\/p>\n<h2><span style=\"color: #000000;\"><strong>Pe\u0142ny opis<\/strong><\/span><\/h2>\n<p>Po wygodnym transferze do hotelu w Side, dotrzyj do bazy quad\u00f3w na wsi. Instruktorzy zapewni\u0105 instrukta\u017c bezpiecze\u0144stwa i ca\u0142y niezb\u0119dny sprz\u0119t, a nast\u0119pnie kr\u00f3tk\u0105 jazd\u0119 pr\u00f3bn\u0105, aby zapozna\u0107 si\u0119 z ATV.<\/p>\n<p>Przygoda rozpoczyna si\u0119 od 20-kilometrowej przeja\u017cd\u017cki z przewodnikiem przez lasy, wzg\u00f3rza, b\u0142otniste \u015bcie\u017cki i strumienie. Instruktorzy jad\u0105 obok, aby pomaga\u0107 i odpowiada\u0107 na pytania. W po\u0142owie trasy mo\u017cna zrobi\u0107 sobie przerw\u0119 nad malownicz\u0105 rzek\u0105 przed kontynuowaniem ekscytuj\u0105cej jazdy. Wycieczka ko\u0144czy si\u0119 transferem z powrotem do hotelu, ko\u0144cz\u0105c pe\u0142en adrenaliny dzie\u0144 na \u0142onie natury.<\/p>\n<h3><span style=\"color: #000000;\"><strong>\ud83d\uddfa\ufe0f Plan podr\u00f3\u017cy<\/strong><\/span><\/h3>\n<p>Odbi\u00f3r z hoteli w Side<br \/>\ud83d\udd39 Przybycie do bazy quad\u00f3w i odprawa dotycz\u0105ca bezpiecze\u0144stwa<br \/>Konfiguracja sprz\u0119tu i kr\u00f3tka jazda testowa (15 min)<br \/>2-godzinna trasa z przewodnikiem przez g\u00f3ry i le\u015bne szlaki<br \/>Przystanek w pobli\u017cu rzeki (15-20 min)<br \/>Przejazd powrotny i dow\u00f3z do hotelu<\/p>\n<h3><span style=\"color: #000000;\"><strong>\u2139\ufe0f Przydatne informacje<\/strong><\/span><\/h3>\n<p>Czas trwania: oko\u0142o 3 godzin (w tym transfery)<br \/>Prawo jazdy nie jest wymagane<br \/>Minimalny wiek kierowcy: 17 lat<br \/>Kask w zestawie<br \/>Umiarkowany lub wysoki poziom aktywno\u015bci fizycznej<\/p>\n<h2><span style=\"color: #000000;\"><strong>Co zabra\u0107 ze sob\u0105<\/strong><\/span><\/h2>\n<p>Wygodne ubrania i buty (spodziewaj si\u0119 zab\u0142ocenia)<br \/>Filtr przeciws\u0142oneczny<br \/>Okulary przeciws\u0142oneczne<br \/>Zapasowe ubrania<br \/>got\u00f3wka na wydatki osobiste (napoje, zdj\u0119cia itp.)<\/p>\n<h3><span style=\"color: #000000;\"><strong>Nieodpowiednie dla<\/strong><\/span><\/h3>\n<p>Kobiety w ci\u0105\u017cy<br \/>Go\u015bcie pod wp\u0142ywem alkoholu<br \/>Osoby o ograniczonej sprawno\u015bci ruchowej<\/p>\n<h2 dir=\"ltr\">\ud83d\udcb8\u00a0<strong>Cena i rezerwacja<\/strong><\/h2>\n<p dir=\"ltr\"><strong>Zarezerwuj teraz, zap\u0142a\u0107 w dniu wycieczki<\/strong><br \/>\nSkontaktuj si\u0119 z nami przez WhatsApp, Telegram, Viber lub wype\u0142nij poni\u017cszy formularz rezerwacji. \ud83d\udc47\ud83c\udffc<\/p>\n<p>Szukasz alternatyw? Przegl\u0105daj <a href=\"https:\/\/excursionsworld.com\/pl\/urun-kategori\/side-wycieczki\/\">Wi\u0119cej wycieczek fakultatywnych<\/a>.<\/p>","protected":false},"excerpt":{"rendered":"<p data-start=\"2866\" data-end=\"3089\">Zarezerwuj <b>Side Quad Safari<\/b>! Ciesz si\u0119 <b>ekscytuj\u0105ca wycieczka ATV<\/b> przez <b>G\u00f3ry Taurus<\/b> i b\u0142otniste szlaki. Idealny dla <b>pocz\u0105tkuj\u0105cy<\/b> i poszukiwacze przyg\u00f3d! <b>Transfer<\/b> w zestawie.<\/p>","protected":false},"featured_media":15086,"comment_status":"open","ping_status":"closed","template":"","meta":[],"product_brand":[],"product_cat":[127],"product_tag":[122],"class_list":{"0":"post-15384","1":"product","2":"type-product","3":"status-publish","4":"has-post-thumbnail","6":"tour_phys-side-tours","7":"product_cat-side-tours","8":"product_tag-side","9":"pa_destination-side-tours","11":"first","12":"instock","13":"sale","14":"shipping-taxable","15":"purchasable","16":"product-type-tour_phys"},"aioseo_notices":[],"_links":{"self":[{"href":"https:\/\/excursionsworld.com\/pl\/wp-json\/wp\/v2\/product\/15384","targetHints":{"allow":["GET"]}}],"collection":[{"href":"https:\/\/excursionsworld.com\/pl\/wp-json\/wp\/v2\/product"}],"about":[{"href":"https:\/\/excursionsworld.com\/pl\/wp-json\/wp\/v2\/types\/product"}],"replies":[{"embeddable":true,"href":"https:\/\/excursionsworld.com\/pl\/wp-json\/wp\/v2\/comments?post=15384"}],"wp:featuredmedia":[{"embeddable":true,"href":"https:\/\/excursionsworld.com\/pl\/wp-json\/wp\/v2\/media\/15086"}],"wp:attachment":[{"href":"https:\/\/excursionsworld.com\/pl\/wp-json\/wp\/v2\/media?parent=15384"}],"wp:term":[{"taxonomy":"product_brand","embeddable":true,"href":"https:\/\/excursionsworld.com\/pl\/wp-json\/wp\/v2\/product_brand?post=15384"},{"taxonomy":"product_cat","embeddable":true,"href":"https:\/\/excursionsworld.com\/pl\/wp-json\/wp\/v2\/product_cat?post=15384"},{"taxonomy":"product_tag","embeddable":true,"href":"https:\/\/excursionsworld.com\/pl\/wp-json\/wp\/v2\/product_tag?post=15384"}],"curies":[{"name":"wp","href":"https:\/\/api.w.org\/{rel}","templated":true}]}}