{"id":15386,"date":"2025-10-26T20:11:12","date_gmt":"2025-10-26T17:11:12","guid":{"rendered":"https:\/\/excursionsworld.com\/?post_type=product&#038;p=15386"},"modified":"2026-04-23T05:59:41","modified_gmt":"2026-04-23T02:59:41","slug":"polow-ryb-side-rejs","status":"publish","type":"product","link":"https:\/\/excursionsworld.com\/tours\/side-sea-fishing\/","title":{"rendered":"Wycieczka Po\u0142\u00f3w Ryb w Side \u2013 Rejs Po\u0142\u00f3wkowy All Inclusive"},"content":{"rendered":"<h2><span style=\"color: #000000;\"><strong>Przegl\u0105d<\/strong><\/span><\/h2>\n<p>Prze\u017cyj emocje zwi\u0105zane z \u0142owieniem ryb w l\u015bni\u0105cych, b\u0142\u0119kitnych wodach Morza \u015ar\u00f3dziemnego dzi\u0119ki <strong><a href=\"https:\/\/en.wikipedia.org\/wiki\/Side,_Turkey\" target=\"_blank\" rel=\"noopener\">Side<\/a> W\u0119dkarska wycieczka<\/strong>! Ta p\u00f3\u0142dniowa przygoda \u0142\u0105czy w sobie sport, relaks i malowniczy rejs na pok\u0142adzie wygodnej 10-metrowej \u0142odzi rybackiej wyp\u0142ywaj\u0105cej z Side Harbour. Idealny zar\u00f3wno dla pocz\u0105tkuj\u0105cych, jak i do\u015bwiadczonych w\u0119dkarzy - a nawet tych, kt\u00f3rzy po prostu chc\u0105 si\u0119 zrelaksowa\u0107, opala\u0107 i cieszy\u0107 si\u0119 orze\u017awiaj\u0105cymi przerwami na p\u0142ywanie.<\/p>\n<h3><span style=\"color: #000000;\"><strong>\u00a0W zestawie:<\/strong><\/span><\/h3>\n<p><strong><span style=\"color: #00ff00;\">\u2713<\/span> <\/strong>Transfery hotelowe (w obie strony)<br \/><strong><span style=\"color: #00ff00;\">\u2713<\/span> <\/strong>Pe\u0142na ochrona ubezpieczeniowa<br \/><strong><span style=\"color: #00ff00;\">\u2713<\/span> <\/strong>Profesjonalne us\u0142ugi przewodnika i instruktora<br \/><strong><span style=\"color: #00ff00;\">\u2713<\/span> <\/strong>Lekkie \u015bniadanie na \u0142odzi (poranna wycieczka)<br \/><strong><span style=\"color: #00ff00;\">\u2713<\/span> <\/strong>Sprz\u0119t w\u0119dkarski i przyn\u0119ty<br \/><strong><span style=\"color: #00ff00;\">\u2713<\/span> <\/strong>Herbata i kawa<\/p>\n<h3><span style=\"color: #000000;\">\u00a0Nie zawiera:<\/span><\/h3>\n<p><strong><span style=\"color: #ff0000;\">\u2717<\/span><\/strong> Napoje bezalkoholowe i alkoholowe<br \/><strong><span style=\"color: #ff0000;\">\u2717 <\/span><\/strong>Zdj\u0119cia i DVD<br \/><strong><span style=\"color: #ff0000;\">\u2717 <\/span><\/strong>Us\u0142uga gotowania ryb (5 EUR za osob\u0119, opcjonalnie)<\/p>\n<h2><span style=\"color: #000000;\">Najwa\u017cniejsze atrakcje wycieczki<\/span><\/h2>\n<p>Autentyczne do\u015bwiadczenie w\u0119dkarskie na ma\u0142ej, 10-metrowej \u0142odzi ograniczonej do 12 os\u00f3b<br \/>Przewodnik prowadzony przez profesjonalnego rybaka, kt\u00f3ry zna najlepsze lokalne \u0142owiska w pobli\u017cu Karaburun lub Dolphin Island.<br \/>Wyposa\u017cony w technologi\u0119 sonarow\u0105 dla lepszych wynik\u00f3w po\u0142ow\u00f3w na g\u0142\u0119boko\u015bci 30-60 metr\u00f3w.<br \/>Relaksuj\u0105ca atmosfera z mo\u017cliwo\u015bci\u0105 p\u0142ywania i opalania si\u0119<br \/>Sesje poranne (08:00-12:30) i popo\u0142udniowe (15:00-19:30) dost\u0119pne codziennie.<\/p>\n<h2><span style=\"color: #000000;\">Pe\u0142ny opis<\/span><\/h2>\n<p>Przygoda z w\u0119dkarstwem rozpoczyna si\u0119 od wygodnego transferu z hotelu w regionie Side do portu. Po przybyciu na miejsce przyjazny kapitan powita Ci\u0119 na pok\u0142adzie i udzieli kr\u00f3tkiej informacji na temat trasy, sprz\u0119tu w\u0119dkarskiego i bezpiecze\u0144stwa.<br \/>Nast\u0119pnie wyp\u0142y\u0144 na bogate \u0142owiska w pobli\u017cu Karaburun lub Dolphin Island, gdzie b\u0119dziesz cieszy\u0107 si\u0119 3-4 godzinami zabawy i relaksuj\u0105cego w\u0119dkowania.<br \/>Podczas porannej wycieczki na pok\u0142adzie serwowane jest lekkie \u015bniadanie, a wszyscy go\u015bcie mog\u0105 cieszy\u0107 si\u0119 1-godzinn\u0105 przerw\u0105 na p\u0142ywanie w krystalicznie czystych wodach. Po ekscytuj\u0105cym dniu na morzu \u0142\u00f3d\u017a wraca do Side Harbour, sk\u0105d zostaniesz przetransportowany z powrotem do hotelu.<\/p>\n<h3><span style=\"color: #000000;\">\ud83d\uddfa\ufe0f Plan podr\u00f3\u017cy<\/span><\/h3>\n<p>Odbi\u00f3r z hoteli w regionie Side<br \/>\ud83d\udd39 Przybycie do Side Harbour i powitanie przez kapitana<br \/>Kr\u00f3tka odprawa na temat obszar\u00f3w po\u0142owowych i sprz\u0119tu<br \/>3-4 godziny w\u0119dkowania i wypoczynku na morzu<br \/>Lekkie \u015bniadanie (rano) lub przerwa na p\u0142ywanie (wszystkie wycieczki)<br \/>Powr\u00f3t do Side Harbour<br \/>Odbi\u00f3r w hotelach<\/p>\n<h3><span style=\"color: #000000;\">\u2139\ufe0f Przydatne informacje<\/span><\/h3>\n<p>Czas trwania: oko\u0142o 5 godzin (w tym transfery)<br \/>Pojemno\u015b\u0107: do 12 go\u015bci<br \/>\ud83d\udd39 Do\u015bwiadczenie nie jest wymagane - zapewniamy pe\u0142ne wytyczne<br \/>Dost\u0119pna us\u0142uga czyszczenia i gotowania ryb (5 EUR za osob\u0119)<br \/>Dwie sesje dziennie: 08:00 i 15:00<\/p>\n<h2>Co zabra\u0107 ze sob\u0105<\/h2>\n<p>Okulary przeciws\u0142oneczne i filtr przeciws\u0142oneczny<br \/>Wygodne ubrania i buty<br \/>Str\u00f3j k\u0105pielowy i r\u0119cznik<br \/>Niewielka got\u00f3wka na opcjonalne dodatki<\/p>\n<h3>Nieodpowiednie dla<\/h3>\n<p>Kobiety w ci\u0105\u017cy<br \/>Go\u015bcie z powa\u017cnymi schorzeniami kr\u0119gos\u0142upa lub serca<\/p>\n<h2 dir=\"ltr\">\ud83d\udcb8\u00a0<strong>Cena i rezerwacja<\/strong><\/h2>\n<p dir=\"ltr\"><strong>Zarezerwuj teraz, zap\u0142a\u0107 w dniu wycieczki<\/strong><br \/>\nSkontaktuj si\u0119 z nami przez WhatsApp, Telegram, Viber lub wype\u0142nij poni\u017cszy formularz rezerwacji. \ud83d\udc47\ud83c\udffc<\/p>\n<p>Szukasz alternatyw? Przegl\u0105daj <a href=\"https:\/\/excursionsworld.com\/pl\/urun-kategori\/side-wycieczki\/\">Wi\u0119cej wycieczek fakultatywnych<\/a>.<\/p>","protected":false},"excerpt":{"rendered":"<p data-start=\"171\" data-end=\"381\">Zarezerwuj <b>Poboczna wycieczka w\u0119dkarska<\/b>! Ciesz si\u0119 <b>4-godzinna wycieczka po Morzu \u015ar\u00f3dziemnym<\/b> z w\u0119dkowaniem, p\u0142ywaniem i wskaz\u00f3wkami kapitana. <b>Transfer wliczony w cen\u0119<\/b>, sprz\u0119t zapewniony. Idealne p\u00f3\u0142 dnia <b>trasa<\/b>!<\/p>","protected":false},"featured_media":15809,"comment_status":"open","ping_status":"closed","template":"","meta":[],"product_brand":[],"product_cat":[127],"product_tag":[122],"class_list":{"0":"post-15386","1":"product","2":"type-product","3":"status-publish","4":"has-post-thumbnail","6":"tour_phys-side-tours","7":"product_cat-side-tours","8":"product_tag-side","9":"pa_destination-side-tours","11":"first","12":"instock","13":"sale","14":"shipping-taxable","15":"purchasable","16":"product-type-tour_phys"},"aioseo_notices":[],"_links":{"self":[{"href":"https:\/\/excursionsworld.com\/pl\/wp-json\/wp\/v2\/product\/15386","targetHints":{"allow":["GET"]}}],"collection":[{"href":"https:\/\/excursionsworld.com\/pl\/wp-json\/wp\/v2\/product"}],"about":[{"href":"https:\/\/excursionsworld.com\/pl\/wp-json\/wp\/v2\/types\/product"}],"replies":[{"embeddable":true,"href":"https:\/\/excursionsworld.com\/pl\/wp-json\/wp\/v2\/comments?post=15386"}],"wp:featuredmedia":[{"embeddable":true,"href":"https:\/\/excursionsworld.com\/pl\/wp-json\/wp\/v2\/media\/15809"}],"wp:attachment":[{"href":"https:\/\/excursionsworld.com\/pl\/wp-json\/wp\/v2\/media?parent=15386"}],"wp:term":[{"taxonomy":"product_brand","embeddable":true,"href":"https:\/\/excursionsworld.com\/pl\/wp-json\/wp\/v2\/product_brand?post=15386"},{"taxonomy":"product_cat","embeddable":true,"href":"https:\/\/excursionsworld.com\/pl\/wp-json\/wp\/v2\/product_cat?post=15386"},{"taxonomy":"product_tag","embeddable":true,"href":"https:\/\/excursionsworld.com\/pl\/wp-json\/wp\/v2\/product_tag?post=15386"}],"curies":[{"name":"wp","href":"https:\/\/api.w.org\/{rel}","templated":true}]}}