{"id":15388,"date":"2025-10-26T20:17:47","date_gmt":"2025-10-26T17:17:47","guid":{"rendered":"https:\/\/excursionsworld.com\/?post_type=product&#038;p=15388"},"modified":"2026-04-23T05:59:42","modified_gmt":"2026-04-23T02:59:42","slug":"sapadere-kanion-dim-rzeka-side","status":"publish","type":"product","link":"https:\/\/excursionsworld.com\/tours\/sapadere-canyon-dim-river-side\/","title":{"rendered":"Wycieczka do Kanionu Sapadere &amp; Rzeki Dim z Side \u2013 Zwiedzanie Jaskini Dim"},"content":{"rendered":"<h2>\ud83c\udfdd\ufe0f Przegl\u0105d<\/h2>\n<p>Ucieczka od letnich upa\u0142\u00f3w i odkrywanie cud\u00f3w natury g\u00f3r Taurus z <strong>Wycieczka do W\u0105wozu Sapadere i nad rzek\u0119 Dim z <a href=\"https:\/\/en.wikipedia.org\/wiki\/Side,_Turkey\" target=\"_blank\" rel=\"noopener\">Side<\/a><\/strong>. Ta ca\u0142odniowa przygoda prowadzi przez osza\u0142amiaj\u0105ce krajobrazy, krystalicznie czyste rzeki i ukryte g\u00f3rskie kaniony - idealny spos\u00f3b na cieszenie si\u0119 przyrod\u0105, och\u0142od\u0119 i relaks z dala od wybrze\u017ca.<\/p>\n<h3>\u00a0W zestawie:<\/h3>\n<p><strong><span style=\"color: #00ff00;\">\u2713<\/span> <\/strong>Odbi\u00f3r i dow\u00f3z do hotelu\u00a0<br \/><strong><span style=\"color: #00ff00;\">\u2713<\/span> <\/strong>Profesjonalne us\u0142ugi przewodnika<br \/><strong><span style=\"color: #00ff00;\">\u2713<\/span> <\/strong>Pe\u0142ne ubezpieczenie<br \/><strong><span style=\"color: #00ff00;\">\u2713<\/span> <\/strong>Lunch w Dim River<br \/><strong><span style=\"color: #00ff00;\">\u2713<\/span> <\/strong>Wej\u015bcie do kanionu Sapadere<\/p>\n<h3>\u00a0Nie zawiera:<\/h3>\n<p><strong><span style=\"color: #ff0000;\">\u2717 <\/span><\/strong>Wej\u015bcie do jaskini Dim (opcjonalnie)<br \/><strong><span style=\"color: #ff0000;\">\u2717 <\/span><\/strong>Napoje<br \/><strong><span style=\"color: #ff0000;\">\u2717 <\/span><\/strong>Wydatki osobiste (zdj\u0119cia, pami\u0105tki itp.)<\/p>\n<h2>\ud83c\udf1f Najciekawsze punkty wycieczki po Kanionie Sapadere i Rzece Dim<\/h2>\n<p>\ud83d\udd39 Odkryj imponuj\u0105ce <strong>Kanion Sapadere<\/strong>, Spacer wzd\u0142u\u017c 600-metrowej drewnianej platformy obok wodospad\u00f3w i naturalnych basen\u00f3w.<br \/>Wizyta <strong>Dim Cave<\/strong>, Fascynuj\u0105cy cud natury wype\u0142niony stalaktytami i stalagmitami.<br \/>Zrelaksuj si\u0119 i pop\u0142ywaj w ch\u0142odnych wodach <strong>Dim River<\/strong>, delektuj\u0105c si\u0119 pysznym lunchem w altanach nad rzek\u0105.<br \/>Zabawne, przyjazne dla rodzin do\u015bwiadczenie przyrodnicze - idealne do och\u0142odzenia si\u0119 i odkrywania g\u00f3rskiej cz\u0119\u015bci Alanyi.<\/p>\n<h2>\ud83d\udcd6 Pe\u0142ny opis: Twoje do\u015bwiadczenie W\u0105wozu Sapadere i Rzeki Dim<\/h2>\n<p>Podr\u00f3\u017c rozpoczyna si\u0119 od wygodnego odbioru z hotelu w Side i malowniczej jazdy w kierunku zielonych g\u00f3r Alanyi. Pierwszym przystankiem jest <strong>Kanion Sapadere<\/strong>, Zapieraj\u0105cy dech w piersiach w\u0105w\u00f3z, w kt\u00f3rym mo\u017cna spacerowa\u0107 drewnianymi \u015bcie\u017ckami, podziwia\u0107 wodospady, a nawet za\u017cy\u0107 orze\u017awiaj\u0105cej k\u0105pieli w lodowatych g\u00f3rskich wodach. Nast\u0119pnie odkryj tajemniczy <strong>Dim Cave<\/strong>, znany z fascynuj\u0105cych formacji wapiennych i ch\u0142odnej atmosfery.<br \/>Wreszcie, zrelaksuj si\u0119 w <strong>Dim River<\/strong>, gdzie zjesz lunch w p\u0142ywaj\u0105cych altanach zbudowanych nad wod\u0105 i we\u017amiesz relaksuj\u0105c\u0105 k\u0105piel przed powrotem do hotelu.<\/p>\n<h3>\ud83d\uddfa\ufe0f Plan podr\u00f3\u017cy<\/h3>\n<p>Odbi\u00f3r z hoteli w regionie Side<br \/>Malownicza g\u00f3rska przeja\u017cd\u017cka i przerwa na zdj\u0119cia<br \/>Wizyta w kanionie Sapadere<br \/>Wizyta w Dim Cave (opcjonalnie)<br \/>Lunch i przerwa na p\u0142ywanie w Dim River<br \/>Transfer powrotny do hoteli<\/p>\n<h3>\u2139\ufe0f Przydatne informacje<\/h3>\n<p>Czas trwania: \u0141\u0105cznie oko\u0142o 8 godzin<br \/>Dost\u0119pne codziennie<br \/>Pojazdy: Jeepy z otwartym dachem lub furgonetki zapewniaj\u0105ce panoramiczne widoki<br \/>Przynie\u015b\u0107: Str\u00f3j k\u0105pielowy, r\u0119cznik, krem do opalania i wygodne buty<\/p>\n<h2>Co zabra\u0107 ze sob\u0105<\/h2>\n<p>Wygodne buty do chodzenia<br \/>Str\u00f3j k\u0105pielowy i r\u0119cznik<br \/>Okulary przeciws\u0142oneczne i filtr przeciws\u0142oneczny<br \/>Niewielka got\u00f3wka na napoje lub wydatki osobiste<\/p>\n<h3>Nieodpowiednie dla<\/h3>\n<p>Rodziny z niemowl\u0119tami<br \/>Go\u015bcie maj\u0105cy trudno\u015bci z poruszaniem si\u0119 lub cierpi\u0105cy na choroby serca<\/p>\n<h2 dir=\"ltr\">\ud83d\udcb8\u00a0<strong>Cena i rezerwacja<\/strong><\/h2>\n<p dir=\"ltr\"><strong>Zarezerwuj teraz, zap\u0142a\u0107 w dniu wycieczki<\/strong><br \/>\nSkontaktuj si\u0119 z nami przez WhatsApp, Telegram, Viber lub wype\u0142nij poni\u017cszy formularz rezerwacji. \ud83d\udc47\ud83c\udffc<\/p>\n<p>Szukasz alternatyw? Przegl\u0105daj <a href=\"https:\/\/excursionsworld.com\/pl\/urun-kategori\/side-wycieczki\/\">Wi\u0119cej wycieczek fakultatywnych<\/a>.<\/p>","protected":false},"excerpt":{"rendered":"<p>Zarezerwuj <b>Side Sapadere Canyon Tour<\/b>! Enjoy a nature <b>wycieczka<\/b> to the canyon and <b>Dim River<\/b> z <b>lunch<\/b> and swimming. Full-day <b>podr\u00f3\u017c<\/b> z <b>transfer wliczony w cen\u0119<\/b>.<\/p>","protected":false},"featured_media":15203,"comment_status":"open","ping_status":"closed","template":"","meta":[],"product_brand":[],"product_cat":[127],"product_tag":[122],"class_list":{"0":"post-15388","1":"product","2":"type-product","3":"status-publish","4":"has-post-thumbnail","6":"tour_phys-side-tours","7":"product_cat-side-tours","8":"product_tag-side","9":"pa_destination-side-tours","11":"first","12":"instock","13":"sale","14":"shipping-taxable","15":"purchasable","16":"product-type-tour_phys"},"aioseo_notices":[],"_links":{"self":[{"href":"https:\/\/excursionsworld.com\/pl\/wp-json\/wp\/v2\/product\/15388","targetHints":{"allow":["GET"]}}],"collection":[{"href":"https:\/\/excursionsworld.com\/pl\/wp-json\/wp\/v2\/product"}],"about":[{"href":"https:\/\/excursionsworld.com\/pl\/wp-json\/wp\/v2\/types\/product"}],"replies":[{"embeddable":true,"href":"https:\/\/excursionsworld.com\/pl\/wp-json\/wp\/v2\/comments?post=15388"}],"wp:featuredmedia":[{"embeddable":true,"href":"https:\/\/excursionsworld.com\/pl\/wp-json\/wp\/v2\/media\/15203"}],"wp:attachment":[{"href":"https:\/\/excursionsworld.com\/pl\/wp-json\/wp\/v2\/media?parent=15388"}],"wp:term":[{"taxonomy":"product_brand","embeddable":true,"href":"https:\/\/excursionsworld.com\/pl\/wp-json\/wp\/v2\/product_brand?post=15388"},{"taxonomy":"product_cat","embeddable":true,"href":"https:\/\/excursionsworld.com\/pl\/wp-json\/wp\/v2\/product_cat?post=15388"},{"taxonomy":"product_tag","embeddable":true,"href":"https:\/\/excursionsworld.com\/pl\/wp-json\/wp\/v2\/product_tag?post=15388"}],"curies":[{"name":"wp","href":"https:\/\/api.w.org\/{rel}","templated":true}]}}