{"id":15389,"date":"2025-10-26T20:19:06","date_gmt":"2025-10-26T17:19:06","guid":{"rendered":"https:\/\/excursionsworld.com\/?post_type=product&#038;p=15389"},"modified":"2026-04-24T00:20:54","modified_gmt":"2026-04-23T21:20:54","slug":"green-kanion-jeep-safari-side","status":"publish","type":"product","link":"https:\/\/excursionsworld.com\/tours\/green-canyon-jeep-safari-side\/","title":{"rendered":"Jeep safari do Green Canyon z Side \u2013Zielony Kanion"},"content":{"rendered":"<h2>\ud83c\udfde\ufe0f Przegl\u0105d<\/h2>\n<p>Do\u0142\u0105cz do <strong>Wycieczka Jeepem po Zielonym Kanionie z <a href=\"https:\/\/en.wikipedia.org\/wiki\/Side,_Turkey\" target=\"_blank\" rel=\"noopener\">Side<\/a><\/strong> i prze\u017cyj ca\u0142y dzie\u0144 <strong>Przyroda, przygoda i zabawa<\/strong>! Podr\u00f3\u017cuj przez osza\u0142amiaj\u0105ce <strong>Zapora Oymap\u0131nar (Zielony Kanion)<\/strong> i <strong>G\u00f3ry Taurus<\/strong> w otwartych jeepach Land Rover i autobusach cabrio. Ta off-roadowa wycieczka jest idealna dla tych, kt\u00f3rzy szukaj\u0105 mieszanki emocji, pi\u0119knych krajobraz\u00f3w i lokalnej kultury.<\/p>\n<h3>W zestawie:<\/h3>\n<p><span style=\"color: #00ff00;\"><strong>\u2713<\/strong><\/span> Odbi\u00f3r i dow\u00f3z do hotelu\u00a0<br \/><span style=\"color: #00ff00;\"><strong>\u2713 <\/strong><\/span>Profesjonalny przewodnik<br \/><span style=\"color: #00ff00;\"><strong>\u2713 <\/strong><\/span>Do\u015bwiadczenie safari jeepem terenowym<br \/><span style=\"color: #00ff00;\"><strong>\u2713 <\/strong><\/span>Godzinna wycieczka \u0142odzi\u0105 po jeziorze Green Lake<br \/><span style=\"color: #00ff00;\"><strong>\u2713 <\/strong><\/span>Lunch w restauracji nad jeziorem<br \/><span style=\"color: #00ff00;\"><strong>\u2713 <\/strong><\/span>Ubezpieczenie<\/p>\n<h3>Nie zawiera:<\/h3>\n<p><span style=\"color: #ff0000;\"><strong>\u2717<\/strong><\/span> Napoje<br \/><span style=\"color: #ff0000;\"><strong>\u2717 <\/strong><\/span>Wydatki osobiste<br \/><span style=\"color: #ff0000;\"><strong>\u2717 <\/strong><\/span>Zdj\u0119cia i filmy<\/p>\n<h2>\ud83c\udf1f Najwa\u017cniejsze punkty wycieczki na jeep safari po Zielonym Kanionie<\/h2>\n<p>Ekscytuj\u0105ce safari terenowe przez g\u00f3ry Taurus<br \/>Relaksuj\u0105ca godzinna wycieczka \u0142odzi\u0105 po jeziorze Green Lake<br \/>Wizyta w tureckiej wiosce nomad\u00f3w i ogrodach owocowych<br \/>Malownicze punkty widokowe z widokiem na Morze \u015ar\u00f3dziemne i kanion<br \/>Czas wolny na p\u0142ywanie lub kajakarstwo w jeziorze<br \/>Idealny dla rodzin, par i mi\u0142o\u015bnik\u00f3w przyg\u00f3d<\/p>\n<h2>\ud83d\udcd6 Pe\u0142ny opis: Twoje do\u015bwiadczenie Jeep Safari w Green Canyon<\/h2>\n<div>Tw\u00f3j <strong>Green Canyon Jeep Safari z Side<\/strong> rozpoczyna si\u0119 wygodnym odbiorem z hotelu, a nast\u0119pnie malownicz\u0105 przeja\u017cd\u017ck\u0105 do <strong>Zapora Oymap\u0131nar<\/strong>, jedno z najpi\u0119kniejszych naturalnych miejsc w regionie. Przygoda rozpoczyna si\u0119 od <strong>podr\u00f3\u017c off-road<\/strong> przez <strong>poro\u015bni\u0119te sosnami g\u00f3ry Taurus<\/strong>, z przerwami na zdj\u0119cia w <strong>Staro\u017cytne rzymskie akwedukty<\/strong> i wizyta w <strong>Tradycyjna wioska nomad\u00f3w<\/strong>, gdzie zobaczysz ogrody owocowe i spojrzysz na wiejskie tureckie \u017cycie. W po\u0142udnie, cieszy\u0107 si\u0119 <strong>pyszny lunch<\/strong> w restauracji nad jeziorem z panoramicznym widokiem na <strong>szmaragdowo-zielone jezioro<\/strong>. Nast\u0119pnie zrelaksuj si\u0119 <strong>godzinny rejs \u0142odzi\u0105<\/strong> na spokojnych wodach Zielonego Jeziora, w otoczeniu zapieraj\u0105cej dech w piersiach g\u00f3rskiej scenerii. Po rejsie b\u0119dziesz mie\u0107 czas wolny na <strong>p\u0142ywanie, kajakarstwo lub po prostu relaks<\/strong> przed rozpocz\u0119ciem drugiej cz\u0119\u015bci <strong>off-roadowa przygoda<\/strong>. Dzie\u0144 zako\u0144czy si\u0119 komfortowym powrotem do hotelu w Side.<\/div>\n<h3>\ud83d\uddfa\ufe0f Plan podr\u00f3\u017cy<\/h3>\n<p>Odbi\u00f3r z hoteli w Side i Manavgat<br \/>Przejazd do Green Canyon jeepami z otwartym dachem<br \/>Pierwszy odcinek terenowy i przystanek fotograficzny przy rzymskich akweduktach<br \/>Wizyta w wiosce nomad\u00f3w, ogrodach owocowych i mini zoo<br \/>Malowniczy punkt widokowy z widokiem na Morze \u015ar\u00f3dziemne<br \/>Lunch w restauracji nad jeziorem<br \/>Godzinna wycieczka \u0142odzi\u0105 po jeziorze Green Lake<br \/>Czas wolny na p\u0142ywanie lub kajakarstwo<br \/>\ud83d\udd39 Drugi odcinek terenowy<br \/>Transfer powrotny do hoteli<\/p>\n<h3>\u2139\ufe0f Przydatne informacje<\/h3>\n<p>Czas trwania: oko\u0142o 7-8 godzin<br \/>Odpowiedni dla rodzin i mi\u0142o\u015bnik\u00f3w przyg\u00f3d<br \/>angloj\u0119zyczni przewodnicy<br \/>Je\u015bli planujesz p\u0142ywa\u0107, we\u017a ze sob\u0105 str\u00f3j k\u0105pielowy.<br \/>Dzieci poni\u017cej 5. roku \u017cycia podr\u00f3\u017cuj\u0105 bezp\u0142atnie, ale dziel\u0105 miejsce w autobusie.<\/p>\n<h2>Co zabra\u0107 ze sob\u0105<\/h2>\n<p>Str\u00f3j k\u0105pielowy i r\u0119cznik<br \/>Ochrona przeciws\u0142oneczna i okulary przeciws\u0142oneczne<br \/>Kapelusz lub czapka<br \/>Aparat fotograficzny lub telefon<br \/>Drobna got\u00f3wka na napoje lub pami\u0105tki<\/p>\n<h3>Nieodpowiednie dla<\/h3>\n<p>Go\u015bcie z problemami z kr\u0119gos\u0142upem lub szyj\u0105<br \/>Kobiety w ci\u0105\u017cy<\/p>\n<h2 dir=\"ltr\">\ud83d\udcb8\u00a0<strong>Cena i rezerwacja<\/strong><\/h2>\n<p dir=\"ltr\"><strong>Zarezerwuj teraz, zap\u0142a\u0107 w dniu wycieczki<\/strong><br \/>\nSkontaktuj si\u0119 z nami przez WhatsApp, Telegram, Viber lub wype\u0142nij poni\u017cszy formularz rezerwacji. \ud83d\udc47\ud83c\udffc<\/p>\n<p>Szukasz alternatyw? Przegl\u0105daj <a href=\"https:\/\/excursionsworld.com\/pl\/side-wycieczki\/\">Wi\u0119cej wycieczek fakultatywnych<\/a>.<\/p>","protected":false},"excerpt":{"rendered":"<p data-start=\"2736\" data-end=\"2976\">Do\u0142\u0105cz do strony<strong data-start=\"2781\" data-end=\"2807\">\u00a0Jeep Safari Tour<\/strong> i odkryj g\u00f3ry Taurus w pot\u0119\u017cnych jeepach 4\u00d74. Odwied\u017a g\u00f3rskie wioski, pop\u0142ywaj w rzekach, zjedz obiad z grilla i prze\u017cyj ca\u0142y dzie\u0144 przygody i natury!<\/p>","protected":false},"featured_media":15297,"comment_status":"open","ping_status":"closed","template":"","meta":[],"product_brand":[],"product_cat":[127],"product_tag":[122],"class_list":{"0":"post-15389","1":"product","2":"type-product","3":"status-publish","4":"has-post-thumbnail","6":"tour_phys-side-tours","7":"product_cat-side-tours","8":"product_tag-side","9":"pa_destination-side-tours","11":"first","12":"instock","13":"sale","14":"shipping-taxable","15":"purchasable","16":"product-type-tour_phys"},"aioseo_notices":[],"_links":{"self":[{"href":"https:\/\/excursionsworld.com\/pl\/wp-json\/wp\/v2\/product\/15389","targetHints":{"allow":["GET"]}}],"collection":[{"href":"https:\/\/excursionsworld.com\/pl\/wp-json\/wp\/v2\/product"}],"about":[{"href":"https:\/\/excursionsworld.com\/pl\/wp-json\/wp\/v2\/types\/product"}],"replies":[{"embeddable":true,"href":"https:\/\/excursionsworld.com\/pl\/wp-json\/wp\/v2\/comments?post=15389"}],"wp:featuredmedia":[{"embeddable":true,"href":"https:\/\/excursionsworld.com\/pl\/wp-json\/wp\/v2\/media\/15297"}],"wp:attachment":[{"href":"https:\/\/excursionsworld.com\/pl\/wp-json\/wp\/v2\/media?parent=15389"}],"wp:term":[{"taxonomy":"product_brand","embeddable":true,"href":"https:\/\/excursionsworld.com\/pl\/wp-json\/wp\/v2\/product_brand?post=15389"},{"taxonomy":"product_cat","embeddable":true,"href":"https:\/\/excursionsworld.com\/pl\/wp-json\/wp\/v2\/product_cat?post=15389"},{"taxonomy":"product_tag","embeddable":true,"href":"https:\/\/excursionsworld.com\/pl\/wp-json\/wp\/v2\/product_tag?post=15389"}],"curies":[{"name":"wp","href":"https:\/\/api.w.org\/{rel}","templated":true}]}}