{"id":15391,"date":"2025-10-26T20:22:13","date_gmt":"2025-10-26T17:22:13","guid":{"rendered":"https:\/\/excursionsworld.com\/?post_type=product&#038;p=15391"},"modified":"2026-04-24T00:20:54","modified_gmt":"2026-04-23T21:20:54","slug":"lot-balonem-pamukkale-side","status":"publish","type":"product","link":"https:\/\/excursionsworld.com\/tours\/pamukkale-hot-air-balloon-side\/","title":{"rendered":"Lot Balonem nad Pamukkale z Side \u2013 Niezapomniana Przygoda"},"content":{"rendered":"<h2>\ud83c\udfdd\ufe0f Przegl\u0105d<\/h2>\n<p>Do\u015bwiadcz magii <a href=\"https:\/\/en.wikipedia.org\/wiki\/Pamukkale\" target=\"_blank\" rel=\"noopener\">Pamukkale<\/a> Z lotem balonem na ogrzane powietrze o wschodzie s\u0142o\u0144ca z Side. Dost\u0119pne s\u0105 wygodne transfery hotelowe z Side, Manavgat, Titreyeng\u00f6l, Evrenseki i okolic. Po locie zapraszamy na wycieczk\u0119 z przewodnikiem po Pamukkale i staro\u017cytnym mie\u015bcie Hierapolis, a nast\u0119pnie na pyszn\u0105 lunchem.<\/p>\n<h3>\u00a0W zestawie:<\/h3>\n<p><span style=\"color: #00ff00;\"><strong>\u2713<\/strong> <\/span>Odbi\u00f3r i dow\u00f3z do hotelu (region boczny)<br \/><span style=\"color: #00ff00;\"><strong>\u2713<\/strong> <\/span>Transfer klimatyzowanym autobusem<br \/><span style=\"color: #00ff00;\"><strong>\u2713<\/strong> <\/span>Lot balonem o wschodzie s\u0142o\u0144ca<br \/><span style=\"color: #00ff00;\"><strong>\u2713<\/strong> <\/span>Op\u0142aty za wst\u0119p do Pamukkale i Hierapolis<br \/><span style=\"color: #00ff00;\"><strong>\u2713<\/strong> <\/span>Przewodnik historyczny m\u00f3wi\u0105cy po angielsku<br \/><span style=\"color: #00ff00;\"><strong>\u2713<\/strong> <\/span>Lunch<br \/><span style=\"color: #00ff00;\"><strong>\u2713<\/strong> <\/span>Profesjonalny pilot<br \/><span style=\"color: #00ff00;\"><strong>\u2713<\/strong> <\/span>Certyfikat lotu<br \/><span style=\"color: #00ff00;\"><strong>\u2713<\/strong> <\/span>Pe\u0142ne ubezpieczenie<\/p>\n<h3>\u00a0Nie zawiera:<\/h3>\n<p><span style=\"color: #ff0000;\"><strong>\u2717<\/strong> <\/span>Wej\u015bcie do basenu Kleopatry<br \/><span style=\"color: #ff0000;\"><strong>\u2717<\/strong> <\/span>Wydatki osobiste<br \/><span style=\"color: #ff0000;\"><strong>\u2717<\/strong> <\/span>Napoje<\/p>\n<h2>\ud83c\udf1f Najwa\u017cniejsze punkty wycieczki balonem w Pamukkale<\/h2>\n<p>Lot balonem o wschodzie s\u0142o\u0144ca nad bia\u0142ymi tarasami Pamukkale<br \/>Osza\u0142amiaj\u0105ce panoramiczne widoki i wyj\u0105tkowe mo\u017cliwo\u015bci fotografowania<br \/>Szampan i certyfikat lotu po wyl\u0105dowaniu<br \/>Wycieczka z przewodnikiem po Hierapolis, w tym rzymski teatr i grobowce<br \/>Opcjonalna k\u0105piel w basenie Kleopatry (dodatkowa op\u0142ata)<\/p>\n<h2>\ud83d\udcd6 Pe\u0142ny opis: Twoja wycieczka balonem na ogrzane powietrze w Pamukkale<\/h2>\n<p>Dzie\u0144 rozpocznie si\u0119 od wczesnego odbioru z hotelu w Side, a nast\u0119pnie wygodnej 3,5-godzinnej jazdy do Pamukkale. Wyrusz na zapieraj\u0105c\u0105 dech w piersiach przeja\u017cd\u017ck\u0119 balonem o wschodzie s\u0142o\u0144ca nad kultowymi bia\u0142ymi tarasami i staro\u017cytnymi ruinami Pamukkale. Zr\u00f3b niezapomniane zdj\u0119cia i ciesz si\u0119 kieliszkiem szampana po wyl\u0105dowaniu wraz z certyfikatem lotu. Nast\u0119pnie zwiedzaj staro\u017cytne miasto Hierapolis z profesjonalnym przewodnikiem, odwiedzaj\u0105c rzymski teatr, \u0142a\u017anie termalne i inne zabytki. Go\u015bcie, kt\u00f3rzy chc\u0105, mog\u0105 pop\u0142ywa\u0107 w basenie Kleopatry za dodatkow\u0105 op\u0142at\u0105. Wycieczka ko\u0144czy si\u0119 pysznym lunchem przed powrotem do hotelu w Side.<\/p>\n<h3>\ud83d\uddfa\ufe0f Plan podr\u00f3\u017cy<\/h3>\n<p>Wczesny odbi\u00f3r z hotelu w Side<br \/>Transfer do Pamukkale<br \/>Lot balonem o wschodzie s\u0142o\u0144ca<br \/>Szampan i certyfikat lotu<br \/>Wycieczka z przewodnikiem po Pamukkale i Hierapolis<br \/>Opcjonalna k\u0105piel w basenie Kleopatry<br \/>Lunch<br \/>Transfer powrotny do hotelu<\/p>\n<h3>\u2139\ufe0f Przydatne informacje<\/h3>\n<p>Czas trwania: oko\u0142o 12 godzin<br \/>Loty balonem mog\u0105 zosta\u0107 odwo\u0142ane z powodu pogody (pe\u0142ny zwrot koszt\u00f3w za cz\u0119\u015b\u0107 lotu).<br \/>Kr\u00f3tkie przystanki po drodze<br \/>Dzieci poni\u017cej 5. roku \u017cycia podr\u00f3\u017cuj\u0105 bezp\u0142atnie, ale nie maj\u0105 oddzielnego miejsca; je\u015bli autobus jest pe\u0142ny, siedz\u0105 na kolanach osoby doros\u0142ej lub mo\u017cna zarezerwowa\u0107 oddzielne miejsce.<\/p>\n<h2>Co zabra\u0107 ze sob\u0105<\/h2>\n<p>Okulary przeciws\u0142oneczne<br \/>Kapelusz lub czapka<br \/>Str\u00f3j k\u0105pielowy i r\u0119cznik<br \/>Wygodna odzie\u017c i trampki<br \/>Got\u00f3wka na wydatki osobiste<\/p>\n<h3>Nieodpowiednie dla<\/h3>\n<p>Dzieci poni\u017cej 7 lat<br \/>Kobiety w ci\u0105\u017cy<\/p>\n<h2 dir=\"ltr\">\ud83d\udcb8\u00a0<strong>Cena i rezerwacja<\/strong><\/h2>\n<p dir=\"ltr\"><strong>Zarezerwuj teraz, zap\u0142a\u0107 w dniu wycieczki<\/strong><br \/>\nSkontaktuj si\u0119 z nami przez WhatsApp, Telegram, Viber lub wype\u0142nij poni\u017cszy formularz rezerwacji. \ud83d\udc47\ud83c\udffc<\/p>\n<p>Szukasz alternatyw? Przegl\u0105daj <a href=\"https:\/\/excursionsworld.com\/pl\/side-wycieczki\/\">wi\u0119cej wycieczek fakultatywnych w Pamukkale<\/a>.<\/p>","protected":false},"excerpt":{"rendered":"<p><b>Wycieczka boczna do Pamukkale<\/b>! Do\u015bwiadczenie <b>lot balonem na ogrzane powietrze<\/b> &amp; <b>Wycieczka po Hierapolis<\/b>. <b>Wycieczka all inclusive<\/b> z <b>przewodnik<\/b>, bilety i \u0142atwe <b>transfer<\/b>.<\/p>","protected":false},"featured_media":12607,"comment_status":"open","ping_status":"closed","template":"","meta":[],"product_brand":[],"product_cat":[127],"product_tag":[122],"class_list":{"0":"post-15391","1":"product","2":"type-product","3":"status-publish","4":"has-post-thumbnail","6":"tour_phys-side-tours","7":"product_cat-side-tours","8":"product_tag-side","9":"pa_destination-side-tours","11":"first","12":"instock","13":"sale","14":"shipping-taxable","15":"purchasable","16":"product-type-tour_phys"},"aioseo_notices":[],"_links":{"self":[{"href":"https:\/\/excursionsworld.com\/pl\/wp-json\/wp\/v2\/product\/15391","targetHints":{"allow":["GET"]}}],"collection":[{"href":"https:\/\/excursionsworld.com\/pl\/wp-json\/wp\/v2\/product"}],"about":[{"href":"https:\/\/excursionsworld.com\/pl\/wp-json\/wp\/v2\/types\/product"}],"replies":[{"embeddable":true,"href":"https:\/\/excursionsworld.com\/pl\/wp-json\/wp\/v2\/comments?post=15391"}],"wp:featuredmedia":[{"embeddable":true,"href":"https:\/\/excursionsworld.com\/pl\/wp-json\/wp\/v2\/media\/12607"}],"wp:attachment":[{"href":"https:\/\/excursionsworld.com\/pl\/wp-json\/wp\/v2\/media?parent=15391"}],"wp:term":[{"taxonomy":"product_brand","embeddable":true,"href":"https:\/\/excursionsworld.com\/pl\/wp-json\/wp\/v2\/product_brand?post=15391"},{"taxonomy":"product_cat","embeddable":true,"href":"https:\/\/excursionsworld.com\/pl\/wp-json\/wp\/v2\/product_cat?post=15391"},{"taxonomy":"product_tag","embeddable":true,"href":"https:\/\/excursionsworld.com\/pl\/wp-json\/wp\/v2\/product_tag?post=15391"}],"curies":[{"name":"wp","href":"https:\/\/api.w.org\/{rel}","templated":true}]}}