{"id":15392,"date":"2025-10-26T20:25:10","date_gmt":"2025-10-26T17:25:10","guid":{"rendered":"https:\/\/excursionsworld.com\/?post_type=product&#038;p=15392"},"modified":"2026-04-24T00:20:55","modified_gmt":"2026-04-23T21:20:55","slug":"pamukkale-salda-jezioro-side","status":"publish","type":"product","link":"https:\/\/excursionsworld.com\/tours\/pamukkale-salda-lake-side\/","title":{"rendered":"Wycieczka do Pamukkale i Jeziora Salda z Side \u2013 Ca\u0142odniowa Przygoda"},"content":{"rendered":"<h2><span style=\"color: #000000;\"><strong>\ud83c\udfdd\ufe0f Przegl\u0105d<\/strong><\/span><\/h2>\n<p>Do\u0142\u0105cz do ca\u0142odniowej wycieczki z <strong>Side<\/strong> aby odkry\u0107 zapieraj\u0105ce dech w piersiach pi\u0119kno <strong><a href=\"https:\/\/en.wikipedia.org\/wiki\/Pamukkale\" target=\"_blank\" rel=\"noopener\">Pamukkale<\/a><\/strong> i turkus <strong>Jezioro Salda<\/strong>! Spacer po bia\u0142ych trawertynowych tarasach Pamukkale, wizyta w staro\u017cytnym mie\u015bcie <strong>Hierapolis<\/strong>, i zrelaksuj si\u0119 na \u201ctureckich Malediwach\u201d. Ta wycieczka all inclusive obejmuje \u015bniadanie, lunch, kolacj\u0119 i transfer do hotelu - idealne po\u0142\u0105czenie natury, historii i komfortu.<\/p>\n<h3><span style=\"color: #000000;\"><strong>W zestawie:<\/strong><\/span><\/h3>\n<p><span style=\"color: #00ff00;\"><strong>\u2713<\/strong><\/span> Odbi\u00f3r i dow\u00f3z do hotelu<br \/><span style=\"color: #00ff00;\"><strong>\u2713 <\/strong><\/span>Klimatyzowany autobus<br \/><span style=\"color: #00ff00;\"><strong>\u2713 <\/strong><\/span>Op\u0142aty za wst\u0119p do Pamukkale i Hierapolis<br \/><span style=\"color: #00ff00;\"><strong>\u2713 <\/strong><\/span>Przewodnik m\u00f3wi\u0105cy po angielsku<br \/><span style=\"color: #00ff00;\"><strong>\u2713 <\/strong><\/span>Pe\u0142ne ubezpieczenie<br \/><span style=\"color: #00ff00;\"><strong>\u2713 <\/strong><\/span>\u015aniadanie, lunch i kolacja<\/p>\n<h3><span style=\"color: #000000;\"><strong>Nie zawiera:<\/strong><\/span><\/h3>\n<p><span style=\"color: #ff0000;\"><strong>\u2717<\/strong> <\/span>Wej\u015bcie do basenu Kleopatry<br \/><span style=\"color: #ff0000;\"><strong>\u2717<\/strong> <\/span>Wydatki osobiste<br \/><span style=\"color: #ff0000;\"><strong>\u2717<\/strong> <\/span>Napoje<\/p>\n<h2><span style=\"color: #000000;\"><strong>Najwa\u017cniejsze atrakcje wycieczki<\/strong><\/span><\/h2>\n<p>Spacer boso po \u015bnie\u017cnobia\u0142ych tarasach Pamukkale<br \/>Odkryj staro\u017cytne ruiny Hierapolis i jego rzymski teatr.<br \/>Relaks w basenach termalnych z leczniczymi wodami<br \/>Odwied\u017a turkusowe jezioro Salda - znane jako tureckie \u201cMalediwy\u201d.\u201d<br \/>Smaczne tureckie posi\u0142ki podczas podr\u00f3\u017cy<\/p>\n<h2><span style=\"color: #000000;\"><strong>Pe\u0142ny opis<\/strong><\/span><\/h2>\n<p>Rozpocznij swoj\u0105 niezapomnian\u0105 podr\u00f3\u017c wcze\u015bnie rano od odbioru z hotelu. <strong>Hotel boczny<\/strong>. Ciesz si\u0119 smacznym \u015bniadaniem po drodze, podr\u00f3\u017cuj\u0105c przez pi\u0119kne krajobrazy. Po przybyciu do Pamukkale odkryj s\u0142ynne bia\u0142e tarasy wapienne i ruiny Hierapolis - niegdy\u015b leczniczego miasta uzdrowiskowego Imperium Rzymskiego. Zobaczysz staro\u017cytny amfiteatr, \u015bwi\u0105tyni\u0119 Apolla i nekropoli\u0119. Ci, kt\u00f3rzy chc\u0105, mog\u0105 pop\u0142ywa\u0107 w Basenie Kleopatry (opcjonalnie, za dodatkow\u0105 op\u0142at\u0105). P\u00f3\u017aniej udaj si\u0119 do <strong>Jezioro Salda<\/strong>, Osza\u0142amiaj\u0105cy cud natury z krystalicznie czyst\u0105 turkusow\u0105 wod\u0105 i mi\u0119kkimi bia\u0142ymi piaskami. Po podziwianiu scenerii i zrobieniu zdj\u0119\u0107, zjedz obiad przed wygodnym powrotem do Side.<\/p>\n<h3><span style=\"color: #000000;\"><strong>\ud83d\uddfa\ufe0f Plan podr\u00f3\u017cy<\/strong><\/span><\/h3>\n<p>Odbi\u00f3r z hoteli w Side<br \/>\u015aniadanie w drodze<br \/>Przejazd do Pamukkale<br \/>Przerwa na lunch<br \/>Zwiedzanie trawertyn\u00f3w Pamukkale i ruin Hierapolis<br \/>Czas wolny na basen Kleopatry (opcjonalnie)<br \/>Wizyta nad jeziorem Salda w celu zwiedzania i robienia zdj\u0119\u0107<br \/>Przerwa obiadowa<br \/>Powr\u00f3t do hoteli w Side<\/p>\n<h3><span style=\"color: #000000;\"><strong>\u2139\ufe0f Przydatne informacje<\/strong><\/span><\/h3>\n<p>Czas trwania: oko\u0142o 12 godzin<br \/>Plan podr\u00f3\u017cy mo\u017ce ulec zmianie w zale\u017cno\u015bci od pogody.<br \/>Wymagane umiarkowane chodzenie<br \/>Dzieci do lat 5 do\u0142\u0105czaj\u0105 bezp\u0142atnie (wsp\u00f3lne miejsce, je\u015bli jest pe\u0142ne)<\/p>\n<h2><span style=\"color: #000000;\"><strong>Co zabra\u0107 ze sob\u0105<\/strong><\/span><\/h2>\n<p>\ud83d\udd39 Dow\u00f3d osobisty lub paszport<br \/>Wygodne buty<br \/>Kapelusz, okulary przeciws\u0142oneczne, filtr przeciws\u0142oneczny<br \/>Str\u00f3j k\u0105pielowy i r\u0119cznik<br \/>Got\u00f3wka na dodatki<\/p>\n<h3><span style=\"color: #000000;\"><strong>Nieodpowiednie dla<\/strong><\/span><\/h3>\n<p>Osoby o ograniczonej sprawno\u015bci ruchowej<br \/>Osoby z powa\u017cnymi schorzeniami medycznymi<\/p>\n<h2 dir=\"ltr\">\ud83d\udcb8\u00a0<strong>Cena i rezerwacja<\/strong><\/h2>\n<p dir=\"ltr\"><strong>Zarezerwuj teraz, zap\u0142a\u0107 w dniu wycieczki<\/strong><br \/>\nSkontaktuj si\u0119 z nami przez WhatsApp, Telegram, Viber lub wype\u0142nij poni\u017cszy formularz rezerwacji. \ud83d\udc47\ud83c\udffc<\/p>\n<p>Szukasz alternatyw? Przegl\u0105daj <a href=\"https:\/\/excursionsworld.com\/pl\/side-wycieczki\/\">wi\u0119cej wycieczek fakultatywnych w Pamukkale<\/a>.<\/p>","protected":false},"excerpt":{"rendered":"<p>Zarezerwuj <b>Wycieczka boczna do Pamukkale<\/b>! Odwied\u017a ruiny Hierapolis i jezioro Salda. Ca\u0142y dzie\u0144 <b>wycieczka<\/b> ze \u017ar\u00f3d\u0142ami termalnymi, posi\u0142kami i komfortowymi <b>wycieczka jednodniowa<\/b>.<\/p>","protected":false},"featured_media":14072,"comment_status":"open","ping_status":"closed","template":"","meta":[],"product_brand":[],"product_cat":[127],"product_tag":[122],"class_list":{"0":"post-15392","1":"product","2":"type-product","3":"status-publish","4":"has-post-thumbnail","6":"tour_phys-side-tours","7":"product_cat-side-tours","8":"product_tag-side","9":"pa_destination-side-tours","11":"first","12":"instock","13":"sale","14":"shipping-taxable","15":"purchasable","16":"product-type-tour_phys"},"aioseo_notices":[],"_links":{"self":[{"href":"https:\/\/excursionsworld.com\/pl\/wp-json\/wp\/v2\/product\/15392","targetHints":{"allow":["GET"]}}],"collection":[{"href":"https:\/\/excursionsworld.com\/pl\/wp-json\/wp\/v2\/product"}],"about":[{"href":"https:\/\/excursionsworld.com\/pl\/wp-json\/wp\/v2\/types\/product"}],"replies":[{"embeddable":true,"href":"https:\/\/excursionsworld.com\/pl\/wp-json\/wp\/v2\/comments?post=15392"}],"wp:featuredmedia":[{"embeddable":true,"href":"https:\/\/excursionsworld.com\/pl\/wp-json\/wp\/v2\/media\/14072"}],"wp:attachment":[{"href":"https:\/\/excursionsworld.com\/pl\/wp-json\/wp\/v2\/media?parent=15392"}],"wp:term":[{"taxonomy":"product_brand","embeddable":true,"href":"https:\/\/excursionsworld.com\/pl\/wp-json\/wp\/v2\/product_brand?post=15392"},{"taxonomy":"product_cat","embeddable":true,"href":"https:\/\/excursionsworld.com\/pl\/wp-json\/wp\/v2\/product_cat?post=15392"},{"taxonomy":"product_tag","embeddable":true,"href":"https:\/\/excursionsworld.com\/pl\/wp-json\/wp\/v2\/product_tag?post=15392"}],"curies":[{"name":"wp","href":"https:\/\/api.w.org\/{rel}","templated":true}]}}