{"id":15393,"date":"2025-10-26T20:26:15","date_gmt":"2025-10-26T17:26:15","guid":{"rendered":"https:\/\/excursionsworld.com\/?post_type=product&#038;p=15393"},"modified":"2026-04-24T00:20:55","modified_gmt":"2026-04-23T21:20:55","slug":"demre-myra-kekova-side","status":"publish","type":"product","link":"https:\/\/excursionsworld.com\/tours\/demre-myra-kekova-side\/","title":{"rendered":"Wycieczka do Demre, Myry i Kekovy z Side \u2013 Ko\u015bci\u00f3\u0142 \u015bw. Miko\u0142aja"},"content":{"rendered":"<h2><span style=\"color: #000000;\"><strong>\ud83c\udfdd\ufe0f Przegl\u0105d<\/strong><\/span><\/h2>\n<p>Wyrusz na niezapomnian\u0105 ca\u0142odniow\u0105 wycieczk\u0119 z <strong>Side<\/strong> do staro\u017cytnego regionu <strong>Lycia<\/strong>! \u017begluj przez <strong>zatopione miasto Kekova<\/strong> na jachcie ze szklanym dnem, odkrywa\u0107 <strong>skalne grobowce w Myrze<\/strong>, i odwiedzi\u0107 <strong>Ko\u015bci\u00f3\u0142 \u015bw.<\/strong> w <a href=\"https:\/\/en.wikipedia.org\/wiki\/Demre\" target=\"_blank\" rel=\"noopener\">Demre<\/a> \u2013 legendarna siedziba \u015awi\u0119tego Miko\u0142aja. Ta wycieczka doskonale \u0142\u0105czy <strong>Historia, kultura i \u015br\u00f3dziemnomorskie pi\u0119kno<\/strong>, dzi\u0119ki czemu jest idealny zar\u00f3wno dla rodzin, jak i odkrywc\u00f3w.<\/p>\n<h3>\u00a0<span style=\"color: #000000;\"><strong>W zestawie<\/strong><\/span>:<\/h3>\n<p><strong><span style=\"color: #00ff00;\">\u2713<\/span> <\/strong>Odbi\u00f3r i dow\u00f3z do hotelu (region Side i Manavgat)<br \/><strong><span style=\"color: #00ff00;\">\u2713<\/span> <\/strong>Wygodny klimatyzowany autobus<br \/><strong><span style=\"color: #00ff00;\">\u2713<\/span> <\/strong>Rejs jachtem ze szklanym dnem<br \/><strong><span style=\"color: #00ff00;\">\u2713<\/span> <\/strong>Op\u0142aty za wst\u0119p do Myry<br \/><strong><span style=\"color: #00ff00;\">\u2713<\/span> <\/strong>Profesjonalny angloj\u0119zyczny przewodnik<br \/><strong><span style=\"color: #00ff00;\">\u2713<\/span> <\/strong>Pe\u0142ne ubezpieczenie<br \/><strong><span style=\"color: #00ff00;\">\u2713<\/span> <\/strong>Lunch w lokalnej restauracji<\/p>\n<h3><span style=\"color: #000000;\"><strong>\u00a0Nie zawiera:<\/strong><\/span><\/h3>\n<p><strong><span style=\"color: #ff0000;\">\u2717<\/span> <\/strong>Wej\u015bcie do ko\u015bcio\u0142a \u015bw. Miko\u0142aja (opcjonalnie)<br \/><strong><span style=\"color: #ff0000;\">\u2717<\/span> <\/strong>Wydatki osobiste<br \/><strong><span style=\"color: #ff0000;\">\u2717<\/span> <\/strong>Zdj\u0119cia i filmy<br \/><strong><span style=\"color: #ff0000;\">\u2717<\/span> <\/strong>Napoje<\/p>\n<h2><span style=\"color: #000000;\"><strong>Najwa\u017cniejsze atrakcje wycieczki<\/strong><\/span><\/h2>\n<p>Malownicza przeja\u017cd\u017cka z Side wzd\u0142u\u017c wybrze\u017ca Morza \u015ar\u00f3dziemnego<br \/>Rejs nad zatopionym miastem Kekova jachtem ze szklanym dnem<br \/>Odkryj staro\u017cytne skalne grobowce i rzymski teatr w Myrze<br \/>Miko\u0142aja w Demre - miejscu narodzin legendy o \u015awi\u0119tym Miko\u0142aju<br \/>P\u0142ywanie w turkusowych wodach Morza \u015ar\u00f3dziemnego<br \/>\ud83d\udd39 Podziwiaj widoki na zamek Simena z jachtu<\/p>\n<h2><span style=\"color: #000000;\"><strong>Pe\u0142ny opis<\/strong><\/span><\/h2>\n<p>Twoja licyjska przygoda rozpocznie si\u0119 od porannego odbioru z hotelu w <strong>Side<\/strong>. Zapraszamy na relaksuj\u0105c\u0105 przeja\u017cd\u017ck\u0119 wzd\u0142u\u017c pi\u0119knego wybrze\u017ca w kierunku <strong>Demre i Myra<\/strong>, dwa z najbardziej fascynuj\u0105cych miejsc historycznych w Turcji. Podr\u00f3\u017c rozpoczyna si\u0119 w <strong>Myra<\/strong>, gdzie zobaczysz imponuj\u0105ce <strong>Licyjskie grobowce wykute w skale<\/strong> i wyj\u0105tkowo dobrze zachowany <strong>Teatr rzymski<\/strong>. Kontynuowa\u0107 <strong>Ko\u015bci\u00f3\u0142 \u015bw.<\/strong>, zbudowany na cze\u015b\u0107 ukochanego biskupa, kt\u00f3ry zainspirowa\u0142 legend\u0119 o \u015awi\u0119tym Miko\u0142aju. Nast\u0119pnie mo\u017cesz cieszy\u0107 si\u0119 <strong>Tradycyjny turecki lunch<\/strong> w lokalnej restauracji. Nast\u0119pnie udaj si\u0119 do <strong>Port \u00c7aya\u011fz\u0131<\/strong> i wsi\u0105\u015b\u0107 na pok\u0142ad <strong>jacht ze szklanym dnem<\/strong> na 2,5-godzinny rejs do <strong>Wyspa Kekova<\/strong>. B\u0105d\u017a \u015bwiadkiem tajemniczych ruin <strong>zatopione miasto<\/strong> pod czystym, b\u0142\u0119kitnym morzem, p\u0142ywa\u0107 w spokojnej zatoce i podziwia\u0107 <strong>Zamek Simena<\/strong> wznosz\u0105ce si\u0119 nad lini\u0105 brzegow\u0105. Po niesamowitym dniu pe\u0142nym historii, kultury i przyrody zostaniesz komfortowo przetransportowany z powrotem do hotelu w Side.<\/p>\n<h3><span style=\"color: #000000;\"><strong>\ud83d\uddfa\ufe0f Plan podr\u00f3\u017cy<\/strong><\/span><\/h3>\n<p>Odbi\u00f3r z hoteli w Side i Manavgat<br \/>Wizyta w skalnych grobowcach Myry i rzymskim teatrze<br \/>Zwiedzanie ko\u015bcio\u0142a \u015bw. Miko\u0142aja (wst\u0119p opcjonalny)<br \/>Lunch w lokalnej restauracji<br \/>Rejs jachtem ze szklanym dnem do Kekova<br \/>Przystanek p\u0142ywacki i zwiedzanie<br \/>Transfer powrotny do hoteli w Side<\/p>\n<h3><span style=\"color: #000000;\"><strong>\u2139\ufe0f Przydatne informacje<\/strong><\/span><\/h3>\n<p>Czas trwania: oko\u0142o 9-10 godzin<br \/>Plan podr\u00f3\u017cy mo\u017ce ulec zmianie ze wzgl\u0119du na warunki pogodowe lub morskie.<br \/>Dzieci poni\u017cej 6. roku \u017cycia podr\u00f3\u017cuj\u0105 bezp\u0142atnie, ale dziel\u0105 miejsce, je\u015bli autobus jest pe\u0142ny.<\/p>\n<h2><span style=\"color: #000000;\"><strong>Co zabra\u0107 ze sob\u0105<\/strong><\/span><\/h2>\n<p>Wygodne buty do chodzenia<br \/>Okulary przeciws\u0142oneczne i filtr przeciws\u0142oneczny<br \/>Str\u00f3j k\u0105pielowy i r\u0119cznik<br \/>Got\u00f3wka na wydatki osobiste<\/p>\n<h3><span style=\"color: #000000;\"><strong>Nieodpowiednie dla<\/strong><\/span><\/h3>\n<p>Osoby o ograniczonej sprawno\u015bci ruchowej<br \/>\ud83d\udd39 Podr\u00f3\u017cni z powa\u017cnymi schorzeniami<\/p>\n<h2 dir=\"ltr\">\ud83d\udcb8\u00a0<strong>Cena i rezerwacja<\/strong><\/h2>\n<p dir=\"ltr\"><strong>Zarezerwuj teraz, zap\u0142a\u0107 w dniu wycieczki<\/strong><br \/>\nSkontaktuj si\u0119 z nami przez WhatsApp, Telegram, Viber lub wype\u0142nij poni\u017cszy formularz rezerwacji. \ud83d\udc47\ud83c\udffc<\/p>\n<p>Szukasz alternatyw? Przegl\u0105daj <a href=\"https:\/\/excursionsworld.com\/pl\/side-wycieczki\/\">wi\u0119cej wycieczek pobocznych w Demre<\/a>.<\/p>","protected":false},"excerpt":{"rendered":"<p>Zarezerwuj histori\u0119 <b>wycieczka<\/b> z <b>Side<\/b>! Ca\u0142y dzie\u0144 <b>podr\u00f3\u017c<\/b> do grobowc\u00f3w Myry, ko\u015bcio\u0142a \u015bw. Miko\u0142aja i zatopionego miasta Kekova <b>wycieczka \u0142odzi\u0105<\/b>. Unforgettable history!<\/p>","protected":false},"featured_media":12563,"comment_status":"open","ping_status":"closed","template":"","meta":[],"product_brand":[],"product_cat":[127],"product_tag":[122],"class_list":{"0":"post-15393","1":"product","2":"type-product","3":"status-publish","4":"has-post-thumbnail","6":"tour_phys-side-tours","7":"product_cat-side-tours","8":"product_tag-side","9":"pa_destination-side-tours","11":"first","12":"instock","13":"sale","14":"shipping-taxable","15":"purchasable","16":"product-type-tour_phys"},"aioseo_notices":[],"_links":{"self":[{"href":"https:\/\/excursionsworld.com\/pl\/wp-json\/wp\/v2\/product\/15393","targetHints":{"allow":["GET"]}}],"collection":[{"href":"https:\/\/excursionsworld.com\/pl\/wp-json\/wp\/v2\/product"}],"about":[{"href":"https:\/\/excursionsworld.com\/pl\/wp-json\/wp\/v2\/types\/product"}],"replies":[{"embeddable":true,"href":"https:\/\/excursionsworld.com\/pl\/wp-json\/wp\/v2\/comments?post=15393"}],"wp:featuredmedia":[{"embeddable":true,"href":"https:\/\/excursionsworld.com\/pl\/wp-json\/wp\/v2\/media\/12563"}],"wp:attachment":[{"href":"https:\/\/excursionsworld.com\/pl\/wp-json\/wp\/v2\/media?parent=15393"}],"wp:term":[{"taxonomy":"product_brand","embeddable":true,"href":"https:\/\/excursionsworld.com\/pl\/wp-json\/wp\/v2\/product_brand?post=15393"},{"taxonomy":"product_cat","embeddable":true,"href":"https:\/\/excursionsworld.com\/pl\/wp-json\/wp\/v2\/product_cat?post=15393"},{"taxonomy":"product_tag","embeddable":true,"href":"https:\/\/excursionsworld.com\/pl\/wp-json\/wp\/v2\/product_tag?post=15393"}],"curies":[{"name":"wp","href":"https:\/\/api.w.org\/{rel}","templated":true}]}}