{"id":15397,"date":"2025-10-27T22:28:02","date_gmt":"2025-10-27T19:28:02","guid":{"rendered":"https:\/\/excursionsworld.com\/?post_type=product&#038;p=15397"},"modified":"2026-04-24T00:20:56","modified_gmt":"2026-04-23T21:20:56","slug":"pamukkale-salda-jezioro-kemer","status":"publish","type":"product","link":"https:\/\/excursionsworld.com\/tours\/pamukkale-salda-lake-kemer\/","title":{"rendered":"Wycieczka do Pamukkale i Jeziora Salda z Kemera \u2013 Tureckich Malediw\u00f3w"},"content":{"rendered":"<h2>\u2600\ufe0f Przegl\u0105d<\/h2>\n<div>Do\u0142\u0105cz do niezapomnianej ca\u0142odniowej podr\u00f3\u017cy z <strong>Kemer i okolice <\/strong>(z Kemer, \u00c7amyuva, Tekirova, G\u00f6yn\u00fck, Beldibi), aby odkry\u0107 dwa najbardziej osza\u0142amiaj\u0105ce cuda natury w Turcji - <strong><a href=\"https:\/\/en.wikipedia.org\/wiki\/Pamukkale\" target=\"_blank\" rel=\"noopener\">Pamukkale<\/a><\/strong> oraz <strong>Jezioro Salda<\/strong>!<br \/>Spacer boso po s\u0142ynnych bia\u0142ych trawertynowych tarasach Pamukkale, zwiedzanie staro\u017cytnego miasta <strong>Hierapolis<\/strong>, i zrelaksowa\u0107 si\u0119 nad turkusowymi wodami <strong>Jezioro Salda<\/strong>, cz\u0119sto nazywane \u201ctureckimi Malediwami\u201d.\u201d<\/div>\n<h3>\u00a0W zestawie:<\/h3>\n<p><span style=\"color: #00ff00;\"><strong>\u2713<\/strong> <\/span>Odbi\u00f3r i dow\u00f3z do hotelu<br \/><span style=\"color: #00ff00;\"><strong>\u2713<\/strong> <\/span>Klimatyzowany, komfortowy autobus<br \/><span style=\"color: #00ff00;\"><strong>\u2713<\/strong> <\/span>Op\u0142aty za wst\u0119p do Pamukkale i Hierapolis<br \/><span style=\"color: #00ff00;\"><strong>\u2713<\/strong> <\/span>Profesjonalny przewodnik m\u00f3wi\u0105cy po angielsku<br \/><span style=\"color: #00ff00;\"><strong>\u2713<\/strong> <\/span>Pe\u0142ne ubezpieczenie<br \/><span style=\"color: #00ff00;\"><strong>\u2713<\/strong> <\/span>\u00a0lunch<\/p>\n<h3>\u00a0Nie zawiera:<\/h3>\n<p><span style=\"color: #ff0000;\"><strong>\u2717<\/strong> <\/span>Wej\u015bcie do basenu Kleopatry (opcjonalnie)<br \/><span style=\"color: #ff0000;\"><strong>\u2717<\/strong> <\/span>Napoje<br \/><span style=\"color: #ff0000;\"><strong>\u2717<\/strong> <\/span>Wydatki osobiste<\/p>\n<h2>\ud83c\udf1f Najwa\u017cniejsze atrakcje wycieczki do Pamukkale i nad Jezioro Salda<\/h2>\n<p>Spacer po ol\u015bniewaj\u0105cych bia\u0142ych tarasach Pamukkale<br \/>Odkryj staro\u017cytne ruiny Hierapolis i jego rzymski teatr.<br \/>Relaks lub k\u0105piel w termalnych basenach mineralnych<br \/>\ud83d\udd39 Odwied\u017a zapieraj\u0105cy dech w piersiach turkus <strong>Jezioro Salda<\/strong>, znany jako tureckie \u201cMalediwy\u201d<br \/>Smaczne tureckie posi\u0142ki przez ca\u0142y dzie\u0144<br \/>Wygodny transfer w obie strony z regionu Kemer<\/p>\n<h2>\ud83d\udcd6 Pe\u0142ny opis: Twoje do\u015bwiadczenie z wycieczk\u0105 po Pamukkale i Jeziorze Salda<\/h2>\n<p>Twoja przygoda rozpocznie si\u0119 wcze\u015bnie rano od odbioru z hotelu w <strong>Kemer lub pobliskie miejscowo\u015bci<\/strong>. Ciesz si\u0119 malownicz\u0105 przeja\u017cd\u017ck\u0105 przez g\u00f3ry Taurus i smacznym tureckim \u015bniadaniem po drodze.<br \/>Po przybyciu do <strong>Pamukkale<\/strong>, Odkryj surrealistyczne bia\u0142e tarasy utworzone przez \u017ar\u00f3d\u0142a termalne i w\u0119druj po staro\u017cytnych ruinach <strong>Hierapolis<\/strong>, Niegdy\u015b uzdrowiskowe miasto Imperium Rzymskiego.<br \/>B\u0119dziesz mia\u0142 okazj\u0119 zobaczy\u0107 <strong>Teatr rzymski<\/strong>, <strong>\u015awi\u0105tynia Apolla<\/strong>, oraz <strong>Nekropolia<\/strong>, lub opcjonalnie zanurzy\u0107 si\u0119 w ciep\u0142ych, bogatych w minera\u0142y wodach <strong>Basen Kleopatry<\/strong> (dodatkowa op\u0142ata).<\/p>\n<p>Nast\u0119pnie kontynuuj <strong>Jezioro Salda<\/strong>, Osza\u0142amiaj\u0105ce jezioro kraterowe s\u0142yn\u0105ce z turkusowej wody i bia\u0142ych piask\u00f3w - cz\u0119sto por\u00f3wnywane do Malediw\u00f3w. Zrelaksuj si\u0119, zr\u00f3b zapieraj\u0105ce dech w piersiach zdj\u0119cia i zjedz kolacj\u0119 przed powrotem do Kemer.<br \/>Ta ca\u0142odniowa wycieczka to idealne po\u0142\u0105czenie natury, historii i kultury.<\/p>\n<h3>\ud83d\uddfa\ufe0f Plan podr\u00f3\u017cy<\/h3>\n<p>Odbi\u00f3r z hoteli w Kemer i okolicach<br \/>Przystanek \u015bniadaniowy po drodze<br \/>Przejazd do Pamukkale<br \/>Przerwa na lunch w lokalnej restauracji<br \/>Zwiedzanie trawertyn\u00f3w Pamukkale i ruin Hierapolis<br \/>Opcjonalny czas na p\u0142ywanie w basenie Kleopatry<br \/>Wyjazd nad jezioro Salda, zwiedzanie i zdj\u0119cia<br \/>Przerwa obiadowa<br \/>Transfer powrotny do hoteli w Kemer<\/p>\n<h3>\u2139\ufe0f Przydatne informacje<\/h3>\n<p>Czas trwania: oko\u0142o 13-14 godzin (wycieczka ca\u0142odniowa)<br \/>Odleg\u0142o\u015b\u0107: oko\u0142o 290 km z Kemer do Pamukkale<br \/>Plan podr\u00f3\u017cy mo\u017ce si\u0119 r\u00f3\u017cni\u0107 w zale\u017cno\u015bci od pogody i nat\u0119\u017cenia ruchu.<br \/>Wymagane umiarkowane chodzenie<br \/>Dzieci poni\u017cej 5. roku \u017cycia podr\u00f3\u017cuj\u0105 bezp\u0142atnie (wsp\u00f3lne miejsce, je\u015bli autobus jest pe\u0142ny).<\/p>\n<h2>Co zabra\u0107 ze sob\u0105<\/h2>\n<p>\ud83d\udd39 Dow\u00f3d osobisty lub paszport<br \/>Wygodne buty<br \/>\ud83d\udd39 Str\u00f3j k\u0105pielowy i r\u0119cznik (na basen Kleopatry lub jezioro Salda)<br \/>Kapelusz, okulary przeciws\u0142oneczne, filtr przeciws\u0142oneczny<br \/>Got\u00f3wka na opcjonalne wydatki<\/p>\n<h3>Nieodpowiednie dla<\/h3>\n<p>Osoby o ograniczonej sprawno\u015bci ruchowej<br \/>Osoby z powa\u017cnymi chorobami serca lub zdrowia<\/p>\n<h2>Cena i rezerwacja<\/h2>\n<p><strong>Zarezerwuj teraz - zap\u0142a\u0107 w dniu wycieczki<\/strong><br \/>Skontaktuj si\u0119 z nami przez WhatsApp, Telegram lub Viber, aby zarezerwowa\u0107 miejsce \ud83d\udc47\ud83c\udffd<\/p>\n<p>Szukasz alternatyw? Przegl\u0105daj <a href=\"https:\/\/excursionsworld.com\/pl\/kemer-wycieczki\/\">wi\u0119cej wycieczek z Kemer do Pamukkale<\/a>.<\/p>","protected":false},"excerpt":{"rendered":"<p>Zarezerwuj <b>Wycieczka nad jezioro Salda w Kemer Pamukkale<\/b>! Ca\u0142y dzie\u0144 <b>wycieczka all inclusive<\/b> do bia\u0142ych trawertyn\u00f3w i \u201ctureckich Malediw\u00f3w\u201d <b>wycieczka<\/b>. Obejmuje posi\u0142ki i transfer!<\/p>","protected":false},"featured_media":14072,"comment_status":"open","ping_status":"closed","template":"","meta":[],"product_brand":[],"product_cat":[124],"product_tag":[105],"class_list":{"0":"post-15397","1":"product","2":"type-product","3":"status-publish","4":"has-post-thumbnail","6":"tour_phys-kemer-tours","7":"product_cat-kemer-tours","8":"product_tag-kemer","9":"pa_destination-kemer-tours","11":"first","12":"instock","13":"sale","14":"shipping-taxable","15":"purchasable","16":"product-type-tour_phys"},"aioseo_notices":[],"_links":{"self":[{"href":"https:\/\/excursionsworld.com\/pl\/wp-json\/wp\/v2\/product\/15397","targetHints":{"allow":["GET"]}}],"collection":[{"href":"https:\/\/excursionsworld.com\/pl\/wp-json\/wp\/v2\/product"}],"about":[{"href":"https:\/\/excursionsworld.com\/pl\/wp-json\/wp\/v2\/types\/product"}],"replies":[{"embeddable":true,"href":"https:\/\/excursionsworld.com\/pl\/wp-json\/wp\/v2\/comments?post=15397"}],"wp:featuredmedia":[{"embeddable":true,"href":"https:\/\/excursionsworld.com\/pl\/wp-json\/wp\/v2\/media\/14072"}],"wp:attachment":[{"href":"https:\/\/excursionsworld.com\/pl\/wp-json\/wp\/v2\/media?parent=15397"}],"wp:term":[{"taxonomy":"product_brand","embeddable":true,"href":"https:\/\/excursionsworld.com\/pl\/wp-json\/wp\/v2\/product_brand?post=15397"},{"taxonomy":"product_cat","embeddable":true,"href":"https:\/\/excursionsworld.com\/pl\/wp-json\/wp\/v2\/product_cat?post=15397"},{"taxonomy":"product_tag","embeddable":true,"href":"https:\/\/excursionsworld.com\/pl\/wp-json\/wp\/v2\/product_tag?post=15397"}],"curies":[{"name":"wp","href":"https:\/\/api.w.org\/{rel}","templated":true}]}}