{"id":15432,"date":"2025-10-28T11:54:09","date_gmt":"2025-10-28T08:54:09","guid":{"rendered":"https:\/\/excursionsworld.com\/?post_type=product&#038;p=15432"},"modified":"2026-04-24T00:20:56","modified_gmt":"2026-04-23T21:20:56","slug":"rafting-kanion-koprulu-antalya","status":"publish","type":"product","link":"https:\/\/excursionsworld.com\/tours\/rafting-koprulu-canyon-antalya\/","title":{"rendered":"Wycieczka Rafting w Kanionie K\u00f6pr\u00fcl\u00fc z Antalyi \u2013 Ca\u0142odniowa Przygoda"},"content":{"rendered":"<h2>\ud83d\udea3\u200d\u2642\ufe0f Przegl\u0105d<\/h2>\n<p>Do\u0142\u0105cz do ekscytuj\u0105cego <strong>Przygoda z raftingiem w kanionie K\u00f6pr\u00fcl\u00fc<\/strong> z <strong><a href=\"https:\/\/en.wikipedia.org\/wiki\/Antalya\" target=\"_blank\" rel=\"noopener\">Antalya<\/a><\/strong> i okolic! Prze\u017cyj 14 km czystej adrenaliny przez 10 bystrzy, p\u0142ywaj w spokojnych odcinkach rzeki i delektuj si\u0119 lunchem nad rzek\u0105 w otoczeniu przyrody. Idealny zar\u00f3wno dla pocz\u0105tkuj\u0105cych, jak i poszukiwaczy mocnych wra\u017ce\u0144.<\/p>\n<h3>W zestawie:<\/h3>\n<p><span style=\"color: #00ff00;\"><strong>\u2713<\/strong> <\/span>Odbi\u00f3r i dow\u00f3z do hotelu<br \/><span style=\"color: #00ff00;\"><strong>\u2713<\/strong> <\/span>Wygodny klimatyzowany autobus<br \/><span style=\"color: #00ff00;\"><strong>\u2713<\/strong> <\/span>10-osobowe tratwy<br \/><span style=\"color: #00ff00;\"><strong>\u2713<\/strong> <\/span>Profesjonalny przewodnik<br \/><span style=\"color: #00ff00;\"><strong>\u2713<\/strong> <\/span>Pe\u0142ne ubezpieczenie<br \/><span style=\"color: #00ff00;\"><strong>\u2713<\/strong> <\/span>Lunch<\/p>\n<h3>Nie zawiera:<\/h3>\n<p><span style=\"color: #ff0000;\"><strong>\u2717<\/strong> <\/span>Tratwy dwuosobowe (dodatkowa op\u0142ata)<br \/><span style=\"color: #ff0000;\"><strong>\u2717<\/strong> <\/span>Zdj\u0119cia i filmy<br \/><span style=\"color: #ff0000;\"><strong>\u2717<\/strong> <\/span>Napoje<br \/><span style=\"color: #ff0000;\"><strong>\u2717<\/strong> <\/span>Aktywno\u015bci opcjonalne (np. tyrolka)<\/p>\n<h2>\ud83c\udf1f Najwa\u017cniejsze atrakcje tej wyprawy pontonowej w Kanionie K\u00f6pr\u00fcl\u00fc<\/h2>\n<p>Ekscytuj\u0105cy 14-kilometrowy rafting z 10 bystrzami<br \/>Krystalicznie czyste wody kanionu K\u00f6pr\u00fcl\u00fc<br \/>Przerwy na p\u0142ywanie w spokojnych miejscach<br \/>Lunch nad rzek\u0105<br \/>Opcjonalna tyrolka lub nurkowanie<br \/>Profesjonalni instruktorzy i pe\u0142ne wyposa\u017cenie bezpiecze\u0144stwa<\/p>\n<h2>\ud83d\udcd6 Pe\u0142ny opis: Twoja wycieczka raftingowa w Kanionie K\u00f6pr\u00fcl\u00fc<\/h2>\n<p>Wyrusz z hotelu w Antalyi i udaj si\u0119 do Parku Narodowego Kanionu K\u00f6pr\u00fcl\u00fc, po\u0142o\u017conego w samym sercu g\u00f3r Taurus. Po przybyciu na miejsce przewodnicy zapewni\u0105 instrukcje bezpiecze\u0144stwa i sprz\u0119t przed wyruszeniem na ekscytuj\u0105c\u0105 14-kilometrow\u0105 tras\u0119 raftingow\u0105.<br \/>Ciesz si\u0119 idealn\u0105 mieszank\u0105 emocji i relaksu - wios\u0142uj przez 10 bystrzy, p\u0142ywaj w rzece i zatrzymaj si\u0119 na zipline lub nurkowanie (opcjonalnie, za dodatkow\u0105 op\u0142at\u0105). Pyszny lunch serwowany jest w restauracji nad rzek\u0105.<br \/>Po zako\u0144czeniu trasy mo\u017cna obejrze\u0107 zdj\u0119cia i filmy z wycieczki przed powrotem do hotelu.<\/p>\n<h3>\ud83d\uddfa\ufe0f Plan podr\u00f3\u017cy<\/h3>\n<p>Odbi\u00f3r z Antalyi i pobliskich obszar\u00f3w<br \/>\ud83d\udd39 Przyjazd do bazy w kanionie K\u00f6pr\u00fcl\u00fc<br \/>Odprawa bezpiecze\u0144stwa i kontrola sprz\u0119tu<br \/>Rafting 14 km (10 bystrzy)<br \/>P\u0142ywanie i opcjonalna przerwa na tyrolk\u0119<br \/>Lunch nad rzek\u0105<br \/>Kontynuowa\u0107 sp\u0142yw do mety<br \/>Powr\u00f3t do hoteli w Antalyi<\/p>\n<h3>\u2139\ufe0f Przydatne informacje<\/h3>\n<p>Czas trwania: ~7-8 godz.<br \/>Nie jest wymagane do\u015bwiadczenie w p\u0142ywaniu<br \/>10-osobowe tratwy w zestawie; 2-osobowe tratwy opcjonalne<br \/>Buty i akcesoria wodne dost\u0119pne w sprzeda\u017cy<br \/>Odpowiedni dla os\u00f3b w wieku 6-70 lat<br \/>Dzieci poni\u017cej 5. roku \u017cycia podr\u00f3\u017cuj\u0105 bezp\u0142atnie (wsp\u00f3lne miejsce, je\u015bli autobus jest pe\u0142ny).<\/p>\n<h2>Co zabra\u0107 ze sob\u0105<\/h2>\n<p>Str\u00f3j k\u0105pielowy, r\u0119cznik i ubranie na zmian\u0119<br \/>Filtr przeciws\u0142oneczny<br \/>Buty do wody<br \/>Got\u00f3wka na wydatki osobiste<\/p>\n<h3>Nieodpowiednie dla<\/h3>\n<p>Kobiety w ci\u0105\u017cy<br \/>Osoby z problemami z sercem<br \/>Dzieci poni\u017cej 4 lat<br \/>Podr\u00f3\u017cni powy\u017cej 70. roku \u017cycia<br \/>U\u017cytkownicy w\u00f3zk\u00f3w inwalidzkich<\/p>\n<h2>Cena i rezerwacja<\/h2>\n<p><strong>Zarezerwuj teraz - zap\u0142a\u0107 w dniu wycieczki<\/strong><br \/>Skontaktuj si\u0119 z nami przez WhatsApp, Telegram lub Viber, aby zarezerwowa\u0107 miejsce \ud83d\udc47\ud83c\udffc<\/p>\n<p>Szukasz alternatyw? Przegl\u0105daj <a href=\"https:\/\/excursionsworld.com\/pl\/antalya-wycieczki\/\">wi\u0119cej wycieczek po Antalyi<\/a>.<\/p>","protected":false},"excerpt":{"rendered":"<p>Zarezerwuj sw\u00f3j ekscytuj\u0105cy <b>jednodniowa wycieczka raftingowa<\/b> z <b>Antalya<\/b>! Nawiguj <b>14 km<\/b> bystrzy w <b>Kanion K\u00f6pr\u00fcl\u00fc<\/b>. Idealny dla <b>pocz\u0105tkuj\u0105cy<\/b>! <b>Lunch<\/b> oraz <b>transfer<\/b> w zestawie.<\/p>","protected":false},"featured_media":12670,"comment_status":"open","ping_status":"closed","template":"","meta":[],"product_brand":[],"product_cat":[125],"product_tag":[107],"class_list":{"0":"post-15432","1":"product","2":"type-product","3":"status-publish","4":"has-post-thumbnail","6":"tour_phys-antalya-tours","7":"product_cat-antalya-tours","8":"product_tag-antalya","9":"pa_destination-antalya-tours","11":"first","12":"instock","13":"sale","14":"shipping-taxable","15":"purchasable","16":"product-type-tour_phys"},"aioseo_notices":[],"_links":{"self":[{"href":"https:\/\/excursionsworld.com\/pl\/wp-json\/wp\/v2\/product\/15432","targetHints":{"allow":["GET"]}}],"collection":[{"href":"https:\/\/excursionsworld.com\/pl\/wp-json\/wp\/v2\/product"}],"about":[{"href":"https:\/\/excursionsworld.com\/pl\/wp-json\/wp\/v2\/types\/product"}],"replies":[{"embeddable":true,"href":"https:\/\/excursionsworld.com\/pl\/wp-json\/wp\/v2\/comments?post=15432"}],"wp:featuredmedia":[{"embeddable":true,"href":"https:\/\/excursionsworld.com\/pl\/wp-json\/wp\/v2\/media\/12670"}],"wp:attachment":[{"href":"https:\/\/excursionsworld.com\/pl\/wp-json\/wp\/v2\/media?parent=15432"}],"wp:term":[{"taxonomy":"product_brand","embeddable":true,"href":"https:\/\/excursionsworld.com\/pl\/wp-json\/wp\/v2\/product_brand?post=15432"},{"taxonomy":"product_cat","embeddable":true,"href":"https:\/\/excursionsworld.com\/pl\/wp-json\/wp\/v2\/product_cat?post=15432"},{"taxonomy":"product_tag","embeddable":true,"href":"https:\/\/excursionsworld.com\/pl\/wp-json\/wp\/v2\/product_tag?post=15432"}],"curies":[{"name":"wp","href":"https:\/\/api.w.org\/{rel}","templated":true}]}}