{"id":15436,"date":"2025-10-28T12:30:04","date_gmt":"2025-10-28T09:30:04","guid":{"rendered":"https:\/\/excursionsworld.com\/?post_type=product&#038;p=15436"},"modified":"2026-03-02T19:51:34","modified_gmt":"2026-03-02T16:51:34","slug":"kanion-tazi-rafting-jeep-antalya","status":"publish","type":"product","link":"https:\/\/excursionsworld.com\/tours\/tazi-canyon-rafting-jeep-antalya\/","title":{"rendered":"Rafting w Kanionie Taz\u0131 z Antalyi z Jeep Safari &amp; Zipline"},"content":{"rendered":"<h3 dir=\"ltr\" data-pm-slice=\"1 1 []\"><strong>\ud83c\udfde\ufe0f Przegl\u0105d<\/strong><\/h3>\n<p dir=\"ltr\">Wyrusz na ekscytuj\u0105c\u0105 przygod\u0119 z odbiorem i dowozem z hotelu w Antalyi. Ciesz si\u0119 ekscytuj\u0105cym safari jeepem przez g\u00f3ry Taurus, odwied\u017a osza\u0142amiaj\u0105cy kanion Taz\u0131 i prze\u017cyj opcjonalny rafting w kanionie K\u00f6pr\u00fcl\u00fc. Idealny dla mi\u0142o\u015bnik\u00f3w przyrody i poszukiwaczy mocnych wra\u017ce\u0144!<\/p>\n<h3 dir=\"ltr\"><strong>W zestawie:<\/strong><\/h3>\n<div dir=\"ltr\"><span style=\"color: #00ff00;\"><strong>\u2713<\/strong><\/span> Odbi\u00f3r i dow\u00f3z do hotelu<br \/>\n<span style=\"color: #00ff00;\"><strong>\u2713 <\/strong><\/span>Wygodny klimatyzowany autobus<br \/>\n<span style=\"color: #00ff00;\"><strong>\u2713 <\/strong><\/span>Safari jeepem z otwartym dachem<br \/>\n<span style=\"color: #00ff00;\"><strong>\u2713 <\/strong><\/span>Rafting na 10-osobowych tratwach<br \/>\n<span style=\"color: #00ff00;\"><strong>\u2713 <\/strong><\/span>Ubezpieczenie<br \/>\n<span style=\"color: #00ff00;\"><strong>\u2713 <\/strong><\/span>Przewodnik<br \/>\n<span style=\"color: #00ff00;\"><strong>\u2713 <\/strong><\/span>Lunch<\/div>\n<div dir=\"ltr\"><span style=\"color: #00ff00;\"><strong>\u2713 <\/strong><\/span>Zipline<\/div>\n<h3 dir=\"ltr\"><strong>Nie zawiera:<\/strong><\/h3>\n<p dir=\"ltr\"><span style=\"color: #ff0000;\"><strong>\u2717<\/strong><\/span> Kajaki 2-osobowe (dodatkowa op\u0142ata)<br \/>\n<span style=\"color: #ff0000;\"><strong>\u2717 <\/strong><\/span>Zdj\u0119cia i filmy<br \/>\n<span style=\"color: #ff0000;\"><strong>\u2717 <\/strong><\/span>Napoje<\/p>\n<h3 dir=\"ltr\"><strong>Najwa\u017cniejsze atrakcje wycieczki<\/strong><\/h3>\n<p dir=\"ltr\">Jeep safari przez malownicze g\u00f3ry Taurus<br \/>\nZapieraj\u0105ce dech w piersiach widoki na kanion Taz\u0131 (\u201cOrle Gniazdo\u201d)<br \/>\nOpcjonalny rafting w bystrzach kanionu K\u00f6pr\u00fcl\u00fc<br \/>\nPanoramiczne przystanki fotograficzne<br \/>\nPyszny lunch nad rzek\u0105<br \/>\nDogodne transfery z Antalyi<\/p>\n<h3 dir=\"ltr\"><strong>Pe\u0142ny opis<\/strong><\/h3>\n<div dir=\"ltr\">Wycieczka rozpoczyna si\u0119 od transferu z hotelu w Antalyi lub okolicach, a nast\u0119pnie ekscytuj\u0105cego safari jeepem przez g\u00f3ry Taurus. Pierwszym przystankiem jest baza nad rzek\u0105 w kanionie K\u00f6pr\u00fcl\u00fc, gdzie mo\u017cna wybra\u0107 rafting lub relaks nad wod\u0105. Rafting obejmuje pe\u0142ne wyposa\u017cenie i odpraw\u0119 - do\u015bwiadczenie nie jest wymagane.<\/div>\n<div dir=\"ltr\">Nast\u0119pnie wskocz do otwartego jeepa na przeja\u017cd\u017ck\u0119 do kanionu Taz\u0131, znanego z dramatycznych klif\u00f3w. Ciesz si\u0119 wolnym czasem w punkcie widokowym na zdj\u0119cia i relaks (wej\u015bcie do kanionu jest zabronione ze wzgl\u0119d\u00f3w bezpiecze\u0144stwa).<\/div>\n<div dir=\"ltr\">Powr\u00f3t do kanionu K\u00f6pr\u00fcl\u00fc na g\u0142\u00f3wn\u0105 sesj\u0119 raftingow\u0105 (je\u015bli wybrano), \u017ceglowanie po bystrzach z przystankami na p\u0142ywanie i zdj\u0119cia. Wycieczka ko\u0144czy si\u0119 smacznym lunchem nad rzek\u0105 i powrotem do hotelu.<\/div>\n<h3 dir=\"ltr\"><strong>\ud83d\uddfa\ufe0f Plan podr\u00f3\u017cy<\/strong><\/h3>\n<p dir=\"ltr\">Odbi\u00f3r z hoteli w Antalyi<br \/>\nsafari jeepem przez g\u00f3ry Taurus<br \/>\nPrzystanek w kanionie K\u00f6pr\u00fcl\u00fc (opcjonalnie rafting lub relaks)<br \/>\nPrzeja\u017cd\u017cka jeepem z otwartym dachem do kanionu Taz\u0131<br \/>\nCzas wolny w punkcie widokowym Taz\u0131 Canyon<br \/>\n\ud83d\udd39 G\u0142\u00f3wny rafting w kanionie K\u00f6pr\u00fcl\u00fc (je\u015bli wybrano)<br \/>\nLunch nad rzek\u0105<br \/>\nPowr\u00f3t do hotelu<\/p>\n<h3 dir=\"ltr\"><strong>\u2139\ufe0f Przydatne informacje<\/strong><\/h3>\n<p dir=\"ltr\">Czas trwania: ~8-9 godz.<br \/>\nDo raftingu nie s\u0105 wymagane umiej\u0119tno\u015bci p\u0142ywackie<br \/>\n10-osobowe tratwy wliczone w cen\u0119; 2-osobowe kajaki za dodatkow\u0105 op\u0142at\u0105<br \/>\n\ud83d\udd39 Buty do wody, paski do okular\u00f3w i wodoodporne etui mo\u017cna kupi\u0107 w bazie.<br \/>\nDzieci z bezp\u0142atnymi biletami nie otrzymuj\u0105 osobnego miejsca w autobusie i musz\u0105 siedzie\u0107 na kolanach osoby doros\u0142ej.<br \/>\nUmiarkowana do wysokiej aktywno\u015b\u0107 fizyczna (rafting i chodzenie)<br \/>\nDzieci poni\u017cej 6. roku \u017cycia podr\u00f3\u017cuj\u0105ce bezp\u0142atnie nie maj\u0105 oddzielnego miejsca w autobusie. Je\u015bli autobus jest pe\u0142ny, siedz\u0105 na kolanach osoby doros\u0142ej lub mo\u017cna zarezerwowa\u0107 osobne miejsce.<\/p>\n<h3 dir=\"ltr\"><strong>Co zabra\u0107 ze sob\u0105<\/strong><\/h3>\n<p dir=\"ltr\">Str\u00f3j k\u0105pielowy i r\u0119cznik<br \/>\n\ud83d\udd39 Krem przeciws\u0142oneczny i buty do wody<br \/>\n\ud83d\udd39 Zmiana odzie\u017cy po zabiegu<br \/>\nGot\u00f3wka na wydatki osobiste<\/p>\n<h3 dir=\"ltr\"><strong>Nieodpowiednie dla<\/strong><\/h3>\n<p dir=\"ltr\">Osoby z chorobami serca<br \/>\nPodr\u00f3\u017cni w wieku powy\u017cej 70 lat<br \/>\nKobiety w ci\u0105\u017cy<br \/>\nDzieci poni\u017cej 4 lat<br \/>\nU\u017cytkownicy w\u00f3zk\u00f3w inwalidzkich lub osoby o ograniczonej sprawno\u015bci ruchowej<\/p>\n<h3 data-start=\"2831\" data-end=\"2858\">Cena i rezerwacja<\/h3>\n<p data-start=\"2859\" data-end=\"2995\"><strong>Zarezerwuj teraz, zap\u0142a\u0107 w dniu wycieczki<\/strong><br data-start=\"2898\" data-end=\"2901\" \/>Skontaktuj si\u0119 z nami za po\u015brednictwem <strong data-start=\"2919\" data-end=\"2931\">WhatsApp<\/strong>, <strong data-start=\"2933\" data-end=\"2945\">Telegram<\/strong>, <strong data-start=\"2947\" data-end=\"2956\">Viber<\/strong>, lub wype\u0142ni\u0107 poni\u017cszy formularz rezerwacji. \ud83d\udc47\ud83c\udffc<\/p>","protected":false},"excerpt":{"rendered":"<p>Ostateczny <b>jednodniowa wycieczka przygodowa<\/b>! Ksi\u0105\u017cka <b>Jeep Safari w kanionie Taz\u0131<\/b> &amp; <b>Rafting<\/b> <b>wycieczka<\/b> z <b>Antalya<\/b>. Eksploruj klify i poczuj dreszczyk emocji na rw\u0105cych potokach! <b>Transfer<\/b> w zestawie.<\/p>","protected":false},"featured_media":12667,"comment_status":"open","ping_status":"closed","template":"","meta":[],"product_brand":[],"product_cat":[125],"product_tag":[107],"class_list":{"0":"post-15436","1":"product","2":"type-product","3":"status-publish","4":"has-post-thumbnail","6":"tour_phys-antalya-tours","7":"product_cat-antalya-tours","8":"product_tag-antalya","9":"pa_destination-antalya-tours","11":"first","12":"instock","13":"sale","14":"shipping-taxable","15":"purchasable","16":"product-type-tour_phys"},"aioseo_notices":[],"_links":{"self":[{"href":"https:\/\/excursionsworld.com\/pl\/wp-json\/wp\/v2\/product\/15436","targetHints":{"allow":["GET"]}}],"collection":[{"href":"https:\/\/excursionsworld.com\/pl\/wp-json\/wp\/v2\/product"}],"about":[{"href":"https:\/\/excursionsworld.com\/pl\/wp-json\/wp\/v2\/types\/product"}],"replies":[{"embeddable":true,"href":"https:\/\/excursionsworld.com\/pl\/wp-json\/wp\/v2\/comments?post=15436"}],"wp:featuredmedia":[{"embeddable":true,"href":"https:\/\/excursionsworld.com\/pl\/wp-json\/wp\/v2\/media\/12667"}],"wp:attachment":[{"href":"https:\/\/excursionsworld.com\/pl\/wp-json\/wp\/v2\/media?parent=15436"}],"wp:term":[{"taxonomy":"product_brand","embeddable":true,"href":"https:\/\/excursionsworld.com\/pl\/wp-json\/wp\/v2\/product_brand?post=15436"},{"taxonomy":"product_cat","embeddable":true,"href":"https:\/\/excursionsworld.com\/pl\/wp-json\/wp\/v2\/product_cat?post=15436"},{"taxonomy":"product_tag","embeddable":true,"href":"https:\/\/excursionsworld.com\/pl\/wp-json\/wp\/v2\/product_tag?post=15436"}],"curies":[{"name":"wp","href":"https:\/\/api.w.org\/{rel}","templated":true}]}}