{"id":15438,"date":"2025-10-28T12:44:00","date_gmt":"2025-10-28T09:44:00","guid":{"rendered":"https:\/\/excursionsworld.com\/?post_type=product&#038;p=15438"},"modified":"2026-04-24T00:20:58","modified_gmt":"2026-04-23T21:20:58","slug":"kanion-tazi-rafting-jeep-belek","status":"publish","type":"product","link":"https:\/\/excursionsworld.com\/tours\/tazi-canyon-rafting-jeep-belek\/","title":{"rendered":"Wycieczka do Kanionu Tazi z Raftingiem &amp; Jeep Safari z Beleku"},"content":{"rendered":"<h2>\ud83c\udfde\ufe0f Przegl\u0105d<\/h2>\n<p>Rozpocznij ekscytuj\u0105c\u0105 przygod\u0119 z odbiorem z hotelu i dowozem do hotelu z <strong><a href=\"https:\/\/en.wikipedia.org\/wiki\/Belek\" target=\"_blank\" rel=\"noopener\">Belek<\/a>, Kadriye i Bo\u011fazkent<\/strong>. Ciesz si\u0119 ekscytuj\u0105cym safari jeepem przez g\u00f3ry Taurus, odwied\u017a zapieraj\u0105ce dech w piersiach <strong>Kanion Taz\u0131<\/strong>, i do\u015bwiadczy\u0107 opcjonalnego raftingu w <strong>Kanion K\u00f6pr\u00fcl\u00fc<\/strong>. Idealne po\u0142\u0105czenie adrenaliny, natury i zabawy!<\/p>\n<h3><strong>W zestawie:<\/strong><\/h3>\n<p><span style=\"color: #00ff00;\"><strong>\u2713<\/strong> <\/span>Odbi\u00f3r i dow\u00f3z do hotelu<br \/><span style=\"color: #00ff00;\"><strong>\u2713<\/strong> <\/span>Wygodny klimatyzowany autobus<br \/><span style=\"color: #00ff00;\"><strong>\u2713<\/strong> <\/span>Safari jeepem z otwartym dachem<br \/><span style=\"color: #00ff00;\"><strong>\u2713<\/strong> <\/span>Rafting na 10-osobowych tratwach<br \/><span style=\"color: #00ff00;\"><strong>\u2713<\/strong> <\/span>Ubezpieczenie<br \/><span style=\"color: #00ff00;\"><strong>\u2713<\/strong> <\/span>Przewodnik<br \/><span style=\"color: #00ff00;\"><strong>\u2713<\/strong> <\/span>Lunch<br \/><span style=\"color: #00ff00;\"><strong>\u2713<\/strong> <\/span>Zipline<\/p>\n<h3><strong>Nie zawiera:<\/strong><\/h3>\n<p><span style=\"color: #ff0000;\"><strong>\u2717<\/strong> <\/span>Kajaki 2-osobowe (dodatkowa op\u0142ata)<br \/><span style=\"color: #ff0000;\"><strong>\u2717<\/strong> <\/span>Zdj\u0119cia i filmy<br \/><span style=\"color: #ff0000;\"><strong>\u2717<\/strong> <\/span>Napoje<\/p>\n<h2>\ud83c\udf1f Najwa\u017cniejsze punkty wycieczki: Kanion Taz\u0131, rafting i jeep<\/h2>\n<p>safari jeepem przez g\u00f3ry Taurus<br \/>Panoramiczny widok na kanion Taz\u0131 (\u201cOrle Gniazdo\u201d)<br \/>Opcjonalny rafting w kanionie K\u00f6pr\u00fcl\u00fc<br \/>Sceniczne przystanki na zdj\u0119cia<br \/>Lunch nad rzek\u0105<br \/>Transfery z obszaru Belek<\/p>\n<h2>\ud83d\udcd6 Pe\u0142ny opis: Twoje do\u015bwiadczenie z kanionem Taz\u0131, raftingiem i jeepem<\/h2>\n<p>Dzie\u0144 rozpocznie si\u0119 od odbioru z hotelu w Belek, Kadriye lub Bo\u011fazkent, w kierunku malowniczych g\u00f3r Taurus. Ciesz si\u0119 terenow\u0105 przygod\u0105 jeepem i dotrzyj do bazy w kanionie K\u00f6pr\u00fcl\u00fc. Tutaj mo\u017cesz wybra\u0107 rafting lub zrelaksowa\u0107 si\u0119 nad rzek\u0105. Nast\u0119pnie kontynuuj jazd\u0119 jeepem do <strong>Kanion Taz\u0131<\/strong>, Jeden z najpi\u0119kniejszych punkt\u00f3w widokowych w Turcji. Czas wolny na zdj\u0119cia i zwiedzanie. Nast\u0119pnie udaj si\u0119 z powrotem na rafting pe\u0142en zabawy i plusk\u00f3w, a nast\u0119pnie zjedz pyszny lunch nad rzek\u0105 przed powrotem do hotelu.<\/p>\n<h3>\ud83d\uddfa\ufe0f Plan podr\u00f3\u017cy<\/h3>\n<p>Odbi\u00f3r z hoteli w Belek, Kadriye i Bo\u011fazkent<br \/>safari jeepem przez g\u00f3ry Taurus<br \/>Wizyta w bazie kanionu K\u00f6pr\u00fcl\u00fc (opcjonalnie rafting)<br \/>Przeja\u017cd\u017cka do punktu widokowego Taz\u0131 Canyon<br \/>Czas wolny na zdj\u0119cia<br \/>Przygoda z raftingiem<br \/>Lunch nad rzek\u0105<br \/>Powr\u00f3t do hotelu<\/p>\n<h3>\u2139\ufe0f Przydatne informacje<\/h3>\n<p>Czas trwania: ~8-9 godz.<br \/>Umiarkowana lub wysoka aktywno\u015b\u0107 fizyczna<br \/>Do raftingu nie jest wymagane do\u015bwiadczenie<br \/>10-osobowe tratwy w cenie, 2-osobowe kajaki za dodatkow\u0105 op\u0142at\u0105<br \/>Dzieci poni\u017cej 6. roku \u017cycia podr\u00f3\u017cuj\u0105 bezp\u0142atnie (bez oddzielnego miejsca, chyba \u017ce zostanie ono zarezerwowane).<\/p>\n<h2>Co zabra\u0107 ze sob\u0105<\/h2>\n<p>Str\u00f3j k\u0105pielowy, r\u0119cznik i krem z filtrem przeciws\u0142onecznym<br \/>Buty do wody i ubrania na zmian\u0119<br \/>Got\u00f3wka na napoje lub dodatki<\/p>\n<h3>Nieodpowiednie dla<\/h3>\n<p>Osoby z chorobami serca<br \/>Kobiety w ci\u0105\u017cy<br \/>Dzieci poni\u017cej 4 lat<br \/>Podr\u00f3\u017cni w wieku powy\u017cej 70 lat<br \/>U\u017cytkownicy w\u00f3zk\u00f3w inwalidzkich<\/p>\n<h2>Cena i rezerwacja<\/h2>\n<p><strong>Zarezerwuj teraz, zap\u0142a\u0107 w dniu wycieczki<\/strong><br \/>Skontaktuj si\u0119 z nami za po\u015brednictwem <strong>WhatsApp<\/strong>, <strong>Telegram<\/strong>, <strong>Viber<\/strong>, lub wype\u0142ni\u0107 poni\u017cszy formularz rezerwacji. \ud83d\udc47\ud83c\udffc<\/p>\n<p>Szukasz alternatyw? Przegl\u0105daj <a href=\"https:\/\/excursionsworld.com\/pl\/belek-wycieczki\/\">wi\u0119cej wycieczek po Belek<\/a>.<\/p>","protected":false},"excerpt":{"rendered":"<p>Zarezerwuj <b>Belek Taz\u0131 Canyon Jeep Safari &amp; Rafting<\/b> combo! Najlepsza ca\u0142odniowa przygoda: Eksploruj klify i poczuj dreszczyk emocji na bystrzach kanionu K\u00f6pr\u00fcl\u00fc. <b>Transfer wliczony w cen\u0119<\/b>!<\/p>","protected":false},"featured_media":12667,"comment_status":"open","ping_status":"closed","template":"","meta":[],"product_brand":[],"product_cat":[126],"product_tag":[120],"class_list":{"0":"post-15438","1":"product","2":"type-product","3":"status-publish","4":"has-post-thumbnail","6":"tour_phys-belek-tours","7":"product_cat-belek-tours","8":"product_tag-belek","9":"pa_destination-belek-tours","11":"first","12":"instock","13":"sale","14":"shipping-taxable","15":"purchasable","16":"product-type-tour_phys"},"aioseo_notices":[],"_links":{"self":[{"href":"https:\/\/excursionsworld.com\/pl\/wp-json\/wp\/v2\/product\/15438","targetHints":{"allow":["GET"]}}],"collection":[{"href":"https:\/\/excursionsworld.com\/pl\/wp-json\/wp\/v2\/product"}],"about":[{"href":"https:\/\/excursionsworld.com\/pl\/wp-json\/wp\/v2\/types\/product"}],"replies":[{"embeddable":true,"href":"https:\/\/excursionsworld.com\/pl\/wp-json\/wp\/v2\/comments?post=15438"}],"wp:featuredmedia":[{"embeddable":true,"href":"https:\/\/excursionsworld.com\/pl\/wp-json\/wp\/v2\/media\/12667"}],"wp:attachment":[{"href":"https:\/\/excursionsworld.com\/pl\/wp-json\/wp\/v2\/media?parent=15438"}],"wp:term":[{"taxonomy":"product_brand","embeddable":true,"href":"https:\/\/excursionsworld.com\/pl\/wp-json\/wp\/v2\/product_brand?post=15438"},{"taxonomy":"product_cat","embeddable":true,"href":"https:\/\/excursionsworld.com\/pl\/wp-json\/wp\/v2\/product_cat?post=15438"},{"taxonomy":"product_tag","embeddable":true,"href":"https:\/\/excursionsworld.com\/pl\/wp-json\/wp\/v2\/product_tag?post=15438"}],"curies":[{"name":"wp","href":"https:\/\/api.w.org\/{rel}","templated":true}]}}