{"id":15440,"date":"2025-10-28T13:07:42","date_gmt":"2025-10-28T10:07:42","guid":{"rendered":"https:\/\/excursionsworld.com\/?post_type=product&#038;p=15440"},"modified":"2026-04-24T00:20:58","modified_gmt":"2026-04-23T21:20:58","slug":"kanion-tazi-rafting-jeep-alanya","status":"publish","type":"product","link":"https:\/\/excursionsworld.com\/tours\/tazi-canyon-rafting-jeep-alanya\/","title":{"rendered":"Wycieczka Combo Taz\u0131 Canyon: Rafting i Jeep Safari z Alanyi"},"content":{"rendered":"<h2><span style=\"color: #000000;\"><strong>\ud83c\udfde\ufe0f Przegl\u0105d<\/strong><\/span><\/h2>\n<p>Wyruszy\u0107 z <strong><a href=\"https:\/\/en.wikipedia.org\/wiki\/Alanya\" target=\"_blank\" rel=\"noopener\">Alanya<\/a>, Alanya, Oba, Tosmur, Kestel, Mahmutlar lub Konakl\u0131<\/strong> na ekscytuj\u0105cy dzie\u0144 na \u0142onie natury! Ciesz si\u0119 safari jeepem przez g\u00f3ry Taurus, podziwiaj\u0105c dramatyczne <strong>Kanion Taz\u0131<\/strong>, i do\u015bwiadczy\u0107 opcjonalnego raftingu w <strong>Kanion K\u00f6pr\u00fcl\u00fc<\/strong>. Idealne po\u0142\u0105czenie emocji i malowniczego pi\u0119kna!<\/p>\n<h3><strong>W zestawie:<\/strong><\/h3>\n<p><span style=\"color: #00ff00;\"><strong>\u2713<\/strong> <\/span>Odbi\u00f3r i dow\u00f3z do hotelu<br \/><span style=\"color: #00ff00;\"><strong>\u2713<\/strong> <\/span>Wygodny klimatyzowany autobus<br \/><span style=\"color: #00ff00;\"><strong>\u2713<\/strong> <\/span>Safari jeepem z otwartym dachem<br \/><span style=\"color: #00ff00;\"><strong>\u2713<\/strong> <\/span>Rafting na 10-osobowych tratwach<br \/><span style=\"color: #00ff00;\"><strong>\u2713<\/strong> <\/span>Ubezpieczenie<br \/><span style=\"color: #00ff00;\"><strong>\u2713<\/strong> <\/span>Przewodnik<br \/><span style=\"color: #00ff00;\"><strong>\u2713<\/strong> <\/span>Lunch<br \/><span style=\"color: #00ff00;\"><strong>\u2713<\/strong> <\/span>Zipline<\/p>\n<h3><strong>Nie zawiera:<\/strong><\/h3>\n<p><span style=\"color: #ff0000;\"><strong>\u2717<\/strong> <\/span>Kajaki 2-osobowe (dodatkowa op\u0142ata)<br \/><span style=\"color: #ff0000;\"><strong>\u2717<\/strong> <\/span>Wydatki osobiste<br \/><span style=\"color: #ff0000;\"><strong>\u2717<\/strong> <\/span>Zdj\u0119cia i filmy<br \/><span style=\"color: #ff0000;\"><strong>\u2717<\/strong> <\/span>Napoje<\/p>\n<h2><span style=\"color: #000000;\"><strong>Najwa\u017cniejsze atrakcje wycieczki<\/strong><\/span><\/h2>\n<p>Malownicze safari jeepem przez g\u00f3ry<br \/>Osza\u0142amiaj\u0105cy punkt widokowy kanionu Taz\u0131<br \/>Opcjonalna przygoda raftingowa w kanionie K\u00f6pr\u00fcl\u00fc<br \/>Lunch nad rzek\u0105<br \/>Transfery z regionu Alanya<\/p>\n<h2><span style=\"color: #000000;\"><strong>Pe\u0142ny opis<\/strong><\/span><\/h2>\n<p>Po odbiorze z hotelu w Alanyi lub pobliskich obszarach, podr\u00f3\u017c w kierunku majestatycznego <strong>G\u00f3ry Taurus<\/strong>. Twoja przygoda rozpocznie si\u0119 od safari jeepem terenowym przez lasy sosnowe i urocze g\u00f3rskie wioski. Przyjazd do <strong>Kanion K\u00f6pr\u00fcl\u00fc<\/strong> i wybierz mi\u0119dzy raftingiem na 10-osobowych \u0142odziach lub relaksem nad wod\u0105. P\u00f3\u017aniej kontynuuj podr\u00f3\u017c jeepem do <strong>Kanion Taz\u0131<\/strong> gdzie mo\u017cna podziwia\u0107 zapieraj\u0105ce dech w piersiach panoramiczne widoki. Zako\u0144cz wycieczk\u0119 pysznym lunchem nad rzek\u0105 przed powrotem do Alanyi.<\/p>\n<h3><span style=\"color: #000000;\"><strong>\ud83d\uddfa\ufe0f Plan podr\u00f3\u017cy<\/strong><\/span><\/h3>\n<p>Odbi\u00f3r z hoteli w Alanyi, Oba, Tosmur, Kestel, Mahmutlar, Konakl\u0131<br \/>Jeep safari przez g\u00f3rskie drogi<br \/>Wizyta w bazie kanionu K\u00f6pr\u00fcl\u00fc (opcjonalnie rafting)<br \/>Przejazd do punktu widokowego Taz\u0131 Canyon<br \/>Lunch nad rzek\u0105<br \/>Przelew zwrotny<\/p>\n<h3><span style=\"color: #000000;\"><strong>\u2139\ufe0f Przydatne informacje<\/strong><\/span><\/h3>\n<p>Czas trwania: ~9 godzin (wycieczka ca\u0142odniowa)<br \/>Nie jest wymagane do\u015bwiadczenie w raftingu<br \/>Dzieci poni\u017cej 6. roku \u017cycia podr\u00f3\u017cuj\u0105 bezp\u0142atnie (bez oddzielnego miejsca, chyba \u017ce zostanie ono zarezerwowane).<br \/>Opcjonalne dodatki: tyrolka, 2-osobowy kajak<\/p>\n<h2><span style=\"color: #000000;\"><strong>Co zabra\u0107 ze sob\u0105<\/strong><\/span><\/h2>\n<p>Str\u00f3j k\u0105pielowy, r\u0119cznik i krem z filtrem przeciws\u0142onecznym<br \/>Buty do wody i ubrania na zmian\u0119<br \/>Got\u00f3wka na napoje lub dodatki<\/p>\n<h3><span style=\"color: #000000;\"><strong>Nieodpowiednie dla<\/strong><\/span><\/h3>\n<p>Osoby z chorobami serca<br \/>Kobiety w ci\u0105\u017cy<br \/>Dzieci poni\u017cej 4 lat<br \/>Podr\u00f3\u017cni w wieku powy\u017cej 70 lat<br \/>U\u017cytkownicy w\u00f3zk\u00f3w inwalidzkich<\/p>\n<h2><span style=\"color: #000000;\"><strong>Cena i rezerwacja<\/strong><\/span><\/h2>\n<p><strong>Zarezerwuj teraz, zap\u0142a\u0107 w dniu wycieczki<\/strong><br \/>Skontaktuj si\u0119 z nami za po\u015brednictwem <strong>WhatsApp<\/strong>, <strong>Telegram<\/strong>, <strong>Viber<\/strong>, lub wype\u0142ni\u0107 poni\u017cszy formularz rezerwacji. \ud83d\udc47\ud83c\udffc<\/p>\n<p>Szukasz alternatyw? Przegl\u0105daj <a href=\"https:\/\/excursionsworld.com\/pl\/alanya-wycieczki\/\">wi\u0119cej wycieczek po Alanii<\/a>.<\/p>","protected":false},"excerpt":{"rendered":"<p>Zarezerwuj <b>Alanya Taz\u0131 Canyon Jeep Safari &amp; Rafting<\/b> combo! Najlepsza ca\u0142odniowa przygoda: Eksploruj klify i poczuj dreszczyk emocji na bystrzach kanionu K\u00f6pr\u00fcl\u00fc. <b>Transfer wliczony w cen\u0119<\/b>!<\/p>","protected":false},"featured_media":12667,"comment_status":"open","ping_status":"closed","template":"","meta":[],"product_brand":[],"product_cat":[128],"product_tag":[111],"class_list":{"0":"post-15440","1":"product","2":"type-product","3":"status-publish","4":"has-post-thumbnail","6":"tour_phys-alanya-tours","7":"product_cat-alanya-tours","8":"product_tag-alanya","9":"pa_destination-alanya-tours","11":"first","12":"instock","13":"sale","14":"shipping-taxable","15":"purchasable","16":"product-type-tour_phys"},"aioseo_notices":[],"_links":{"self":[{"href":"https:\/\/excursionsworld.com\/pl\/wp-json\/wp\/v2\/product\/15440","targetHints":{"allow":["GET"]}}],"collection":[{"href":"https:\/\/excursionsworld.com\/pl\/wp-json\/wp\/v2\/product"}],"about":[{"href":"https:\/\/excursionsworld.com\/pl\/wp-json\/wp\/v2\/types\/product"}],"replies":[{"embeddable":true,"href":"https:\/\/excursionsworld.com\/pl\/wp-json\/wp\/v2\/comments?post=15440"}],"wp:featuredmedia":[{"embeddable":true,"href":"https:\/\/excursionsworld.com\/pl\/wp-json\/wp\/v2\/media\/12667"}],"wp:attachment":[{"href":"https:\/\/excursionsworld.com\/pl\/wp-json\/wp\/v2\/media?parent=15440"}],"wp:term":[{"taxonomy":"product_brand","embeddable":true,"href":"https:\/\/excursionsworld.com\/pl\/wp-json\/wp\/v2\/product_brand?post=15440"},{"taxonomy":"product_cat","embeddable":true,"href":"https:\/\/excursionsworld.com\/pl\/wp-json\/wp\/v2\/product_cat?post=15440"},{"taxonomy":"product_tag","embeddable":true,"href":"https:\/\/excursionsworld.com\/pl\/wp-json\/wp\/v2\/product_tag?post=15440"}],"curies":[{"name":"wp","href":"https:\/\/api.w.org\/{rel}","templated":true}]}}