{"id":15447,"date":"2025-10-28T16:02:52","date_gmt":"2025-10-28T13:02:52","guid":{"rendered":"https:\/\/excursionsworld.com\/?post_type=product&#038;p=15447"},"modified":"2026-04-24T00:20:59","modified_gmt":"2026-04-23T21:20:59","slug":"rejs-piracki-zachod-slonca-kemer","status":"publish","type":"product","link":"https:\/\/excursionsworld.com\/tours\/kemer-pirate-sunset-boat-tour\/","title":{"rendered":"Kemer: Rejs Statkiem Pirackim o Zachodzie S\u0142o\u0144ca \u2013 All Inclusive"},"content":{"rendered":"<h2>\ud83c\udff4\u200d\u2620\ufe0f Przegl\u0105d<\/h2>\n<p>Prze\u017cyj niezapomniany wiecz\u00f3r na <strong>Rejs \u0142odzi\u0105 o zachodzie s\u0142o\u0144ca po zatoce Gonster <a href=\"https:\/\/en.wikipedia.org\/wiki\/Kemer,_Antalya\" target=\"_blank\" rel=\"noopener\">Kemer<\/a><\/strong> - 4-godzinny rejs all-inclusive na pok\u0142adzie najwi\u0119kszego w Europie czteropok\u0142adowego statku pirackiego. Ciesz si\u0119 zapieraj\u0105cymi dech w piersiach widokami zachodu s\u0142o\u0144ca, przerwami na p\u0142ywanie w zatokach Paradise i Moonlight, pyszn\u0105 kolacj\u0105 w formie bufetu, nieograniczonymi napojami i \u017cywio\u0142ow\u0105 imprez\u0105 z pian\u0105 - wszystko to w jeden magiczny \u015br\u00f3dziemnomorski wiecz\u00f3r.<\/p>\n<h3>\u00a0W zestawie:<\/h3>\n<p><span style=\"color: #00ff00;\"><strong>\u2713<\/strong> <\/span>Odbi\u00f3r i dow\u00f3z do hotelu\u00a0<br \/><span style=\"color: #00ff00;\"><strong>\u2713<\/strong> <\/span>Kolacja w formie bufetu (kurczak, makaron, pilaw, sa\u0142atki)<br \/><span style=\"color: #00ff00;\"><strong>\u2713<\/strong> <\/span>Nielimitowane napoje bezalkoholowe, piwo z beczki (Tuborg), czerwone i bia\u0142e wino<br \/><span style=\"color: #00ff00;\"><strong>\u2713<\/strong> <\/span>Impreza piankowa i rozrywka<br \/><span style=\"color: #00ff00;\"><strong>\u2713<\/strong> <\/span>Za\u0142oga m\u00f3wi\u0105ca po angielsku, rosyjsku i turecku<br \/><span style=\"color: #00ff00;\"><strong>\u2713<\/strong> <\/span>Pe\u0142ne ubezpieczenie<\/p>\n<h3>\u00a0Nie zawiera:<\/h3>\n<p><span style=\"color: #ff0000;\"><strong>\u2717<\/strong> <\/span>Inne napoje alkoholowe<br \/><span style=\"color: #ff0000;\"><strong>\u2717<\/strong> <\/span>Wydatki osobiste<br \/><span style=\"color: #ff0000;\"><strong>\u2717<\/strong> <\/span>Zdj\u0119cia i wideo<\/p>\n<h2>\ud83c\udf1f Najwa\u017cniejsze punkty wycieczki \u0142odzi\u0105 pirack\u0105 o zachodzie s\u0142o\u0144ca w Kemer<\/h2>\n<p>\u017begluj dalej <strong>Najwi\u0119kszy w Europie 4-pok\u0142adowy statek piracki \u201cGonster\u201d<\/strong> z miejscem dla 394 go\u015bci<br \/>\ud83d\udd39 Ciesz si\u0119 dwoma przystankami p\u0142ywackimi w <strong>Paradise Bay<\/strong> oraz <strong>Moonlight Bay<\/strong><br \/>\ud83d\udd39 Ogl\u0105daj zapieraj\u0105ce dech w piersiach <strong>\u015ar\u00f3dziemnomorski zach\u00f3d s\u0142o\u0144ca<\/strong> z g\u00f3rnego pok\u0142adu<br \/>Uczta na <strong>otwarta kolacja w formie bufetu<\/strong> z nieograniczon\u0105 ilo\u015bci\u0105 napoj\u00f3w<br \/>\ud83d\udd39 Ta\u0144cz, \u015bpiewaj i \u015bmiej si\u0119 z <strong>Piana party i animacje<\/strong><br \/>Idealny dla par, rodzin i przyjaci\u00f3\u0142 szukaj\u0105cych zabawy i relaksu.<\/p>\n<h2>\ud83d\udcd6 Opis: Twoje Kemer Pirate Sunset Boat Tour Experience<\/h2>\n<p>The <strong>Wycieczka \u0142odzi\u0105 o zachodzie s\u0142o\u0144ca<\/strong> oferuje idealne po\u0142\u0105czenie przygody, relaksu i rozrywki.<br \/>Po odebraniu z hotelu w Kemer i okolicach, wejdziesz na pok\u0142ad majestatycznego 4-pok\u0142adowego statku pirackiego Gonster w porcie Kemer. Gdy statek wyp\u0142ynie na turkusowe wody Morza \u015ar\u00f3dziemnego, pierwszy przystanek na p\u0142ywanie odb\u0119dzie si\u0119 w <strong>Paradise Bay<\/strong>, otoczony poro\u015bni\u0119tymi sosnami klifami.<\/p>\n<p>Wraz z zachodem s\u0142o\u0144ca <strong>otwarta kolacja w formie bufetu<\/strong> Na pok\u0142adzie serwowane b\u0119d\u0105 tradycyjne dania kuchni tureckiej. Ciesz si\u0119 nieograniczon\u0105 ilo\u015bci\u0105 piwa, wina i napoj\u00f3w bezalkoholowych, podziwiaj\u0105c zach\u00f3d s\u0142o\u0144ca maluj\u0105cy niebo w z\u0142otych i czerwonych odcieniach.<\/p>\n<p>Wiecz\u00f3r b\u0119dzie kontynuowany \u017cyw\u0105 <strong>impreza w pianie<\/strong> na g\u00f3rnym pok\u0142adzie - muzyka, taniec i rado\u015b\u0107 dla wszystkich grup wiekowych. Przed wyruszeniem w drog\u0119 powrotn\u0105 zatrzymasz si\u0119 jeszcze raz na orze\u017awiaj\u0105c\u0105 k\u0105piel w <strong>Moonlight Bay<\/strong>, idealne miejsce na nocne zdj\u0119cia.<\/p>\n<p>Wr\u00f3\u0107 do portu oko\u0142o 21:45 i ciesz si\u0119 wygodnym transferem z powrotem do hotelu.<\/p>\n<h3>\ud83d\uddfa\ufe0f Plan podr\u00f3\u017cy<\/h3>\n<p>Odbi\u00f3r z hotelu w Kemer i okolicach<br \/>Deska surfingowa w porcie w Kemer<br \/>Odprawa dotycz\u0105ca wyjazdu i bezpiecze\u0144stwa<br \/>Przerwa na p\u0142ywanie w Paradise Bay<br \/>Otwarta kolacja w formie bufetu podczas zachodu s\u0142o\u0144ca<br \/>Impreza z piank\u0105 i rozrywka<br \/>Przystanek p\u0142ywacki w zatoce Moonlight Bay<br \/>Powr\u00f3t do portu w Kemer i transfer do hotelu<\/p>\n<h3>\u2139\ufe0f Przydatne informacje<\/h3>\n<p>Czas trwania: Oko\u0142o 4 godzin<br \/>Czas odlotu: 18:00 (przyjazd 30 minut przed odlotem)<br \/>J\u0119zyki za\u0142ogi: Angielski, rosyjski, turecki<br \/>Przyjazne rodzinie do\u015bwiadczenie odpowiednie dla wszystkich grup wiekowych<br \/>Du\u017ca pojemno\u015b\u0107 (394 go\u015bci) z pok\u0142adami wewn\u0119trznymi i zewn\u0119trznymi<\/p>\n<h2>Co zabra\u0107 ze sob\u0105<\/h2>\n<p>Str\u00f3j k\u0105pielowy i r\u0119cznik<br \/>Ochrona przeciws\u0142oneczna, okulary przeciws\u0142oneczne i kapelusz<br \/>Aparat fotograficzny lub smartfon<br \/>Niewielka got\u00f3wka na dodatki<br \/>Wygodne sanda\u0142y lub klapki<\/p>\n<h3>Nieodpowiednie dla<\/h3>\n<p>Kobiety w ci\u0105\u017cy<br \/>Go\u015bcie z powa\u017cn\u0105 chorob\u0105 lokomocyjn\u0105<\/p>\n<h2><span style=\"color: #000000;\"><strong><img decoding=\"async\" class=\"emoji\" role=\"img\" draggable=\"false\" src=\"https:\/\/s.w.org\/images\/core\/emoji\/16.0.1\/svg\/1f4b8.svg\" alt=\"\ud83d\udcb8\" \/>\u00a0Cena i rezerwacja<\/strong><\/span><\/h2>\n<div class=\"elementor-element elementor-element-57a2f74 elementor-widget-divider--view-line elementor-widget elementor-widget-divider\" data-id=\"57a2f74\" data-element_type=\"widget\" data-widget_type=\"divider.default\">\n<div class=\"elementor-widget-container\"><strong>Zarezerwuj teraz, zap\u0142a\u0107 w dniu wycieczki<\/strong><br \/>Skontaktuj si\u0119 z nami za po\u015brednictwem <strong>WhatsApp<\/strong>,\u00a0<strong>Telegram<\/strong>,\u00a0<strong>Viber<\/strong>, lub wype\u0142ni\u0107 poni\u017cszy formularz rezerwacji.\u00a0<img decoding=\"async\" class=\"emoji\" role=\"img\" draggable=\"false\" src=\"https:\/\/s.w.org\/images\/core\/emoji\/16.0.1\/svg\/1f447-1f3fd.svg\" alt=\"\ud83d\udc47\ud83c\udffd\" \/><\/div>\n<\/div>\n<p>Szukasz alternatyw? Przegl\u0105daj <a href=\"https:\/\/excursionsworld.com\/pl\/kemer-wycieczki\/\">wi\u0119cej wycieczek po Kemer<\/a>.<\/p>","protected":false},"excerpt":{"rendered":"<p>Zarezerwuj <b>Wycieczka \u0142odzi\u0105 o zachodzie s\u0142o\u0144ca w Kemer Gonster<\/b>! Ciesz si\u0119 <b>Rejs all inclusive<\/b> z imprez\u0105 piankow\u0105, kolacj\u0105, <b>napoje bez ogranicze\u0144<\/b>, i wspania\u0142y widok na \u015br\u00f3dziemnomorski zach\u00f3d s\u0142o\u0144ca.<\/p>","protected":false},"featured_media":15448,"comment_status":"open","ping_status":"closed","template":"","meta":[],"product_brand":[],"product_cat":[124,130],"product_tag":[105],"class_list":{"0":"post-15447","1":"product","2":"type-product","3":"status-publish","4":"has-post-thumbnail","6":"tour_phys-kemer-tours","7":"tour_phys-pirate-boat-tours","8":"product_cat-kemer-tours","9":"product_cat-pirate-boat-tours","10":"product_tag-kemer","11":"pa_destination-kemer-tours","12":"pa_kategori-pirate-boat-tours","14":"first","15":"instock","16":"sale","17":"shipping-taxable","18":"purchasable","19":"product-type-tour_phys"},"aioseo_notices":[],"_links":{"self":[{"href":"https:\/\/excursionsworld.com\/pl\/wp-json\/wp\/v2\/product\/15447","targetHints":{"allow":["GET"]}}],"collection":[{"href":"https:\/\/excursionsworld.com\/pl\/wp-json\/wp\/v2\/product"}],"about":[{"href":"https:\/\/excursionsworld.com\/pl\/wp-json\/wp\/v2\/types\/product"}],"replies":[{"embeddable":true,"href":"https:\/\/excursionsworld.com\/pl\/wp-json\/wp\/v2\/comments?post=15447"}],"wp:featuredmedia":[{"embeddable":true,"href":"https:\/\/excursionsworld.com\/pl\/wp-json\/wp\/v2\/media\/15448"}],"wp:attachment":[{"href":"https:\/\/excursionsworld.com\/pl\/wp-json\/wp\/v2\/media?parent=15447"}],"wp:term":[{"taxonomy":"product_brand","embeddable":true,"href":"https:\/\/excursionsworld.com\/pl\/wp-json\/wp\/v2\/product_brand?post=15447"},{"taxonomy":"product_cat","embeddable":true,"href":"https:\/\/excursionsworld.com\/pl\/wp-json\/wp\/v2\/product_cat?post=15447"},{"taxonomy":"product_tag","embeddable":true,"href":"https:\/\/excursionsworld.com\/pl\/wp-json\/wp\/v2\/product_tag?post=15447"}],"curies":[{"name":"wp","href":"https:\/\/api.w.org\/{rel}","templated":true}]}}