{"id":15455,"date":"2025-10-28T21:15:13","date_gmt":"2025-10-28T18:15:13","guid":{"rendered":"https:\/\/excursionsworld.com\/?post_type=product&#038;p=15455"},"modified":"2026-04-24T00:20:59","modified_gmt":"2026-04-23T21:20:59","slug":"relax-boat-rejs-antalya","status":"publish","type":"product","link":"https:\/\/excursionsworld.com\/tours\/relax-boat-antalya\/","title":{"rendered":"Rejs Relax Boat z Antalyi \u2013 Ma\u0142a Grupa"},"content":{"rendered":"<h2>\ud83c\udfdd\ufe0f Przegl\u0105d<\/h2>\n<p>Ucieknij z miasta i ciesz si\u0119 spokojnym dniem na morzu na statku <strong>Antalya Wycieczka Jachtem Relaksacyjna do <a href=\"https:\/\/en.wikipedia.org\/wiki\/Kemer,_Antalya\" target=\"_blank\" rel=\"noopener\">Kemer<\/a><\/strong>. \u017begluj wzd\u0142u\u017c osza\u0142amiaj\u0105cego turkusowego wybrze\u017ca, p\u0142ywaj w cichych zatokach i relaksuj si\u0119 na pok\u0142adzie w spokojnej, wolnej od muzyki atmosferze. Idealny dla par i rodzin szukaj\u0105cych komfortu i spokoju.<\/p>\n<h3>W zestawie<\/h3>\n<p><strong><span style=\"color: #00ff00;\">\u2713<\/span><\/strong> Odbi\u00f3r i dow\u00f3z do hotelu\u00a0<br \/><strong><span style=\"color: #00ff00;\">\u2713 <\/span><\/strong>Profesjonalny przewodnik<br \/><strong><span style=\"color: #00ff00;\">\u2713 <\/span><\/strong>Ubezpieczenie<br \/><strong><span style=\"color: #00ff00;\">\u2713 <\/span><\/strong>Obiad (grillowany kurczak, ry\u017c, sa\u0142atka)<\/p>\n<h3>Brak w zestawie<\/h3>\n<p><strong><span style=\"color: #ff0000;\">\u2717<\/span> <\/strong>Napoje<br \/><strong><span style=\"color: #ff0000;\">\u2717<\/span> <\/strong>Wydatki osobiste<br \/><strong><span style=\"color: #ff0000;\">\u2717<\/span> <\/strong>Zdj\u0119cia i filmy<\/p>\n<h2>\ud83c\udf1f Najwa\u017cniejsze punkty wycieczki jachtem relaksacyjnym z Antalyi<\/h2>\n<p>Spokojny, wolny od muzyki jacht z ograniczon\u0105 liczb\u0105 go\u015bci<br \/>P\u0142ywanie w zatokach Phaselis, Paradise i Moonlight<br \/>Malownicze widoki na wybrze\u017ce Kemer i Jaskini\u0119 Pirat\u00f3w<br \/>Pyszny lunch serwowany na pok\u0142adzie<br \/>Idealny dla rodzin i mi\u0142o\u015bnik\u00f3w relaksu<\/p>\n<h2>\ud83d\udcd6 Pe\u0142ny opis: Twoja Relaksuj\u0105ca Wycieczka Jachtem z Antalyi<\/h2>\n<p>Ta ca\u0142odniowa wycieczka jachtem wyrusza z portu Kemer z transferami hotelowymi z Antalyi i pobliskich dzielnic.<br \/>Rejs wzd\u0142u\u017c zapieraj\u0105cego dech w piersiach wybrze\u017ca Kemer, zatrzymuj\u0105c si\u0119 w <strong>Zatoka Phaselis<\/strong> p\u0142ywa\u0107 w pobli\u017cu staro\u017cytnych ruin, <strong>Paradise Bay<\/strong> ze wzgl\u0119du na czyste, spokojne wody i <strong>Moonlight Bay<\/strong> - idealne miejsce do p\u0142ywania i robienia zdj\u0119\u0107.<br \/>Ciesz si\u0119 pysznym lunchem na pok\u0142adzie przed powrotem do portu po po\u0142udniu.<br \/>Nie ma tu g\u0142o\u015bnej muzyki ani t\u0142um\u00f3w - tylko szum morza i pi\u0119kno natury, kt\u00f3re zapewniaj\u0105 relaksuj\u0105c\u0105 ucieczk\u0119.<\/p>\n<h3>\ud83d\uddfa\ufe0f Plan podr\u00f3\u017cy<\/h3>\n<p>Odbi\u00f3r z hoteli w regionie Antalya<br \/>Transfer do portu w Kemer<br \/>Wyp\u0142yni\u0119cie jachtem i rejs wzd\u0142u\u017c wybrze\u017ca<br \/>Przystanek p\u0142ywacki w zatoce Phaselis<br \/>Przystanek p\u0142ywacki w Paradise Bay<br \/>Przystanek p\u0142ywacki w zatoce Moonlight Bay<br \/>Przep\u0142yni\u0119cie obok Jaskini Pirat\u00f3w w celu zrobienia zdj\u0119\u0107<br \/>Powr\u00f3t do portu Kemer i transfer do hotelu<\/p>\n<h3>\u2139\ufe0f Przydatne informacje<\/h3>\n<p>Czas trwania: oko\u0142o 7-8 godzin (w tym transfery)<br \/>Spokojna, przyjazna rodzinom atmosfera<br \/>Opcja wegetaria\u0144ska dost\u0119pna na \u017cyczenie<br \/>Angloj\u0119zyczna za\u0142oga<br \/>Dzieci poni\u017cej 5. roku \u017cycia podr\u00f3\u017cuj\u0105 bezp\u0142atnie, ale dziel\u0105 miejsce w poje\u017adzie transferowym.<\/p>\n<h2>Co zabra\u0107 ze sob\u0105<\/h2>\n<p>Str\u00f3j k\u0105pielowy i r\u0119cznik<br \/>Okulary przeciws\u0142oneczne i filtr przeciws\u0142oneczny<br \/>Kapelusz lub czapka<br \/>Drobna got\u00f3wka na napoje lub pami\u0105tki<\/p>\n<h3>Nieodpowiednie dla<\/h3>\n<p>Go\u015bcie szukaj\u0105cy imprez lub g\u0142o\u015bnej muzyki<br \/>Osoby cierpi\u0105ce na ci\u0119\u017ck\u0105 chorob\u0119 morsk\u0105<\/p>\n<h2>Cena i rezerwacja<\/h2>\n<p><strong>Zarezerwuj teraz - zap\u0142a\u0107 w dniu wycieczki<\/strong><br \/>Skontaktuj si\u0119 z nami za po\u015brednictwem WhatsApp, Telegram lub Viber w celu rezerwacji i pyta\u0144 \ud83d\udc47\ud83c\udffc<\/p>\n<p>Szukasz alternatyw? Przegl\u0105daj <a href=\"https:\/\/excursionsworld.com\/pl\/antalya-wycieczki\/\">Wi\u0119cej wycieczek z Antalyi do Kemer<\/a>.<\/p>","protected":false},"excerpt":{"rendered":"<p>Ciesz si\u0119 relaksuj\u0105c\u0105 wycieczk\u0105 jachtem z Antalyi - luksusow\u0105 wycieczk\u0105 morsk\u0105 i prywatn\u0105 wycieczk\u0105 z transferem do hotelu, le\u017cakami, turkusowymi zatokami i pysznym lunchem z labraksa.<\/p>","protected":false},"featured_media":15218,"comment_status":"open","ping_status":"closed","template":"","meta":[],"product_brand":[],"product_cat":[125],"product_tag":[107],"class_list":{"0":"post-15455","1":"product","2":"type-product","3":"status-publish","4":"has-post-thumbnail","6":"tour_phys-antalya-tours","7":"tour_phys-boat-tours","8":"product_cat-antalya-tours","9":"product_tag-antalya","10":"pa_destination-antalya-tours","11":"pa_kategori-boat-tours","13":"first","14":"instock","15":"sale","16":"shipping-taxable","17":"purchasable","18":"product-type-tour_phys"},"aioseo_notices":[],"_links":{"self":[{"href":"https:\/\/excursionsworld.com\/pl\/wp-json\/wp\/v2\/product\/15455","targetHints":{"allow":["GET"]}}],"collection":[{"href":"https:\/\/excursionsworld.com\/pl\/wp-json\/wp\/v2\/product"}],"about":[{"href":"https:\/\/excursionsworld.com\/pl\/wp-json\/wp\/v2\/types\/product"}],"replies":[{"embeddable":true,"href":"https:\/\/excursionsworld.com\/pl\/wp-json\/wp\/v2\/comments?post=15455"}],"wp:featuredmedia":[{"embeddable":true,"href":"https:\/\/excursionsworld.com\/pl\/wp-json\/wp\/v2\/media\/15218"}],"wp:attachment":[{"href":"https:\/\/excursionsworld.com\/pl\/wp-json\/wp\/v2\/media?parent=15455"}],"wp:term":[{"taxonomy":"product_brand","embeddable":true,"href":"https:\/\/excursionsworld.com\/pl\/wp-json\/wp\/v2\/product_brand?post=15455"},{"taxonomy":"product_cat","embeddable":true,"href":"https:\/\/excursionsworld.com\/pl\/wp-json\/wp\/v2\/product_cat?post=15455"},{"taxonomy":"product_tag","embeddable":true,"href":"https:\/\/excursionsworld.com\/pl\/wp-json\/wp\/v2\/product_tag?post=15455"}],"curies":[{"name":"wp","href":"https:\/\/api.w.org\/{rel}","templated":true}]}}