{"id":15456,"date":"2025-10-28T21:27:33","date_gmt":"2025-10-28T18:27:33","guid":{"rendered":"https:\/\/excursionsworld.com\/?post_type=product&#038;p=15456"},"modified":"2026-04-24T00:21:00","modified_gmt":"2026-04-23T21:21:00","slug":"porto-genoese-blekitna-laguna-rejs-antalya","status":"publish","type":"product","link":"https:\/\/excursionsworld.com\/tours\/porto-genoese-blue-lagoon-boat-antalya\/","title":{"rendered":"Rejs Porto Genoese Wycieczka z Antalyi \u2013 B\u0142\u0119kitna Laguna &amp; Wybrze\u017ce"},"content":{"rendered":"<h2 dir=\"ltr\" data-pm-slice=\"1 1 []\"><span style=\"color: #000000;\"><strong>Przegl\u0105d<\/strong><\/span><\/h2>\n<p dir=\"ltr\">Prze\u017cyj niezapomnian\u0105 podr\u00f3\u017c jachtem z <a href=\"https:\/\/en.wikipedia.org\/wiki\/Antalya\" target=\"_blank\" rel=\"noopener\">Antalya<\/a>, Lara, Kundu, Belek, Bo\u011fazkent, Kadriye i Konyaalt\u0131 do malowniczych zatoczek Adrasan: Porto Genoese, Zatoki Akseki, Zatoki Pirat\u00f3w i \u015bwiec\u0105cej Jaskini Fosforyzuj\u0105cej. Turkusowe pla\u017ce, odm\u0142adzaj\u0105ca k\u0105piel b\u0142otna i pyszny lunch na pok\u0142adzie sprawiaj\u0105, \u017ce jest to idealny dzie\u0144 dla mi\u0142o\u015bnik\u00f3w przyrody i morza.<\/p>\n<h3 dir=\"ltr\"><strong>W zestawie:<\/strong><\/h3>\n<p dir=\"ltr\"><span style=\"color: #00ff00;\"><strong>\u2713<\/strong><\/span> Odbi\u00f3r i dow\u00f3z do hotelu<br \/>\n<span style=\"color: #00ff00;\"><strong>\u2713 <\/strong><\/span>Wygodny klimatyzowany autobus<br \/>\n<span style=\"color: #00ff00;\"><strong>\u2713 <\/strong><\/span>Ubezpieczenie<br \/>\n<span style=\"color: #00ff00;\"><strong>\u2713 <\/strong><\/span>Przewodnik<br \/>\n<span style=\"color: #00ff00;\"><strong>\u2713 <\/strong><\/span>Lunch i owoce sezonowe<br \/>\n<span style=\"color: #00ff00;\"><strong>\u2713 <\/strong><\/span>Herbata na pok\u0142adzie<\/p>\n<h3 dir=\"ltr\"><strong>Nie zawiera:<\/strong><\/h3>\n<p dir=\"ltr\"><span style=\"color: #ff0000;\"><strong>\u2717<\/strong><\/span> Napoje<br \/>\n<span style=\"color: #ff0000;\"><strong>\u2717 <\/strong><\/span>Wydatki osobiste<br \/>\n<span style=\"color: #ff0000;\"><strong>\u2717 <\/strong><\/span>Zdj\u0119cia i filmy<\/p>\n<h2 dir=\"ltr\"><span style=\"color: #000000;\"><strong>\ud83c\udfdd\ufe0f Najwa\u017cniejsze informacje o wycieczce<\/strong><\/span><\/h2>\n<p dir=\"ltr\">P\u0142ywanie w turkusowych wodach zatoki Porto Genoese<br \/>\nPrzystanki w zatokach Akseki i Pirat\u00f3w<br \/>\nRejs stylowym jachtem butikowym<br \/>\nRelaksuj\u0105ca k\u0105piel w glince<br \/>\n\ud83d\udd39 Mo\u017cliwo\u015b\u0107 odwiedzenia magicznej Jaskini Fosforyzuj\u0105cej<br \/>\nPyszny lunch i herbata na pok\u0142adzie<\/p>\n<h2 dir=\"ltr\"><strong><span style=\"color: #000000;\">Pe\u0142ny opis<\/span><\/strong><\/h2>\n<div>\u00a0Dzie\u0144 rozpocznie si\u0119 od transferu z hotelu w okolicy Antalyi do portu Adrasan. Po wej\u015bciu na pok\u0142ad jachtu wyruszysz na ekscytuj\u0105c\u0105 morsk\u0105 przygod\u0119.<\/div>\n<div><strong>Zatoka Akseki<\/strong>: Pierwszym przystankiem jest zatoka Akseki, gdzie b\u0119dziesz mie\u0107 oko\u0142o 30 minut na p\u0142ywanie lub snorkeling. Nale\u017cy zwr\u00f3ci\u0107 uwag\u0119 na obecno\u015b\u0107 je\u017cowc\u00f3w - zalecane s\u0105 buty do wody.<\/div>\n<div><strong>Zatoka Porto Genue\u0144ska<\/strong>: Nast\u0119pnie dotrzyj do s\u0142ynnej zatoki Porto Genoese, aby przez 60 minut cieszy\u0107 si\u0119 morzem, k\u0105piel\u0105 w glinie i smacznym lunchem po\u015br\u00f3d osza\u0142amiaj\u0105cej scenerii.<\/div>\n<div><strong>Zatoka pirat\u00f3w<\/strong>: Po 25-minutowym rejsie dop\u0142y\u0144 do Zatoki Pirat\u00f3w, aby przez 40 minut pop\u0142ywa\u0107 i zrelaksowa\u0107 si\u0119.<\/div>\n<div><strong>Fosforyzuj\u0105ca jaskinia<\/strong>: Przy sprzyjaj\u0105cej pogodzie warto odwiedzi\u0107 urokliw\u0105 Jaskini\u0119 Fosforyzuj\u0105c\u0105, znan\u0105 z efektu \u015bwiecenia i urzekaj\u0105cej atmosfery.<\/div>\n<div>Po zako\u0144czeniu wycieczki wr\u00f3cisz do portu i b\u0119dziesz m\u00f3g\u0142 cieszy\u0107 si\u0119 wygodnym transferem z powrotem do hotelu.<\/div>\n<div dir=\"ltr\">\n<h3 dir=\"ltr\"><span style=\"color: #000000;\"><strong>\u2139\ufe0f Przydatne informacje<\/strong><\/span><\/h3>\n<p dir=\"ltr\">Plan podr\u00f3\u017cy mo\u017ce ulec zmianie ze wzgl\u0119du na warunki pogodowe.<br \/>\nNiekt\u00f3re przystanki mog\u0105 zosta\u0107 odwo\u0142ane ze wzgl\u0119d\u00f3w bezpiecze\u0144stwa.<br \/>\nNie jest to dedykowana wycieczka do nurkowania z rurk\u0105, ale mo\u017cna zabra\u0107 w\u0142asny sprz\u0119t.<br \/>\nZalecane jest obuwie antypo\u015blizgowe.<br \/>\nDzieci poni\u017cej 5. roku \u017cycia podr\u00f3\u017cuj\u0105ce bezp\u0142atnie nie maj\u0105 oddzielnego miejsca w autobusie. Je\u015bli autobus jest pe\u0142ny, siedz\u0105 na kolanach osoby doros\u0142ej lub mo\u017cna zarezerwowa\u0107 osobne miejsce.<\/p>\n<\/div>\n<h2 dir=\"ltr\"><span style=\"color: #000000;\"><strong>Co zabra\u0107 ze sob\u0105<\/strong><\/span><\/h2>\n<p dir=\"ltr\">Str\u00f3j k\u0105pielowy i r\u0119cznik<br \/>\nOkulary przeciws\u0142oneczne i filtr przeciws\u0142oneczny<br \/>\nKapelusz i butelka z wod\u0105<br \/>\nSprz\u0119t do snorkelingu (opcjonalnie)<\/p>\n<h3 dir=\"ltr\"><span style=\"color: #000000;\"><strong>Nieodpowiednie dla<\/strong><\/span><\/h3>\n<p dir=\"ltr\">Osoby o ograniczonej sprawno\u015bci ruchowej<br \/>\nOsoby podatne na chorob\u0119 morsk\u0105<\/p>\n<h2 dir=\"ltr\"><span style=\"color: #000000;\"><strong>Cena i rezerwacja<\/strong><\/span><\/h2>\n<p dir=\"ltr\"><strong>Zarezerwuj teraz, zap\u0142a\u0107 w dniu wycieczki<\/strong><br \/>\nSkontaktuj si\u0119 z nami przez WhatsApp, Telegram, Viber lub wype\u0142nij poni\u017cszy formularz rezerwacji. \ud83d\udc47\ud83c\udffc<\/p>\n<p>Szukasz alternatyw? Przegl\u0105daj <a href=\"https:\/\/excursionsworld.com\/pl\/antalya-wycieczki\/\">wi\u0119cej wycieczek po Antalyi<\/a>.<\/p>","protected":false},"excerpt":{"rendered":"<p>Zarezerwuj ten niezapomniany <b>wycieczka<\/b> z <b>Antalya<\/b>! To <b>codzienna wycieczka<\/b> do Porto Genoese &amp; Blue Lagoon oferuje p\u0142ywanie, k\u0105piele w glinie i lunch. Najlepsze morze <b>podr\u00f3\u017c<\/b>!<\/p>","protected":false},"featured_media":12442,"comment_status":"open","ping_status":"closed","template":"","meta":[],"product_brand":[],"product_cat":[125],"product_tag":[107],"class_list":{"0":"post-15456","1":"product","2":"type-product","3":"status-publish","4":"has-post-thumbnail","6":"tour_phys-antalya-tours","7":"tour_phys-boat-tours","8":"product_cat-antalya-tours","9":"product_tag-antalya","10":"pa_destination-antalya-tours","11":"pa_kategori-boat-tours","13":"first","14":"instock","15":"sale","16":"shipping-taxable","17":"purchasable","18":"product-type-tour_phys"},"aioseo_notices":[],"_links":{"self":[{"href":"https:\/\/excursionsworld.com\/pl\/wp-json\/wp\/v2\/product\/15456","targetHints":{"allow":["GET"]}}],"collection":[{"href":"https:\/\/excursionsworld.com\/pl\/wp-json\/wp\/v2\/product"}],"about":[{"href":"https:\/\/excursionsworld.com\/pl\/wp-json\/wp\/v2\/types\/product"}],"replies":[{"embeddable":true,"href":"https:\/\/excursionsworld.com\/pl\/wp-json\/wp\/v2\/comments?post=15456"}],"wp:featuredmedia":[{"embeddable":true,"href":"https:\/\/excursionsworld.com\/pl\/wp-json\/wp\/v2\/media\/12442"}],"wp:attachment":[{"href":"https:\/\/excursionsworld.com\/pl\/wp-json\/wp\/v2\/media?parent=15456"}],"wp:term":[{"taxonomy":"product_brand","embeddable":true,"href":"https:\/\/excursionsworld.com\/pl\/wp-json\/wp\/v2\/product_brand?post=15456"},{"taxonomy":"product_cat","embeddable":true,"href":"https:\/\/excursionsworld.com\/pl\/wp-json\/wp\/v2\/product_cat?post=15456"},{"taxonomy":"product_tag","embeddable":true,"href":"https:\/\/excursionsworld.com\/pl\/wp-json\/wp\/v2\/product_tag?post=15456"}],"curies":[{"name":"wp","href":"https:\/\/api.w.org\/{rel}","templated":true}]}}