{"id":15457,"date":"2025-10-28T21:28:48","date_gmt":"2025-10-28T18:28:48","guid":{"rendered":"https:\/\/excursionsworld.com\/?post_type=product&#038;p=15457"},"modified":"2026-04-24T00:21:00","modified_gmt":"2026-04-23T21:21:00","slug":"suluada-wyspa-rejs-antalya","status":"publish","type":"product","link":"https:\/\/excursionsworld.com\/tours\/suluada-island-boat-antalya\/","title":{"rendered":"Rejs na Wysp\u0119 Suluada z Antalyi \u2013 Tureckie Malediwy"},"content":{"rendered":"<h2 dir=\"ltr\" data-pm-slice=\"1 1 []\"><strong>\ud83c\udfdd\ufe0f Przegl\u0105d<\/strong><\/h2>\n<p dir=\"ltr\">Wyrusz w niezapomnian\u0105 morsk\u0105 podr\u00f3\u017c na wysp\u0119 Suluada z <a href=\"https:\/\/en.wikipedia.org\/wiki\/Antalya\" target=\"_blank\" rel=\"noopener\">Antalya<\/a>, znane jako \u201ctureckie Malediwy\u201d, z bia\u0142ymi piaszczystymi pla\u017cami i krystalicznie czyst\u0105 wod\u0105. Wycieczka ta oferuje wyj\u0105tkowe chwile po\u015br\u00f3d \u015br\u00f3dziemnomorskiej przyrody z trzema przystankami na p\u0142ywanie, lunchem w formie grilla i fantastycznymi widokami. Idealna dla mi\u0142o\u015bnik\u00f3w przyrody i rodzin!<\/p>\n<h3 dir=\"ltr\"><strong>W zestawie:<\/strong><\/h3>\n<p dir=\"ltr\"><span style=\"color: #00ff00;\"><strong>\u2713<\/strong><\/span> Odbi\u00f3r i dow\u00f3z do hotelu<br \/>\n<span style=\"color: #00ff00;\"><strong>\u2713 <\/strong><\/span>Ubezpieczenie<br \/>\n<span style=\"color: #00ff00;\"><strong>\u2713 <\/strong><\/span>Przewodnik<br \/>\n<span style=\"color: #00ff00;\"><strong>\u2713 <\/strong><\/span>Lunch i \u015bwie\u017ce owoce<br \/>\n<span style=\"color: #00ff00;\"><strong>\u2713 <\/strong><\/span>Herbata<\/p>\n<h3 dir=\"ltr\"><strong>Nie zawiera:<\/strong><\/h3>\n<p dir=\"ltr\"><span style=\"color: #ff0000;\"><strong>\u2717<\/strong><\/span> Napoje<br \/>\n<span style=\"color: #ff0000;\"><strong>\u2717 <\/strong><\/span>Wydatki osobiste<br \/>\n<span style=\"color: #ff0000;\"><strong>\u2717 <\/strong><\/span>Zdj\u0119cia i filmy<\/p>\n<h2 dir=\"ltr\">\ud83c\udf1f <strong>Najwa\u017cniejsze informacje o wycieczce<\/strong><\/h2>\n<p dir=\"ltr\">\ud83d\udd39 Odkryj ukryte pla\u017ce Suluada z krystalicznie czyst\u0105 wod\u0105<br \/>\nP\u0142ywanie w zatoce Malediw\u00f3w z mi\u0119kkim bia\u0142ym piaskiem<br \/>\nOsza\u0142amiaj\u0105ce zdj\u0119cia w Jaskini Mi\u0142o\u015bci<br \/>\nLunch BBQ na pok\u0142adzie z tureckim meze<br \/>\nIdealny dla rodzin i os\u00f3b szukaj\u0105cych relaksuj\u0105cego wypoczynku<br \/>\nInspiruj\u0105ce widoki na g\u00f3ry Taurus i wybrze\u017ce<br \/>\nMo\u017cliwo\u015b\u0107 wyboru wycieczki dla ma\u0142ych lub du\u017cych grup<\/p>\n<h2 dir=\"ltr\">\ud83d\udcd6 <strong>Pe\u0142ny opis<\/strong><\/h2>\n<div>Wycieczka rozpoczyna si\u0119 od transferu z hotelu w okolicy Antalyi do portu Adrasan, gdzie wejdziesz na pok\u0142ad katamaranu, aby odby\u0107 wyj\u0105tkow\u0105 podr\u00f3\u017c wzd\u0142u\u017c tureckiego wybrze\u017ca. Podczas rejsu b\u0119dziesz podziwia\u0107 malownicze widoki na g\u00f3ry i dziewicze wybrze\u017ca, z trzema przystankami na p\u0142ywanie: <strong>Zatoka Malediw\u00f3w<\/strong>: Idealny do p\u0142ywania i nurkowania z rurk\u0105 w turkusowych wodach z mi\u0119kkim bia\u0142ym piaskiem.<br \/>\n<strong>Ukryte pla\u017ce Suluada<\/strong>: Odosobnione pla\u017ce do relaksu i opalania. <strong>Jaskinia mi\u0142o\u015bci<\/strong>: Malownicza naturalna jaskinia idealna do p\u0142ywania i fotografowania. Na pok\u0142adzie mo\u017cna zje\u015b\u0107 lunch obejmuj\u0105cy ryby, kurczaka i tradycyjne tureckie meze. Po obiedzie zostanie podana herbata przed powrotem do portu Adrasan.<\/div>\n<h3 dir=\"ltr\">\ud83d\uddfa\ufe0f <strong>Plan podr\u00f3\u017cy<\/strong><\/h3>\n<p dir=\"ltr\">Odbi\u00f3r z hoteli w regionie Antalya<br \/>\nWyp\u0142yni\u0119cie z portu Adrasan<br \/>\nPrzystanek p\u0142ywacki w zatoce Malediwy<br \/>\nP\u0142ywanie na ukrytych pla\u017cach Suluady<br \/>\nZatrzymaj si\u0119 w Jaskini Mi\u0142o\u015bci na zdj\u0119cia<br \/>\nLunch na pok\u0142adzie<br \/>\nHerbata i relaks<br \/>\nPowr\u00f3t do portu Adrasan<br \/>\nTransfer z powrotem do hotelu<\/p>\n<h3 dir=\"ltr\">\u2139\ufe0f <strong>Przydatne informacje<\/strong><\/h3>\n<p dir=\"ltr\">Czas trwania wycieczki: oko\u0142o 8 godzin<br \/>\nPlan podr\u00f3\u017cy mo\u017ce ulec zmianie ze wzgl\u0119du na warunki pogodowe lub morskie.<br \/>\nUmiarkowana aktywno\u015b\u0107 fizyczna (p\u0142ywanie\/spacery)<br \/>\nDzieci poni\u017cej 6. roku \u017cycia podr\u00f3\u017cuj\u0105ce bezp\u0142atnie nie maj\u0105 oddzielnego miejsca w autobusie. Je\u015bli autobus jest pe\u0142ny, siedz\u0105 na kolanach osoby doros\u0142ej lub mo\u017cna zarezerwowa\u0107 osobne miejsce.<\/p>\n<h2 dir=\"ltr\">\ud83c\udf92 <strong>Co zabra\u0107 ze sob\u0105<\/strong><\/h2>\n<p dir=\"ltr\">Kapelusz i okulary przeciws\u0142oneczne<br \/>\nStr\u00f3j k\u0105pielowy i r\u0119cznik<br \/>\nFiltr przeciws\u0142oneczny<br \/>\nWodoodporny aparat fotograficzny lub telefon<br \/>\nTroch\u0119 got\u00f3wki na wydatki osobiste<\/p>\n<h3 dir=\"ltr\">\ud83d\udeab <strong>Nieodpowiednie dla<\/strong><\/h3>\n<p dir=\"ltr\">Osoby o ograniczonej sprawno\u015bci ruchowej<br \/>\n\ud83d\udd39 Podr\u00f3\u017cni z powa\u017cnymi schorzeniami<\/p>\n<h2 dir=\"ltr\">\ud83d\udcb8 <strong>Cena i rezerwacja<\/strong><\/h2>\n<p dir=\"ltr\"><strong>Zarezerwuj teraz, zap\u0142a\u0107 w dniu wycieczki<\/strong><br \/>\nSkontaktuj si\u0119 z nami przez WhatsApp, Telegram, Viber lub wype\u0142nij poni\u017cszy formularz rezerwacji. \ud83d\udc47\ud83c\udffc<\/p>\n<p>Szukasz alternatyw? Przegl\u0105daj <a href=\"https:\/\/excursionsworld.com\/pl\/antalya-wycieczki\/\">wi\u0119cej wycieczek po Antalyi<\/a>.<\/p>","protected":false},"excerpt":{"rendered":"<p>Odkryj <b>Tureckie Malediwy<\/b>! Ultimate <b>Wycieczka \u0142odzi\u0105 Suluada<\/b> z <b>Antalya<\/b> oferuje krystalicznie czyste wody, p\u0142ywanie i lunch BBQ. <b>Wycieczka dzienna\/transfer<\/b> w zestawie.<\/p>","protected":false},"featured_media":12423,"comment_status":"open","ping_status":"closed","template":"","meta":[],"product_brand":[],"product_cat":[125],"product_tag":[107],"class_list":{"0":"post-15457","1":"product","2":"type-product","3":"status-publish","4":"has-post-thumbnail","6":"tour_phys-antalya-tours","7":"tour_phys-boat-tours","8":"product_cat-antalya-tours","9":"product_tag-antalya","10":"pa_destination-antalya-tours","11":"pa_kategori-boat-tours","13":"first","14":"instock","15":"sale","16":"shipping-taxable","17":"purchasable","18":"product-type-tour_phys"},"aioseo_notices":[],"_links":{"self":[{"href":"https:\/\/excursionsworld.com\/pl\/wp-json\/wp\/v2\/product\/15457","targetHints":{"allow":["GET"]}}],"collection":[{"href":"https:\/\/excursionsworld.com\/pl\/wp-json\/wp\/v2\/product"}],"about":[{"href":"https:\/\/excursionsworld.com\/pl\/wp-json\/wp\/v2\/types\/product"}],"replies":[{"embeddable":true,"href":"https:\/\/excursionsworld.com\/pl\/wp-json\/wp\/v2\/comments?post=15457"}],"wp:featuredmedia":[{"embeddable":true,"href":"https:\/\/excursionsworld.com\/pl\/wp-json\/wp\/v2\/media\/12423"}],"wp:attachment":[{"href":"https:\/\/excursionsworld.com\/pl\/wp-json\/wp\/v2\/media?parent=15457"}],"wp:term":[{"taxonomy":"product_brand","embeddable":true,"href":"https:\/\/excursionsworld.com\/pl\/wp-json\/wp\/v2\/product_brand?post=15457"},{"taxonomy":"product_cat","embeddable":true,"href":"https:\/\/excursionsworld.com\/pl\/wp-json\/wp\/v2\/product_cat?post=15457"},{"taxonomy":"product_tag","embeddable":true,"href":"https:\/\/excursionsworld.com\/pl\/wp-json\/wp\/v2\/product_tag?post=15457"}],"curies":[{"name":"wp","href":"https:\/\/api.w.org\/{rel}","templated":true}]}}