{"id":15472,"date":"2025-10-30T12:32:00","date_gmt":"2025-10-30T09:32:00","guid":{"rendered":"https:\/\/excursionsworld.com\/?post_type=product&#038;p=15472"},"modified":"2026-05-13T19:55:36","modified_gmt":"2026-05-13T16:55:36","slug":"kanion-tazi-rafting-jeep-zipline-side","status":"publish","type":"product","link":"https:\/\/excursionsworld.com\/tours\/tazi-canyon-rafting-jeep-zipline-side\/","title":{"rendered":"Kanion Taz\u0131: Rafting, Safari Jeep &amp; Zipline z Side \u2013 Przygoda 4-w-1"},"content":{"rendered":"<h2><span style=\"color: #000000;\"><strong>\ud83c\udfde\ufe0f Przegl\u0105d<\/strong><\/span><\/h2>\n<p>Rozpocznij ekscytuj\u0105c\u0105 przygod\u0119 z odbiorem z hotelu i dowozem do hotelu z <strong><a href=\"https:\/\/en.wikipedia.org\/wiki\/Side,_Turkey\" target=\"_blank\" rel=\"noopener\">Side<\/a> i okolice<\/strong>. Ciesz si\u0119 ekscytuj\u0105cym safari jeepem przez g\u00f3ry Taurus, odwied\u017a osza\u0142amiaj\u0105ce <strong>Kanion Taz\u0131<\/strong>, i do\u015bwiadczy\u0107 opcjonalnego raftingu w <strong>Kanion K\u00f6pr\u00fcl\u00fc<\/strong>. Idealny dla mi\u0142o\u015bnik\u00f3w przyrody i poszukiwaczy mocnych wra\u017ce\u0144!<\/p>\n<h2 dir=\"ltr\"><span style=\"color: #000000;\"><strong>W zestawie:<\/strong><\/span><\/h2>\n<div dir=\"ltr\"><span style=\"color: #00ff00;\"><strong>\u2713<\/strong><\/span> Odbi\u00f3r i dow\u00f3z do hotelu<br \/>\n<span style=\"color: #00ff00;\"><strong>\u2713 <\/strong><\/span>Wygodny klimatyzowany autobus<br \/>\n<span style=\"color: #00ff00;\"><strong>\u2713 <\/strong><\/span>Safari jeepem z otwartym dachem<br \/>\n<span style=\"color: #00ff00;\"><strong>\u2713 <\/strong><\/span>Rafting na 10-osobowych tratwach<br \/>\n<span style=\"color: #00ff00;\"><strong>\u2713 <\/strong><\/span>Ubezpieczenie<br \/>\n<span style=\"color: #00ff00;\"><strong>\u2713 <\/strong><\/span>Przewodnik<br \/>\n<span style=\"color: #00ff00;\"><strong>\u2713 <\/strong><\/span>Lunch<\/div>\n<div dir=\"ltr\"><span style=\"color: #00ff00;\"><strong>\u2713 <\/strong><\/span>Zipline<\/div>\n<h2 dir=\"ltr\"><span style=\"color: #000000;\"><strong>Nie zawiera:<\/strong><\/span><\/h2>\n<p dir=\"ltr\"><span style=\"color: #ff0000;\"><strong>\u2717<\/strong><\/span> Kajaki 2-osobowe (dodatkowa op\u0142ata)<br \/>\n<span style=\"color: #ff0000;\"><strong>\u2717 <\/strong><\/span>Zdj\u0119cia i filmy<br \/>\n<span style=\"color: #ff0000;\"><strong>\u2717 <\/strong><\/span>Napoje<\/p>\n<h2><span style=\"color: #000000;\"><strong>Najwa\u017cniejsze atrakcje wycieczki<\/strong><\/span><\/h2>\n<p>Jeep safari przez malownicze g\u00f3ry Taurus<br \/>\nZapieraj\u0105ce dech w piersiach widoki na kanion Taz\u0131 (\u201cOrle Gniazdo\u201d)<br \/>\nOpcjonalny rafting w bystrzach kanionu K\u00f6pr\u00fcl\u00fc<br \/>\nPanoramiczne przystanki fotograficzne<br \/>\nPyszny lunch nad rzek\u0105<br \/>\nWygodne transfery z Side<\/p>\n<h2><span style=\"color: #000000;\"><strong>Pe\u0142ny opis<\/strong><\/span><\/h2>\n<p>Niezapomniana przygoda rozpoczyna si\u0119 od transferu z hotelu w <strong>Boczne lub okoliczne obszary<\/strong>. Ciesz si\u0119 ekscytuj\u0105cym <strong>jeep safari<\/strong> przez g\u00f3ry Taurus przed dotarciem do bazy kanionu K\u00f6pr\u00fcl\u00fc nad rzek\u0105. Tutaj mo\u017cna zrelaksowa\u0107 si\u0119 nad wod\u0105 lub do\u0142\u0105czy\u0107 do <strong>rafting przygoda<\/strong> z pe\u0142nym wyposa\u017ceniem i instrukta\u017cem bezpiecze\u0144stwa - do\u015bwiadczenie nie jest wymagane. Nast\u0119pnie we\u017a <strong>jeep z otwartym dachem<\/strong> jazda do <strong>Kanion Taz\u0131<\/strong>, znany jako \u201cOrle Gniazdo\u201d, gdzie b\u0119dziesz cieszy\u0107 si\u0119 spektakularnymi widokami z klif\u00f3w i wolnym czasem na zdj\u0119cia. (Wej\u015bcie do samego kanionu nie jest dozwolone ze wzgl\u0119d\u00f3w bezpiecze\u0144stwa). Je\u015bli wybierzesz rafting, kontynuuj swoj\u0105 przygod\u0119 w d\u00f3\u0142 bystrzy kanionu K\u00f6pr\u00fcl\u00fc, z przerwami na p\u0142ywanie i zdj\u0119cia. Nast\u0119pnie mo\u017cesz cieszy\u0107 si\u0119 <strong>Pyszny lunch nad rzek\u0105<\/strong> przed powrotem do hotelu.<\/p>\n<h3><span style=\"color: #000000;\"><strong>\ud83d\uddfa\ufe0f Plan podr\u00f3\u017cy<\/strong><\/span><\/h3>\n<p>Odbi\u00f3r z hoteli w Side i okolicach<br \/>\nsafari jeepem przez g\u00f3ry Taurus<br \/>\nPrzystanek w kanionie K\u00f6pr\u00fcl\u00fc (opcjonalnie rafting lub relaks)<br \/>\nPrzeja\u017cd\u017cka jeepem z otwartym dachem do kanionu Taz\u0131<br \/>\nCzas wolny w punkcie widokowym Taz\u0131 Canyon<br \/>\n\ud83d\udd39 G\u0142\u00f3wny rafting w kanionie K\u00f6pr\u00fcl\u00fc (je\u015bli wybrano)<br \/>\nLunch nad rzek\u0105<br \/>\nPowr\u00f3t do hotelu<\/p>\n<h3><span style=\"color: #000000;\"><strong>\u2139\ufe0f Przydatne informacje<\/strong><\/span><\/h3>\n<p>Czas trwania: ~8-9 godz.<br \/>\nDo raftingu nie s\u0105 wymagane umiej\u0119tno\u015bci p\u0142ywackie<br \/>\n10-osobowe tratwy wliczone w cen\u0119; 2-osobowe kajaki za dodatkow\u0105 op\u0142at\u0105<br \/>\n\ud83d\udd39 Buty do wody, paski do okular\u00f3w i wodoodporne etui mo\u017cna kupi\u0107 w bazie.<br \/>\nDzieci z bezp\u0142atnymi biletami nie otrzymuj\u0105 osobnego miejsca w autobusie i musz\u0105 siedzie\u0107 na kolanach osoby doros\u0142ej.<br \/>\nUmiarkowana do wysokiej aktywno\u015b\u0107 fizyczna (rafting i chodzenie)<br \/>\nDzieci poni\u017cej 6. roku \u017cycia podr\u00f3\u017cuj\u0105ce bezp\u0142atnie nie maj\u0105 oddzielnego miejsca w autobusie. Je\u015bli autobus jest pe\u0142ny, siedz\u0105 na kolanach osoby doros\u0142ej lub mo\u017cna zarezerwowa\u0107 osobne miejsce.<\/p>\n<h3><span style=\"color: #000000;\"><strong>Co zabra\u0107 ze sob\u0105<\/strong><\/span><\/h3>\n<p>Str\u00f3j k\u0105pielowy i r\u0119cznik<br \/>\n\ud83d\udd39 Krem przeciws\u0142oneczny i buty do wody<br \/>\n\ud83d\udd39 Zmiana odzie\u017cy po zabiegu<br \/>\nGot\u00f3wka na wydatki osobiste<\/p>\n<h3><span style=\"color: #000000;\"><strong>Nieodpowiednie dla<\/strong><\/span><\/h3>\n<p>Osoby z chorobami serca<br \/>\nPodr\u00f3\u017cni w wieku powy\u017cej 70 lat<br \/>\nKobiety w ci\u0105\u017cy<br \/>\nDzieci poni\u017cej 4 lat<br \/>\nU\u017cytkownicy w\u00f3zk\u00f3w inwalidzkich lub osoby o ograniczonej sprawno\u015bci ruchowej<\/p>\n<h2 dir=\"ltr\">\ud83d\udcb8\u00a0<strong>Cena i rezerwacja<\/strong><\/h2>\n<p dir=\"ltr\"><strong>Zarezerwuj teraz, zap\u0142a\u0107 w dniu wycieczki<\/strong><br \/>\nSkontaktuj si\u0119 z nami przez WhatsApp, Telegram, Viber lub wype\u0142nij poni\u017cszy formularz rezerwacji. \ud83d\udc47\ud83c\udffc<\/p>\n<p>Szukasz alternatyw? Przegl\u0105daj <a href=\"https:\/\/excursionsworld.com\/pl\/side-wycieczki\/\">Wi\u0119cej wycieczek fakultatywnych<\/a>.<\/p>","protected":false},"excerpt":{"rendered":"<p>Odkryj przygod\u0119 dzi\u0119ki naszej wycieczce Side Rafting &amp; Taz\u0131 Canyon Tour! Poznaj Jeep Safari, ciesz si\u0119 raftingiem i prze\u017cyj jedn\u0105 z najlepszych wycieczek bocznych w Turcji.<\/p>","protected":false},"featured_media":12667,"comment_status":"open","ping_status":"closed","template":"","meta":[],"product_brand":[],"product_cat":[127],"product_tag":[122],"class_list":{"0":"post-15472","1":"product","2":"type-product","3":"status-publish","4":"has-post-thumbnail","6":"tour_phys-side-tours","7":"product_cat-side-tours","8":"product_tag-side","9":"pa_destination-side-tours","11":"first","12":"instock","13":"sale","14":"shipping-taxable","15":"purchasable","16":"product-type-tour_phys"},"aioseo_notices":[],"_links":{"self":[{"href":"https:\/\/excursionsworld.com\/pl\/wp-json\/wp\/v2\/product\/15472","targetHints":{"allow":["GET"]}}],"collection":[{"href":"https:\/\/excursionsworld.com\/pl\/wp-json\/wp\/v2\/product"}],"about":[{"href":"https:\/\/excursionsworld.com\/pl\/wp-json\/wp\/v2\/types\/product"}],"replies":[{"embeddable":true,"href":"https:\/\/excursionsworld.com\/pl\/wp-json\/wp\/v2\/comments?post=15472"}],"wp:featuredmedia":[{"embeddable":true,"href":"https:\/\/excursionsworld.com\/pl\/wp-json\/wp\/v2\/media\/12667"}],"wp:attachment":[{"href":"https:\/\/excursionsworld.com\/pl\/wp-json\/wp\/v2\/media?parent=15472"}],"wp:term":[{"taxonomy":"product_brand","embeddable":true,"href":"https:\/\/excursionsworld.com\/pl\/wp-json\/wp\/v2\/product_brand?post=15472"},{"taxonomy":"product_cat","embeddable":true,"href":"https:\/\/excursionsworld.com\/pl\/wp-json\/wp\/v2\/product_cat?post=15472"},{"taxonomy":"product_tag","embeddable":true,"href":"https:\/\/excursionsworld.com\/pl\/wp-json\/wp\/v2\/product_tag?post=15472"}],"curies":[{"name":"wp","href":"https:\/\/api.w.org\/{rel}","templated":true}]}}