{"id":15477,"date":"2025-10-30T12:55:52","date_gmt":"2025-10-30T09:55:52","guid":{"rendered":"https:\/\/excursionsworld.com\/?post_type=product&#038;p=15477"},"modified":"2026-04-24T00:21:02","modified_gmt":"2026-04-23T21:21:02","slug":"relax-boat-rejs-alanya","status":"publish","type":"product","link":"https:\/\/excursionsworld.com\/tours\/relax-boat-alanya\/","title":{"rendered":"Rejs Relax Boat w Alanyi \u2013 Kameralny rejs morski"},"content":{"rendered":"<h2><span style=\"color: #000000;\"><strong>\ud83c\udfdd\ufe0f Przegl\u0105d<\/strong><\/span><\/h2>\n<p>Ciesz si\u0119 spokojn\u0105 ucieczk\u0105 na <strong><a href=\"https:\/\/en.wikipedia.org\/wiki\/Alanya\" target=\"_blank\" rel=\"noopener\">Alanya<\/a> Relaksuj\u0105ca wycieczka \u0142odzi\u0105<\/strong>, Zaprojektowany dla tych, kt\u00f3rzy wol\u0105 spok\u00f3j od imprezowych \u0142odzi. \u017begluj wzd\u0142u\u017c pi\u0119knego wybrze\u017ca Alanyi na ma\u0142ej, cichej drewnianej \u0142odzi bez g\u0142o\u015bnej muzyki i imprez z piank\u0105 - tylko szum morza i pi\u0119kno Morza \u015ar\u00f3dziemnego. Idealny dla par, rodzin lub ka\u017cdego, kto chce si\u0119 zrelaksowa\u0107.<\/p>\n<h3><span style=\"color: #000000;\"><strong>\u00a0W zestawie:<\/strong><\/span><\/h3>\n<p><span style=\"color: #00ff00;\"><strong>\u2713<\/strong> <\/span>Odbi\u00f3r i dow\u00f3z do hotelu\u00a0<br \/><span style=\"color: #00ff00;\"><strong>\u2713<\/strong> <\/span>Profesjonalne us\u0142ugi przewodnika<br \/><span style=\"color: #00ff00;\"><strong>\u2713<\/strong> <\/span>Lunch na pok\u0142adzie (grillowany kurczak, ry\u017c, sa\u0142atka)<br \/><span style=\"color: #00ff00;\"><strong>\u2713<\/strong> <\/span>Napoje bezalkoholowe (woda, cola, fanta, woda mineralna)<br \/><span style=\"color: #00ff00;\"><strong>\u2713<\/strong> <\/span>Pe\u0142ne ubezpieczenie<\/p>\n<h3>\u00a0<span style=\"color: #000000;\"><strong>Nie zawiera:<\/strong><\/span><\/h3>\n<p><strong><span style=\"color: #ff0000;\">\u2717<\/span><\/strong> Napoje alkoholowe<br \/><strong><span style=\"color: #ff0000;\">\u2717<\/span><\/strong>Lody, zdj\u0119cia i wydatki osobiste<br \/><strong><span style=\"color: #ff0000;\">\u2717 <\/span><\/strong>Sprz\u0119t do snorkelingu<\/p>\n<h2><span style=\"color: #000000;\"><strong>Najwa\u017cniejsze atrakcje wycieczki<\/strong><\/span><\/h2>\n<p>Spokojna i wolna od muzyki podr\u00f3\u017c \u0142odzi\u0105 z ograniczon\u0105 liczb\u0105 pasa\u017cer\u00f3w (maks. 40-45).<br \/>\ud83d\udd39 Przep\u0142yn\u0105\u0107 obok <strong>Czerwona wie\u017ca<\/strong>, <strong>Stocznia Alanya<\/strong>, i s\u0142ynne jaskinie morskie - <strong>Piraci<\/strong>, <strong>Kochankowie<\/strong>, oraz <strong>Jaskinia Fosforowa<\/strong><br \/>Korzystaj z przerw na p\u0142ywanie w pobli\u017cu <strong>Pla\u017ca Kleopatry<\/strong> oraz <strong>Zatoka Ula\u015f<\/strong><br \/>Szansa na zobaczenie delfin\u00f3w i odkrywanie czystych turkusowych w\u00f3d<\/p>\n<h2><span style=\"color: #000000;\"><strong>Pe\u0142ny opis<\/strong><\/span><\/h2>\n<p>Twoja relaksuj\u0105ca przygoda rozpocznie si\u0119 od odbioru z hotelu i transferu do portu w Alanyi. Wejd\u017a na pok\u0142ad wygodnej drewnianej \u0142odzi i pop\u0142y\u0144 wzd\u0142u\u017c malowniczego wybrze\u017ca miasta. Podziwiaj historyczne zabytki, takie jak <strong>Czerwona wie\u017ca<\/strong> oraz <strong>Zamek Alanya<\/strong>, i odkryj naturalne jaskinie morskie ukryte pod klifami. Ciesz si\u0119 kilkoma d\u0142ugimi przystankami na p\u0142ywanie w krystalicznie czystych zatokach, w tym <strong>Pla\u017ca Kleopatry<\/strong> oraz <strong>Zatoka Ula\u015f<\/strong>, z du\u017c\u0105 ilo\u015bci\u0105 czasu na opalanie i nurkowanie z rurk\u0105. Po po\u0142udniu na pok\u0142adzie serwowany jest pyszny lunch przed powrotem do portu, ko\u0144cz\u0105cy spokojny i orze\u017awiaj\u0105cy dzie\u0144 na morzu.<\/p>\n<h3><span style=\"color: #000000;\"><strong>\ud83d\uddfa\ufe0f Plan podr\u00f3\u017cy<\/strong><\/span><\/h3>\n<p>Odbi\u00f3r z hoteli w regionie Alanyi<br \/>Transfer do portu w Alanyi<br \/>Przep\u0142yni\u0119cie obok Czerwonej Wie\u017cy i stoczni w Alanyi<br \/>\ud83d\udd39 Odwied\u017a pirat\u00f3w, kochank\u00f3w i jaskinie fosforowe<br \/>Przerwa na p\u0142ywanie w pobli\u017cu pla\u017cy Kleopatry<br \/>Lunch serwowany na \u0142odzi<br \/>Przerwa na p\u0142ywanie na pla\u017cy Ula\u015f<br \/>Powr\u00f3t do portu w Alanyi i odbi\u00f3r z hotelu<\/p>\n<h3><span style=\"color: #000000;\"><strong>\u2139\ufe0f Przydatne informacje<\/strong><\/span><\/h3>\n<p>Czas trwania: 5-6 godzin \u0142\u0105cznie<br \/>Pojemno\u015b\u0107 \u0142odzi: 40-45 pasa\u017cer\u00f3w<br \/>Atmosfera wolna od muzyki i przyjazna rodzinie<br \/>Przynie\u015b\u0107: Str\u00f3j k\u0105pielowy, r\u0119cznik, krem do opalania, w razie potrzeby sprz\u0119t do snorkelingu<\/p>\n<h2><span style=\"color: #000000;\"><strong>Co zabra\u0107 ze sob\u0105<\/strong><\/span><\/h2>\n<p>Str\u00f3j k\u0105pielowy i r\u0119cznik<br \/>Okulary przeciws\u0142oneczne i filtr przeciws\u0142oneczny<br \/>Maska do snorkelingu (opcjonalnie)<br \/>Niewielka got\u00f3wka na wydatki osobiste<\/p>\n<h3><span style=\"color: #000000;\"><strong>Nieodpowiednie dla<\/strong><\/span><\/h3>\n<p>Go\u015bcie poszukuj\u0105cy wycieczek \u0142odzi\u0105 w stylu imprezowym lub animacyjnym<\/p>\n<h2 dir=\"ltr\">\ud83d\udcb8\u00a0<strong>Cena i rezerwacja<\/strong><\/h2>\n<p dir=\"ltr\"><strong>Zarezerwuj teraz, zap\u0142a\u0107 w dniu wycieczki<\/strong><br \/>\nSkontaktuj si\u0119 z nami przez WhatsApp, Telegram, Viber lub wype\u0142nij poni\u017cszy formularz rezerwacji. \ud83d\udc47\ud83c\udffc<\/p>\n<p>Szukasz alternatyw? Przegl\u0105daj <a href=\"https:\/\/excursionsworld.com\/pl\/alanya-wycieczki\/\">wi\u0119cej wycieczek po Alanii<\/a>.<\/p>","protected":false},"excerpt":{"rendered":"<p>Zarezerwuj <b>Alanya Relax Boat Tour<\/b>! Cicho, bez muzyki <b>wycieczka<\/b> wzd\u0142u\u017c wybrze\u017ca. Zobacz jaskinie, <b>Czerwona wie\u017ca<\/b>, i ciesz si\u0119 <b>3-4 przerwy na p\u0142ywanie<\/b>. <b>Transfer wliczony w cen\u0119<\/b>.<\/p>","protected":false},"featured_media":15215,"comment_status":"open","ping_status":"closed","template":"","meta":[],"product_brand":[],"product_cat":[128],"product_tag":[107],"class_list":{"0":"post-15477","1":"product","2":"type-product","3":"status-publish","4":"has-post-thumbnail","6":"tour_phys-alanya-tours","7":"product_cat-alanya-tours","8":"product_tag-antalya","9":"pa_destination-alanya-tours","11":"first","12":"instock","13":"sale","14":"shipping-taxable","15":"purchasable","16":"product-type-tour_phys"},"aioseo_notices":[],"_links":{"self":[{"href":"https:\/\/excursionsworld.com\/pl\/wp-json\/wp\/v2\/product\/15477","targetHints":{"allow":["GET"]}}],"collection":[{"href":"https:\/\/excursionsworld.com\/pl\/wp-json\/wp\/v2\/product"}],"about":[{"href":"https:\/\/excursionsworld.com\/pl\/wp-json\/wp\/v2\/types\/product"}],"replies":[{"embeddable":true,"href":"https:\/\/excursionsworld.com\/pl\/wp-json\/wp\/v2\/comments?post=15477"}],"wp:featuredmedia":[{"embeddable":true,"href":"https:\/\/excursionsworld.com\/pl\/wp-json\/wp\/v2\/media\/15215"}],"wp:attachment":[{"href":"https:\/\/excursionsworld.com\/pl\/wp-json\/wp\/v2\/media?parent=15477"}],"wp:term":[{"taxonomy":"product_brand","embeddable":true,"href":"https:\/\/excursionsworld.com\/pl\/wp-json\/wp\/v2\/product_brand?post=15477"},{"taxonomy":"product_cat","embeddable":true,"href":"https:\/\/excursionsworld.com\/pl\/wp-json\/wp\/v2\/product_cat?post=15477"},{"taxonomy":"product_tag","embeddable":true,"href":"https:\/\/excursionsworld.com\/pl\/wp-json\/wp\/v2\/product_tag?post=15477"}],"curies":[{"name":"wp","href":"https:\/\/api.w.org\/{rel}","templated":true}]}}