{"id":15478,"date":"2025-10-30T12:57:14","date_gmt":"2025-10-30T09:57:14","guid":{"rendered":"https:\/\/excursionsworld.com\/?post_type=product&#038;p=15478"},"modified":"2026-04-24T00:21:02","modified_gmt":"2026-04-23T21:21:02","slug":"starcraft-rejs-alanya","status":"publish","type":"product","link":"https:\/\/excursionsworld.com\/tours\/starcraft-boat-alanya\/","title":{"rendered":"Wycieczka statkiem Starcraft w Alanyi \u2013 All Inclusive"},"content":{"rendered":"<h2><strong>\ud83d\udee5\ufe0f Przegl\u0105d<\/strong><\/h2>\n<p>Do\u015bwiadcz luksusu na morzu dzi\u0119ki <strong><a href=\"https:\/\/en.wikipedia.org\/wiki\/Alanya\" target=\"_blank\" rel=\"noopener\">Alanya<\/a> Rejs po StarCraft<\/strong> - Najbardziej stylowy spos\u00f3b na odkrywanie wybrze\u017ca Alanyi! \u017begluj na pok\u0142adzie <strong>Jacht Starcraft klasy A<\/strong>, z muzyk\u0105, rozrywk\u0105 i przerwami na p\u0142ywanie w turkusowym Morzu \u015ar\u00f3dziemnym. Je\u015bli szukasz komfortu, zabawy i odrobiny elegancji, ta luksusowa wycieczka \u0142odzi\u0105 jest idealnym wyborem.<\/p>\n<h3><span style=\"color: #000000;\"><strong>W zestawie:<\/strong><\/span><\/h3>\n<p><span style=\"color: #00ff00;\"><strong>\u2713<\/strong> <\/span>Odbi\u00f3r i dow\u00f3z do hotelu\u00a0<br \/><span style=\"color: #00ff00;\"><strong>\u2713<\/strong> <\/span>Profesjonalny przewodnik<br \/><span style=\"color: #00ff00;\"><strong>\u2713<\/strong> <\/span>Lunch (grillowany kurczak, ry\u017c i sa\u0142atki)<br \/><span style=\"color: #00ff00;\"><strong>\u2713<\/strong> <\/span>Napoje bezalkoholowe (woda, cola, fanta itp.)<br \/><span style=\"color: #00ff00;\"><strong>\u2713<\/strong> <\/span>Impreza piankowa i rozrywka na \u017cywo<br \/><span style=\"color: #00ff00;\"><strong>\u2713<\/strong> <\/span>Kamizelki ratunkowe<br \/><span style=\"color: #00ff00;\"><strong>\u2713<\/strong> <\/span>Ubezpieczenie<\/p>\n<h3><span style=\"color: #000000;\"><strong>Nie zawiera:<\/strong><\/span><\/h3>\n<p><span style=\"color: #ff0000;\"><strong>\u2717<\/strong> <\/span>Napoje alkoholowe<br \/><span style=\"color: #ff0000;\"><strong>\u2717<\/strong> <\/span>Zdj\u0119cia i filmy<\/p>\n<h2><span style=\"color: #000000;\"><strong>Najwa\u017cniejsze atrakcje wycieczki<\/strong><\/span><\/h2>\n<p>\u017begluj na <strong>Luksusowy jacht Starcraft<\/strong>, jedna z najwi\u0119kszych i najbardziej komfortowych \u0142odzi w Alanyi<br \/>\ud83d\udd39 Ciesz si\u0119 pierwszorz\u0119dnymi wra\u017ceniami z muzyk\u0105, animacjami i zabaw\u0105 w pianie.<br \/>Zobacz Czerwon\u0105 Wie\u017c\u0119, star\u0105 stoczni\u0119 i mury zamku w Alanyi od strony morza<br \/>\ud83d\udd39 Odwied\u017a s\u0142ynne jaskinie pirat\u00f3w, kochank\u00f3w, fosforowe i diabelskie.<br \/>P\u0142ywanie w turkusowych wodach na pla\u017cy Ula\u015f i w innych malowniczych zatokach<br \/>Idealny dla par, rodzin i go\u015bci szukaj\u0105cych luksusowych wra\u017ce\u0144.<\/p>\n<h2><span style=\"color: #000000;\"><strong>Pe\u0142ny opis<\/strong><\/span><\/h2>\n<div>Wejd\u017a na pok\u0142ad <strong>Starcraft<\/strong>, najbardziej luksusowa i przestronna \u0142\u00f3d\u017a w Alanyi, oferuj\u0105ca dzie\u0144 sp\u0119dzony na morzu. Wycieczka rozpoczyna si\u0119 w <strong>Port w Alanyi oko\u0142o 10:00 rano<\/strong>, gdzie elegancki jacht przep\u0142ywa obok <strong>Czerwona wie\u017ca<\/strong>, <strong>Stara Stocznia<\/strong>, oraz <strong>Mury zamku w Alanyi<\/strong>.<\/div>\n<div>Podczas ca\u0142ej wycieczki zobaczysz s\u0142ynn\u0105 Alany\u0119 <strong>Piraci, kochankowie, fosfor i diabelskie jaskinie<\/strong>, zatrzymuj\u0105c si\u0119 na <strong>Pla\u017ca Ula\u015f<\/strong> i innych pi\u0119knych zatokach do p\u0142ywania w krystalicznie czystym Morzu \u015ar\u00f3dziemnym. Na pok\u0142adzie mo\u017cna zrelaksowa\u0107 si\u0119 na le\u017cakach lub w zacienionych strefach wypoczynkowych, podziwiaj\u0105c <strong>muzyka, rozrywka i zabawa w pianie<\/strong>. A <strong>pyszny lunch z napojami bezalkoholowymi<\/strong> serwowane w prawdziwym stylu Starcraft.<\/div>\n<div>Po dniu sp\u0119dzonym na morzu, s\u0142o\u0144cu i zabawie, jacht wraca do portu w Alanyi w okolicach <strong>15:00<\/strong>, Nast\u0119pnie zostaniesz wygodnie przetransportowany z powrotem do hotelu.<\/div>\n<h3><span style=\"color: #000000;\"><strong>\ud83d\uddfa\ufe0f Plan podr\u00f3\u017cy<\/strong><\/span><\/h3>\n<p>Odbi\u00f3r z hoteli\/apartament\u00f3w w Alanyi<br \/>Transfer do portu w Alanyi<br \/>Wyjazd o 10:00 rano<br \/>Zwiedzanie: Czerwona Wie\u017ca, stara stocznia i zamek w Alanyi<br \/>Zwiedzanie jaski\u0144 pirat\u00f3w, kochank\u00f3w, fosforu i diab\u0142\u00f3w<br \/>Przerwa na p\u0142ywanie na pla\u017cy Ula\u015f<br \/>Lunch i rozrywka na pok\u0142adzie<br \/>Impreza piankowa po powrocie<br \/>Przybycie z powrotem do portu w Alanyi (~15:00)<br \/>Odbi\u00f3r w hotelach<\/p>\n<h3><span style=\"color: #000000;\"><strong>\u2139\ufe0f Przydatne informacje<\/strong><\/span><\/h3>\n<p>Czas trwania: oko\u0142o 5-6 godzin<br \/>Angloj\u0119zyczna za\u0142oga i przewodnicy<br \/>Odpowiedni dla wszystkich grup wiekowych<br \/>Komfortowa luksusowa \u0142\u00f3d\u017a klasy A z wieloma pok\u0142adami i nowoczesnymi udogodnieniami<br \/>Dzieci poni\u017cej 5. roku \u017cycia podr\u00f3\u017cuj\u0105 bezp\u0142atnie (dziel\u0105 miejsce z rodzicami).<\/p>\n<h2><span style=\"color: #000000;\"><strong>Co zabra\u0107 ze sob\u0105<\/strong><\/span><\/h2>\n<p>Str\u00f3j k\u0105pielowy i r\u0119cznik<br \/>Ochrona przeciws\u0142oneczna, okulary przeciws\u0142oneczne i kapelusz<br \/>Aparat fotograficzny lub telefon<br \/>Niewielka got\u00f3wka na dodatki<\/p>\n<h3><span style=\"color: #000000;\"><strong>Nieodpowiednie dla<\/strong><\/span><\/h3>\n<p>Go\u015bcie z powa\u017cn\u0105 chorob\u0105 lokomocyjn\u0105<br \/>Kobiety w ci\u0105\u017cy<\/p>\n<h2 dir=\"ltr\">\ud83d\udcb8\u00a0<strong>Cena i rezerwacja<\/strong><\/h2>\n<p dir=\"ltr\"><strong>Zarezerwuj teraz, zap\u0142a\u0107 w dniu wycieczki<\/strong><br \/>\nSkontaktuj si\u0119 z nami przez WhatsApp, Telegram, Viber lub wype\u0142nij poni\u017cszy formularz rezerwacji. \ud83d\udc47\ud83c\udffc<\/p>\n<p>Szukasz alternatyw? Przegl\u0105daj <a href=\"https:\/\/excursionsworld.com\/pl\/alanya-wycieczki\/\">wi\u0119cej wycieczek po Alanii<\/a>.<\/p>","protected":false},"excerpt":{"rendered":"<p>Zarezerwuj <b>Alanya Starcraft Boat Tour<\/b>! Ciesz si\u0119 ca\u0142odniowym <b>rejs<\/b>, przystanki p\u0142ywackie, zabawa w pianie i odkrywanie s\u0142ynnych pirackich jaski\u0144. Zabawa <b>wycieczka jednodniowa<\/b>!<\/p>","protected":false},"featured_media":15431,"comment_status":"open","ping_status":"closed","template":"","meta":[],"product_brand":[],"product_cat":[128],"product_tag":[111],"class_list":{"0":"post-15478","1":"product","2":"type-product","3":"status-publish","4":"has-post-thumbnail","6":"tour_phys-alanya-tours","7":"product_cat-alanya-tours","8":"product_tag-alanya","9":"pa_destination-alanya-tours","10":"pa_kategori-pirate-boat-tours","12":"first","13":"instock","14":"sale","15":"shipping-taxable","16":"purchasable","17":"product-type-tour_phys"},"aioseo_notices":[],"_links":{"self":[{"href":"https:\/\/excursionsworld.com\/pl\/wp-json\/wp\/v2\/product\/15478","targetHints":{"allow":["GET"]}}],"collection":[{"href":"https:\/\/excursionsworld.com\/pl\/wp-json\/wp\/v2\/product"}],"about":[{"href":"https:\/\/excursionsworld.com\/pl\/wp-json\/wp\/v2\/types\/product"}],"replies":[{"embeddable":true,"href":"https:\/\/excursionsworld.com\/pl\/wp-json\/wp\/v2\/comments?post=15478"}],"wp:featuredmedia":[{"embeddable":true,"href":"https:\/\/excursionsworld.com\/pl\/wp-json\/wp\/v2\/media\/15431"}],"wp:attachment":[{"href":"https:\/\/excursionsworld.com\/pl\/wp-json\/wp\/v2\/media?parent=15478"}],"wp:term":[{"taxonomy":"product_brand","embeddable":true,"href":"https:\/\/excursionsworld.com\/pl\/wp-json\/wp\/v2\/product_brand?post=15478"},{"taxonomy":"product_cat","embeddable":true,"href":"https:\/\/excursionsworld.com\/pl\/wp-json\/wp\/v2\/product_cat?post=15478"},{"taxonomy":"product_tag","embeddable":true,"href":"https:\/\/excursionsworld.com\/pl\/wp-json\/wp\/v2\/product_tag?post=15478"}],"curies":[{"name":"wp","href":"https:\/\/api.w.org\/{rel}","templated":true}]}}