{"id":15483,"date":"2025-10-30T13:13:31","date_gmt":"2025-10-30T10:13:31","guid":{"rendered":"https:\/\/excursionsworld.com\/?post_type=product&#038;p=15483"},"modified":"2026-04-24T00:21:03","modified_gmt":"2026-04-23T21:21:03","slug":"rejs-piracki-lara-wodospad-belek","status":"publish","type":"product","link":"https:\/\/excursionsworld.com\/tours\/pirate-boat-lara-waterfall-belek\/","title":{"rendered":"Piracki rejs statkiem z Belek \u2013 do Wodospadu i Pla\u017cy Lara"},"content":{"rendered":"<h2>\ud83c\udff4\u200d\u2620\ufe0f Przegl\u0105d<\/h2>\n<p>Rozpocznij <strong><a href=\"https:\/\/en.wikipedia.org\/wiki\/Belek\" target=\"_blank\" rel=\"noopener\">Belek<\/a> Wycieczka \u0142odzi\u0105 pirack\u0105<\/strong>, odchodz\u0105c od <strong>Lara Beach<\/strong>, na pok\u0142adzie wspania\u0142ego<strong>\u00a0Statek piracki<\/strong>! Ta ca\u0142odniowa przygoda \u0142\u0105czy w sobie zabaw\u0119, relaks i osza\u0142amiaj\u0105c\u0105 \u015br\u00f3dziemnomorsk\u0105 sceneri\u0119 - idealna dla rodzin, par i grup. Ciesz si\u0119 wieloma przystankami p\u0142ywackimi, \u017cyw\u0105 rozrywk\u0105 i zapieraj\u0105cymi dech w piersiach widokami na wybrze\u017ce Antalyi.<\/p>\n<h3>W zestawie:<\/h3>\n<p><strong><span style=\"color: #00ff00;\">\u2713<\/span><\/strong> Odbi\u00f3r i dow\u00f3z do hotelu<br \/><strong><span style=\"color: #00ff00;\">\u2713 <\/span><\/strong>Wycieczka \u0142odzi\u0105 pirack\u0105\u00a0<br \/><strong><span style=\"color: #00ff00;\">\u2713 <\/span><\/strong>Pyszny lunch na pok\u0142adzie<br \/><strong><span style=\"color: #00ff00;\">\u2713 <\/span><\/strong>Rozrywka, piana party i animacje<br \/><strong><span style=\"color: #00ff00;\">\u2713 <\/span><\/strong>Wiele przerw na p\u0142ywanie (Zatoka \u017b\u00f3\u0142wi, wodospady itp.)<br \/><strong><span style=\"color: #00ff00;\">\u2713 <\/span><\/strong>Ubezpieczenie<\/p>\n<h3>Nie zawiera:<\/h3>\n<p><span style=\"color: #ff0000;\"><strong>\u2717<\/strong><\/span> Napoje\u00a0<br \/><span style=\"color: #ff0000;\"><strong>\u2717 <\/strong><\/span>Wydatki osobiste<\/p>\n<h2>\ud83c\udf1f Atrakcje wycieczki statkiem pirackim w Belek<\/h2>\n<p>Rejs widokowy wzd\u0142u\u017c pi\u0119knego wybrze\u017ca Antalyi<br \/>Punkty orientacyjne: Du\u017ce i ma\u0142e wodospady D\u00fcden, Kalei\u00e7i i pla\u017ca Konyaalt\u0131<br \/>\ud83d\udd39 P\u0142ywanie w krystalicznie czystych wodach Turtle Bay<br \/>\ud83d\udd39 \u017bywa rozrywka o tematyce pirackiej i impreza z piank\u0105<br \/>Idealny dzie\u0144 na morzu zar\u00f3wno dla dzieci, jak i doros\u0142ych<br \/>Przestronna \u0142\u00f3d\u017a wielopok\u0142adowa z le\u017cakami i udogodnieniami<\/p>\n<h2>\ud83d\udcd6 Pe\u0142ny opis: Twoja przygoda na statku pirackim w Belek<\/h2>\n<div>Rozpocznij dzie\u0144 od wygodnego transferu z <strong>Hotel Belek<\/strong> do przystani w pobli\u017cu <strong>Mardan Palace Hotel w Lara<\/strong>. Wejd\u017a na pok\u0142ad majestatycznego <strong>\u00a0Statek piracki<\/strong> i wyrusz w niezapomnian\u0105 \u015br\u00f3dziemnomorsk\u0105 przygod\u0119. Podczas rejsu wzd\u0142u\u017c wybrze\u017ca mo\u017cna podziwia\u0107 s\u0142ynne zabytki Antalyi - od <strong>Wodospad w Dolnym D\u00fcden<\/strong> kaskadowo wpadaj\u0105ce do morza do uroczego <strong>Stare Miasto (Kalei\u00e7i)<\/strong> oraz <strong>Pla\u017ca Konyaalt\u0131<\/strong>. Ciesz si\u0119 kilkoma <strong>przerwy na p\u0142ywanie<\/strong> w pi\u0119knych zatokach, takich jak <strong>Turtle Bay<\/strong>, gdzie mo\u017cna nurkowa\u0107 w turkusowych wodach lub zrelaksowa\u0107 si\u0119 na pok\u0142adzie pod s\u0142o\u0144cem. Na pok\u0142adzie piracka za\u0142oga zapewni rozrywk\u0119 w postaci <strong>muzyka, animacje, malowanie twarzy i zabawa w pianie<\/strong>, dzi\u0119ki czemu ta wycieczka jest szczeg\u00f3lnie przyjemna dla rodzin z dzie\u0107mi. A <strong>smaczny lunch<\/strong> Na pok\u0142adzie serwowane s\u0105 napoje bezalkoholowe, kt\u00f3re mo\u017cna kupi\u0107 w barze. Po dniu pe\u0142nym zabawy i s\u0142o\u0144ca zrelaksuj si\u0119, gdy statek odp\u0142ynie z powrotem do portu, gdzie b\u0119dzie czeka\u0142 na Ciebie pojazd, kt\u00f3ry zabierze Ci\u0119 wygodnie z powrotem do hotelu.<\/div>\n<h3>\ud83d\uddfa\ufe0f Plan podr\u00f3\u017cy<\/h3>\n<p>Odbi\u00f3r z hoteli w regionie Belek i Antalya<br \/>Wylot z portu Lara Beach<br \/>Zwiedzanie wzd\u0142u\u017c wybrze\u017ca Antalyi<br \/>Przystanek p\u0142ywacki w Zatoce \u017b\u00f3\u0142wi<br \/>Widok na du\u017ce i ma\u0142e wodospady D\u00fcden<br \/>Lunch na pok\u0142adzie<br \/>Rozrywka, zabawa w pianie i muzyka<br \/>Powr\u00f3t do portu i transfer do hotelu<\/p>\n<h3>\u2139\ufe0f Przydatne informacje<\/h3>\n<p>Czas trwania: oko\u0142o 6-7 godzin<br \/>Przyjazny dla rodzin z zacienionymi i s\u0142onecznymi obszarami na pok\u0142adzie<br \/>Dost\u0119pny posi\u0142ek wegetaria\u0144ski<br \/>Angloj\u0119zyczna za\u0142oga<br \/>Dzieci poni\u017cej 5. roku \u017cycia podr\u00f3\u017cuj\u0105 bezp\u0142atnie, ale dziel\u0105 miejsce w autobusie.<\/p>\n<h2>Co zabra\u0107 ze sob\u0105<\/h2>\n<p>Str\u00f3j k\u0105pielowy i r\u0119cznik<br \/>Ochrona przeciws\u0142oneczna i okulary przeciws\u0142oneczne<br \/>Kapelusz lub czapka<br \/>Aparat fotograficzny lub telefon<br \/>Drobna got\u00f3wka na napoje lub pami\u0105tki<\/p>\n<h3>Nieodpowiednie dla<\/h3>\n<p>Go\u015bcie podatni na ci\u0119\u017ck\u0105 chorob\u0119 morsk\u0105<br \/>Osoby szukaj\u0105ce cichej lub wolnej od muzyki wycieczki<\/p>\n<h2 dir=\"ltr\">\ud83d\udcb8\u00a0<strong>Cena i rezerwacja<\/strong><\/h2>\n<p dir=\"ltr\"><strong>Zarezerwuj teraz, zap\u0142a\u0107 w dniu wycieczki<\/strong><br \/>\nSkontaktuj si\u0119 z nami przez WhatsApp, Telegram, Viber lub wype\u0142nij poni\u017cszy formularz rezerwacji. \ud83d\udc47\ud83c\udffc<\/p>\n<p>Szukasz alternatyw? Przegl\u0105daj <a href=\"https:\/\/excursionsworld.com\/pl\/belek-wycieczki\/\">wi\u0119cej wycieczek po Belek<\/a>.<\/p>","protected":false},"excerpt":{"rendered":"<p>Zarezerwuj <b>Wycieczka \u0142odzi\u0105 pirack\u0105 w Belek<\/b>! Zabawa <b>ca\u0142odniowa wycieczka<\/b> z <b>impreza w pianie<\/b>, muzyka i p\u0142ywanie w <b>Turtle Bay<\/b>. Wodospady i wybrze\u017ce. <b>Transfer wliczony w cen\u0119<\/b>!<\/p>","protected":false},"featured_media":15244,"comment_status":"open","ping_status":"closed","template":"","meta":[],"product_brand":[],"product_cat":[126,130],"product_tag":[120],"class_list":{"0":"post-15483","1":"product","2":"type-product","3":"status-publish","4":"has-post-thumbnail","6":"tour_phys-belek-tours","7":"tour_phys-pirate-boat-tours","8":"product_cat-belek-tours","9":"product_cat-pirate-boat-tours","10":"product_tag-belek","11":"pa_destination-belek-tours","12":"pa_kategori-pirate-boat-tours","14":"first","15":"instock","16":"sale","17":"featured","18":"shipping-taxable","19":"purchasable","20":"product-type-tour_phys"},"aioseo_notices":[],"_links":{"self":[{"href":"https:\/\/excursionsworld.com\/pl\/wp-json\/wp\/v2\/product\/15483","targetHints":{"allow":["GET"]}}],"collection":[{"href":"https:\/\/excursionsworld.com\/pl\/wp-json\/wp\/v2\/product"}],"about":[{"href":"https:\/\/excursionsworld.com\/pl\/wp-json\/wp\/v2\/types\/product"}],"replies":[{"embeddable":true,"href":"https:\/\/excursionsworld.com\/pl\/wp-json\/wp\/v2\/comments?post=15483"}],"wp:featuredmedia":[{"embeddable":true,"href":"https:\/\/excursionsworld.com\/pl\/wp-json\/wp\/v2\/media\/15244"}],"wp:attachment":[{"href":"https:\/\/excursionsworld.com\/pl\/wp-json\/wp\/v2\/media?parent=15483"}],"wp:term":[{"taxonomy":"product_brand","embeddable":true,"href":"https:\/\/excursionsworld.com\/pl\/wp-json\/wp\/v2\/product_brand?post=15483"},{"taxonomy":"product_cat","embeddable":true,"href":"https:\/\/excursionsworld.com\/pl\/wp-json\/wp\/v2\/product_cat?post=15483"},{"taxonomy":"product_tag","embeddable":true,"href":"https:\/\/excursionsworld.com\/pl\/wp-json\/wp\/v2\/product_tag?post=15483"}],"curies":[{"name":"wp","href":"https:\/\/api.w.org\/{rel}","templated":true}]}}