{"id":15490,"date":"2025-10-30T13:56:06","date_gmt":"2025-10-30T10:56:06","guid":{"rendered":"https:\/\/excursionsworld.com\/?post_type=product&#038;p=15490"},"modified":"2026-04-24T00:21:03","modified_gmt":"2026-04-23T21:21:03","slug":"porto-genoese-blekitna-laguna-rejs-kemer","status":"publish","type":"product","link":"https:\/\/excursionsworld.com\/tours\/porto-genoese-blue-lagoon-boat-kemer\/","title":{"rendered":"Rejs Porto Genoese z Kemera \u2013 B\u0142\u0119kitna Laguna"},"content":{"rendered":"<h2>Przegl\u0105d<\/h2>\n<p>Wyrusz w niezapomnian\u0105 podr\u00f3\u017c jachtem z <a href=\"https:\/\/en.wikipedia.org\/wiki\/Kemer,_Antalya\" target=\"_blank\" rel=\"noopener\">Kemer<\/a> hotele w malowniczych zatoczkach Adrasan \u2014 <strong>Porto Genoese, Akseki Bay, Pirate Bay<\/strong>, i <strong>\u015bwiec\u0105ca fosforyzuj\u0105ca jaskinia<\/strong>. Ciesz si\u0119 turkusowymi pla\u017cami, odm\u0142adzaj\u0105c\u0105 k\u0105piel\u0105 w glinie i pysznym lunchem na pok\u0142adzie - to idealny dzie\u0144 na <strong>Mi\u0142o\u015bnicy przyrody i morza<\/strong>.<\/p>\n<h3>W zestawie:<\/h3>\n<p><span style=\"color: #00ff00;\"><strong>\u2713<\/strong> <\/span>Odbi\u00f3r i dow\u00f3z do hotelu<br \/><span style=\"color: #00ff00;\"><strong>\u2713<\/strong> <\/span>Wygodny klimatyzowany autobus<br \/><span style=\"color: #00ff00;\"><strong>\u2713<\/strong> <\/span>Ubezpieczenie<br \/><span style=\"color: #00ff00;\"><strong>\u2713<\/strong> <\/span>Przewodnik<br \/><span style=\"color: #00ff00;\"><strong>\u2713<\/strong> <\/span>Lunch i owoce sezonowe<br \/><span style=\"color: #00ff00;\"><strong>\u2713<\/strong> <\/span>Herbata na pok\u0142adzie<\/p>\n<h3>Nie zawiera:<\/h3>\n<p><span style=\"color: #ff0000;\"><strong>\u2717<\/strong> <\/span>Napoje<br \/><span style=\"color: #ff0000;\"><strong>\u2717<\/strong> <\/span>Wydatki osobiste<\/p>\n<h2>G\u0142\u00f3wne atrakcje tego rejsu statkiem z Kemer Porto Genoese<\/h2>\n<p>\ud83d\udd39 P\u0142ywanie w turkusowych wodach <strong>Zatoka Porto Genue\u0144ska<\/strong><br \/>\ud83d\udd39 Zatrzymuje si\u0119 na <strong>Akseki<\/strong> oraz <strong>Zatoki pirat\u00f3w<\/strong><br \/>\ud83d\udd39 Rejs stylowym statkiem <strong>jacht butikowy<\/strong><br \/>Relaks <strong>k\u0105piel gliniana<\/strong> do\u015bwiadczenie<br \/>Wizyta w <strong>magiczna fosforyzuj\u0105ca jaskinia<\/strong><br \/>\ud83d\udd39 <strong>Pyszny lunch i herbata<\/strong> na pok\u0142adzie<\/p>\n<h2>Pe\u0142ny opis: Twoja wycieczka \u0142odzi\u0105 po Kemer Porto<\/h2>\n<div>Tw\u00f3j dzie\u0144 zaczyna si\u0119 od <strong>transfer z hotelu w regionie Kemer<\/strong> do portu Adrasan. Po wej\u015bciu na pok\u0142ad jachtu przygotuj si\u0119 na <strong>ekscytuj\u0105ca morska przygoda<\/strong> wype\u0142nione pi\u0119knem i relaksem.<\/div>\n<div><strong>Zatoka Akseki:<\/strong> Pierwszym przystankiem jest zatoka Akseki, gdzie b\u0119dziesz mie\u0107 oko\u0142o 30 minut na p\u0142ywanie lub nurkowanie z rurk\u0105. Nale\u017cy zwr\u00f3ci\u0107 uwag\u0119 na obecno\u015b\u0107 je\u017cowc\u00f3w - <strong>zalecane s\u0105 buty do wody<\/strong>.<\/div>\n<div><strong>Zatoka Porto Genoese:<\/strong> Nast\u0119pnie dotrzyj do s\u0142ynnej zatoki Porto Genoese, aby cieszy\u0107 si\u0119 morzem przez oko\u0142o godzin\u0119. We\u017a <strong>k\u0105piel gliniana<\/strong>, cieszy\u0107 si\u0119 <strong>smaczny lunch<\/strong>, i zanurzy\u0107 si\u0119 w osza\u0142amiaj\u0105cej scenerii.<\/div>\n<div><strong>Pirate Bay:<\/strong> Po kr\u00f3tkim, 25-minutowym rejsie dotrzemy do Zatoki Pirat\u00f3w, gdzie czeka nas 40 minut p\u0142ywania i czystego relaksu.<\/div>\n<div><strong>Fosforyzuj\u0105ca jaskinia:<\/strong> Je\u015bli pogoda na to pozwoli, odwied\u017a czaruj\u0105c\u0105 jaskini\u0119 Phosphorescent Cave, s\u0142yn\u0105c\u0105 z <strong>efekt \u015bwiecenia<\/strong> i urzekaj\u0105ca atmosfera. Pod koniec wycieczki wr\u00f3cisz do portu i b\u0119dziesz cieszy\u0107 si\u0119 <strong>wygodny transfer z powrotem do hotelu<\/strong>.<\/div>\n<h3>\ud83d\uddd3\ufe0f Plan podr\u00f3\u017cy<\/h3>\n<p>Odbi\u00f3r z hotelu w Kemer i okolicach<br \/>Przybycie do portu Adrasan i wej\u015bcie na pok\u0142ad jachtu<br \/>Wyp\u0142yni\u0119cie z portu i rozpocz\u0119cie rejsu jachtem<br \/>Pierwszy przystanek p\u0142ywacki w <strong>Zatoka Akseki<\/strong> (30 minut)<br \/>Przyjazd do <strong>Zatoka Porto Genue\u0144ska<\/strong> - K\u0105piel w glinie, p\u0142ywanie i lunch (1 godzina)<br \/>P\u0142y\u0144 do <strong>Zatoka pirat\u00f3w<\/strong> do p\u0142ywania i relaksu (40 minut)<br \/>Wizyta w <strong>Fosforyzuj\u0105ca jaskinia<\/strong> (przy sprzyjaj\u0105cej pogodzie)<br \/>Powr\u00f3t do portu Adrasan<br \/>Dow\u00f3z do hoteli w okolicy Kemer<\/p>\n<h3>\u2139\ufe0f Przydatne informacje<\/h3>\n<p>Czas trwania wycieczki: oko\u0142o 8 godzin<br \/>Pojemno\u015b\u0107 jachtu: \u015bredniej wielko\u015bci \u0142\u00f3d\u017a butikowa<br \/>Warunki pogodowe i morskie mog\u0105 mie\u0107 wp\u0142yw na tras\u0119.<br \/>Dzieci poni\u017cej 6. roku \u017cycia podr\u00f3\u017cuj\u0105 bezp\u0142atnie (w autobusie nie ma oddzielnego miejsca).<\/p>\n<h2>Co zabra\u0107 ze sob\u0105<\/h2>\n<p>Str\u00f3j k\u0105pielowy i r\u0119cznik<br \/>Ochrona przeciws\u0142oneczna i okulary przeciws\u0142oneczne<br \/>\ud83d\udd39 Buty do wody (zalecane w zatoce Akseki)<br \/>Kamera<\/p>\n<h3>Nieodpowiednie dla<\/h3>\n<p>Kobiety w ci\u0105\u017cy<br \/>Osoby z niepe\u0142nosprawno\u015bci\u0105 ruchow\u0105<br \/>Osoby z problemami z sercem<\/p>\n<div class=\"elementor-element elementor-element-884d539 e-con-full e-flex e-con e-child\" data-id=\"884d539\" data-element_type=\"container\">\n<div id=\"description\" class=\"elementor-element elementor-element-337037cc elementor-widget elementor-widget-thim-ekits-tours-content\" data-id=\"337037cc\" data-element_type=\"widget\" data-widget_type=\"thim-ekits-tours-content.default\">\n<div class=\"elementor-widget-container\">\n<div class=\"thim-ekit-single-tour__content\">\n<h2 dir=\"ltr\"><strong>Cena i rezerwacja<\/strong><\/h2>\n<p dir=\"ltr\"><strong>Zarezerwuj teraz, zap\u0142a\u0107 w dniu wycieczki<\/strong><br \/>\nSkontaktuj si\u0119 z nami przez WhatsApp, Telegram, Viber lub wype\u0142nij poni\u017cszy formularz rezerwacji. \ud83d\udc47\ud83c\udffc<\/p>\n<\/div>\n<\/div>\n<\/div>\n<\/div>\n<p>Szukasz alternatyw? Przegl\u0105daj <a href=\"https:\/\/excursionsworld.com\/pl\/kemer-wycieczki\/\">wi\u0119cej wycieczek po Kemer<\/a>.<\/p>","protected":false},"excerpt":{"rendered":"<p>Zarezerwuj ten niezapomniany <b>wycieczka<\/b> z <strong>Kemer<\/strong>! To <b>codzienna wycieczka<\/b> do Porto Genoese &amp; Blue Lagoon oferuje p\u0142ywanie, k\u0105piele w glinie i lunch. Najlepsze morze <b>podr\u00f3\u017c<\/b>!<\/p>","protected":false},"featured_media":12442,"comment_status":"open","ping_status":"closed","template":"","meta":[],"product_brand":[],"product_cat":[124],"product_tag":[105],"class_list":{"0":"post-15490","1":"product","2":"type-product","3":"status-publish","4":"has-post-thumbnail","6":"tour_phys-boat-tours","7":"tour_phys-kemer-tours","8":"product_cat-kemer-tours","9":"product_tag-kemer","10":"pa_destination-kemer-tours","11":"pa_kategori-boat-tours","13":"first","14":"instock","15":"sale","16":"featured","17":"shipping-taxable","18":"purchasable","19":"product-type-tour_phys"},"aioseo_notices":[],"_links":{"self":[{"href":"https:\/\/excursionsworld.com\/pl\/wp-json\/wp\/v2\/product\/15490","targetHints":{"allow":["GET"]}}],"collection":[{"href":"https:\/\/excursionsworld.com\/pl\/wp-json\/wp\/v2\/product"}],"about":[{"href":"https:\/\/excursionsworld.com\/pl\/wp-json\/wp\/v2\/types\/product"}],"replies":[{"embeddable":true,"href":"https:\/\/excursionsworld.com\/pl\/wp-json\/wp\/v2\/comments?post=15490"}],"wp:featuredmedia":[{"embeddable":true,"href":"https:\/\/excursionsworld.com\/pl\/wp-json\/wp\/v2\/media\/12442"}],"wp:attachment":[{"href":"https:\/\/excursionsworld.com\/pl\/wp-json\/wp\/v2\/media?parent=15490"}],"wp:term":[{"taxonomy":"product_brand","embeddable":true,"href":"https:\/\/excursionsworld.com\/pl\/wp-json\/wp\/v2\/product_brand?post=15490"},{"taxonomy":"product_cat","embeddable":true,"href":"https:\/\/excursionsworld.com\/pl\/wp-json\/wp\/v2\/product_cat?post=15490"},{"taxonomy":"product_tag","embeddable":true,"href":"https:\/\/excursionsworld.com\/pl\/wp-json\/wp\/v2\/product_tag?post=15490"}],"curies":[{"name":"wp","href":"https:\/\/api.w.org\/{rel}","templated":true}]}}