{"id":15491,"date":"2025-10-30T13:57:19","date_gmt":"2025-10-30T10:57:19","guid":{"rendered":"https:\/\/excursionsworld.com\/?post_type=product&#038;p=15491"},"modified":"2026-04-24T00:21:03","modified_gmt":"2026-04-23T21:21:03","slug":"rafting-kanion-koprulu-kemer","status":"publish","type":"product","link":"https:\/\/excursionsworld.com\/tours\/rafting-koprulu-canyon-kemer\/","title":{"rendered":"Rafting z Kemeru \u2013 Kanion K\u00f6pr\u00fcl\u00fc Ca\u0142odniowa Przygoda"},"content":{"rendered":"<h2 dir=\"ltr\" data-pm-slice=\"1 1 []\"><span style=\"color: #000000;\"><strong>\ud83d\udea3\u200d\u2642\ufe0f Przegl\u0105d<\/strong><\/span><\/h2>\n<p>Wybierz si\u0119 na ekscytuj\u0105c\u0105 przygod\u0119 z raftingiem w Kanionie K\u00f6pr\u00fcl\u00fc, wpisanym na list\u0119 \u015bwiatowego dziedzictwa UNESCO, z transferami z hoteli w <a href=\"https:\/\/en.wikipedia.org\/wiki\/Kemer,_Antalya\" target=\"_blank\" rel=\"noopener\">Kemer<\/a> i pobliskich regionach: Beldibi, G\u00f6yn\u00fck, Kiri\u015f, \u00c7amyuva i Tekirova. Pokonaj 10 odcink\u00f3w wartkiego nurtu na dystansie 14 km, pop\u0142ywaj w spokojnych rzekach i zjedz lunch nad brzegiem rzeki. Idealna wycieczka zar\u00f3wno dla pocz\u0105tkuj\u0105cych, jak i poszukiwaczy wra\u017ce\u0144, trwa oko\u0142o 9\u201310 godzin.<\/p>\n<h3 dir=\"ltr\"><span style=\"color: #000000;\"><strong>W zestawie:<\/strong><\/span><\/h3>\n<p dir=\"ltr\"><span style=\"color: #00ff00;\"><strong>\u2713<\/strong><\/span> Odbi\u00f3r i dow\u00f3z do hotelu<br \/>\n<span style=\"color: #00ff00;\"><strong>\u2713 <\/strong><\/span>Wygodny klimatyzowany autobus<br \/>\n<span style=\"color: #00ff00;\"><strong>\u2713 <\/strong><\/span>10-osobowe tratwy<br \/>\n<span style=\"color: #00ff00;\"><strong>\u2713 <\/strong><\/span>Ubezpieczenie<br \/>\n<span style=\"color: #00ff00;\"><strong>\u2713 <\/strong><\/span>Przewodnik<br \/>\n<span style=\"color: #00ff00;\"><strong>\u2713 <\/strong><\/span>Lunch<\/p>\n<h3 dir=\"ltr\"><span style=\"color: #000000;\"><strong>Nie zawiera:<\/strong><\/span><\/h3>\n<p dir=\"ltr\"><strong><span style=\"color: #ff0000;\">\u2717<\/span><\/strong> Tratwy dwuosobowe (za dodatkow\u0105 op\u0142at\u0105)<br \/><strong><span style=\"color: #ff0000;\">\u2717 <\/span><\/strong>Zdj\u0119cia i filmy<br \/><strong><span style=\"color: #ff0000;\">\u2717 <\/span><\/strong>Napoje<br \/><strong><span style=\"color: #ff0000;\">\u2717 <\/span><\/strong>Aktywno\u015bci opcjonalne (np. tyrolka)<\/p>\n<h2 dir=\"ltr\"><span style=\"color: #000000;\"><strong>Najwa\u017cniejsze atrakcje wycieczki<\/strong><\/span><\/h2>\n<p dir=\"ltr\">Ekscytuj\u0105cy 14-kilometrowy rafting z 10 bystrzami<br \/>\nOsza\u0142amiaj\u0105ca sceneria kanionu K\u00f6pr\u00fcl\u00fc<br \/>\nP\u0142ywanie w spokojnych rzekach<br \/>\nProfesjonalni przewodnicy i pe\u0142ne wyposa\u017cenie<br \/>\nLunch nad rzek\u0105 i mo\u017cliwo\u015b\u0107 robienia zdj\u0119\u0107<br \/>\nZaj\u0119cia fakultatywne: tyrolka i nurkowanie<\/p>\n<h2 dir=\"ltr\"><span style=\"color: #000000;\"><strong>Pe\u0142ny opis<\/strong><\/span><\/h2>\n<div dir=\"ltr\">Wycieczka rozpoczyna si\u0119 transferem z hotelu w Antalyi lub w okolicy do bazy w kanionie K\u00f6pr\u00fcl\u00fc. Po odprawie dotycz\u0105cej bezpiecze\u0144stwa otrzymasz sprz\u0119t i wyruszysz w 14-kilometrow\u0105 podr\u00f3\u017c raftingow\u0105 10-osobow\u0105 tratw\u0105 przez 10 bystrzy, prowadzon\u0105 przez do\u015bwiadczonych instruktor\u00f3w. Nie s\u0105 wymagane \u017cadne umiej\u0119tno\u015bci p\u0142ywackie ani wcze\u015bniejsze do\u015bwiadczenie.<\/div>\n<div dir=\"ltr\">Pomi\u0119dzy bystrzami mo\u017cna pop\u0142ywa\u0107 w spokojnych rzekach otoczonych g\u00f3rami i zieleni\u0105. Trasa obejmuje przystanki na zaj\u0119cia opcjonalne (zipline, nurkowanie za dodatkow\u0105 op\u0142at\u0105) oraz przerw\u0119 na napoje lub nale\u015bniki (dodatkowa op\u0142ata). Pyszny lunch serwowany jest nad rzek\u0105. Po obiedzie kontynuujemy rafting do mety, gdzie mo\u017cna obejrze\u0107 filmy z wycieczki i zrobi\u0107 zdj\u0119cia przed powrotem do hotelu.<\/div>\n<h3 dir=\"ltr\"><span style=\"color: #000000;\"><strong>\ud83d\uddfa\ufe0f Plan podr\u00f3\u017cy<\/strong><\/span><\/h3>\n<p dir=\"ltr\">Odbi\u00f3r z hoteli w Antalyi i okolicach<br \/>\n\ud83d\udd39 Przyjazd do bazy w kanionie K\u00f6pr\u00fcl\u00fc<br \/>\nOdprawa bezpiecze\u0144stwa i konfiguracja sprz\u0119tu<br \/>\nRafting przez 10 bystrzy (14 km)<br \/>\nPrzystanki na p\u0142ywanie i zaj\u0119cia opcjonalne<br \/>\nLunch nad rzek\u0105<br \/>\n\ud83d\udd39 Kontynuacja sp\u0142ywu do mety<br \/>\n\ud83d\udd39 Przegl\u0105danie film\u00f3w i zdj\u0119\u0107 z wycieczek<br \/>\nPowr\u00f3t do hotelu<\/p>\n<h3 dir=\"ltr\"><span style=\"color: #000000;\"><strong>\u2139\ufe0f Przydatne informacje<\/strong><\/span><\/h3>\n<p dir=\"ltr\">Czas trwania: ~7-8 godz.<br \/>\nUmiej\u0119tno\u015bci p\u0142ywackie i do\u015bwiadczenie nie s\u0105 wymagane.<br \/>\n10-osobowe tratwy w cenie; 2-osobowe tratwy za dodatkow\u0105 op\u0142at\u0105<br \/>\n\ud83d\udd39 Buty do wody, paski do okular\u00f3w i wodoodporne etui mo\u017cna kupi\u0107 w bazie.<br \/>\nUmiarkowana lub wysoka aktywno\u015b\u0107 fizyczna<br \/>\nDzieci poni\u017cej 6. roku \u017cycia podr\u00f3\u017cuj\u0105ce bezp\u0142atnie nie maj\u0105 oddzielnego miejsca w autobusie. Je\u015bli autobus jest pe\u0142ny, siedz\u0105 na kolanach osoby doros\u0142ej lub mo\u017cna zarezerwowa\u0107 osobne miejsce.<\/p>\n<h2 dir=\"ltr\"><span style=\"color: #000000;\"><strong>Co zabra\u0107 ze sob\u0105<\/strong><\/span><\/h2>\n<p dir=\"ltr\">Str\u00f3j k\u0105pielowy i r\u0119cznik<br \/>\nFiltr przeciws\u0142oneczny<br \/>\nButy do wody<br \/>\nZmiana odzie\u017cy<br \/>\nGot\u00f3wka na wydatki osobiste<\/p>\n<h3 dir=\"ltr\"><span style=\"color: #000000;\"><strong>Nieodpowiednie dla<\/strong><\/span><\/h3>\n<p dir=\"ltr\">Osoby z chorobami serca<br \/>\nPodr\u00f3\u017cni w wieku powy\u017cej 70 lat<br \/>\nKobiety w ci\u0105\u017cy<br \/>\nDzieci poni\u017cej 4 lat<br \/>\nOsoby o ograniczonej sprawno\u015bci ruchowej lub poruszaj\u0105ce si\u0119 na w\u00f3zkach inwalidzkich<\/p>\n<h2 dir=\"ltr\"><span style=\"color: #000000;\"><strong>Cena i rezerwacja<\/strong><\/span><\/h2>\n<p dir=\"ltr\"><strong>Zarezerwuj teraz, zap\u0142a\u0107 w dniu wycieczki<\/strong><br \/>\nSkontaktuj si\u0119 z nami przez WhatsApp, Telegram, Viber lub wype\u0142nij poni\u017cszy formularz rezerwacji. \ud83d\udc47\ud83c\udffc<\/p>\n<p>Szukasz alternatyw? Przegl\u0105daj <a href=\"https:\/\/excursionsworld.com\/pl\/kemer-wycieczki\/\">wi\u0119cej wycieczek po Kemer<\/a>.<\/p>","protected":false},"excerpt":{"rendered":"<p>Zarezerwuj ekscytuj\u0105cy rafting <b>Wycieczka<\/b> w kanionie K\u00f6pr\u00fcl\u00fc z Kemer! Ten ca\u0142odniowy <b>trasa<\/b> obejmuje pyszny lunch, transfery i du\u017ce fale.<\/p>","protected":false},"featured_media":12670,"comment_status":"open","ping_status":"closed","template":"","meta":[],"product_brand":[],"product_cat":[124],"product_tag":[105],"class_list":{"0":"post-15491","1":"product","2":"type-product","3":"status-publish","4":"has-post-thumbnail","6":"tour_phys-kemer-tours","7":"product_cat-kemer-tours","8":"product_tag-kemer","9":"pa_destination-kemer-tours","11":"first","12":"instock","13":"sale","14":"shipping-taxable","15":"purchasable","16":"product-type-tour_phys"},"aioseo_notices":[],"_links":{"self":[{"href":"https:\/\/excursionsworld.com\/pl\/wp-json\/wp\/v2\/product\/15491","targetHints":{"allow":["GET"]}}],"collection":[{"href":"https:\/\/excursionsworld.com\/pl\/wp-json\/wp\/v2\/product"}],"about":[{"href":"https:\/\/excursionsworld.com\/pl\/wp-json\/wp\/v2\/types\/product"}],"replies":[{"embeddable":true,"href":"https:\/\/excursionsworld.com\/pl\/wp-json\/wp\/v2\/comments?post=15491"}],"wp:featuredmedia":[{"embeddable":true,"href":"https:\/\/excursionsworld.com\/pl\/wp-json\/wp\/v2\/media\/12670"}],"wp:attachment":[{"href":"https:\/\/excursionsworld.com\/pl\/wp-json\/wp\/v2\/media?parent=15491"}],"wp:term":[{"taxonomy":"product_brand","embeddable":true,"href":"https:\/\/excursionsworld.com\/pl\/wp-json\/wp\/v2\/product_brand?post=15491"},{"taxonomy":"product_cat","embeddable":true,"href":"https:\/\/excursionsworld.com\/pl\/wp-json\/wp\/v2\/product_cat?post=15491"},{"taxonomy":"product_tag","embeddable":true,"href":"https:\/\/excursionsworld.com\/pl\/wp-json\/wp\/v2\/product_tag?post=15491"}],"curies":[{"name":"wp","href":"https:\/\/api.w.org\/{rel}","templated":true}]}}