{"id":15493,"date":"2025-10-30T14:00:40","date_gmt":"2025-10-30T11:00:40","guid":{"rendered":"https:\/\/excursionsworld.com\/?post_type=product&#038;p=15493"},"modified":"2026-04-24T00:21:04","modified_gmt":"2026-04-23T21:21:04","slug":"green-canyon-rejs-kemer","status":"publish","type":"product","link":"https:\/\/excursionsworld.com\/tours\/green-canyon-boat-tour-kemer\/","title":{"rendered":"Wycieczka \u0142odzi\u0105 do Zielonego Kanionu z Kemer | All Inclusive"},"content":{"rendered":"<h2 dir=\"ltr\" data-pm-slice=\"1 1 []\"><span style=\"color: #000000;\"><strong>\ud83c\udfdd\ufe0f Przegl\u0105d<\/strong><\/span><\/h2>\n<p dir=\"ltr\">Wybierz si\u0119 na spokojn\u0105 wycieczk\u0119 do Zielonego Kanionu z <a href=\"https:\/\/en.wikipedia.org\/wiki\/Kemer,_Antalya\" target=\"_blank\" rel=\"noopener\">Kemer<\/a> i jego okolice! Ciesz si\u0119 rejsem po turkusowych wodach, p\u0142ywaj i ch\u0142o\u0144 osza\u0142amiaj\u0105ce widoki na g\u00f3ry Taurus. Idealna dla rodzin i mi\u0142o\u015bnik\u00f3w przyrody, ta wycieczka trwa oko\u0142o 7\u20138 godzin.<\/p>\n<h3 dir=\"ltr\"><span style=\"color: #000000;\"><strong>W zestawie:<\/strong><\/span><\/h3>\n<p dir=\"ltr\"><span style=\"color: #00ff00;\"><strong>\u2713<\/strong><\/span> Odbi\u00f3r i dow\u00f3z do hotelu<br \/>\n<span style=\"color: #00ff00;\"><strong>\u2713 <\/strong><\/span>Rejs \u0142odzi\u0105 po Zielonym Kanionie<br \/>\n<span style=\"color: #00ff00;\"><strong>\u2713 <\/strong><\/span>Przewodnik<br \/>\n<span style=\"color: #00ff00;\"><strong>\u2713 <\/strong><\/span>Lunch w restauracji nad jeziorem<br \/>\n<span style=\"color: #00ff00;\"><strong>\u2713 <\/strong><\/span>Pe\u0142ne ubezpieczenie<br \/>\n<span style=\"color: #00ff00;\"><strong>\u2713 <\/strong><\/span>Napoje bezalkoholowe<\/p>\n<h3 dir=\"ltr\"><span style=\"color: #000000;\"><strong>Nie zawiera:<\/strong><\/span><\/h3>\n<p dir=\"ltr\"><span style=\"color: #ff0000;\"><strong>\u2717<\/strong> <\/span>Wydatki osobiste<br \/>\n<span style=\"color: #ff0000;\"><strong>\u2717 <\/strong><\/span>Zdj\u0119cia i filmy (opcjonalnie)<\/p>\n<h2 dir=\"ltr\"><span style=\"color: #000000;\"><strong>Najwa\u017cniejsze atrakcje wycieczki<\/strong><\/span><\/h2>\n<p dir=\"ltr\">Rejs \u0142odzi\u0105 przez Zielony Kanion<br \/>\nZapieraj\u0105ce dech w piersiach widoki na g\u00f3ry Taurus<br \/>\nP\u0142ywanie w orze\u017awiaj\u0105cych wodach kanionu<br \/>\nPyszny lunch nad jeziorem<br \/>\nSpokojna ucieczka od miasta<\/p>\n<h2 dir=\"ltr\"><span style=\"color: #000000;\"><strong>Pe\u0142ny opis<\/strong><\/span><\/h2>\n<p dir=\"ltr\">Rozpocznij dzie\u0144 od wygodnego transferu z Kemer lub jego okolic, kieruj\u0105c si\u0119 przez g\u00f3ry Taurus do Zielonego Kanionu. Wejd\u017a na pok\u0142ad przytulnej \u0142odzi i wyrusz w relaksuj\u0105cy rejs po szmaragdowych wodach, otoczonych klifami i bujn\u0105 zieleni\u0105. Przep\u0142y\u0144 przez Ma\u0142e i Du\u017ce Kaniony, zatrzymuj\u0105c si\u0119 na k\u0105piele w krystalicznie czystych wodach Turcji. Ciesz si\u0119 obfitym lunchem w restauracji nad jeziorem, zanurzaj\u0105c si\u0119 w spokoju natury. Ta wycieczka jest idealnym po\u0142\u0105czeniem relaksu i naturalnego pi\u0119kna, pozostawiaj\u0105c Ci\u0119 od\u015bwie\u017conym po powrocie do hotelu.<\/p>\n<h3 dir=\"ltr\"><span style=\"color: #000000;\"><strong>\ud83d\uddfa\ufe0f Plan podr\u00f3\u017cy<\/strong><\/span><\/h3>\n<p dir=\"ltr\">Odbi\u00f3r z Kemer i okolic<br \/>\nTransfer do Zielonego Kanionu przez g\u00f3ry Taurus<br \/>\nRejs \u0142odzi\u0105 przez kanion<br \/>\n\ud83d\udd39 Przystanki p\u0142ywackie<br \/>\nLunch w restauracji nad jeziorem<br \/>\nRejs powrotny<br \/>\nTransfer z powrotem do hotelu<\/p>\n<h3 dir=\"ltr\"><span style=\"color: #000000;\"><strong>\u2139\ufe0f Przydatne informacje<\/strong><\/span><\/h3>\n<div>Czas trwania: ~7-8 godzin (wycieczka ca\u0142odniowa)<br \/>\nNiska aktywno\u015b\u0107 fizyczna (rejs i opcjonalne p\u0142ywanie)<br \/>\nWycieczka dost\u0119pna codziennie z Kemer<br \/>\nNapoje do lunchu wliczone w cen\u0119<\/div>\n<div>\ud83d\udd39 \u0141\u00f3d\u017a posiada zacienione obszary i toalety.<br \/>\nKamizelki ratunkowe dost\u0119pne do p\u0142ywania<\/div>\n<div dir=\"ltr\">Dzieci poni\u017cej 5. roku \u017cycia podr\u00f3\u017cuj\u0105ce bezp\u0142atnie nie maj\u0105 oddzielnego miejsca w autobusie. Je\u015bli autobus jest pe\u0142ny, siedz\u0105 na kolanach osoby doros\u0142ej lub mo\u017cna zarezerwowa\u0107 osobne miejsce.<\/div>\n<h2 dir=\"ltr\"><span style=\"color: #000000;\"><strong>Co zabra\u0107 ze sob\u0105<\/strong><\/span><\/h2>\n<p dir=\"ltr\">Okulary przeciws\u0142oneczne i czapka<br \/>\nStr\u00f3j k\u0105pielowy i r\u0119cznik<br \/>\nFiltr przeciws\u0142oneczny<br \/>\nAparat fotograficzny lub smartfon<br \/>\nGot\u00f3wka na napoje lub dodatkowe us\u0142ugi<\/p>\n<h3 dir=\"ltr\"><span style=\"color: #000000;\"><strong>Nieodpowiednie dla<\/strong><\/span><\/h3>\n<p dir=\"ltr\">Osoby o ograniczonej sprawno\u015bci ruchowej<br \/>\nU\u017cytkownicy w\u00f3zk\u00f3w inwalidzkich<br \/>\nOsoby podatne na chorob\u0119 morsk\u0105<\/p>\n<div dir=\"ltr\">\n<h2 dir=\"ltr\"><strong>Cena i rezerwacja<\/strong><\/h2>\n<p dir=\"ltr\"><strong>Zarezerwuj teraz, zap\u0142a\u0107 w dniu wycieczki<\/strong><br \/>\nSkontaktuj si\u0119 z nami przez WhatsApp, Telegram, Viber lub wype\u0142nij poni\u017cszy formularz rezerwacji. \ud83d\udc47\ud83c\udffc<\/p>\n<\/div>\n<p>Szukasz alternatyw? Przegl\u0105daj <a href=\"https:\/\/excursionsworld.com\/pl\/kemer-wycieczki\/\">wi\u0119cej wycieczek po Kemer<\/a>.<\/p>","protected":false},"excerpt":{"rendered":"<p>Do\u0142\u0105cz do najlepszych <b>Wycieczka \u0142odzi\u0105 po Zielonym Kanionie<\/b> z Kemer! Ten ca\u0142odniowy <b>trasa<\/b> Oferuje p\u0142ywanie, szmaragdowe wody, spokojn\u0105 ucieczk\u0119 na \u0142ono natury, lunch i napoje!<\/p>","protected":false},"featured_media":12848,"comment_status":"open","ping_status":"closed","template":"","meta":[],"product_brand":[],"product_cat":[124],"product_tag":[105],"class_list":{"0":"post-15493","1":"product","2":"type-product","3":"status-publish","4":"has-post-thumbnail","6":"tour_phys-kemer-tours","7":"product_cat-kemer-tours","8":"product_tag-kemer","9":"pa_destination-kemer-tours","10":"pa_kategori-boat-tours","12":"first","13":"instock","14":"sale","15":"featured","16":"shipping-taxable","17":"purchasable","18":"product-type-tour_phys"},"aioseo_notices":[],"_links":{"self":[{"href":"https:\/\/excursionsworld.com\/pl\/wp-json\/wp\/v2\/product\/15493","targetHints":{"allow":["GET"]}}],"collection":[{"href":"https:\/\/excursionsworld.com\/pl\/wp-json\/wp\/v2\/product"}],"about":[{"href":"https:\/\/excursionsworld.com\/pl\/wp-json\/wp\/v2\/types\/product"}],"replies":[{"embeddable":true,"href":"https:\/\/excursionsworld.com\/pl\/wp-json\/wp\/v2\/comments?post=15493"}],"wp:featuredmedia":[{"embeddable":true,"href":"https:\/\/excursionsworld.com\/pl\/wp-json\/wp\/v2\/media\/12848"}],"wp:attachment":[{"href":"https:\/\/excursionsworld.com\/pl\/wp-json\/wp\/v2\/media?parent=15493"}],"wp:term":[{"taxonomy":"product_brand","embeddable":true,"href":"https:\/\/excursionsworld.com\/pl\/wp-json\/wp\/v2\/product_brand?post=15493"},{"taxonomy":"product_cat","embeddable":true,"href":"https:\/\/excursionsworld.com\/pl\/wp-json\/wp\/v2\/product_cat?post=15493"},{"taxonomy":"product_tag","embeddable":true,"href":"https:\/\/excursionsworld.com\/pl\/wp-json\/wp\/v2\/product_tag?post=15493"}],"curies":[{"name":"wp","href":"https:\/\/api.w.org\/{rel}","templated":true}]}}