{"id":15497,"date":"2025-10-30T14:07:36","date_gmt":"2025-10-30T11:07:36","guid":{"rendered":"https:\/\/excursionsworld.com\/?post_type=product&#038;p=15497"},"modified":"2026-04-24T00:21:05","modified_gmt":"2026-04-23T21:21:05","slug":"suluada-wyspa-rejs-kemer","status":"publish","type":"product","link":"https:\/\/excursionsworld.com\/tours\/suluada-island-boat-kemer\/","title":{"rendered":"Suluada Rejs Statkiem z Kemer: Tureckie Malediwy"},"content":{"rendered":"<h2 dir=\"ltr\" data-pm-slice=\"1 1 []\"><span style=\"color: #000000;\"><strong>\ud83c\udfdd\ufe0f Przegl\u0105d<\/strong><\/span><\/h2>\n<p dir=\"ltr\">Wyrusz w niezapomnian\u0105 morsk\u0105 podr\u00f3\u017c na wysp\u0119 Suluada, znan\u0105 jako \u201ctureckie Malediwy\u201d, z bia\u0142ymi piaszczystymi pla\u017cami i krystalicznie czyst\u0105 wod\u0105. Ta wycieczka oferuje wyj\u0105tkowe chwile w\u015br\u00f3d \u015br\u00f3dziemnomorskiej przyrody z trzema przystankami na p\u0142ywanie, obiadem z grilla i fantastycznymi widokami. Idealna dla mi\u0142o\u015bnik\u00f3w przyrody i rodzin!<\/p>\n<h3 dir=\"ltr\"><strong>W zestawie:<\/strong><\/h3>\n<p dir=\"ltr\"><span style=\"color: #00ff00;\"><strong>\u2713<\/strong><\/span> Odbi\u00f3r i dow\u00f3z do hotelu<br \/>\n<span style=\"color: #00ff00;\"><strong>\u2713<\/strong><\/span>\u00a0 Ubezpieczenie<br \/>\n<span style=\"color: #00ff00;\"><strong>\u2713<\/strong><\/span>\u00a0 Przewodnik<br \/>\n<span style=\"color: #00ff00;\"><strong>\u2713<\/strong><\/span>\u00a0 Lunch i \u015bwie\u017ce owoce<br \/>\n<span style=\"color: #00ff00;\"><strong>\u2713<\/strong><\/span>\u00a0 Herbata<\/p>\n<h3 dir=\"ltr\"><span style=\"color: #000000;\"><strong>Nie zawiera:<\/strong><\/span><\/h3>\n<p dir=\"ltr\"><span style=\"color: #ff0000;\"><strong>\u2717<\/strong> <\/span>Napoje<br \/>\n<span style=\"color: #ff0000;\"><strong>\u2717<\/strong> \u00a0<\/span>Wydatki osobiste<\/p>\n<h2 dir=\"ltr\"><span style=\"color: #000000;\"><strong>Najwa\u017cniejsze atrakcje wycieczki<\/strong><\/span><\/h2>\n<p dir=\"ltr\">\ud83d\udd39 Odkryj ukryte pla\u017ce Suluada z krystalicznie czyst\u0105 wod\u0105<br \/>\nP\u0142ywanie w zatoce Malediw\u00f3w z mi\u0119kkim bia\u0142ym piaskiem<br \/>\nOsza\u0142amiaj\u0105ce zdj\u0119cia w Jaskini Mi\u0142o\u015bci<br \/>\nLunch BBQ na pok\u0142adzie z tureckim meze<br \/>\nIdealny dla rodzin i os\u00f3b szukaj\u0105cych relaksuj\u0105cego wypoczynku<br \/>\nInspiruj\u0105ce widoki na g\u00f3ry Taurus i wybrze\u017ce<br \/>\nMo\u017cliwo\u015b\u0107 wyboru wycieczki dla ma\u0142ych lub du\u017cych grup<\/p>\n<h2 dir=\"ltr\"><span style=\"color: #000000;\"><strong>Pe\u0142ny opis<\/strong><\/span><\/h2>\n<div dir=\"ltr\">Wycieczka rozpoczyna si\u0119 od transferu z Twojego hotelu w <a href=\"https:\/\/en.wikipedia.org\/wiki\/Kemer,_Antalya\" target=\"_blank\" rel=\"noopener\">Kemer<\/a> do portu Adrasan, gdzie wsi\u0105dziesz na katamaran, aby wyruszy\u0107 w wyj\u0105tkow\u0105 podr\u00f3\u017c wzd\u0142u\u017c wybrze\u017ca Turcji. Podczas rejsu b\u0119dziesz podziwia\u0107 malownicze widoki g\u00f3r i dziewiczych wybrze\u017cy, z trzema przystankami na k\u0105piel:<\/div>\n<div dir=\"ltr\"><strong>Zatoka Malediw\u00f3w<\/strong>: Idealny do p\u0142ywania i nurkowania z rurk\u0105 w turkusowych wodach z mi\u0119kkim bia\u0142ym piaskiem.<br \/>\n<strong>Ukryte pla\u017ce Suluada<\/strong>: Odosobnione pla\u017ce do relaksu i opalania.<br \/>\n<strong>Jaskinia mi\u0142o\u015bci<\/strong>: Malownicza naturalna jaskinia idealna do p\u0142ywania i fotografowania.<\/div>\n<div dir=\"ltr\">Na pok\u0142adzie mo\u017cna skosztowa\u0107 lunchu obejmuj\u0105cego ryby, kurczaka i tradycyjne tureckie meze. Po obiedzie zostanie podana herbata przed powrotem do portu Adrasan.<\/div>\n<h3 dir=\"ltr\"><span style=\"color: #000000;\"><strong>\ud83d\uddfa\ufe0f Plan podr\u00f3\u017cy<\/strong><\/span><\/h3>\n<p dir=\"ltr\">Odbi\u00f3r z hoteli w okolicy Kemer<br \/>\nWyp\u0142yni\u0119cie z portu Adrasan<br \/>\nPrzystanek p\u0142ywacki w zatoce Malediwy<br \/>\nP\u0142ywanie na ukrytych pla\u017cach Suluady<br \/>\nZatrzymaj si\u0119 w Jaskini Mi\u0142o\u015bci na zdj\u0119cia<br \/>\nLunch na pok\u0142adzie<br \/>\nHerbata i relaks<br \/>\nPowr\u00f3t do portu Adrasan<br \/>\nTransfer z powrotem do hotelu<\/p>\n<h3 dir=\"ltr\"><span style=\"color: #000000;\"><strong>\u2139\ufe0f Przydatne informacje<\/strong><\/span><\/h3>\n<p dir=\"ltr\">Czas trwania wycieczki: oko\u0142o 8 godzin<br \/>\nPlan podr\u00f3\u017cy mo\u017ce ulec zmianie ze wzgl\u0119du na warunki pogodowe lub morskie.<br \/>\nUmiarkowana aktywno\u015b\u0107 fizyczna (p\u0142ywanie\/spacery)<br \/>\nDzieci poni\u017cej 6. roku \u017cycia podr\u00f3\u017cuj\u0105ce bezp\u0142atnie nie maj\u0105 oddzielnego miejsca w autobusie. Je\u015bli autobus jest pe\u0142ny, siedz\u0105 na kolanach osoby doros\u0142ej lub mo\u017cna zarezerwowa\u0107 osobne miejsce.<\/p>\n<h2 dir=\"ltr\"><span style=\"color: #000000;\"><strong>Co zabra\u0107 ze sob\u0105<\/strong><\/span><\/h2>\n<p dir=\"ltr\">Kapelusz i okulary przeciws\u0142oneczne<br \/>\nStr\u00f3j k\u0105pielowy i r\u0119cznik<br \/>\nFiltr przeciws\u0142oneczny<br \/>\nWodoodporny aparat fotograficzny lub telefon<br \/>\nTroch\u0119 got\u00f3wki na wydatki osobiste<\/p>\n<h3 dir=\"ltr\"><span style=\"color: #000000;\"><strong>Nieodpowiednie dla<\/strong><\/span><\/h3>\n<p dir=\"ltr\">Osoby o ograniczonej sprawno\u015bci ruchowej<br \/>\n\ud83d\udd39 Podr\u00f3\u017cni z powa\u017cnymi schorzeniami<\/p>\n<h2 dir=\"ltr\"><span style=\"color: #000000;\"><strong>Cena i rezerwacja<\/strong><\/span><\/h2>\n<p dir=\"ltr\"><strong>Zarezerwuj teraz, zap\u0142a\u0107 w dniu wycieczki<\/strong><br \/>\nSkontaktuj si\u0119 z nami przez WhatsApp, Telegram, Viber lub wype\u0142nij poni\u017cszy formularz rezerwacji. \ud83d\udc47\ud83c\udffc<\/p>\n<p>Szukasz alternatyw? Przegl\u0105daj <a href=\"https:\/\/excursionsworld.com\/pl\/kemer-wycieczki\/\">wi\u0119cej wycieczek po Kemer<\/a>.<\/p>","protected":false},"excerpt":{"rendered":"<p>Zarezerwuj to <b>codzienna wycieczka<\/b> z <b>Kemer<\/b>! Najlepsza \u0142\u00f3d\u017a Suluada <b>podr\u00f3\u017c<\/b> oferuje lunch BBQ all inclusive, krystalicznie czyste wody i tureckie Malediwy <b>wycieczka<\/b>!<\/p>","protected":false},"featured_media":12423,"comment_status":"open","ping_status":"closed","template":"","meta":[],"product_brand":[],"product_cat":[124],"product_tag":[105],"class_list":{"0":"post-15497","1":"product","2":"type-product","3":"status-publish","4":"has-post-thumbnail","6":"tour_phys-boat-tours","7":"tour_phys-kemer-tours","8":"product_cat-kemer-tours","9":"product_tag-kemer","10":"pa_destination-kemer-tours","11":"pa_kategori-boat-tours","13":"first","14":"instock","15":"sale","16":"featured","17":"shipping-taxable","18":"purchasable","19":"product-type-tour_phys"},"aioseo_notices":[],"_links":{"self":[{"href":"https:\/\/excursionsworld.com\/pl\/wp-json\/wp\/v2\/product\/15497","targetHints":{"allow":["GET"]}}],"collection":[{"href":"https:\/\/excursionsworld.com\/pl\/wp-json\/wp\/v2\/product"}],"about":[{"href":"https:\/\/excursionsworld.com\/pl\/wp-json\/wp\/v2\/types\/product"}],"replies":[{"embeddable":true,"href":"https:\/\/excursionsworld.com\/pl\/wp-json\/wp\/v2\/comments?post=15497"}],"wp:featuredmedia":[{"embeddable":true,"href":"https:\/\/excursionsworld.com\/pl\/wp-json\/wp\/v2\/media\/12423"}],"wp:attachment":[{"href":"https:\/\/excursionsworld.com\/pl\/wp-json\/wp\/v2\/media?parent=15497"}],"wp:term":[{"taxonomy":"product_brand","embeddable":true,"href":"https:\/\/excursionsworld.com\/pl\/wp-json\/wp\/v2\/product_brand?post=15497"},{"taxonomy":"product_cat","embeddable":true,"href":"https:\/\/excursionsworld.com\/pl\/wp-json\/wp\/v2\/product_cat?post=15497"},{"taxonomy":"product_tag","embeddable":true,"href":"https:\/\/excursionsworld.com\/pl\/wp-json\/wp\/v2\/product_tag?post=15497"}],"curies":[{"name":"wp","href":"https:\/\/api.w.org\/{rel}","templated":true}]}}