{"id":15498,"date":"2025-10-30T17:10:53","date_gmt":"2025-10-30T14:10:53","guid":{"rendered":"https:\/\/excursionsworld.com\/?post_type=product&#038;p=15498"},"modified":"2026-03-02T19:42:19","modified_gmt":"2026-03-02T16:42:19","slug":"rafting-jeep-baggi-zipline-alanya","status":"publish","type":"product","link":"https:\/\/excursionsworld.com\/tours\/rafting-jeep-baggi-zipline-alanya\/","title":{"rendered":"Wycieczka 4-w-1: Rafting, Jeep Safari, Buggy &amp; Zipline z Alanyi"},"content":{"rendered":"<h3 data-start=\"0\" data-end=\"16\"><span style=\"color: #000000;\"><strong data-start=\"0\" data-end=\"16\">\ud83c\udfde\ufe0f Przegl\u0105d<\/strong><\/span><\/h3>\n<p data-start=\"18\" data-end=\"395\">Do\u0142\u0105cz do <strong data-start=\"27\" data-end=\"93\">Alanya 4 w 1 Rafting, Jeep Safari, Buggy i Zipline Combo Tour<\/strong> i prze\u017cyj ca\u0142y dzie\u0144 adrenaliny, przyrody i niezapomnianych wspomnie\u0144 we wspania\u0142ym <strong data-start=\"189\" data-end=\"221\">Park Narodowy Kanionu K\u00f6pr\u00fcl\u00fc<\/strong>! Idealna dla poszukiwaczy mocnych wra\u017ce\u0144 i mi\u0142o\u015bnik\u00f3w przyg\u00f3d, ta wycieczka \u0142\u0105czy w sobie <strong data-start=\"291\" data-end=\"306\">Jeep Safari<\/strong>, <strong data-start=\"308\" data-end=\"319\">Rafting<\/strong>, <strong data-start=\"321\" data-end=\"340\">Jazda buggy\/Quadem<\/strong>, oraz <strong data-start=\"346\" data-end=\"357\">Zipline<\/strong> - wszystko w jednym epickim do\u015bwiadczeniu na \u015bwie\u017cym powietrzu.<\/p>\n<h3 data-start=\"402\" data-end=\"630\"><span style=\"color: #000000;\"><strong data-start=\"402\" data-end=\"415\">W zestawie:<\/strong><\/span><\/h3>\n<div data-start=\"402\" data-end=\"630\"><span style=\"color: #00ff00;\"><strong>\u2713<\/strong> <\/span>Odbi\u00f3r i dow\u00f3z do hotelu<br data-start=\"445\" data-end=\"448\" \/><span style=\"color: #00ff00;\"><strong>\u2713<\/strong> <\/span>Profesjonalny przewodnik<br data-start=\"468\" data-end=\"471\" \/><span style=\"color: #00ff00;\"><strong>\u2713<\/strong> <\/span>Jeep safari<br data-start=\"540\" data-end=\"543\" \/><span style=\"color: #00ff00;\"><strong>\u2713<\/strong> <\/span>Jazda buggy lub quadem<br data-start=\"563\" data-end=\"566\" \/><span style=\"color: #00ff00;\"><strong>\u2713<\/strong> <\/span>Do\u015bwiadczenie z tyrolk\u0105<br data-start=\"586\" data-end=\"589\" \/><span style=\"color: #00ff00;\"><strong>\u2713<\/strong> <\/span>Lunch nad rzek\u0105<br data-start=\"609\" data-end=\"612\" \/><span style=\"color: #00ff00;\"><strong>\u2713<\/strong> <\/span>Pe\u0142ne ubezpieczenie<\/div>\n<div data-start=\"402\" data-end=\"630\"><span style=\"color: #00ff00;\"><strong>\u2713<\/strong> <\/span>Rafting z wyposa\u017ceniem (kamizelka ratunkowa, kask, wios\u0142a)<\/div>\n<h3 data-start=\"632\" data-end=\"720\"><span style=\"color: #000000;\"><strong data-start=\"632\" data-end=\"649\">Nie zawiera:<\/strong><\/span><\/h3>\n<p data-start=\"632\" data-end=\"720\"><span style=\"color: #ff0000;\"><strong>\u2717<\/strong> <\/span>Napoje<br data-start=\"660\" data-end=\"663\" \/><span style=\"color: #ff0000;\"><strong>\u2717<\/strong> <\/span>Zdj\u0119cia i filmy<\/p>\n<h3 data-start=\"727\" data-end=\"749\"><span style=\"color: #000000;\"><strong>Najwa\u017cniejsze atrakcje wycieczki<\/strong><\/span><\/h3>\n<p data-start=\"751\" data-end=\"1181\">Przygoda 4 w 1: <strong data-start=\"772\" data-end=\"826\">Rafting, Jeep Safari, Buggy\/Quad Ride i Zipline<\/strong><br data-start=\"826\" data-end=\"829\" \/>Eksploruj staro\u017cytno\u015b\u0107 <strong data-start=\"848\" data-end=\"865\">Rzymskie mosty<\/strong> i nier\u00f3wne g\u00f3rskie drogi<br data-start=\"891\" data-end=\"894\" \/>\ud83d\udd39 <strong data-start=\"897\" data-end=\"940\">Rafting przez bystrza kanionu K\u00f6pr\u00fcl\u00fc<\/strong> - zabawny i orze\u017awiaj\u0105cy<br data-start=\"961\" data-end=\"964\" \/>\ud83d\udd39 <strong data-start=\"967\" data-end=\"994\">Zipline nad kanionem<\/strong> - Zapieraj\u0105ce dech w piersiach widoki z lotu ptaka<br data-start=\"1022\" data-end=\"1025\" \/>\ud83d\udd39 <strong data-start=\"1028\" data-end=\"1050\">Jazda buggy lub quadem<\/strong> przez sosnowe lasy i malownicze szlaki<br data-start=\"1089\" data-end=\"1092\" \/>Pyszne <strong data-start=\"1105\" data-end=\"1133\">lunch z grilla nad rzek\u0105<\/strong><br data-start=\"1133\" data-end=\"1136\" \/>Bezpieczny, prowadzony i odpowiedni dla pocz\u0105tkuj\u0105cych.<\/p>\n<h3><span style=\"color: #000000;\"><strong data-start=\"1188\" data-end=\"1211\">Pe\u0142ny opis<\/strong><\/span><\/h3>\n<div data-start=\"1213\" data-end=\"1409\">Przygotuj si\u0119 na ca\u0142y dzie\u0144 zabawy i przygody na \u015bwie\u017cym powietrzu! Twoja podr\u00f3\u017c rozpoczyna si\u0119 od wygodnego odbioru z hotelu w <strong data-start=\"1333\" data-end=\"1343\">Alanya<\/strong> i malownicza 70-kilometrowa przeja\u017cd\u017cka do <strong data-start=\"1376\" data-end=\"1408\">Park Narodowy Kanionu K\u00f6pr\u00fcl\u00fc<\/strong>.<\/div>\n<div data-start=\"1411\" data-end=\"1584\"><strong data-start=\"1414\" data-end=\"1430\">Jeep Safari: <\/strong>Rozpocznij swoj\u0105 przygod\u0119 na pok\u0142adzie jeep\u00f3w z otwartym dachem, odkrywaj\u0105c staro\u017cytne <strong data-start=\"1495\" data-end=\"1512\">Rzymskie mosty<\/strong> i g\u00f3rskie krajobrazy, jednocze\u015bnie poznaj\u0105c histori\u0119 regionu.<\/div>\n<div data-start=\"1586\" data-end=\"1771\"><strong data-start=\"1589\" data-end=\"1611\">Jazda buggy\/quadem: <\/strong>Nast\u0119pnie prze\u0142\u0105cz si\u0119 na <strong data-start=\"1632\" data-end=\"1655\">Buggy lub Quad (ATV)<\/strong> na 50-minutow\u0105 przeja\u017cd\u017ck\u0119 terenow\u0105 przez le\u015bne szlaki i brzegi rzeki - ekscytuj\u0105cy spos\u00f3b na podziwianie pi\u0119kna natury.<\/div>\n<div data-start=\"1773\" data-end=\"2034\"><strong data-start=\"1776\" data-end=\"1798\">Rafting Adventure: <\/strong>Po przeja\u017cd\u017cce terenowej przygotuj si\u0119 i do\u0142\u0105cz do swojego zespo\u0142u na niezapomnian\u0105 przygod\u0119. <strong data-start=\"1874\" data-end=\"1896\">do\u015bwiadczenie raftingu<\/strong> wzd\u0142u\u017c rzeki K\u00f6pr\u00fc\u00e7ay. Poczuj emocje podczas \u017ceglugi po rzece K\u00f6pr\u00fc\u00e7ay. <strong data-start=\"1963\" data-end=\"1986\">12 km trasa raftingowa<\/strong>, z mn\u00f3stwem plusk\u00f3w i zabawy po drodze.<\/div>\n<div data-start=\"2036\" data-end=\"2231\"><strong data-start=\"2039\" data-end=\"2058\">Zipline Thrill: <\/strong>W po\u0142owie sp\u0142ywu zatrzymaj si\u0119, aby poczu\u0107 adrenalin\u0119 - na <strong data-start=\"2129\" data-end=\"2150\">350-metrowa tyrolka<\/strong> przejazd przez kanion! Panoramiczny widok z g\u00f3ry jest absolutnie spektakularny.<\/div>\n<div data-start=\"2233\" data-end=\"2375\">Gdy dzie\u0144 pe\u0142en przyg\u00f3d dobiegnie ko\u0144ca, zrelaksuj si\u0119 i ciesz si\u0119 <strong data-start=\"2299\" data-end=\"2330\">lunch z grilla nad rzek\u0105<\/strong> przed powrotem do hotelu w Alanyi.<\/div>\n<h3 data-start=\"2382\" data-end=\"2404\"><span style=\"color: #000000;\"><strong data-start=\"2382\" data-end=\"2404\">\ud83d\uddfa\ufe0f Plan podr\u00f3\u017cy<\/strong><\/span><\/h3>\n<p data-start=\"2406\" data-end=\"2780\">Odbi\u00f3r z hoteli w Alanyi i okolicach<br data-start=\"2459\" data-end=\"2462\" \/>Transfer do centrum raftingowego w kanionie K\u00f6pr\u00fcl\u00fc<br data-start=\"2506\" data-end=\"2509\" \/>Jeep Safari - zwiedzanie rzymskich most\u00f3w i g\u00f3rskich dr\u00f3g<br data-start=\"2566\" data-end=\"2569\" \/>Jazda buggy lub quadem - 50-minutowa przygoda w terenie<br data-start=\"2621\" data-end=\"2624\" \/>Rafting - 12-kilometrowa trasa z bystrzami i zabawnymi przystankami<br data-start=\"2674\" data-end=\"2677\" \/>Zipline - 350 metr\u00f3w w poprzek kanionu<br data-start=\"2718\" data-end=\"2721\" \/>Lunch z grilla nad rzek\u0105<br data-start=\"2748\" data-end=\"2751\" \/>Transfer powrotny do hotelu<\/p>\n<h3 data-start=\"2787\" data-end=\"2812\"><span style=\"color: #000000;\"><strong data-start=\"2787\" data-end=\"2812\">\u2139\ufe0f Przydatne informacje<\/strong><\/span><\/h3>\n<p data-start=\"2814\" data-end=\"3247\">Czas trwania: oko\u0142o <strong data-start=\"2841\" data-end=\"2854\">8-9 godzin<\/strong><br data-start=\"2854\" data-end=\"2857\" \/>Nie jest wymagane wcze\u015bniejsze do\u015bwiadczenie w raftingu<br data-start=\"2899\" data-end=\"2902\" \/>Ca\u0142y sprz\u0119t bezpiecze\u0144stwa (kamizelki ratunkowe, kaski) jest zapewniony.<br data-start=\"2956\" data-end=\"2959\" \/>Dost\u0119pni przewodnicy w j\u0119zyku angielskim, rosyjskim i niemieckim.<br data-start=\"3016\" data-end=\"3019\" \/>Buty do wody i wodoodporne etui na telefony dost\u0119pne w sprzeda\u017cy<br data-start=\"3083\" data-end=\"3086\" \/>Dzieci poni\u017cej 6. roku \u017cycia podr\u00f3\u017cuj\u0105ce bezp\u0142atnie nie maj\u0105 oddzielnego miejsca w autobusie. Je\u015bli autobus jest pe\u0142ny, siedz\u0105 na kolanach osoby doros\u0142ej lub mo\u017cna zarezerwowa\u0107 osobne miejsce.<\/p>\n<h3 data-start=\"3254\" data-end=\"3274\"><strong data-start=\"3254\" data-end=\"3274\">Co zabra\u0107 ze sob\u0105<\/strong><\/h3>\n<p data-start=\"3276\" data-end=\"3438\">Str\u00f3j k\u0105pielowy i r\u0119cznik<br data-start=\"3297\" data-end=\"3300\" \/>Zapasowe ubrania i buty<br data-start=\"3326\" data-end=\"3329\" \/>Ochrona przeciws\u0142oneczna i okulary przeciws\u0142oneczne<br data-start=\"3356\" data-end=\"3359\" \/>Wodoodporne etui na aparat lub telefon<br data-start=\"3393\" data-end=\"3396\" \/>Got\u00f3wka na napoje, zdj\u0119cia lub pami\u0105tki<\/p>\n<h3 data-start=\"3445\" data-end=\"3468\"><strong data-start=\"3445\" data-end=\"3468\">Nieodpowiednie dla<\/strong><\/h3>\n<p data-start=\"3470\" data-end=\"3588\">Kobiety w ci\u0105\u017cy<br data-start=\"3487\" data-end=\"3490\" \/>Osoby z chorobami serca<br data-start=\"3521\" data-end=\"3524\" \/>Podr\u00f3\u017cni o ograniczonej sprawno\u015bci ruchowej<br data-start=\"3558\" data-end=\"3561\" \/>Dzieci poni\u017cej 4 lat<\/p>\n<h4 data-start=\"2831\" data-end=\"2858\">Cena i rezerwacja<\/h4>\n<p data-start=\"2859\" data-end=\"2995\"><strong>Zarezerwuj teraz, zap\u0142a\u0107 w dniu wycieczki<\/strong><br data-start=\"2898\" data-end=\"2901\" \/>Skontaktuj si\u0119 z nami za po\u015brednictwem <strong data-start=\"2919\" data-end=\"2931\">WhatsApp<\/strong>, <strong data-start=\"2933\" data-end=\"2945\">Telegram<\/strong>, <strong data-start=\"2947\" data-end=\"2956\">Viber<\/strong>, lub wype\u0142ni\u0107 poni\u017cszy formularz rezerwacji. \ud83d\udc47\ud83c\udffc<\/p>","protected":false},"excerpt":{"rendered":"<article class=\"text-token-text-primary w-full focus:outline-none [--shadow-height:45px] has-data-writing-block:pointer-events-none has-data-writing-block:-mt-(--shadow-height) has-data-writing-block:pt-(--shadow-height) [&amp;:has([data-writing-block])&gt;*]:pointer-events-auto [content-visibility:auto] supports-[content-visibility:auto]:[contain-intrinsic-size:auto_100lvh] scroll-mt-[calc(var(--header-height)+min(200px,max(70px,20svh)))]\" dir=\"auto\" tabindex=\"-1\" data-turn-id=\"request-68fc9928-d314-8331-9d99-fe0fab624f17-13\" data-testid=\"conversation-turn-96\" data-scroll-anchor=\"true\" data-turn=\"assistant\">\n<div class=\"text-base my-auto mx-auto pb-10 [--thread-content-margin:--spacing(4)] thread-sm:[--thread-content-margin:--spacing(6)] thread-lg:[--thread-content-margin:--spacing(16)] px-(--thread-content-margin)\">\n<div class=\"[--thread-content-max-width:40rem] thread-lg:[--thread-content-max-width:48rem] mx-auto max-w-(--thread-content-max-width) flex-1 group\/turn-messages focus-visible:outline-hidden relative flex w-full min-w-0 flex-col agent-turn\" tabindex=\"-1\">\n<div class=\"flex max-w-full flex-col grow\">\n<div class=\"min-h-8 text-message relative flex w-full flex-col items-end gap-2 text-start break-words whitespace-normal [.text-message+&amp;]:mt-1\" dir=\"auto\" data-message-author-role=\"assistant\" data-message-id=\"7474beb7-4d8c-4a75-963b-0c7ab3c45139\" data-message-model-slug=\"gpt-5\">\n<div class=\"flex w-full flex-col gap-1 empty:hidden first:pt-[1px]\">\n<div class=\"markdown prose dark:prose-invert w-full break-words light markdown-new-styling\">\n<p data-start=\"0\" data-end=\"195\" data-is-last-node=\"\" data-is-only-node=\"\">Experience the ultimate 4-in-1 adventure in Alanya! Join our rafting, buggy, jeep safari &amp; zipline trip in K\u00f6pr\u00fcl\u00fc Canyon \u2014 a full-day outdoor excursion!<\/p>\n<\/div>\n<\/div>\n<\/div>\n<\/div>\n<div class=\"z-0 flex min-h-[46px] justify-start\"><\/div>\n<div class=\"mt-3 w-full empty:hidden\">\n<div class=\"text-center\"><\/div>\n<\/div>\n<\/div>\n<\/div>\n<\/article>\n<div class=\"pointer-events-none h-px w-px\" aria-hidden=\"true\" data-edge=\"true\"><\/div>\n","protected":false},"featured_media":15513,"comment_status":"open","ping_status":"closed","template":"","meta":[],"product_brand":[],"product_cat":[128],"product_tag":[111],"class_list":{"0":"post-15498","1":"product","2":"type-product","3":"status-publish","4":"has-post-thumbnail","6":"tour_phys-alanya-tours","7":"product_cat-alanya-tours","8":"product_tag-alanya","9":"pa_destination-alanya-tours","11":"first","12":"instock","13":"sale","14":"shipping-taxable","15":"purchasable","16":"product-type-tour_phys"},"aioseo_notices":[],"_links":{"self":[{"href":"https:\/\/excursionsworld.com\/pl\/wp-json\/wp\/v2\/product\/15498","targetHints":{"allow":["GET"]}}],"collection":[{"href":"https:\/\/excursionsworld.com\/pl\/wp-json\/wp\/v2\/product"}],"about":[{"href":"https:\/\/excursionsworld.com\/pl\/wp-json\/wp\/v2\/types\/product"}],"replies":[{"embeddable":true,"href":"https:\/\/excursionsworld.com\/pl\/wp-json\/wp\/v2\/comments?post=15498"}],"wp:featuredmedia":[{"embeddable":true,"href":"https:\/\/excursionsworld.com\/pl\/wp-json\/wp\/v2\/media\/15513"}],"wp:attachment":[{"href":"https:\/\/excursionsworld.com\/pl\/wp-json\/wp\/v2\/media?parent=15498"}],"wp:term":[{"taxonomy":"product_brand","embeddable":true,"href":"https:\/\/excursionsworld.com\/pl\/wp-json\/wp\/v2\/product_brand?post=15498"},{"taxonomy":"product_cat","embeddable":true,"href":"https:\/\/excursionsworld.com\/pl\/wp-json\/wp\/v2\/product_cat?post=15498"},{"taxonomy":"product_tag","embeddable":true,"href":"https:\/\/excursionsworld.com\/pl\/wp-json\/wp\/v2\/product_tag?post=15498"}],"curies":[{"name":"wp","href":"https:\/\/api.w.org\/{rel}","templated":true}]}}