{"id":15500,"date":"2025-10-30T18:35:45","date_gmt":"2025-10-30T15:35:45","guid":{"rendered":"https:\/\/excursionsworld.com\/?post_type=product&#038;p=15500"},"modified":"2026-04-24T00:21:05","modified_gmt":"2026-04-23T21:21:05","slug":"rafting-jeep-buggy-zipline-side","status":"publish","type":"product","link":"https:\/\/excursionsworld.com\/tours\/rafting-jeep-buggy-zipline-side\/","title":{"rendered":"Rafting, Safari Jeep, Buggy i Zipline z Side \u2013 Wycieczka 4-w-1"},"content":{"rendered":"<h2><span style=\"color: #000000;\"><strong>\ud83c\udfde\ufe0f Przegl\u0105d<\/strong><\/span><\/h2>\n<p>Do\u0142\u0105cz do <strong><a href=\"https:\/\/en.wikipedia.org\/wiki\/Side,_Turkey\" target=\"_blank\" rel=\"noopener\">Side<\/a> Po\u0142\u0105czenie raftingu, safari jeepem, buggy i zjazdu na linie 4-w-1<\/strong> i prze\u017cyj ca\u0142y dzie\u0144 adrenaliny, przyrody i zabawy w osza\u0142amiaj\u0105cym <strong>Park Narodowy Kanionu K\u00f6pr\u00fcl\u00fc<\/strong>! Ta ekscytuj\u0105ca przygoda jest idealna dla poszukiwaczy mocnych wra\u017ce\u0144 i mi\u0142o\u015bnik\u00f3w przyrody, \u0142\u0105cz\u0105c w sobie <strong>Jeep Safari, Rafting, Buggy\/Quad Ride i Zipline<\/strong> - wszystko w jednym niezapomnianym do\u015bwiadczeniu na \u015bwie\u017cym powietrzu.<\/p>\n<h3><span style=\"color: #000000;\"><strong>W zestawie:<\/strong><\/span><\/h3>\n<p><span style=\"color: #00ff00;\"><strong>\u2713<\/strong> <\/span>Odbi\u00f3r i dow\u00f3z do hotelu<br \/><span style=\"color: #00ff00;\"><strong>\u2713<\/strong> <\/span>Profesjonalny przewodnik<br \/><span style=\"color: #00ff00;\"><strong>\u2713<\/strong> <\/span>Jeep safari<br \/><span style=\"color: #00ff00;\"><strong>\u2713<\/strong> <\/span>Rafting z wyposa\u017ceniem (kamizelka ratunkowa, kask, wios\u0142a)<br \/><span style=\"color: #00ff00;\"><strong>\u2713<\/strong> <\/span>Jazda buggy lub quadem<br \/><span style=\"color: #00ff00;\"><strong>\u2713<\/strong> <\/span>Do\u015bwiadczenie z tyrolk\u0105<br \/><span style=\"color: #00ff00;\"><strong>\u2713<\/strong> <\/span>Lunch nad rzek\u0105<br \/><span style=\"color: #00ff00;\"><strong>\u2713<\/strong> <\/span>Pe\u0142ne ubezpieczenie<\/p>\n<h3><span style=\"color: #000000;\"><strong>Nie zawiera:<\/strong><\/span><\/h3>\n<p><span style=\"color: #ff0000;\"><strong>\u2717<\/strong><\/span> Napoje<br \/><span style=\"color: #ff0000;\"><strong>\u2717 <\/strong><\/span>Zdj\u0119cia i filmy<\/p>\n<h2><span style=\"color: #000000;\"><strong>Najwa\u017cniejsze atrakcje wycieczki<\/strong><\/span><\/h2>\n<p>Przygoda 4 w 1: Rafting, Jeep Safari, Buggy\/Quad Ride i Zipline<br \/>Odkryj staro\u017cytne rzymskie mosty i nier\u00f3wne g\u00f3rskie drogi.<br \/>Rafting przez bystrza kanionu K\u00f6pr\u00fcl\u00fc - ekscytuj\u0105cy i orze\u017awiaj\u0105cy<br \/>Zipline nad kanionem - zapieraj\u0105ce dech w piersiach widoki z lotu ptaka<br \/>Przeja\u017cd\u017cka buggy lub quadem przez sosnowe lasy i malownicze szlaki<br \/>Pyszny lunch z grilla nad rzek\u0105<br \/>Bezpieczny, prowadzony i odpowiedni dla pocz\u0105tkuj\u0105cych.<\/p>\n<h2><span style=\"color: #000000;\"><strong>Pe\u0142ny opis<\/strong><\/span><\/h2>\n<div>Przygotuj si\u0119 na dzie\u0144 pe\u0142en przyg\u00f3d i zabawy! Twoja podr\u00f3\u017c rozpocznie si\u0119 od wygodnego odbioru z hotelu w <strong>Side<\/strong> i malownicza 60-kilometrowa przeja\u017cd\u017cka do <strong>Park Narodowy Kanionu K\u00f6pr\u00fcl\u00fc<\/strong>.<\/div>\n<div><strong>Jeep Safari:<\/strong> Rozpocznij swoj\u0105 przygod\u0119 na pok\u0142adzie jeep\u00f3w z otwartym dachem, odkrywaj\u0105c staro\u017cytne rzymskie mosty i osza\u0142amiaj\u0105ce g\u00f3rskie krajobrazy. Tw\u00f3j przewodnik podzieli si\u0119 ciekawostkami na temat historii i naturalnego pi\u0119kna tego obszaru.<\/div>\n<div><strong>Jazda buggy\/quadem:<\/strong> Kontynuuj emocje podczas 50-minutowej jazdy terenowej przez zakurzone le\u015bne \u015bcie\u017cki i brzegi rzek. Do\u015bwiadczenie nie jest wymagane - po prostu pod\u0105\u017caj za przewodnikiem i ciesz si\u0119 dreszczykiem emocji!<\/div>\n<div><strong>Rafting Adventure:<\/strong> Po przeja\u017cd\u017cce terenowej, we\u017a sw\u00f3j sprz\u0119t ochronny i do\u0142\u0105cz do swojego zespo\u0142u na niezapomnian\u0105 podr\u00f3\u017c raftingow\u0105 w d\u00f3\u0142 <strong>Rzeka K\u00f6pr\u00fc\u00e7ay<\/strong>. Przep\u0142y\u0144 12-kilometrow\u0105 tras\u0119 pe\u0142n\u0105 bystrzy, plusk\u00f3w i \u015bmiechu.<\/div>\n<div><strong>Zipline Thrill:<\/strong> W po\u0142owie raftingu zr\u00f3b sobie przerw\u0119 na najwy\u017cszy poziom adrenaliny - 350-metrow\u0105 tyrolk\u0119 przecinaj\u0105c\u0105 kanion! Ciesz si\u0119 niesamowitym panoramicznym widokiem przed powrotem na tratw\u0119.<\/div>\n<div>Na koniec ekscytuj\u0105cego dnia mo\u017cna zje\u015b\u0107 pyszny lunch z grilla nad rzek\u0105, a nast\u0119pnie wygodnie wr\u00f3ci\u0107 do hotelu w Side.<\/div>\n<h3><span style=\"color: #000000;\"><strong>\ud83d\uddfa\ufe0f Plan podr\u00f3\u017cy<\/strong><\/span><\/h3>\n<p>Odbi\u00f3r z hoteli w Side i okolicach<br \/>Transfer do centrum raftingowego w kanionie K\u00f6pr\u00fcl\u00fc<br \/>Jeep Safari - zwiedzanie rzymskich most\u00f3w i g\u00f3rskich dr\u00f3g<br \/>Jazda buggy lub quadem - 50-minutowa przygoda w terenie<br \/>Rafting - 12-kilometrowa trasa z bystrzami i zabawnymi przystankami<br \/>Zipline - 350 metr\u00f3w w poprzek kanionu<br \/>Lunch z grilla nad rzek\u0105<br \/>Transfer powrotny do hotelu<\/p>\n<h3><span style=\"color: #000000;\"><strong>\u2139\ufe0f Przydatne informacje<\/strong><\/span><\/h3>\n<p>Czas trwania: oko\u0142o 8-9 godzin<br \/>Nie jest wymagane wcze\u015bniejsze do\u015bwiadczenie w raftingu<br \/>Ca\u0142y sprz\u0119t bezpiecze\u0144stwa (kamizelki ratunkowe, kaski) jest zapewniony.<br \/>Dost\u0119pni przewodnicy w j\u0119zyku angielskim, rosyjskim i niemieckim.<br \/>Buty do wody i wodoodporne etui na telefony dost\u0119pne w sprzeda\u017cy<br \/>Dzieci poni\u017cej 6. roku \u017cycia podr\u00f3\u017cuj\u0105ce bezp\u0142atnie nie maj\u0105 oddzielnego miejsca w autobusie. Je\u015bli autobus jest pe\u0142ny, siedz\u0105 na kolanach osoby doros\u0142ej lub mo\u017cna zarezerwowa\u0107 osobne miejsce.<\/p>\n<h2><span style=\"color: #000000;\"><strong>Co zabra\u0107 ze sob\u0105<\/strong><\/span><\/h2>\n<p>Str\u00f3j k\u0105pielowy i r\u0119cznik<br \/>Zapasowe ubrania i buty<br \/>Ochrona przeciws\u0142oneczna i okulary przeciws\u0142oneczne<br \/>Wodoodporne etui na aparat lub telefon<br \/>Got\u00f3wka na napoje, zdj\u0119cia lub pami\u0105tki<\/p>\n<h3><span style=\"color: #000000;\"><strong>Nieodpowiednie dla<\/strong><\/span><\/h3>\n<p>Kobiety w ci\u0105\u017cy<br \/>Osoby z chorobami serca<br \/>Podr\u00f3\u017cni o ograniczonej sprawno\u015bci ruchowej<br \/>Dzieci poni\u017cej 4 lat<\/p>\n<h2><span style=\"color: #000000;\"><strong>Cena i rezerwacja<\/strong><\/span><\/h2>\n<p><strong>Zarezerwuj teraz, zap\u0142a\u0107 w dniu wycieczki<\/strong><br \/>Skontaktuj si\u0119 z nami przez WhatsApp, Telegram, Viber lub wype\u0142nij poni\u017cszy formularz rezerwacji \ud83d\udc47\ud83c\udffc<\/p>\n<p>Szukasz alternatyw? Przegl\u0105daj <a href=\"https:\/\/excursionsworld.com\/pl\/side-wycieczki\/\">Wi\u0119cej wycieczek fakultatywnych<\/a>.<\/p>","protected":false},"excerpt":{"rendered":"<p>Prze\u017cyj niezapomnian\u0105 przygod\u0119 dzi\u0119ki naszej wycieczce 4 w 1 Side Rafting, Jeep Safari, Buggy &amp; Zipline - najlepsza wycieczka \u0142\u0105czona dla poszukiwaczy mocnych wra\u017ce\u0144!<\/p>","protected":false},"featured_media":15513,"comment_status":"open","ping_status":"closed","template":"","meta":[],"product_brand":[],"product_cat":[127],"product_tag":[122],"class_list":{"0":"post-15500","1":"product","2":"type-product","3":"status-publish","4":"has-post-thumbnail","6":"tour_phys-side-tours","7":"product_cat-side-tours","8":"product_tag-side","9":"pa_destination-side-tours","11":"first","12":"instock","13":"sale","14":"shipping-taxable","15":"purchasable","16":"product-type-tour_phys"},"aioseo_notices":[],"_links":{"self":[{"href":"https:\/\/excursionsworld.com\/pl\/wp-json\/wp\/v2\/product\/15500","targetHints":{"allow":["GET"]}}],"collection":[{"href":"https:\/\/excursionsworld.com\/pl\/wp-json\/wp\/v2\/product"}],"about":[{"href":"https:\/\/excursionsworld.com\/pl\/wp-json\/wp\/v2\/types\/product"}],"replies":[{"embeddable":true,"href":"https:\/\/excursionsworld.com\/pl\/wp-json\/wp\/v2\/comments?post=15500"}],"wp:featuredmedia":[{"embeddable":true,"href":"https:\/\/excursionsworld.com\/pl\/wp-json\/wp\/v2\/media\/15513"}],"wp:attachment":[{"href":"https:\/\/excursionsworld.com\/pl\/wp-json\/wp\/v2\/media?parent=15500"}],"wp:term":[{"taxonomy":"product_brand","embeddable":true,"href":"https:\/\/excursionsworld.com\/pl\/wp-json\/wp\/v2\/product_brand?post=15500"},{"taxonomy":"product_cat","embeddable":true,"href":"https:\/\/excursionsworld.com\/pl\/wp-json\/wp\/v2\/product_cat?post=15500"},{"taxonomy":"product_tag","embeddable":true,"href":"https:\/\/excursionsworld.com\/pl\/wp-json\/wp\/v2\/product_tag?post=15500"}],"curies":[{"name":"wp","href":"https:\/\/api.w.org\/{rel}","templated":true}]}}