{"id":15502,"date":"2025-10-30T19:00:11","date_gmt":"2025-10-30T16:00:11","guid":{"rendered":"https:\/\/excursionsworld.com\/?post_type=product&#038;p=15502"},"modified":"2026-03-02T19:40:35","modified_gmt":"2026-03-02T16:40:35","slug":"rafting-kanion-tazi-buggy-belek","status":"publish","type":"product","link":"https:\/\/excursionsworld.com\/tours\/rafting-tazi-canyon-buggy-belek\/","title":{"rendered":"Rafting, Jeep Safari, Buggy i Zipline Tour z Belek - 4+1"},"content":{"rendered":"<h3 data-start=\"518\" data-end=\"537\">\ud83c\udfde\ufe0f Przegl\u0105d<\/h3>\n<p data-start=\"538\" data-end=\"870\">Do\u0142\u0105cz do <strong data-start=\"547\" data-end=\"612\">Rafting, Jeep Safari, Buggy i Zipline Tour w Belek 4 w 1<\/strong> i ciesz si\u0119 ca\u0142odniow\u0105 adrenalin\u0105, przyrod\u0105 i zabaw\u0105 we wspania\u0142ym <strong data-start=\"684\" data-end=\"716\">Park Narodowy Kanionu K\u00f6pr\u00fcl\u00fc<\/strong>! Idealna dla mi\u0142o\u015bnik\u00f3w przyg\u00f3d, ta wycieczka \u0142\u0105czy <strong data-start=\"767\" data-end=\"821\">Jeep Safari, Rafting, Buggy\/Quad Ride i Zipline<\/strong> - wszystko w jednym niezapomnianym do\u015bwiadczeniu na \u015bwie\u017cym powietrzu.<\/p>\n<h3 data-start=\"872\" data-end=\"887\">W zestawie:<\/h3>\n<p data-start=\"888\" data-end=\"1100\"><span style=\"color: #00ff00;\"><strong>\u2713<\/strong> <\/span>Odbi\u00f3r i dow\u00f3z do hotelu<br data-start=\"915\" data-end=\"918\" \/><span style=\"color: #00ff00;\"><strong>\u2713<\/strong> <\/span>Profesjonalny przewodnik<br data-start=\"938\" data-end=\"941\" \/><span style=\"color: #00ff00;\"><strong>\u2713<\/strong> <\/span>Jeep safari<br data-start=\"954\" data-end=\"957\" \/><span style=\"color: #00ff00;\"><strong>\u2713<\/strong> <\/span>Rafting z wyposa\u017ceniem (kamizelka ratunkowa, kask, wios\u0142a)<br data-start=\"1010\" data-end=\"1013\" \/><span style=\"color: #00ff00;\"><strong>\u2713<\/strong> <\/span>Jazda buggy lub quadem<br data-start=\"1033\" data-end=\"1036\" \/><span style=\"color: #00ff00;\"><strong>\u2713<\/strong> <\/span>Do\u015bwiadczenie z tyrolk\u0105<br data-start=\"1056\" data-end=\"1059\" \/><span style=\"color: #00ff00;\"><strong>\u2713<\/strong> <\/span>Lunch nad rzek\u0105<br data-start=\"1079\" data-end=\"1082\" \/><span style=\"color: #00ff00;\"><strong>\u2713<\/strong> <\/span>Pe\u0142ne ubezpieczenie<\/p>\n<h3 data-start=\"1102\" data-end=\"1121\">Nie zawiera:<\/h3>\n<p data-start=\"1122\" data-end=\"1154\"><span style=\"color: #ff0000;\"><strong>\u2717<\/strong> <\/span>Napoje<br data-start=\"1130\" data-end=\"1133\" \/><span style=\"color: #ff0000;\"><strong>\u2717<\/strong> <\/span>Zdj\u0119cia i filmy<\/p>\n<h3 data-start=\"1156\" data-end=\"1181\">Najwa\u017cniejsze atrakcje wycieczki<\/h3>\n<p data-start=\"1182\" data-end=\"1594\">Przygoda 4 w 1: Rafting, Jeep Safari, Buggy\/Quad Ride i Zipline<br data-start=\"1253\" data-end=\"1256\" \/>Odkryj staro\u017cytne rzymskie mosty i nier\u00f3wne g\u00f3rskie drogi.<br data-start=\"1314\" data-end=\"1317\" \/>Rafting przez bystrza kanionu K\u00f6pr\u00fcl\u00fc - ekscytuj\u0105cy i orze\u017awiaj\u0105cy<br data-start=\"1386\" data-end=\"1389\" \/>Zipline nad kanionem - zapieraj\u0105ce dech w piersiach widoki z lotu ptaka<br data-start=\"1443\" data-end=\"1446\" \/>Przeja\u017cd\u017cka buggy lub quadem przez sosnowe lasy i malownicze szlaki<br data-start=\"1506\" data-end=\"1509\" \/>Pyszny lunch z grilla nad rzek\u0105<br data-start=\"1546\" data-end=\"1549\" \/>Bezpieczny, prowadzony i odpowiedni dla pocz\u0105tkuj\u0105cych.<\/p>\n<h3 data-start=\"1596\" data-end=\"1622\">Pe\u0142ny opis<\/h3>\n<div data-start=\"1623\" data-end=\"1777\">Przygotuj si\u0119 na dzie\u0144 pe\u0142en przyg\u00f3d! Odbi\u00f3r z hotelu w <strong data-start=\"1698\" data-end=\"1707\">Belek<\/strong> i cieszy\u0107 si\u0119 malownicz\u0105 60-kilometrow\u0105 przeja\u017cd\u017ck\u0105 do <strong data-start=\"1742\" data-end=\"1774\">Park Narodowy Kanionu K\u00f6pr\u00fcl\u00fc<\/strong>. <strong data-start=\"1779\" data-end=\"1795\">Jeep Safari:<\/strong> Odkryj staro\u017cytne rzymskie mosty i g\u00f3rskie krajobrazy na pok\u0142adzie jeep\u00f3w z otwartym dachem. Tw\u00f3j przewodnik podzieli si\u0119 interesuj\u0105cymi faktami na temat historii tego obszaru. <strong data-start=\"1942\" data-end=\"1964\">Jazda buggy\/quadem:<\/strong> Kontynuuj 50-minutow\u0105 jazd\u0119 terenow\u0105 przez le\u015bne szlaki i brzegi rzeki. Do\u015bwiadczenie nie jest wymagane - wystarczy pod\u0105\u017ca\u0107 za przewodnikiem! <strong data-start=\"2093\" data-end=\"2115\">Rafting Adventure:<\/strong> Przygotuj si\u0119 i do\u0142\u0105cz do swojego zespo\u0142u na niezapomnian\u0105 podr\u00f3\u017c raftingow\u0105 wzd\u0142u\u017c <strong data-start=\"2190\" data-end=\"2208\">Rzeka K\u00f6pr\u00fc\u00e7ay<\/strong>. Przep\u0142y\u0144 12-kilometrow\u0105 tras\u0119 wype\u0142nion\u0105 bystrzami i zabaw\u0105. <strong data-start=\"2272\" data-end=\"2291\">Zipline Thrill:<\/strong> W po\u0142owie raftingu mo\u017cna skorzysta\u0107 z 350-metrowej tyrolki przez kanion z zapieraj\u0105cymi dech w piersiach widokami. Pod koniec dnia mo\u017cna zje\u015b\u0107 lunch z grilla nad rzek\u0105, a nast\u0119pnie wr\u00f3ci\u0107 do hotelu w Belek.<\/div>\n<h3 data-start=\"2489\" data-end=\"2514\">\ud83d\uddfa\ufe0f Plan podr\u00f3\u017cy<\/h3>\n<p data-start=\"2515\" data-end=\"2888\">Odbi\u00f3r z hoteli w Belek i okolicach<br data-start=\"2567\" data-end=\"2570\" \/>Transfer do centrum raftingowego w kanionie K\u00f6pr\u00fcl\u00fc<br data-start=\"2614\" data-end=\"2617\" \/>Jeep Safari - zwiedzanie rzymskich most\u00f3w i g\u00f3rskich dr\u00f3g<br data-start=\"2674\" data-end=\"2677\" \/>Jazda buggy lub quadem - 50-minutowa przygoda w terenie<br data-start=\"2729\" data-end=\"2732\" \/>Rafting - 12-kilometrowa trasa z bystrzami i zabawnymi przystankami<br data-start=\"2782\" data-end=\"2785\" \/>Zipline - 350 metr\u00f3w w poprzek kanionu<br data-start=\"2826\" data-end=\"2829\" \/>Lunch z grilla nad rzek\u0105<br data-start=\"2856\" data-end=\"2859\" \/>Transfer powrotny do hotelu<\/p>\n<h3 data-start=\"2890\" data-end=\"2918\">\u2139\ufe0f Przydatne informacje<\/h3>\n<p data-start=\"2919\" data-end=\"3348\">Czas trwania: oko\u0142o 8-9 godzin<br data-start=\"2955\" data-end=\"2958\" \/>Nie jest wymagane wcze\u015bniejsze do\u015bwiadczenie w raftingu<br data-start=\"3000\" data-end=\"3003\" \/>Ca\u0142y sprz\u0119t bezpiecze\u0144stwa (kamizelki ratunkowe, kaski) jest zapewniony.<br data-start=\"3057\" data-end=\"3060\" \/>Dost\u0119pni przewodnicy w j\u0119zyku angielskim, rosyjskim i niemieckim.<br data-start=\"3117\" data-end=\"3120\" \/>Buty do wody i wodoodporne etui na telefony dost\u0119pne w sprzeda\u017cy<br data-start=\"3184\" data-end=\"3187\" \/>Dzieci poni\u017cej 6. roku \u017cycia podr\u00f3\u017cuj\u0105ce bezp\u0142atnie nie maj\u0105 oddzielnego miejsca w autobusie. Je\u015bli autobus jest pe\u0142ny, siedz\u0105 na kolanach osoby doros\u0142ej lub mo\u017cna zarezerwowa\u0107 osobne miejsce.<\/p>\n<h3 data-start=\"3350\" data-end=\"3373\">Co zabra\u0107 ze sob\u0105<\/h3>\n<p data-start=\"3374\" data-end=\"3536\">Str\u00f3j k\u0105pielowy i r\u0119cznik<br data-start=\"3395\" data-end=\"3398\" \/>Zapasowe ubrania i buty<br data-start=\"3424\" data-end=\"3427\" \/>Ochrona przeciws\u0142oneczna i okulary przeciws\u0142oneczne<br data-start=\"3454\" data-end=\"3457\" \/>Wodoodporne etui na aparat lub telefon<br data-start=\"3491\" data-end=\"3494\" \/>Got\u00f3wka na napoje, zdj\u0119cia lub pami\u0105tki<\/p>\n<h3 data-start=\"3538\" data-end=\"3564\">Nieodpowiednie dla<\/h3>\n<p data-start=\"3565\" data-end=\"3683\">Kobiety w ci\u0105\u017cy<br data-start=\"3582\" data-end=\"3585\" \/>Osoby z chorobami serca<br data-start=\"3616\" data-end=\"3619\" \/>Podr\u00f3\u017cni o ograniczonej sprawno\u015bci ruchowej<br data-start=\"3653\" data-end=\"3656\" \/>Dzieci poni\u017cej 4 lat<\/p>\n<h3 data-start=\"3685\" data-end=\"3712\">Cena i rezerwacja<\/h3>\n<p data-start=\"3713\" data-end=\"3841\"><strong>Zarezerwuj teraz, zap\u0142a\u0107 w dniu wycieczki<\/strong><br data-start=\"3752\" data-end=\"3755\" \/>Skontaktuj si\u0119 z nami przez WhatsApp, Telegram, Viber lub wype\u0142nij poni\u017cszy formularz rezerwacji \ud83d\udc47\ud83c\udffc<\/p>","protected":false},"excerpt":{"rendered":"<p data-start=\"227\" data-end=\"394\">Prze\u017cyj niezapomniane <strong data-start=\"255\" data-end=\"286\">Wycieczka przygodowa Belek 4 w 1<\/strong> z raftingiem, jeep safari, buggy i zipline. Najlepsza wycieczka \u0142\u0105czona i jednodniowa wycieczka dla poszukiwaczy mocnych wra\u017ce\u0144!<\/p>","protected":false},"featured_media":15513,"comment_status":"open","ping_status":"closed","template":"","meta":[],"product_brand":[],"product_cat":[126],"product_tag":[120],"class_list":{"0":"post-15502","1":"product","2":"type-product","3":"status-publish","4":"has-post-thumbnail","6":"tour_phys-belek-tours","7":"product_cat-belek-tours","8":"product_tag-belek","9":"pa_destination-belek-tours","11":"first","12":"instock","13":"sale","14":"shipping-taxable","15":"purchasable","16":"product-type-tour_phys"},"aioseo_notices":[],"_links":{"self":[{"href":"https:\/\/excursionsworld.com\/pl\/wp-json\/wp\/v2\/product\/15502","targetHints":{"allow":["GET"]}}],"collection":[{"href":"https:\/\/excursionsworld.com\/pl\/wp-json\/wp\/v2\/product"}],"about":[{"href":"https:\/\/excursionsworld.com\/pl\/wp-json\/wp\/v2\/types\/product"}],"replies":[{"embeddable":true,"href":"https:\/\/excursionsworld.com\/pl\/wp-json\/wp\/v2\/comments?post=15502"}],"wp:featuredmedia":[{"embeddable":true,"href":"https:\/\/excursionsworld.com\/pl\/wp-json\/wp\/v2\/media\/15513"}],"wp:attachment":[{"href":"https:\/\/excursionsworld.com\/pl\/wp-json\/wp\/v2\/media?parent=15502"}],"wp:term":[{"taxonomy":"product_brand","embeddable":true,"href":"https:\/\/excursionsworld.com\/pl\/wp-json\/wp\/v2\/product_brand?post=15502"},{"taxonomy":"product_cat","embeddable":true,"href":"https:\/\/excursionsworld.com\/pl\/wp-json\/wp\/v2\/product_cat?post=15502"},{"taxonomy":"product_tag","embeddable":true,"href":"https:\/\/excursionsworld.com\/pl\/wp-json\/wp\/v2\/product_tag?post=15502"}],"curies":[{"name":"wp","href":"https:\/\/api.w.org\/{rel}","templated":true}]}}