{"id":15503,"date":"2025-10-30T19:36:40","date_gmt":"2025-10-30T16:36:40","guid":{"rendered":"https:\/\/excursionsworld.com\/?post_type=product&#038;p=15503"},"modified":"2026-04-30T18:29:41","modified_gmt":"2026-04-30T15:29:41","slug":"rafting-kanion-tazi-buggy-antalya","status":"publish","type":"product","link":"https:\/\/excursionsworld.com\/tours\/rafting-tazi-canyon-buggy-antalya\/","title":{"rendered":"Rafting i Kanion Taz\u0131 z Antalyi \u2013 Buggy, Tyrolka &amp; Przygoda 4-w-1"},"content":{"rendered":"<h2>\ud83c\udfdd\ufe0f <strong>Przegl\u0105d<\/strong><\/h2>\n<p>Prze\u017cyj niesamowit\u0105 przygod\u0119 4+1 z <strong><a href=\"https:\/\/en.wikipedia.org\/wiki\/Antalya\" target=\"_blank\" rel=\"noopener\">Antalya<\/a><\/strong>! Odkryj osza\u0142amiaj\u0105ce <strong>Kanion Taz\u0131<\/strong> oraz <strong>Kanion K\u00f6pr\u00fcl\u00fc<\/strong> na ekscytuj\u0105cym <strong>Safari jeepem i rafting<\/strong> podr\u00f3\u017c, a nast\u0119pnie ciesz si\u0119 <strong>Jazda buggy<\/strong> przez le\u015bne szlaki i szybowa\u0107 przez kanion na ekscytuj\u0105cym <strong>Zipline<\/strong>. Idealny zar\u00f3wno dla mi\u0142o\u015bnik\u00f3w adrenaliny, jak i entuzjast\u00f3w przyrody!<\/p>\n<h3><strong>W zestawie:<\/strong><\/h3>\n<p><span style=\"color: #00ff00;\"><strong>\u2713<\/strong> <\/span>Odbi\u00f3r i dow\u00f3z do hotelu<br \/>\n<span style=\"color: #00ff00;\"><strong>\u2713<\/strong> <\/span>Profesjonalny przewodnik<br \/>\n<span style=\"color: #00ff00;\"><strong>\u2713<\/strong> <\/span>Safari jeepem z otwartym dachem w kanionie Taz\u0131<br \/>\n<span style=\"color: #00ff00;\"><strong>\u2713<\/strong> <\/span>Rafting z wyposa\u017ceniem (kamizelka ratunkowa, kask, wios\u0142a)<br \/>\n<span style=\"color: #00ff00;\"><strong>\u2713<\/strong> <\/span>Jazda buggy lub quadem<br \/>\n<span style=\"color: #00ff00;\"><strong>\u2713<\/strong> <\/span>Do\u015bwiadczenie z tyrolk\u0105<br \/>\n<span style=\"color: #00ff00;\"><strong>\u2713<\/strong> <\/span>Lunch nad rzek\u0105<br \/>\n<span style=\"color: #00ff00;\"><strong>\u2713<\/strong> <\/span>Pe\u0142ne ubezpieczenie<\/p>\n<h3><strong>Nie zawiera:<\/strong><\/h3>\n<p><span style=\"color: #ff0000;\"><strong>\u2717<\/strong><\/span> Napoje<br \/>\n<span style=\"color: #ff0000;\"><strong>\u2717 <\/strong><\/span>Zdj\u0119cia i filmy<\/p>\n<h2>\ud83c\udf1f <strong>Najwa\u017cniejsze informacje o wycieczce<\/strong><\/h2>\n<p>Zestaw 4 w 1: Jeep Safari, Rafting, Buggy\/Quad Ride i Zipline<br \/>\n\ud83d\udd39 Malownicza jazda terenowa otwartymi jeepami do s\u0142ynnych <strong>Punkt widokowy kanionu Taz\u0131<\/strong><br \/>\nRobienie osza\u0142amiaj\u0105cych zdj\u0119\u0107 legendarnych obiekt\u00f3w <strong>Klify Eagle Canyon<\/strong><br \/>\n\ud83d\udd39 Rafting przez orze\u017awiaj\u0105c\u0105 wod\u0119 <strong>Rzeka K\u00f6pr\u00fc\u00e7ay<\/strong> bystrza<br \/>\nZipline nad kanionem - ekscytuj\u0105ce i niezapomniane wra\u017cenia<br \/>\nPrzeja\u017cd\u017cka buggy lub quadem po le\u015bnych szlakach i \u015bcie\u017ckach nad rzek\u0105<br \/>\nPyszny lunch z grilla nad rzek\u0105 wliczony w cen\u0119<br \/>\nIdealny dla rodzin, pocz\u0105tkuj\u0105cych i poszukiwaczy przyg\u00f3d<\/p>\n<h2>\ud83d\udcd6 <strong>Pe\u0142ny opis<\/strong><\/h2>\n<div>Twoja przygoda zaczyna si\u0119 od wygodnego <strong>odbi\u00f3r z hotelu w Antalyi i okolicach<\/strong> (Lara, Kundu, Belek, Kadriye, Konyaalt\u0131). Ciesz si\u0119 malownicz\u0105 przeja\u017cd\u017ck\u0105 przez g\u00f3ry Taurus do <strong>Park Narodowy Kanionu K\u00f6pr\u00fcl\u00fc<\/strong> - jeden z najpi\u0119kniejszych obszar\u00f3w naturalnych w Turcji. <strong>Safari jeepem do kanionu Taz\u0131:<\/strong> Wskocz do jeep\u00f3w z otwartym dachem i podr\u00f3\u017cuj przez nier\u00f3wne g\u00f3rskie drogi w kierunku s\u0142ynnego na ca\u0142ym \u015bwiecie <strong>Kanion Taz\u0131<\/strong>, znany r\u00f3wnie\u017c jako <strong>Eagle Canyon<\/strong>. Podziwiaj zapieraj\u0105ce dech w piersiach klify i r\u00f3b niesamowite zdj\u0119cia z panoramicznych punkt\u00f3w widokowych. <strong>Jazda buggy\/quadem:<\/strong> Kontynuuj swoj\u0105 podr\u00f3\u017c z ekscytuj\u0105cym 50-minutowym do\u015bwiadczeniem off-roadowym wzd\u0142u\u017c le\u015bnych \u015bcie\u017cek i szlak\u00f3w nadrzecznych - \u0142atwych, bezpiecznych i pe\u0142nych emocji! <strong>Rafting Adventure:<\/strong> We\u017a sw\u00f3j sprz\u0119t i do\u0142\u0105cz do zabawnej sesji raftingowej na <strong>12 km Rzeka K\u00f6pr\u00fc\u00e7ay<\/strong>. Przep\u0142y\u0144 przez rw\u0105ce potoki i ciesz si\u0119 ch\u0142odn\u0105 g\u00f3rsk\u0105 wod\u0105. <strong>Zipline Thrill:<\/strong> W po\u0142owie raftingu mo\u017cesz cieszy\u0107 si\u0119 adrenalin\u0105 <strong>350-metrowa tyrolka<\/strong> przeja\u017cd\u017cka przez kanion - idealne po\u0142\u0105czenie przygody i scenerii.<\/div>\n<div>Po wycieczce zrelaksuj si\u0119 i delektuj pysznym <strong>lunch z grilla nad rzek\u0105<\/strong>, a nast\u0119pnie komfortowy powr\u00f3t do hotelu w Antalyi.<\/div>\n<h3>\ud83d\uddfa\ufe0f <strong>Plan podr\u00f3\u017cy<\/strong><\/h3>\n<p>odbi\u00f3r z hoteli w Antalyi, Larze, Kundu, Belek, Kadriye i Konyaalt\u0131<br \/>\nTransfer do centrum raftingowego w kanionie K\u00f6pr\u00fcl\u00fc<br \/>\nSafari jeepem z otwartym dachem do punktu widokowego Taz\u0131 Canyon<br \/>\nJazda buggy lub quadem - 50-minutowa przygoda w terenie<br \/>\nRafting - 12-kilometrowa trasa przez rzek\u0119 K\u00f6pr\u00fc\u00e7ay<br \/>\nZipline - 350 metr\u00f3w w poprzek kanionu<br \/>\nLunch z grilla nad rzek\u0105<br \/>\nTransfer powrotny do hotelu<\/p>\n<h3>\u2139\ufe0f <strong>Przydatne informacje<\/strong><\/h3>\n<p>Czas trwania: oko\u0142o 10-11 godzin<br \/>\nNie jest wymagane wcze\u015bniejsze do\u015bwiadczenie<br \/>\nCa\u0142y dostarczony sprz\u0119t bezpiecze\u0144stwa<br \/>\nPrzewodnicy m\u00f3wi\u0105 po angielsku, rosyjsku i niemiecku.<br \/>\nButy do wody i etui na telefon dost\u0119pne w sprzeda\u017cy<br \/>\nDzieci poni\u017cej 6. roku \u017cycia podr\u00f3\u017cuj\u0105 bezp\u0142atnie (bez oddzielnego miejsca w autobusie).<\/p>\n<h2>\ud83c\udf92 <strong>Co zabra\u0107 ze sob\u0105<\/strong><\/h2>\n<p>Str\u00f3j k\u0105pielowy i r\u0119cznik<br \/>\nZapasowe ubrania i buty<br \/>\nOchrona przeciws\u0142oneczna i okulary przeciws\u0142oneczne<br \/>\nWodoodporne etui na aparat lub telefon<br \/>\nGot\u00f3wka na napoje, zdj\u0119cia lub pami\u0105tki<\/p>\n<h3>\ud83d\udeab <strong>Nieodpowiednie dla<\/strong><\/h3>\n<p>Kobiety w ci\u0105\u017cy<br \/>\nOsoby z chorobami serca<br \/>\nPodr\u00f3\u017cni o ograniczonej sprawno\u015bci ruchowej<br \/>\nDzieci poni\u017cej 4 lat<\/p>\n<h2>\ud83d\udcb8 <strong>Cena i rezerwacja<\/strong><\/h2>\n<p><strong>Zarezerwuj teraz, zap\u0142a\u0107 w dniu wycieczki<\/strong><br \/>\nSkontaktuj si\u0119 z nami przez WhatsApp, Telegram, Viber lub wype\u0142nij poni\u017cszy formularz rezerwacji \ud83d\udc47\ud83c\udffc<\/p>\n<p>Szukasz alternatyw? Przegl\u0105daj <a href=\"https:\/\/excursionsworld.com\/pl\/antalya-wycieczki\/\">wi\u0119cej wycieczek po Antalyi<\/a>.<\/p>","protected":false},"excerpt":{"rendered":"<p data-start=\"345\" data-end=\"532\">Prze\u017cyj niesamowit\u0105 przygod\u0119 4 w 1 z Antalyi! Odkryj Kanion Taz\u0131 i Kanion K\u00f6pr\u00fcl\u00fc z Jeep Safari, Rafting, Buggy i Zipline w jednej ekscytuj\u0105cej wycieczce combo.<\/p>","protected":false},"featured_media":15513,"comment_status":"open","ping_status":"closed","template":"","meta":[],"product_brand":[],"product_cat":[125],"product_tag":[107],"class_list":{"0":"post-15503","1":"product","2":"type-product","3":"status-publish","4":"has-post-thumbnail","6":"tour_phys-antalya-tours","7":"product_cat-antalya-tours","8":"product_tag-antalya","9":"pa_destination-antalya-tours","11":"first","12":"instock","13":"sale","14":"shipping-taxable","15":"purchasable","16":"product-type-tour_phys"},"aioseo_notices":[],"_links":{"self":[{"href":"https:\/\/excursionsworld.com\/pl\/wp-json\/wp\/v2\/product\/15503","targetHints":{"allow":["GET"]}}],"collection":[{"href":"https:\/\/excursionsworld.com\/pl\/wp-json\/wp\/v2\/product"}],"about":[{"href":"https:\/\/excursionsworld.com\/pl\/wp-json\/wp\/v2\/types\/product"}],"replies":[{"embeddable":true,"href":"https:\/\/excursionsworld.com\/pl\/wp-json\/wp\/v2\/comments?post=15503"}],"wp:featuredmedia":[{"embeddable":true,"href":"https:\/\/excursionsworld.com\/pl\/wp-json\/wp\/v2\/media\/15513"}],"wp:attachment":[{"href":"https:\/\/excursionsworld.com\/pl\/wp-json\/wp\/v2\/media?parent=15503"}],"wp:term":[{"taxonomy":"product_brand","embeddable":true,"href":"https:\/\/excursionsworld.com\/pl\/wp-json\/wp\/v2\/product_brand?post=15503"},{"taxonomy":"product_cat","embeddable":true,"href":"https:\/\/excursionsworld.com\/pl\/wp-json\/wp\/v2\/product_cat?post=15503"},{"taxonomy":"product_tag","embeddable":true,"href":"https:\/\/excursionsworld.com\/pl\/wp-json\/wp\/v2\/product_tag?post=15503"}],"curies":[{"name":"wp","href":"https:\/\/api.w.org\/{rel}","templated":true}]}}