{"id":15508,"date":"2025-10-30T19:44:05","date_gmt":"2025-10-30T16:44:05","guid":{"rendered":"https:\/\/excursionsworld.com\/?post_type=product&#038;p=15508"},"modified":"2026-04-30T16:06:36","modified_gmt":"2026-04-30T13:06:36","slug":"rafting-kanion-tazi-buggy-kemer","status":"publish","type":"product","link":"https:\/\/excursionsworld.com\/tours\/rafting-tazi-canyon-buggy-kemer\/","title":{"rendered":"Rafting i Kanion Taz\u0131 z Kemeru \u2013 Buggy, Tyrolka &amp; Przygoda 4-w-1"},"content":{"rendered":"<h2>\ud83c\udfdd\ufe0f Przegl\u0105d<\/h2>\n<p>Prze\u017cyj niesamowit\u0105 przygod\u0119 4+1 z <a href=\"https:\/\/en.wikipedia.org\/wiki\/Kemer,_Antalya\" target=\"_blank\" rel=\"noopener\">Kemer<\/a>! Odkryj osza\u0142amiaj\u0105ce <strong>Kanion Taz\u0131<\/strong> oraz <strong>Kanion K\u00f6pr\u00fcl\u00fc<\/strong> na ekscytuj\u0105cym <strong>Safari jeepem i rafting<\/strong> podr\u00f3\u017c, a nast\u0119pnie ciesz si\u0119 <strong data-is-only-node=\"\">Jazda buggy<\/strong> przez le\u015bne szlaki i szybowa\u0107 przez kanion na ekscytuj\u0105cym <strong>Zipline<\/strong>.<br \/>\nIdealny zar\u00f3wno dla mi\u0142o\u015bnik\u00f3w adrenaliny, jak i entuzjast\u00f3w przyrody!<\/p>\n<h3>W zestawie:<\/h3>\n<div><span style=\"color: #00ff00;\"><strong>\u2713<\/strong> <\/span>Odbi\u00f3r i dow\u00f3z do hotelu<br \/>\n<span style=\"color: #00ff00;\"><strong>\u2713<\/strong> <\/span>Profesjonalny przewodnik<br \/>\n<span style=\"color: #00ff00;\"><strong>\u2713<\/strong> <\/span>Safari jeepem z otwartym dachem w kanionie Taz\u0131<br \/>\n<span style=\"color: #00ff00;\"><strong>\u2713<\/strong> <\/span>Jazda buggy lub quadem<br \/>\n<span style=\"color: #00ff00;\"><strong>\u2713<\/strong> <\/span>Do\u015bwiadczenie z tyrolk\u0105<br \/>\n<span style=\"color: #00ff00;\"><strong>\u2713<\/strong> <\/span>Lunch nad rzek\u0105<br \/>\n<span style=\"color: #00ff00;\"><strong>\u2713<\/strong> <\/span>Pe\u0142ne ubezpieczenie<\/div>\n<div><span style=\"color: #00ff00;\"><strong>\u2713<\/strong> <\/span>Rafting z wyposa\u017ceniem (kamizelka ratunkowa, kask, wios\u0142a)<\/div>\n<h3>Nie zawiera:<\/h3>\n<p><span style=\"color: #ff0000;\"><strong>\u2717<\/strong><\/span> Napoje<br \/>\n<span style=\"color: #ff0000;\"><strong>\u2717 <\/strong><\/span>Zdj\u0119cia i filmy<\/p>\n<h2>\ud83c\udf1f Najwa\u017cniejsze punkty wycieczki raftingowej i po kanionie Taz\u0131<\/h2>\n<p>Zestaw 4 w 1: Jeep Safari, Rafting, Buggy\/Quad Ride i Zipline<br \/>\n\ud83d\udd39 Malownicza przeja\u017cd\u017cka otwartymi jeepami do s\u0142ynnego <strong>Punkt widokowy kanionu Taz\u0131<\/strong><br \/>\nRobienie osza\u0142amiaj\u0105cych zdj\u0119\u0107 z widokiem na legendarne klify Eagle Canyon<br \/>\nRafting przez orze\u017awiaj\u0105ce bystrza rzeki K\u00f6pr\u00fc\u00e7ay<br \/>\nZipline nad kanionem - czysta adrenalina i zabawa<br \/>\nPrzeja\u017cd\u017cka buggy lub quadem po le\u015bnych szlakach i \u015bcie\u017ckach nad rzek\u0105<br \/>\nPyszny lunch z grilla nad rzek\u0105 wliczony w cen\u0119<br \/>\nOdpowiedni dla rodzin, pocz\u0105tkuj\u0105cych i poszukiwaczy mocnych wra\u017ce\u0144.<\/p>\n<h2>Odkryj pe\u0142n\u0105 ofert\u0119 naszej Wycieczki Kajakarstwo i Kanionem Taz\u0131<\/h2>\n<p>Twoja przygoda rozpoczyna si\u0119 od wygodnego odbioru z hotelu w Kemer lub okolicy, a nast\u0119pnie malowniczej przeja\u017cd\u017cki do Parku Narodowego Kanionu K\u00f6pr\u00fcl\u00fc.<br \/>\n<strong>Safari jeepem do kanionu Taz\u0131:<\/strong> Wskocz do jeep\u00f3w z otwartym dachem i podr\u00f3\u017cuj przez surowe g\u00f3ry Taurus w kierunku s\u0142ynnego na ca\u0142ym \u015bwiecie <strong>Kanion Taz\u0131<\/strong>, znany r\u00f3wnie\u017c jako <strong>Eagle Canyon<\/strong>. Ciesz si\u0119 zapieraj\u0105cymi dech w piersiach panoramicznymi widokami i r\u00f3b niesamowite zdj\u0119cia z klif\u00f3w, kt\u00f3re wznosz\u0105 si\u0119 wysoko nad rzek\u0105 K\u00f6pr\u00fc\u00e7ay.<br \/>\n<strong>Jazda buggy\/quadem:<\/strong> Kontynuuj swoj\u0105 przygod\u0119 podczas 50-minutowej przeja\u017cd\u017cki terenowej po zakurzonych le\u015bnych \u015bcie\u017ckach i brzegach rzek - nie potrzebujesz do\u015bwiadczenia, po prostu pod\u0105\u017caj za przewodnikiem i ciesz si\u0119 zabaw\u0105!<br \/>\n<strong>Rafting Adventure:<\/strong> Przygotuj si\u0119 i przep\u0142y\u0144 12-kilometrowy odcinek rzeki K\u00f6pr\u00fc\u00e7ay. Ciesz si\u0119 bystrzami, pluskami i \u015bmiechem, gdy Tw\u00f3j zesp\u00f3\u0142 pokonuje fale.<br \/>\n<strong>Zipline Thrill:<\/strong> W po\u0142owie raftingu mo\u017cna wybra\u0107 si\u0119 na pe\u0142n\u0105 adrenaliny przeja\u017cd\u017ck\u0119 tyrolk\u0105 - 350 metr\u00f3w przez kanion z osza\u0142amiaj\u0105cymi widokami poni\u017cej.<br \/>\nPo niezapomnianym dniu, zjedz pyszny lunch z grilla nad rzek\u0105, a nast\u0119pnie wr\u00f3\u0107 do hotelu w Kemer.<\/p>\n<h3>\ud83d\uddfa\ufe0f Plan podr\u00f3\u017cy<\/h3>\n<p>Odbi\u00f3r z hoteli w Kemer, \u00c7amyuva, Tekirova i pobliskich miejscowo\u015bciach<br \/>\nTransfer do centrum raftingowego w kanionie K\u00f6pr\u00fcl\u00fc<br \/>\nSafari jeepami z otwartym dachem do punktu widokowego Taz\u0131 Canyon<br \/>\nJazda buggy lub quadem - 50-minutowa przygoda w terenie<br \/>\nRafting - 12-kilometrowa trasa z zabawnymi bystrzami i rozpryskami wody<br \/>\nZipline - 350 metr\u00f3w w poprzek kanionu<br \/>\nLunch z grilla nad rzek\u0105<br \/>\nTransfer powrotny do hotelu<\/p>\n<h3>\u2139\ufe0f Przydatne informacje<\/h3>\n<p>Czas trwania: oko\u0142o 10 godzin<br \/>\nNie jest wymagane wcze\u015bniejsze do\u015bwiadczenie<br \/>\nCa\u0142y dostarczony sprz\u0119t bezpiecze\u0144stwa<br \/>\nDost\u0119pni przewodnicy w j\u0119zyku angielskim, rosyjskim i niemieckim.<br \/>\nButy do wody i wodoodporne etui na telefony dost\u0119pne w sprzeda\u017cy<br \/>\nDzieci poni\u017cej 6. roku \u017cycia podr\u00f3\u017cuj\u0105 bezp\u0142atnie (bez oddzielnego miejsca w autobusie).<\/p>\n<h2>Co zabra\u0107 ze sob\u0105<\/h2>\n<p>Str\u00f3j k\u0105pielowy i r\u0119cznik<br \/>\nZapasowe ubrania i buty<br \/>\nOchrona przeciws\u0142oneczna i okulary przeciws\u0142oneczne<br \/>\nWodoodporne etui na aparat lub telefon<br \/>\nGot\u00f3wka na napoje, zdj\u0119cia lub pami\u0105tki<\/p>\n<h3>Nieodpowiednie dla<\/h3>\n<p>Kobiety w ci\u0105\u017cy<br \/>\nOsoby z chorobami serca<br \/>\nPodr\u00f3\u017cni o ograniczonej sprawno\u015bci ruchowej<br \/>\nDzieci poni\u017cej 4 lat<\/p>\n<h2>Cena i rezerwacja<\/h2>\n<p><strong>Zarezerwuj teraz, zap\u0142a\u0107 w dniu wycieczki<\/strong><br \/>\nSkontaktuj si\u0119 z nami przez WhatsApp, Telegram, Viber lub wype\u0142nij poni\u017cszy formularz rezerwacji \ud83d\udc47\ud83c\udffc<\/p>\n<p>Szukasz alternatyw? Przegl\u0105daj <a href=\"https:\/\/excursionsworld.com\/pl\/kemer-wycieczki\/\">wi\u0119cej wycieczek po Kemer<\/a>.<\/p>","protected":false},"excerpt":{"rendered":"<p data-start=\"519\" data-end=\"694\">Do\u0142\u0105cz do wycieczki przygodowej 4 w 1 w Antalyi! Odkryj kanion Taz\u0131 i kanion K\u00f6pr\u00fcl\u00fc z jeep safari, raftingiem, przeja\u017cd\u017ck\u0105 buggy i tyrolk\u0105 - najlepsza wycieczka combo dla mi\u0142o\u015bnik\u00f3w przyrody.<\/p>","protected":false},"featured_media":15519,"comment_status":"open","ping_status":"closed","template":"","meta":[],"product_brand":[],"product_cat":[124],"product_tag":[105],"class_list":{"0":"post-15508","1":"product","2":"type-product","3":"status-publish","4":"has-post-thumbnail","6":"tour_phys-kemer-tours","7":"product_cat-kemer-tours","8":"product_tag-kemer","9":"pa_destination-kemer-tours","11":"first","12":"instock","13":"sale","14":"featured","15":"shipping-taxable","16":"purchasable","17":"product-type-tour_phys"},"aioseo_notices":[],"_links":{"self":[{"href":"https:\/\/excursionsworld.com\/pl\/wp-json\/wp\/v2\/product\/15508","targetHints":{"allow":["GET"]}}],"collection":[{"href":"https:\/\/excursionsworld.com\/pl\/wp-json\/wp\/v2\/product"}],"about":[{"href":"https:\/\/excursionsworld.com\/pl\/wp-json\/wp\/v2\/types\/product"}],"replies":[{"embeddable":true,"href":"https:\/\/excursionsworld.com\/pl\/wp-json\/wp\/v2\/comments?post=15508"}],"wp:featuredmedia":[{"embeddable":true,"href":"https:\/\/excursionsworld.com\/pl\/wp-json\/wp\/v2\/media\/15519"}],"wp:attachment":[{"href":"https:\/\/excursionsworld.com\/pl\/wp-json\/wp\/v2\/media?parent=15508"}],"wp:term":[{"taxonomy":"product_brand","embeddable":true,"href":"https:\/\/excursionsworld.com\/pl\/wp-json\/wp\/v2\/product_brand?post=15508"},{"taxonomy":"product_cat","embeddable":true,"href":"https:\/\/excursionsworld.com\/pl\/wp-json\/wp\/v2\/product_cat?post=15508"},{"taxonomy":"product_tag","embeddable":true,"href":"https:\/\/excursionsworld.com\/pl\/wp-json\/wp\/v2\/product_tag?post=15508"}],"curies":[{"name":"wp","href":"https:\/\/api.w.org\/{rel}","templated":true}]}}